{"id":15548,"date":"2022-08-23T15:55:42","date_gmt":"2022-08-23T13:55:42","guid":{"rendered":"https:\/\/hundtgroup.com\/produkt\/trumpf-nibbler-za-vlaknaste-kompozite-trutool-fcn-250\/"},"modified":"2025-07-29T10:19:07","modified_gmt":"2025-07-29T08:19:07","slug":"trumpf-nibbler-za-vlaknaste-kompozite-trutool-fcn-250","status":"publish","type":"product","link":"https:\/\/hundtgroup.com\/sl\/produkt\/trumpf-nibbler-za-vlaknaste-kompozite-trutool-fcn-250\/","title":{"rendered":"TRUMPF Nibbler za vlaknaste kompozite TruTool FCN 250"},"content":{"rendered":"<p>Primeren za *CFRP, GFRP, AFRP; termosete in termoplastiko.<br \/>\nHladni postopek brez nastajanja dima.<br \/>\nMalo prahu.<br \/>\nBrez razslojenosti in raztrganin.<br \/>\n360-stopinjska sprememba smeri rezanja. Ohi\u0161je iz tla\u010dno litega aluminija za najve\u010djo vzdr\u017eljivost. Hitro delo brez sile podajanja, brez utrujenosti. Ergonomsko optimizirana porazdelitev te\u017ee vseh sestavnih delov. stopinjska sprememba smeri rezanja.<br \/>\nOhi\u0161je iz tla\u010dno litega aluminija za najve\u010djo vzdr\u017eljivost.<br \/>\nHitro delo brez utrujanja brez sile podajanja.<br \/>\nErgonomsko optimizirana porazdelitev te\u017ee vseh komponent.<br \/>\nHitra pripravljenost za uporabo brez nastavitvenih del.<br \/>\nMaksimalno delovanje odmika.<br \/>\nMenjava udarca in matrice brez orodja.<br \/>\nNizki stro\u0161ki obratovanja zaradi dolge \u017eivljenjske dobe orodja.<\/p>\n","protected":false},"excerpt":{"rendered":"<p>Primeren za *CFRP, GFRP, AFRP; termosete in termoplastiko. Hladni postopek brez nastajanja dima. Malo prahu. Brez razslojenosti in raztrganin. 360-stopinjska sprememba smeri rezanja. Ohi\u0161je iz tla\u010dno litega aluminija za najve\u010djo vzdr\u017eljivost. Hitro delo brez sile podajanja, brez utrujenosti. Ergonomsko optimizirana porazdelitev te\u017ee vseh sestavnih delov. stopinjska sprememba smeri rezanja. Ohi\u0161je iz tla\u010dno litega aluminija za [&hellip;]<\/p>\n","protected":false},"featured_media":15550,"template":"","meta":{"_acf_changed":false,"inline_featured_image":false},"product_cat":[681,652],"product_tag":[],"class_list":{"0":"post-15548","1":"product","2":"type-product","3":"status-publish","4":"has-post-thumbnail","6":"brand-trumpf","7":"product_cat-nibbler-sl","8":"product_cat-elektricna-orodja","10":"first","11":"instock","12":"sale","13":"taxable","14":"shipping-taxable","15":"purchasable","16":"product-type-simple","17":"add-to-wishlist-before_image"},"acf":[],"yoast_head":"<!-- This site is optimized with the Yoast SEO plugin v27.3 - https:\/\/yoast.com\/product\/yoast-seo-wordpress\/ -->\n<title>TRUMPF Nibbler za vlaknaste kompozite TruTool FCN 250 - Wilhelm Hundt GmbH<\/title>\n<meta name=\"robots\" content=\"index, follow, max-snippet:-1, max-image-preview:large, max-video-preview:-1\" \/>\n<link rel=\"canonical\" href=\"https:\/\/hundtgroup.com\/sl\/produkt\/trumpf-nibbler-za-vlaknaste-kompozite-trutool-fcn-250\/\" \/>\n<meta property=\"og:locale\" content=\"sl_SI\" \/>\n<meta property=\"og:type\" content=\"article\" \/>\n<meta property=\"og:title\" content=\"TRUMPF Nibbler za vlaknaste kompozite TruTool FCN 250 - Wilhelm Hundt GmbH\" \/>\n<meta property=\"og:description\" content=\"Primeren za *CFRP, GFRP, AFRP; termosete in termoplastiko. Hladni postopek brez nastajanja dima. Malo prahu. Brez razslojenosti in raztrganin. 360-stopinjska sprememba smeri rezanja. Ohi\u0161je iz tla\u010dno litega aluminija za najve\u010djo vzdr\u017eljivost. Hitro delo brez sile podajanja, brez utrujenosti. Ergonomsko optimizirana porazdelitev te\u017ee vseh sestavnih delov. stopinjska sprememba smeri rezanja. Ohi\u0161je iz tla\u010dno litega aluminija za [&hellip;]\" \/>\n<meta property=\"og:url\" content=\"https:\/\/hundtgroup.com\/sl\/produkt\/trumpf-nibbler-za-vlaknaste-kompozite-trutool-fcn-250\/\" \/>\n<meta property=\"og:site_name\" content=\"Wilhelm Hundt GmbH\" \/>\n<meta property=\"article:modified_time\" content=\"2025-07-29T08:19:07+00:00\" \/>\n<meta property=\"og:image\" content=\"https:\/\/hundtgroup.com\/wp-content\/uploads\/352250-scaled.jpg\" \/>\n\t<meta property=\"og:image:width\" content=\"2560\" \/>\n\t<meta property=\"og:image:height\" content=\"2194\" \/>\n\t<meta property=\"og:image:type\" content=\"image\/jpeg\" \/>\n<meta name=\"twitter:card\" content=\"summary_large_image\" \/>\n<meta name=\"twitter:label1\" content=\"Est. reading time\" \/>\n\t<meta name=\"twitter:data1\" content=\"1 minuta\" \/>\n<script type=\"application\/ld+json\" class=\"yoast-schema-graph\">{\"@context\":\"https:\\\/\\\/schema.org\",\"@graph\":[{\"@type\":\"WebPage\",\"@id\":\"https:\\\/\\\/hundtgroup.com\\\/sl\\\/produkt\\\/trumpf-nibbler-za-vlaknaste-kompozite-trutool-fcn-250\\\/\",\"url\":\"https:\\\/\\\/hundtgroup.com\\\/sl\\\/produkt\\\/trumpf-nibbler-za-vlaknaste-kompozite-trutool-fcn-250\\\/\",\"name\":\"TRUMPF Nibbler za vlaknaste kompozite TruTool FCN 250 - Wilhelm Hundt GmbH\",\"isPartOf\":{\"@id\":\"https:\\\/\\\/hundtgroup.com\\\/sl\\\/#website\"},\"primaryImageOfPage\":{\"@id\":\"https:\\\/\\\/hundtgroup.com\\\/sl\\\/produkt\\\/trumpf-nibbler-za-vlaknaste-kompozite-trutool-fcn-250\\\/#primaryimage\"},\"image\":{\"@id\":\"https:\\\/\\\/hundtgroup.com\\\/sl\\\/produkt\\\/trumpf-nibbler-za-vlaknaste-kompozite-trutool-fcn-250\\\/#primaryimage\"},\"thumbnailUrl\":\"https:\\\/\\\/hundtgroup.com\\\/wp-content\\\/uploads\\\/352250-scaled.jpg\",\"datePublished\":\"2022-08-23T13:55:42+00:00\",\"dateModified\":\"2025-07-29T08:19:07+00:00\",\"breadcrumb\":{\"@id\":\"https:\\\/\\\/hundtgroup.com\\\/sl\\\/produkt\\\/trumpf-nibbler-za-vlaknaste-kompozite-trutool-fcn-250\\\/#breadcrumb\"},\"inLanguage\":\"sl-SI\",\"potentialAction\":[{\"@type\":\"ReadAction\",\"target\":[\"https:\\\/\\\/hundtgroup.com\\\/sl\\\/produkt\\\/trumpf-nibbler-za-vlaknaste-kompozite-trutool-fcn-250\\\/\"]}]},{\"@type\":\"ImageObject\",\"inLanguage\":\"sl-SI\",\"@id\":\"https:\\\/\\\/hundtgroup.com\\\/sl\\\/produkt\\\/trumpf-nibbler-za-vlaknaste-kompozite-trutool-fcn-250\\\/#primaryimage\",\"url\":\"https:\\\/\\\/hundtgroup.com\\\/wp-content\\\/uploads\\\/352250-scaled.jpg\",\"contentUrl\":\"https:\\\/\\\/hundtgroup.com\\\/wp-content\\\/uploads\\\/352250-scaled.jpg\",\"width\":2560,\"height\":2194},{\"@type\":\"BreadcrumbList\",\"@id\":\"https:\\\/\\\/hundtgroup.com\\\/sl\\\/produkt\\\/trumpf-nibbler-za-vlaknaste-kompozite-trutool-fcn-250\\\/#breadcrumb\",\"itemListElement\":[{\"@type\":\"ListItem\",\"position\":1,\"name\":\"Startseite\",\"item\":\"https:\\\/\\\/hundtgroup.com\\\/sl\\\/domov-novo\\\/\"},{\"@type\":\"ListItem\",\"position\":2,\"name\":\"Trgovina\",\"item\":\"https:\\\/\\\/hundtgroup.com\\\/trgovina\\\/\"},{\"@type\":\"ListItem\",\"position\":3,\"name\":\"TRUMPF Nibbler za vlaknaste kompozite TruTool FCN 250\"}]},{\"@type\":\"WebSite\",\"@id\":\"https:\\\/\\\/hundtgroup.com\\\/sl\\\/#website\",\"url\":\"https:\\\/\\\/hundtgroup.com\\\/sl\\\/\",\"name\":\"Wilhelm Hundt GmbH\",\"description\":\"Va\u0161 specialist za stroje in orodja za obdelavo plo\u010devine\",\"potentialAction\":[{\"@type\":\"SearchAction\",\"target\":{\"@type\":\"EntryPoint\",\"urlTemplate\":\"https:\\\/\\\/hundtgroup.com\\\/sl\\\/?s={search_term_string}\"},\"query-input\":{\"@type\":\"PropertyValueSpecification\",\"valueRequired\":true,\"valueName\":\"search_term_string\"}}],\"inLanguage\":\"sl-SI\"}]}<\/script>\n<!-- \/ Yoast SEO plugin. -->","yoast_head_json":{"title":"TRUMPF Nibbler za vlaknaste kompozite TruTool FCN 250 - Wilhelm Hundt GmbH","robots":{"index":"index","follow":"follow","max-snippet":"max-snippet:-1","max-image-preview":"max-image-preview:large","max-video-preview":"max-video-preview:-1"},"canonical":"https:\/\/hundtgroup.com\/sl\/produkt\/trumpf-nibbler-za-vlaknaste-kompozite-trutool-fcn-250\/","og_locale":"sl_SI","og_type":"article","og_title":"TRUMPF Nibbler za vlaknaste kompozite TruTool FCN 250 - Wilhelm Hundt GmbH","og_description":"Primeren za *CFRP, GFRP, AFRP; termosete in termoplastiko. Hladni postopek brez nastajanja dima. Malo prahu. Brez razslojenosti in raztrganin. 360-stopinjska sprememba smeri rezanja. Ohi\u0161je iz tla\u010dno litega aluminija za najve\u010djo vzdr\u017eljivost. Hitro delo brez sile podajanja, brez utrujenosti. Ergonomsko optimizirana porazdelitev te\u017ee vseh sestavnih delov. stopinjska sprememba smeri rezanja. Ohi\u0161je iz tla\u010dno litega aluminija za [&hellip;]","og_url":"https:\/\/hundtgroup.com\/sl\/produkt\/trumpf-nibbler-za-vlaknaste-kompozite-trutool-fcn-250\/","og_site_name":"Wilhelm Hundt GmbH","article_modified_time":"2025-07-29T08:19:07+00:00","og_image":[{"width":2560,"height":2194,"url":"https:\/\/hundtgroup.com\/wp-content\/uploads\/352250-scaled.jpg","type":"image\/jpeg"}],"twitter_card":"summary_large_image","twitter_misc":{"Est. reading time":"1 minuta"},"schema":{"@context":"https:\/\/schema.org","@graph":[{"@type":"WebPage","@id":"https:\/\/hundtgroup.com\/sl\/produkt\/trumpf-nibbler-za-vlaknaste-kompozite-trutool-fcn-250\/","url":"https:\/\/hundtgroup.com\/sl\/produkt\/trumpf-nibbler-za-vlaknaste-kompozite-trutool-fcn-250\/","name":"TRUMPF Nibbler za vlaknaste kompozite TruTool FCN 250 - Wilhelm Hundt GmbH","isPartOf":{"@id":"https:\/\/hundtgroup.com\/sl\/#website"},"primaryImageOfPage":{"@id":"https:\/\/hundtgroup.com\/sl\/produkt\/trumpf-nibbler-za-vlaknaste-kompozite-trutool-fcn-250\/#primaryimage"},"image":{"@id":"https:\/\/hundtgroup.com\/sl\/produkt\/trumpf-nibbler-za-vlaknaste-kompozite-trutool-fcn-250\/#primaryimage"},"thumbnailUrl":"https:\/\/hundtgroup.com\/wp-content\/uploads\/352250-scaled.jpg","datePublished":"2022-08-23T13:55:42+00:00","dateModified":"2025-07-29T08:19:07+00:00","breadcrumb":{"@id":"https:\/\/hundtgroup.com\/sl\/produkt\/trumpf-nibbler-za-vlaknaste-kompozite-trutool-fcn-250\/#breadcrumb"},"inLanguage":"sl-SI","potentialAction":[{"@type":"ReadAction","target":["https:\/\/hundtgroup.com\/sl\/produkt\/trumpf-nibbler-za-vlaknaste-kompozite-trutool-fcn-250\/"]}]},{"@type":"ImageObject","inLanguage":"sl-SI","@id":"https:\/\/hundtgroup.com\/sl\/produkt\/trumpf-nibbler-za-vlaknaste-kompozite-trutool-fcn-250\/#primaryimage","url":"https:\/\/hundtgroup.com\/wp-content\/uploads\/352250-scaled.jpg","contentUrl":"https:\/\/hundtgroup.com\/wp-content\/uploads\/352250-scaled.jpg","width":2560,"height":2194},{"@type":"BreadcrumbList","@id":"https:\/\/hundtgroup.com\/sl\/produkt\/trumpf-nibbler-za-vlaknaste-kompozite-trutool-fcn-250\/#breadcrumb","itemListElement":[{"@type":"ListItem","position":1,"name":"Startseite","item":"https:\/\/hundtgroup.com\/sl\/domov-novo\/"},{"@type":"ListItem","position":2,"name":"Trgovina","item":"https:\/\/hundtgroup.com\/trgovina\/"},{"@type":"ListItem","position":3,"name":"TRUMPF Nibbler za vlaknaste kompozite TruTool FCN 250"}]},{"@type":"WebSite","@id":"https:\/\/hundtgroup.com\/sl\/#website","url":"https:\/\/hundtgroup.com\/sl\/","name":"Wilhelm Hundt GmbH","description":"Va\u0161 specialist za stroje in orodja za obdelavo plo\u010devine","potentialAction":[{"@type":"SearchAction","target":{"@type":"EntryPoint","urlTemplate":"https:\/\/hundtgroup.com\/sl\/?s={search_term_string}"},"query-input":{"@type":"PropertyValueSpecification","valueRequired":true,"valueName":"search_term_string"}}],"inLanguage":"sl-SI"}]}},"_links":{"self":[{"href":"https:\/\/hundtgroup.com\/sl\/wp-json\/wp\/v2\/product\/15548","targetHints":{"allow":["GET"]}}],"collection":[{"href":"https:\/\/hundtgroup.com\/sl\/wp-json\/wp\/v2\/product"}],"about":[{"href":"https:\/\/hundtgroup.com\/sl\/wp-json\/wp\/v2\/types\/product"}],"wp:featuredmedia":[{"embeddable":true,"href":"https:\/\/hundtgroup.com\/sl\/wp-json\/wp\/v2\/media\/15550"}],"wp:attachment":[{"href":"https:\/\/hundtgroup.com\/sl\/wp-json\/wp\/v2\/media?parent=15548"}],"wp:term":[{"taxonomy":"product_cat","embeddable":true,"href":"https:\/\/hundtgroup.com\/sl\/wp-json\/wp\/v2\/product_cat?post=15548"},{"taxonomy":"product_tag","embeddable":true,"href":"https:\/\/hundtgroup.com\/sl\/wp-json\/wp\/v2\/product_tag?post=15548"}],"curies":[{"name":"wp","href":"https:\/\/api.w.org\/{rel}","templated":true}]}}