{"id":15577,"date":"2022-08-23T15:55:42","date_gmt":"2022-08-23T13:55:42","guid":{"rendered":"https:\/\/hundtgroup.com\/produkt\/trumpf-trutool-n-700-za-rezanje\/"},"modified":"2025-07-29T10:19:55","modified_gmt":"2025-07-29T08:19:55","slug":"trumpf-trutool-n-700-za-rezanje","status":"publish","type":"product","link":"https:\/\/hundtgroup.com\/sl\/produkt\/trumpf-trutool-n-700-za-rezanje\/","title":{"rendered":"TRUMPF TruTool N 700 za rezanje"},"content":{"rendered":"<p>Kvadratni prebijalec: mobilnost z visokim profilom zaradi ozke oblike prebijalca<br \/>\n4 smeri rezanja<br \/>\nNastavitev smeri rezanja brez orodja<br \/>\nIdealen za reze \u010dez robove, zvarne \u0161ive in podvojene plo\u010devine<br \/>\nDva razli\u010dna ro\u010daja za delo po meri<br \/>\nTudi za te\u017eko dostopna in ozka obmo\u010dja<br \/>\nVisoko udobje pri delu zaradi nastavljivega motornega ro\u010daja<\/p>\n","protected":false},"excerpt":{"rendered":"<p>Kvadratni prebijalec: mobilnost z visokim profilom zaradi ozke oblike prebijalca 4 smeri rezanja Nastavitev smeri rezanja brez orodja Idealen za reze \u010dez robove, zvarne \u0161ive in podvojene plo\u010devine Dva razli\u010dna ro\u010daja za delo po meri Tudi za te\u017eko dostopna in ozka obmo\u010dja Visoko udobje pri delu zaradi nastavljivega motornega ro\u010daja<\/p>\n","protected":false},"featured_media":15580,"template":"","meta":{"_acf_changed":false,"inline_featured_image":false},"product_cat":[681,652],"product_tag":[],"class_list":{"0":"post-15577","1":"product","2":"type-product","3":"status-publish","4":"has-post-thumbnail","6":"brand-trumpf","7":"product_cat-nibbler-sl","8":"product_cat-elektricna-orodja","10":"first","11":"instock","12":"sale","13":"taxable","14":"shipping-taxable","15":"purchasable","16":"product-type-simple","17":"add-to-wishlist-before_image"},"acf":[],"yoast_head":"<!-- This site is optimized with the Yoast SEO plugin v27.3 - https:\/\/yoast.com\/product\/yoast-seo-wordpress\/ -->\n<title>TRUMPF TruTool N 700 za rezanje - Wilhelm Hundt GmbH<\/title>\n<meta name=\"robots\" content=\"index, follow, max-snippet:-1, max-image-preview:large, max-video-preview:-1\" \/>\n<link rel=\"canonical\" href=\"https:\/\/hundtgroup.com\/sl\/produkt\/trumpf-trutool-n-700-za-rezanje\/\" \/>\n<meta property=\"og:locale\" content=\"sl_SI\" \/>\n<meta property=\"og:type\" content=\"article\" \/>\n<meta property=\"og:title\" content=\"TRUMPF TruTool N 700 za rezanje - Wilhelm Hundt GmbH\" \/>\n<meta property=\"og:description\" content=\"Kvadratni prebijalec: mobilnost z visokim profilom zaradi ozke oblike prebijalca 4 smeri rezanja Nastavitev smeri rezanja brez orodja Idealen za reze \u010dez robove, zvarne \u0161ive in podvojene plo\u010devine Dva razli\u010dna ro\u010daja za delo po meri Tudi za te\u017eko dostopna in ozka obmo\u010dja Visoko udobje pri delu zaradi nastavljivega motornega ro\u010daja\" \/>\n<meta property=\"og:url\" content=\"https:\/\/hundtgroup.com\/sl\/produkt\/trumpf-trutool-n-700-za-rezanje\/\" \/>\n<meta property=\"og:site_name\" content=\"Wilhelm Hundt GmbH\" \/>\n<meta property=\"article:modified_time\" content=\"2025-07-29T08:19:55+00:00\" \/>\n<meta property=\"og:image\" content=\"https:\/\/hundtgroup.com\/wp-content\/uploads\/357000-scaled.jpg\" \/>\n\t<meta property=\"og:image:width\" content=\"2560\" \/>\n\t<meta property=\"og:image:height\" content=\"2560\" \/>\n\t<meta property=\"og:image:type\" content=\"image\/jpeg\" \/>\n<meta name=\"twitter:card\" content=\"summary_large_image\" \/>\n<script type=\"application\/ld+json\" class=\"yoast-schema-graph\">{\"@context\":\"https:\\\/\\\/schema.org\",\"@graph\":[{\"@type\":\"WebPage\",\"@id\":\"https:\\\/\\\/hundtgroup.com\\\/sl\\\/produkt\\\/trumpf-trutool-n-700-za-rezanje\\\/\",\"url\":\"https:\\\/\\\/hundtgroup.com\\\/sl\\\/produkt\\\/trumpf-trutool-n-700-za-rezanje\\\/\",\"name\":\"TRUMPF TruTool N 700 za rezanje - Wilhelm Hundt GmbH\",\"isPartOf\":{\"@id\":\"https:\\\/\\\/hundtgroup.com\\\/sl\\\/#website\"},\"primaryImageOfPage\":{\"@id\":\"https:\\\/\\\/hundtgroup.com\\\/sl\\\/produkt\\\/trumpf-trutool-n-700-za-rezanje\\\/#primaryimage\"},\"image\":{\"@id\":\"https:\\\/\\\/hundtgroup.com\\\/sl\\\/produkt\\\/trumpf-trutool-n-700-za-rezanje\\\/#primaryimage\"},\"thumbnailUrl\":\"https:\\\/\\\/hundtgroup.com\\\/wp-content\\\/uploads\\\/357000-scaled.jpg\",\"datePublished\":\"2022-08-23T13:55:42+00:00\",\"dateModified\":\"2025-07-29T08:19:55+00:00\",\"breadcrumb\":{\"@id\":\"https:\\\/\\\/hundtgroup.com\\\/sl\\\/produkt\\\/trumpf-trutool-n-700-za-rezanje\\\/#breadcrumb\"},\"inLanguage\":\"sl-SI\",\"potentialAction\":[{\"@type\":\"ReadAction\",\"target\":[\"https:\\\/\\\/hundtgroup.com\\\/sl\\\/produkt\\\/trumpf-trutool-n-700-za-rezanje\\\/\"]}]},{\"@type\":\"ImageObject\",\"inLanguage\":\"sl-SI\",\"@id\":\"https:\\\/\\\/hundtgroup.com\\\/sl\\\/produkt\\\/trumpf-trutool-n-700-za-rezanje\\\/#primaryimage\",\"url\":\"https:\\\/\\\/hundtgroup.com\\\/wp-content\\\/uploads\\\/357000-scaled.jpg\",\"contentUrl\":\"https:\\\/\\\/hundtgroup.com\\\/wp-content\\\/uploads\\\/357000-scaled.jpg\",\"width\":2560,\"height\":2560},{\"@type\":\"BreadcrumbList\",\"@id\":\"https:\\\/\\\/hundtgroup.com\\\/sl\\\/produkt\\\/trumpf-trutool-n-700-za-rezanje\\\/#breadcrumb\",\"itemListElement\":[{\"@type\":\"ListItem\",\"position\":1,\"name\":\"Startseite\",\"item\":\"https:\\\/\\\/hundtgroup.com\\\/sl\\\/domov-novo\\\/\"},{\"@type\":\"ListItem\",\"position\":2,\"name\":\"Trgovina\",\"item\":\"https:\\\/\\\/hundtgroup.com\\\/trgovina\\\/\"},{\"@type\":\"ListItem\",\"position\":3,\"name\":\"TRUMPF TruTool N 700 za rezanje\"}]},{\"@type\":\"WebSite\",\"@id\":\"https:\\\/\\\/hundtgroup.com\\\/sl\\\/#website\",\"url\":\"https:\\\/\\\/hundtgroup.com\\\/sl\\\/\",\"name\":\"Wilhelm Hundt GmbH\",\"description\":\"Va\u0161 specialist za stroje in orodja za obdelavo plo\u010devine\",\"potentialAction\":[{\"@type\":\"SearchAction\",\"target\":{\"@type\":\"EntryPoint\",\"urlTemplate\":\"https:\\\/\\\/hundtgroup.com\\\/sl\\\/?s={search_term_string}\"},\"query-input\":{\"@type\":\"PropertyValueSpecification\",\"valueRequired\":true,\"valueName\":\"search_term_string\"}}],\"inLanguage\":\"sl-SI\"}]}<\/script>\n<!-- \/ Yoast SEO plugin. -->","yoast_head_json":{"title":"TRUMPF TruTool N 700 za rezanje - Wilhelm Hundt GmbH","robots":{"index":"index","follow":"follow","max-snippet":"max-snippet:-1","max-image-preview":"max-image-preview:large","max-video-preview":"max-video-preview:-1"},"canonical":"https:\/\/hundtgroup.com\/sl\/produkt\/trumpf-trutool-n-700-za-rezanje\/","og_locale":"sl_SI","og_type":"article","og_title":"TRUMPF TruTool N 700 za rezanje - Wilhelm Hundt GmbH","og_description":"Kvadratni prebijalec: mobilnost z visokim profilom zaradi ozke oblike prebijalca 4 smeri rezanja Nastavitev smeri rezanja brez orodja Idealen za reze \u010dez robove, zvarne \u0161ive in podvojene plo\u010devine Dva razli\u010dna ro\u010daja za delo po meri Tudi za te\u017eko dostopna in ozka obmo\u010dja Visoko udobje pri delu zaradi nastavljivega motornega ro\u010daja","og_url":"https:\/\/hundtgroup.com\/sl\/produkt\/trumpf-trutool-n-700-za-rezanje\/","og_site_name":"Wilhelm Hundt GmbH","article_modified_time":"2025-07-29T08:19:55+00:00","og_image":[{"width":2560,"height":2560,"url":"https:\/\/hundtgroup.com\/wp-content\/uploads\/357000-scaled.jpg","type":"image\/jpeg"}],"twitter_card":"summary_large_image","schema":{"@context":"https:\/\/schema.org","@graph":[{"@type":"WebPage","@id":"https:\/\/hundtgroup.com\/sl\/produkt\/trumpf-trutool-n-700-za-rezanje\/","url":"https:\/\/hundtgroup.com\/sl\/produkt\/trumpf-trutool-n-700-za-rezanje\/","name":"TRUMPF TruTool N 700 za rezanje - Wilhelm Hundt GmbH","isPartOf":{"@id":"https:\/\/hundtgroup.com\/sl\/#website"},"primaryImageOfPage":{"@id":"https:\/\/hundtgroup.com\/sl\/produkt\/trumpf-trutool-n-700-za-rezanje\/#primaryimage"},"image":{"@id":"https:\/\/hundtgroup.com\/sl\/produkt\/trumpf-trutool-n-700-za-rezanje\/#primaryimage"},"thumbnailUrl":"https:\/\/hundtgroup.com\/wp-content\/uploads\/357000-scaled.jpg","datePublished":"2022-08-23T13:55:42+00:00","dateModified":"2025-07-29T08:19:55+00:00","breadcrumb":{"@id":"https:\/\/hundtgroup.com\/sl\/produkt\/trumpf-trutool-n-700-za-rezanje\/#breadcrumb"},"inLanguage":"sl-SI","potentialAction":[{"@type":"ReadAction","target":["https:\/\/hundtgroup.com\/sl\/produkt\/trumpf-trutool-n-700-za-rezanje\/"]}]},{"@type":"ImageObject","inLanguage":"sl-SI","@id":"https:\/\/hundtgroup.com\/sl\/produkt\/trumpf-trutool-n-700-za-rezanje\/#primaryimage","url":"https:\/\/hundtgroup.com\/wp-content\/uploads\/357000-scaled.jpg","contentUrl":"https:\/\/hundtgroup.com\/wp-content\/uploads\/357000-scaled.jpg","width":2560,"height":2560},{"@type":"BreadcrumbList","@id":"https:\/\/hundtgroup.com\/sl\/produkt\/trumpf-trutool-n-700-za-rezanje\/#breadcrumb","itemListElement":[{"@type":"ListItem","position":1,"name":"Startseite","item":"https:\/\/hundtgroup.com\/sl\/domov-novo\/"},{"@type":"ListItem","position":2,"name":"Trgovina","item":"https:\/\/hundtgroup.com\/trgovina\/"},{"@type":"ListItem","position":3,"name":"TRUMPF TruTool N 700 za rezanje"}]},{"@type":"WebSite","@id":"https:\/\/hundtgroup.com\/sl\/#website","url":"https:\/\/hundtgroup.com\/sl\/","name":"Wilhelm Hundt GmbH","description":"Va\u0161 specialist za stroje in orodja za obdelavo plo\u010devine","potentialAction":[{"@type":"SearchAction","target":{"@type":"EntryPoint","urlTemplate":"https:\/\/hundtgroup.com\/sl\/?s={search_term_string}"},"query-input":{"@type":"PropertyValueSpecification","valueRequired":true,"valueName":"search_term_string"}}],"inLanguage":"sl-SI"}]}},"_links":{"self":[{"href":"https:\/\/hundtgroup.com\/sl\/wp-json\/wp\/v2\/product\/15577","targetHints":{"allow":["GET"]}}],"collection":[{"href":"https:\/\/hundtgroup.com\/sl\/wp-json\/wp\/v2\/product"}],"about":[{"href":"https:\/\/hundtgroup.com\/sl\/wp-json\/wp\/v2\/types\/product"}],"wp:featuredmedia":[{"embeddable":true,"href":"https:\/\/hundtgroup.com\/sl\/wp-json\/wp\/v2\/media\/15580"}],"wp:attachment":[{"href":"https:\/\/hundtgroup.com\/sl\/wp-json\/wp\/v2\/media?parent=15577"}],"wp:term":[{"taxonomy":"product_cat","embeddable":true,"href":"https:\/\/hundtgroup.com\/sl\/wp-json\/wp\/v2\/product_cat?post=15577"},{"taxonomy":"product_tag","embeddable":true,"href":"https:\/\/hundtgroup.com\/sl\/wp-json\/wp\/v2\/product_tag?post=15577"}],"curies":[{"name":"wp","href":"https:\/\/api.w.org\/{rel}","templated":true}]}}