{"id":15605,"date":"2022-08-23T15:55:42","date_gmt":"2022-08-23T13:55:42","guid":{"rendered":"https:\/\/hundtgroup.com\/produkt\/trumpf-trutool-n-350-za-rezanje\/"},"modified":"2025-07-29T10:20:32","modified_gmt":"2025-07-29T08:20:32","slug":"trumpf-trutool-n-350-za-rezanje","status":"publish","type":"product","link":"https:\/\/hundtgroup.com\/sl\/produkt\/trumpf-trutool-n-350-za-rezanje\/","title":{"rendered":"TRUMPF TruTool N 350 za rezanje"},"content":{"rendered":"<p>Neomejeno 360\u00b0 obra\u010danje na mestu<br \/>\nUporabniku prijazno menjavanje matric in izsekovalnikov brez orodja<br \/>\nKompaktna in priro\u010dna vrezovalnica<br \/>\nElektronski omejevalnik zagonskega toka<br \/>\nPopolna ergonomija prijema<br \/>\nNadzor hitrosti za delo po pisavi in \u0161abloni<\/p>\n","protected":false},"excerpt":{"rendered":"<p>Neomejeno 360\u00b0 obra\u010danje na mestu Uporabniku prijazno menjavanje matric in izsekovalnikov brez orodja Kompaktna in priro\u010dna vrezovalnica Elektronski omejevalnik zagonskega toka Popolna ergonomija prijema Nadzor hitrosti za delo po pisavi in \u0161abloni<\/p>\n","protected":false},"featured_media":15607,"template":"","meta":{"_acf_changed":false,"inline_featured_image":false},"product_cat":[681,652],"product_tag":[],"class_list":{"0":"post-15605","1":"product","2":"type-product","3":"status-publish","4":"has-post-thumbnail","6":"brand-trumpf","7":"product_cat-nibbler-sl","8":"product_cat-elektricna-orodja","10":"first","11":"instock","12":"sale","13":"taxable","14":"shipping-taxable","15":"purchasable","16":"product-type-simple","17":"add-to-wishlist-before_image"},"acf":[],"yoast_head":"<!-- This site is optimized with the Yoast SEO plugin v27.3 - https:\/\/yoast.com\/product\/yoast-seo-wordpress\/ -->\n<title>TRUMPF TruTool N 350 za rezanje - Wilhelm Hundt GmbH<\/title>\n<meta name=\"robots\" content=\"index, follow, max-snippet:-1, max-image-preview:large, max-video-preview:-1\" \/>\n<link rel=\"canonical\" href=\"https:\/\/hundtgroup.com\/sl\/produkt\/trumpf-trutool-n-350-za-rezanje\/\" \/>\n<meta property=\"og:locale\" content=\"sl_SI\" \/>\n<meta property=\"og:type\" content=\"article\" \/>\n<meta property=\"og:title\" content=\"TRUMPF TruTool N 350 za rezanje - Wilhelm Hundt GmbH\" \/>\n<meta property=\"og:description\" content=\"Neomejeno 360\u00b0 obra\u010danje na mestu Uporabniku prijazno menjavanje matric in izsekovalnikov brez orodja Kompaktna in priro\u010dna vrezovalnica Elektronski omejevalnik zagonskega toka Popolna ergonomija prijema Nadzor hitrosti za delo po pisavi in \u0161abloni\" \/>\n<meta property=\"og:url\" content=\"https:\/\/hundtgroup.com\/sl\/produkt\/trumpf-trutool-n-350-za-rezanje\/\" \/>\n<meta property=\"og:site_name\" content=\"Wilhelm Hundt GmbH\" \/>\n<meta property=\"article:modified_time\" content=\"2025-07-29T08:20:32+00:00\" \/>\n<meta property=\"og:image\" content=\"https:\/\/hundtgroup.com\/wp-content\/uploads\/350200.png\" \/>\n\t<meta property=\"og:image:width\" content=\"750\" \/>\n\t<meta property=\"og:image:height\" content=\"600\" \/>\n\t<meta property=\"og:image:type\" content=\"image\/png\" \/>\n<meta name=\"twitter:card\" content=\"summary_large_image\" \/>\n<script type=\"application\/ld+json\" class=\"yoast-schema-graph\">{\"@context\":\"https:\\\/\\\/schema.org\",\"@graph\":[{\"@type\":\"WebPage\",\"@id\":\"https:\\\/\\\/hundtgroup.com\\\/sl\\\/produkt\\\/trumpf-trutool-n-350-za-rezanje\\\/\",\"url\":\"https:\\\/\\\/hundtgroup.com\\\/sl\\\/produkt\\\/trumpf-trutool-n-350-za-rezanje\\\/\",\"name\":\"TRUMPF TruTool N 350 za rezanje - Wilhelm Hundt GmbH\",\"isPartOf\":{\"@id\":\"https:\\\/\\\/hundtgroup.com\\\/sl\\\/#website\"},\"primaryImageOfPage\":{\"@id\":\"https:\\\/\\\/hundtgroup.com\\\/sl\\\/produkt\\\/trumpf-trutool-n-350-za-rezanje\\\/#primaryimage\"},\"image\":{\"@id\":\"https:\\\/\\\/hundtgroup.com\\\/sl\\\/produkt\\\/trumpf-trutool-n-350-za-rezanje\\\/#primaryimage\"},\"thumbnailUrl\":\"https:\\\/\\\/hundtgroup.com\\\/wp-content\\\/uploads\\\/350200.png\",\"datePublished\":\"2022-08-23T13:55:42+00:00\",\"dateModified\":\"2025-07-29T08:20:32+00:00\",\"breadcrumb\":{\"@id\":\"https:\\\/\\\/hundtgroup.com\\\/sl\\\/produkt\\\/trumpf-trutool-n-350-za-rezanje\\\/#breadcrumb\"},\"inLanguage\":\"sl-SI\",\"potentialAction\":[{\"@type\":\"ReadAction\",\"target\":[\"https:\\\/\\\/hundtgroup.com\\\/sl\\\/produkt\\\/trumpf-trutool-n-350-za-rezanje\\\/\"]}]},{\"@type\":\"ImageObject\",\"inLanguage\":\"sl-SI\",\"@id\":\"https:\\\/\\\/hundtgroup.com\\\/sl\\\/produkt\\\/trumpf-trutool-n-350-za-rezanje\\\/#primaryimage\",\"url\":\"https:\\\/\\\/hundtgroup.com\\\/wp-content\\\/uploads\\\/350200.png\",\"contentUrl\":\"https:\\\/\\\/hundtgroup.com\\\/wp-content\\\/uploads\\\/350200.png\",\"width\":750,\"height\":600},{\"@type\":\"BreadcrumbList\",\"@id\":\"https:\\\/\\\/hundtgroup.com\\\/sl\\\/produkt\\\/trumpf-trutool-n-350-za-rezanje\\\/#breadcrumb\",\"itemListElement\":[{\"@type\":\"ListItem\",\"position\":1,\"name\":\"Startseite\",\"item\":\"https:\\\/\\\/hundtgroup.com\\\/sl\\\/domov-novo\\\/\"},{\"@type\":\"ListItem\",\"position\":2,\"name\":\"Trgovina\",\"item\":\"https:\\\/\\\/hundtgroup.com\\\/trgovina\\\/\"},{\"@type\":\"ListItem\",\"position\":3,\"name\":\"TRUMPF TruTool N 350 za rezanje\"}]},{\"@type\":\"WebSite\",\"@id\":\"https:\\\/\\\/hundtgroup.com\\\/sl\\\/#website\",\"url\":\"https:\\\/\\\/hundtgroup.com\\\/sl\\\/\",\"name\":\"Wilhelm Hundt GmbH\",\"description\":\"Va\u0161 specialist za stroje in orodja za obdelavo plo\u010devine\",\"potentialAction\":[{\"@type\":\"SearchAction\",\"target\":{\"@type\":\"EntryPoint\",\"urlTemplate\":\"https:\\\/\\\/hundtgroup.com\\\/sl\\\/?s={search_term_string}\"},\"query-input\":{\"@type\":\"PropertyValueSpecification\",\"valueRequired\":true,\"valueName\":\"search_term_string\"}}],\"inLanguage\":\"sl-SI\"}]}<\/script>\n<!-- \/ Yoast SEO plugin. -->","yoast_head_json":{"title":"TRUMPF TruTool N 350 za rezanje - Wilhelm Hundt GmbH","robots":{"index":"index","follow":"follow","max-snippet":"max-snippet:-1","max-image-preview":"max-image-preview:large","max-video-preview":"max-video-preview:-1"},"canonical":"https:\/\/hundtgroup.com\/sl\/produkt\/trumpf-trutool-n-350-za-rezanje\/","og_locale":"sl_SI","og_type":"article","og_title":"TRUMPF TruTool N 350 za rezanje - Wilhelm Hundt GmbH","og_description":"Neomejeno 360\u00b0 obra\u010danje na mestu Uporabniku prijazno menjavanje matric in izsekovalnikov brez orodja Kompaktna in priro\u010dna vrezovalnica Elektronski omejevalnik zagonskega toka Popolna ergonomija prijema Nadzor hitrosti za delo po pisavi in \u0161abloni","og_url":"https:\/\/hundtgroup.com\/sl\/produkt\/trumpf-trutool-n-350-za-rezanje\/","og_site_name":"Wilhelm Hundt GmbH","article_modified_time":"2025-07-29T08:20:32+00:00","og_image":[{"width":750,"height":600,"url":"https:\/\/hundtgroup.com\/wp-content\/uploads\/350200.png","type":"image\/png"}],"twitter_card":"summary_large_image","schema":{"@context":"https:\/\/schema.org","@graph":[{"@type":"WebPage","@id":"https:\/\/hundtgroup.com\/sl\/produkt\/trumpf-trutool-n-350-za-rezanje\/","url":"https:\/\/hundtgroup.com\/sl\/produkt\/trumpf-trutool-n-350-za-rezanje\/","name":"TRUMPF TruTool N 350 za rezanje - Wilhelm Hundt GmbH","isPartOf":{"@id":"https:\/\/hundtgroup.com\/sl\/#website"},"primaryImageOfPage":{"@id":"https:\/\/hundtgroup.com\/sl\/produkt\/trumpf-trutool-n-350-za-rezanje\/#primaryimage"},"image":{"@id":"https:\/\/hundtgroup.com\/sl\/produkt\/trumpf-trutool-n-350-za-rezanje\/#primaryimage"},"thumbnailUrl":"https:\/\/hundtgroup.com\/wp-content\/uploads\/350200.png","datePublished":"2022-08-23T13:55:42+00:00","dateModified":"2025-07-29T08:20:32+00:00","breadcrumb":{"@id":"https:\/\/hundtgroup.com\/sl\/produkt\/trumpf-trutool-n-350-za-rezanje\/#breadcrumb"},"inLanguage":"sl-SI","potentialAction":[{"@type":"ReadAction","target":["https:\/\/hundtgroup.com\/sl\/produkt\/trumpf-trutool-n-350-za-rezanje\/"]}]},{"@type":"ImageObject","inLanguage":"sl-SI","@id":"https:\/\/hundtgroup.com\/sl\/produkt\/trumpf-trutool-n-350-za-rezanje\/#primaryimage","url":"https:\/\/hundtgroup.com\/wp-content\/uploads\/350200.png","contentUrl":"https:\/\/hundtgroup.com\/wp-content\/uploads\/350200.png","width":750,"height":600},{"@type":"BreadcrumbList","@id":"https:\/\/hundtgroup.com\/sl\/produkt\/trumpf-trutool-n-350-za-rezanje\/#breadcrumb","itemListElement":[{"@type":"ListItem","position":1,"name":"Startseite","item":"https:\/\/hundtgroup.com\/sl\/domov-novo\/"},{"@type":"ListItem","position":2,"name":"Trgovina","item":"https:\/\/hundtgroup.com\/trgovina\/"},{"@type":"ListItem","position":3,"name":"TRUMPF TruTool N 350 za rezanje"}]},{"@type":"WebSite","@id":"https:\/\/hundtgroup.com\/sl\/#website","url":"https:\/\/hundtgroup.com\/sl\/","name":"Wilhelm Hundt GmbH","description":"Va\u0161 specialist za stroje in orodja za obdelavo plo\u010devine","potentialAction":[{"@type":"SearchAction","target":{"@type":"EntryPoint","urlTemplate":"https:\/\/hundtgroup.com\/sl\/?s={search_term_string}"},"query-input":{"@type":"PropertyValueSpecification","valueRequired":true,"valueName":"search_term_string"}}],"inLanguage":"sl-SI"}]}},"_links":{"self":[{"href":"https:\/\/hundtgroup.com\/sl\/wp-json\/wp\/v2\/product\/15605","targetHints":{"allow":["GET"]}}],"collection":[{"href":"https:\/\/hundtgroup.com\/sl\/wp-json\/wp\/v2\/product"}],"about":[{"href":"https:\/\/hundtgroup.com\/sl\/wp-json\/wp\/v2\/types\/product"}],"wp:featuredmedia":[{"embeddable":true,"href":"https:\/\/hundtgroup.com\/sl\/wp-json\/wp\/v2\/media\/15607"}],"wp:attachment":[{"href":"https:\/\/hundtgroup.com\/sl\/wp-json\/wp\/v2\/media?parent=15605"}],"wp:term":[{"taxonomy":"product_cat","embeddable":true,"href":"https:\/\/hundtgroup.com\/sl\/wp-json\/wp\/v2\/product_cat?post=15605"},{"taxonomy":"product_tag","embeddable":true,"href":"https:\/\/hundtgroup.com\/sl\/wp-json\/wp\/v2\/product_tag?post=15605"}],"curies":[{"name":"wp","href":"https:\/\/api.w.org\/{rel}","templated":true}]}}