{"id":15756,"date":"2022-08-23T15:55:42","date_gmt":"2022-08-23T13:55:42","guid":{"rendered":"https:\/\/hundtgroup.com\/produkt\/trumpf-trutool-c-200-18v-40ah-akumulatorske-skarje-za-rezanje-z-orodjem\/"},"modified":"2025-07-29T10:14:00","modified_gmt":"2025-07-29T08:14:00","slug":"trumpf-trutool-c-200-18v-40ah-akumulatorske-skarje-za-rezanje-z-orodjem","status":"publish","type":"product","link":"https:\/\/hundtgroup.com\/sl\/produkt\/trumpf-trutool-c-200-18v-40ah-akumulatorske-skarje-za-rezanje-z-orodjem\/","title":{"rendered":"TRUMPF TruTool C 200 18V 4,0Ah akumulatorske \u0161karje za rezanje z orodjem"},"content":{"rendered":"<p>Idealen za hitrej\u0161e rezanje spiralnih kanalov in podvojenih listov zaradi zobatih rezalnih palic (povzro\u010dajo samopodajanje in zmanj\u0161ujejo silo podajanja).<br \/>\nRezanje brez torzije.<br \/>\nOdprta rezalna glava za enostavno umikanje stroja iz lista &#8211; ni potreben lomilec trsk.<br \/>\nJeklena rezalna glava zagotavlja robustnost in trdnost.<br \/>\nNi potrebnih nastavitev &#8211; stroj je v hipu pripravljen za uporabo.<br \/>\nMotor brez \u0161\u010detk z nizko stopnjo obrabe.<\/p>\n","protected":false},"excerpt":{"rendered":"<p>Idealen za hitrej\u0161e rezanje spiralnih kanalov in podvojenih listov zaradi zobatih rezalnih palic (povzro\u010dajo samopodajanje in zmanj\u0161ujejo silo podajanja). Rezanje brez torzije. Odprta rezalna glava za enostavno umikanje stroja iz lista &#8211; ni potreben lomilec trsk. Jeklena rezalna glava zagotavlja robustnost in trdnost. Ni potrebnih nastavitev &#8211; stroj je v hipu pripravljen za uporabo. Motor [&hellip;]<\/p>\n","protected":false},"featured_media":15757,"template":"","meta":{"_acf_changed":false,"inline_featured_image":false},"product_cat":[704,686],"product_tag":[],"class_list":{"0":"post-15756","1":"product","2":"type-product","3":"status-publish","4":"has-post-thumbnail","6":"brand-trumpf","7":"product_cat-skarje-za-kositer-sl","8":"product_cat-orodja-z-baterijami","10":"first","11":"instock","12":"sale","13":"taxable","14":"shipping-taxable","15":"purchasable","16":"product-type-simple","17":"add-to-wishlist-before_image"},"acf":[],"yoast_head":"<!-- This site is optimized with the Yoast SEO plugin v27.3 - https:\/\/yoast.com\/product\/yoast-seo-wordpress\/ -->\n<title>TRUMPF TruTool C 200 18V 4,0Ah akumulatorske \u0161karje za rezanje z orodjem - Wilhelm Hundt GmbH<\/title>\n<meta name=\"robots\" content=\"index, follow, max-snippet:-1, max-image-preview:large, max-video-preview:-1\" \/>\n<link rel=\"canonical\" href=\"https:\/\/hundtgroup.com\/sl\/produkt\/trumpf-trutool-c-200-18v-40ah-akumulatorske-skarje-za-rezanje-z-orodjem\/\" \/>\n<meta property=\"og:locale\" content=\"sl_SI\" \/>\n<meta property=\"og:type\" content=\"article\" \/>\n<meta property=\"og:title\" content=\"TRUMPF TruTool C 200 18V 4,0Ah akumulatorske \u0161karje za rezanje z orodjem - Wilhelm Hundt GmbH\" \/>\n<meta property=\"og:description\" content=\"Idealen za hitrej\u0161e rezanje spiralnih kanalov in podvojenih listov zaradi zobatih rezalnih palic (povzro\u010dajo samopodajanje in zmanj\u0161ujejo silo podajanja). Rezanje brez torzije. Odprta rezalna glava za enostavno umikanje stroja iz lista &#8211; ni potreben lomilec trsk. Jeklena rezalna glava zagotavlja robustnost in trdnost. Ni potrebnih nastavitev &#8211; stroj je v hipu pripravljen za uporabo. Motor [&hellip;]\" \/>\n<meta property=\"og:url\" content=\"https:\/\/hundtgroup.com\/sl\/produkt\/trumpf-trutool-c-200-18v-40ah-akumulatorske-skarje-za-rezanje-z-orodjem\/\" \/>\n<meta property=\"og:site_name\" content=\"Wilhelm Hundt GmbH\" \/>\n<meta property=\"article:modified_time\" content=\"2025-07-29T08:14:00+00:00\" \/>\n<meta property=\"og:image\" content=\"https:\/\/hundtgroup.com\/wp-content\/uploads\/351108-scaled.jpg\" \/>\n\t<meta property=\"og:image:width\" content=\"2560\" \/>\n\t<meta property=\"og:image:height\" content=\"1920\" \/>\n\t<meta property=\"og:image:type\" content=\"image\/jpeg\" \/>\n<meta name=\"twitter:card\" content=\"summary_large_image\" \/>\n<script type=\"application\/ld+json\" class=\"yoast-schema-graph\">{\"@context\":\"https:\\\/\\\/schema.org\",\"@graph\":[{\"@type\":\"WebPage\",\"@id\":\"https:\\\/\\\/hundtgroup.com\\\/sl\\\/produkt\\\/trumpf-trutool-c-200-18v-40ah-akumulatorske-skarje-za-rezanje-z-orodjem\\\/\",\"url\":\"https:\\\/\\\/hundtgroup.com\\\/sl\\\/produkt\\\/trumpf-trutool-c-200-18v-40ah-akumulatorske-skarje-za-rezanje-z-orodjem\\\/\",\"name\":\"TRUMPF TruTool C 200 18V 4,0Ah akumulatorske \u0161karje za rezanje z orodjem - Wilhelm Hundt GmbH\",\"isPartOf\":{\"@id\":\"https:\\\/\\\/hundtgroup.com\\\/sl\\\/#website\"},\"primaryImageOfPage\":{\"@id\":\"https:\\\/\\\/hundtgroup.com\\\/sl\\\/produkt\\\/trumpf-trutool-c-200-18v-40ah-akumulatorske-skarje-za-rezanje-z-orodjem\\\/#primaryimage\"},\"image\":{\"@id\":\"https:\\\/\\\/hundtgroup.com\\\/sl\\\/produkt\\\/trumpf-trutool-c-200-18v-40ah-akumulatorske-skarje-za-rezanje-z-orodjem\\\/#primaryimage\"},\"thumbnailUrl\":\"https:\\\/\\\/hundtgroup.com\\\/wp-content\\\/uploads\\\/351108-scaled.jpg\",\"datePublished\":\"2022-08-23T13:55:42+00:00\",\"dateModified\":\"2025-07-29T08:14:00+00:00\",\"breadcrumb\":{\"@id\":\"https:\\\/\\\/hundtgroup.com\\\/sl\\\/produkt\\\/trumpf-trutool-c-200-18v-40ah-akumulatorske-skarje-za-rezanje-z-orodjem\\\/#breadcrumb\"},\"inLanguage\":\"sl-SI\",\"potentialAction\":[{\"@type\":\"ReadAction\",\"target\":[\"https:\\\/\\\/hundtgroup.com\\\/sl\\\/produkt\\\/trumpf-trutool-c-200-18v-40ah-akumulatorske-skarje-za-rezanje-z-orodjem\\\/\"]}]},{\"@type\":\"ImageObject\",\"inLanguage\":\"sl-SI\",\"@id\":\"https:\\\/\\\/hundtgroup.com\\\/sl\\\/produkt\\\/trumpf-trutool-c-200-18v-40ah-akumulatorske-skarje-za-rezanje-z-orodjem\\\/#primaryimage\",\"url\":\"https:\\\/\\\/hundtgroup.com\\\/wp-content\\\/uploads\\\/351108-scaled.jpg\",\"contentUrl\":\"https:\\\/\\\/hundtgroup.com\\\/wp-content\\\/uploads\\\/351108-scaled.jpg\",\"width\":2560,\"height\":1920},{\"@type\":\"BreadcrumbList\",\"@id\":\"https:\\\/\\\/hundtgroup.com\\\/sl\\\/produkt\\\/trumpf-trutool-c-200-18v-40ah-akumulatorske-skarje-za-rezanje-z-orodjem\\\/#breadcrumb\",\"itemListElement\":[{\"@type\":\"ListItem\",\"position\":1,\"name\":\"Startseite\",\"item\":\"https:\\\/\\\/hundtgroup.com\\\/sl\\\/domov-novo\\\/\"},{\"@type\":\"ListItem\",\"position\":2,\"name\":\"Trgovina\",\"item\":\"https:\\\/\\\/hundtgroup.com\\\/trgovina\\\/\"},{\"@type\":\"ListItem\",\"position\":3,\"name\":\"TRUMPF TruTool C 200 18V 4,0Ah akumulatorske \u0161karje za rezanje z orodjem\"}]},{\"@type\":\"WebSite\",\"@id\":\"https:\\\/\\\/hundtgroup.com\\\/sl\\\/#website\",\"url\":\"https:\\\/\\\/hundtgroup.com\\\/sl\\\/\",\"name\":\"Wilhelm Hundt GmbH\",\"description\":\"Va\u0161 specialist za stroje in orodja za obdelavo plo\u010devine\",\"potentialAction\":[{\"@type\":\"SearchAction\",\"target\":{\"@type\":\"EntryPoint\",\"urlTemplate\":\"https:\\\/\\\/hundtgroup.com\\\/sl\\\/?s={search_term_string}\"},\"query-input\":{\"@type\":\"PropertyValueSpecification\",\"valueRequired\":true,\"valueName\":\"search_term_string\"}}],\"inLanguage\":\"sl-SI\"}]}<\/script>\n<!-- \/ Yoast SEO plugin. -->","yoast_head_json":{"title":"TRUMPF TruTool C 200 18V 4,0Ah akumulatorske \u0161karje za rezanje z orodjem - Wilhelm Hundt GmbH","robots":{"index":"index","follow":"follow","max-snippet":"max-snippet:-1","max-image-preview":"max-image-preview:large","max-video-preview":"max-video-preview:-1"},"canonical":"https:\/\/hundtgroup.com\/sl\/produkt\/trumpf-trutool-c-200-18v-40ah-akumulatorske-skarje-za-rezanje-z-orodjem\/","og_locale":"sl_SI","og_type":"article","og_title":"TRUMPF TruTool C 200 18V 4,0Ah akumulatorske \u0161karje za rezanje z orodjem - Wilhelm Hundt GmbH","og_description":"Idealen za hitrej\u0161e rezanje spiralnih kanalov in podvojenih listov zaradi zobatih rezalnih palic (povzro\u010dajo samopodajanje in zmanj\u0161ujejo silo podajanja). Rezanje brez torzije. Odprta rezalna glava za enostavno umikanje stroja iz lista &#8211; ni potreben lomilec trsk. Jeklena rezalna glava zagotavlja robustnost in trdnost. Ni potrebnih nastavitev &#8211; stroj je v hipu pripravljen za uporabo. Motor [&hellip;]","og_url":"https:\/\/hundtgroup.com\/sl\/produkt\/trumpf-trutool-c-200-18v-40ah-akumulatorske-skarje-za-rezanje-z-orodjem\/","og_site_name":"Wilhelm Hundt GmbH","article_modified_time":"2025-07-29T08:14:00+00:00","og_image":[{"width":2560,"height":1920,"url":"https:\/\/hundtgroup.com\/wp-content\/uploads\/351108-scaled.jpg","type":"image\/jpeg"}],"twitter_card":"summary_large_image","schema":{"@context":"https:\/\/schema.org","@graph":[{"@type":"WebPage","@id":"https:\/\/hundtgroup.com\/sl\/produkt\/trumpf-trutool-c-200-18v-40ah-akumulatorske-skarje-za-rezanje-z-orodjem\/","url":"https:\/\/hundtgroup.com\/sl\/produkt\/trumpf-trutool-c-200-18v-40ah-akumulatorske-skarje-za-rezanje-z-orodjem\/","name":"TRUMPF TruTool C 200 18V 4,0Ah akumulatorske \u0161karje za rezanje z orodjem - Wilhelm Hundt GmbH","isPartOf":{"@id":"https:\/\/hundtgroup.com\/sl\/#website"},"primaryImageOfPage":{"@id":"https:\/\/hundtgroup.com\/sl\/produkt\/trumpf-trutool-c-200-18v-40ah-akumulatorske-skarje-za-rezanje-z-orodjem\/#primaryimage"},"image":{"@id":"https:\/\/hundtgroup.com\/sl\/produkt\/trumpf-trutool-c-200-18v-40ah-akumulatorske-skarje-za-rezanje-z-orodjem\/#primaryimage"},"thumbnailUrl":"https:\/\/hundtgroup.com\/wp-content\/uploads\/351108-scaled.jpg","datePublished":"2022-08-23T13:55:42+00:00","dateModified":"2025-07-29T08:14:00+00:00","breadcrumb":{"@id":"https:\/\/hundtgroup.com\/sl\/produkt\/trumpf-trutool-c-200-18v-40ah-akumulatorske-skarje-za-rezanje-z-orodjem\/#breadcrumb"},"inLanguage":"sl-SI","potentialAction":[{"@type":"ReadAction","target":["https:\/\/hundtgroup.com\/sl\/produkt\/trumpf-trutool-c-200-18v-40ah-akumulatorske-skarje-za-rezanje-z-orodjem\/"]}]},{"@type":"ImageObject","inLanguage":"sl-SI","@id":"https:\/\/hundtgroup.com\/sl\/produkt\/trumpf-trutool-c-200-18v-40ah-akumulatorske-skarje-za-rezanje-z-orodjem\/#primaryimage","url":"https:\/\/hundtgroup.com\/wp-content\/uploads\/351108-scaled.jpg","contentUrl":"https:\/\/hundtgroup.com\/wp-content\/uploads\/351108-scaled.jpg","width":2560,"height":1920},{"@type":"BreadcrumbList","@id":"https:\/\/hundtgroup.com\/sl\/produkt\/trumpf-trutool-c-200-18v-40ah-akumulatorske-skarje-za-rezanje-z-orodjem\/#breadcrumb","itemListElement":[{"@type":"ListItem","position":1,"name":"Startseite","item":"https:\/\/hundtgroup.com\/sl\/domov-novo\/"},{"@type":"ListItem","position":2,"name":"Trgovina","item":"https:\/\/hundtgroup.com\/trgovina\/"},{"@type":"ListItem","position":3,"name":"TRUMPF TruTool C 200 18V 4,0Ah akumulatorske \u0161karje za rezanje z orodjem"}]},{"@type":"WebSite","@id":"https:\/\/hundtgroup.com\/sl\/#website","url":"https:\/\/hundtgroup.com\/sl\/","name":"Wilhelm Hundt GmbH","description":"Va\u0161 specialist za stroje in orodja za obdelavo plo\u010devine","potentialAction":[{"@type":"SearchAction","target":{"@type":"EntryPoint","urlTemplate":"https:\/\/hundtgroup.com\/sl\/?s={search_term_string}"},"query-input":{"@type":"PropertyValueSpecification","valueRequired":true,"valueName":"search_term_string"}}],"inLanguage":"sl-SI"}]}},"_links":{"self":[{"href":"https:\/\/hundtgroup.com\/sl\/wp-json\/wp\/v2\/product\/15756","targetHints":{"allow":["GET"]}}],"collection":[{"href":"https:\/\/hundtgroup.com\/sl\/wp-json\/wp\/v2\/product"}],"about":[{"href":"https:\/\/hundtgroup.com\/sl\/wp-json\/wp\/v2\/types\/product"}],"wp:featuredmedia":[{"embeddable":true,"href":"https:\/\/hundtgroup.com\/sl\/wp-json\/wp\/v2\/media\/15757"}],"wp:attachment":[{"href":"https:\/\/hundtgroup.com\/sl\/wp-json\/wp\/v2\/media?parent=15756"}],"wp:term":[{"taxonomy":"product_cat","embeddable":true,"href":"https:\/\/hundtgroup.com\/sl\/wp-json\/wp\/v2\/product_cat?post=15756"},{"taxonomy":"product_tag","embeddable":true,"href":"https:\/\/hundtgroup.com\/sl\/wp-json\/wp\/v2\/product_tag?post=15756"}],"curies":[{"name":"wp","href":"https:\/\/api.w.org\/{rel}","templated":true}]}}