{"id":16633,"date":"2025-07-11T14:58:21","date_gmt":"2025-07-11T12:58:21","guid":{"rendered":"https:\/\/hundtgroup.com\/produkt\/trutool-tsc-200-za-ciscenje-podpornih-trakov\/"},"modified":"2025-08-05T16:43:04","modified_gmt":"2025-08-05T14:43:04","slug":"trutool-tsc-200-za-ciscenje-podpornih-trakov","status":"publish","type":"product","link":"https:\/\/hundtgroup.com\/sl\/produkt\/trutool-tsc-200-za-ciscenje-podpornih-trakov\/","title":{"rendered":"TruTool TSC 200 za \u010di\u0161\u010denje podpornih trakov"},"content":{"rendered":"<p>Kompaktni in robustni TruTool TSC 200 je zasnovan za opti\u010dne laserje z visoko lasersko mo\u010djo in ustrezno trdo \u017elindro do 25 mm. To je neodvisno od materiala. Za visoko kakovost in u\u010dinkovitost \u010di\u0161\u010denja je odlo\u010dilnih ve\u010d dejavnikov. Na primer geometrija orodja za \u010di\u0161\u010denje in podpora za dovajanje. Poleg tega uravnote\u017eena porazdelitev te\u017ee ohi\u0161ja in motorja zagotavlja nemoteno in ergonomsko delovanje. \u010cas \u010di\u0161\u010denja standardne palete velikosti 1500 mm x 3000 mm z delno obremenitvijo je pribli\u017eno 15 minut. \u010ce \u010distite \u017elindro debeline &gt; 15 mm, vam priporo\u010damo opcijsko podajalno podporo.      <\/p>\n","protected":false},"excerpt":{"rendered":"<p>Kompaktni in robustni TruTool TSC 200 je zasnovan za opti\u010dne laserje z visoko lasersko mo\u010djo in ustrezno trdo \u017elindro do 25 mm. To je neodvisno od materiala. Za visoko kakovost in u\u010dinkovitost \u010di\u0161\u010denja je odlo\u010dilnih ve\u010d dejavnikov. Na primer geometrija orodja za \u010di\u0161\u010denje in podpora za dovajanje. Poleg tega uravnote\u017eena porazdelitev te\u017ee ohi\u0161ja in motorja [&hellip;]<\/p>\n","protected":false},"featured_media":16575,"template":"","meta":{"_acf_changed":false,"inline_featured_image":false},"product_cat":[652,2077],"product_tag":[],"class_list":{"0":"post-16633","1":"product","2":"type-product","3":"status-publish","4":"has-post-thumbnail","6":"product_cat-elektricna-orodja","7":"product_cat-posebna-orodja","9":"first","10":"instock","11":"sale","12":"taxable","13":"shipping-taxable","14":"purchasable","15":"product-type-simple","16":"add-to-wishlist-before_image"},"acf":[],"yoast_head":"<!-- This site is optimized with the Yoast SEO plugin v27.3 - https:\/\/yoast.com\/product\/yoast-seo-wordpress\/ -->\n<title>TruTool TSC 200 za \u010di\u0161\u010denje podpornih trakov - Wilhelm Hundt GmbH<\/title>\n<meta name=\"robots\" content=\"index, follow, max-snippet:-1, max-image-preview:large, max-video-preview:-1\" \/>\n<link rel=\"canonical\" href=\"https:\/\/hundtgroup.com\/sl\/produkt\/trutool-tsc-200-za-ciscenje-podpornih-trakov\/\" \/>\n<meta property=\"og:locale\" content=\"sl_SI\" \/>\n<meta property=\"og:type\" content=\"article\" \/>\n<meta property=\"og:title\" content=\"TruTool TSC 200 za \u010di\u0161\u010denje podpornih trakov - Wilhelm Hundt GmbH\" \/>\n<meta property=\"og:description\" content=\"Kompaktni in robustni TruTool TSC 200 je zasnovan za opti\u010dne laserje z visoko lasersko mo\u010djo in ustrezno trdo \u017elindro do 25 mm. To je neodvisno od materiala. Za visoko kakovost in u\u010dinkovitost \u010di\u0161\u010denja je odlo\u010dilnih ve\u010d dejavnikov. Na primer geometrija orodja za \u010di\u0161\u010denje in podpora za dovajanje. Poleg tega uravnote\u017eena porazdelitev te\u017ee ohi\u0161ja in motorja [&hellip;]\" \/>\n<meta property=\"og:url\" content=\"https:\/\/hundtgroup.com\/sl\/produkt\/trutool-tsc-200-za-ciscenje-podpornih-trakov\/\" \/>\n<meta property=\"og:site_name\" content=\"Wilhelm Hundt GmbH\" \/>\n<meta property=\"article:modified_time\" content=\"2025-08-05T14:43:04+00:00\" \/>\n<meta property=\"og:image\" content=\"https:\/\/hundtgroup.com\/wp-content\/uploads\/TSC-200-3-e1752504167544.png\" \/>\n\t<meta property=\"og:image:width\" content=\"1024\" \/>\n\t<meta property=\"og:image:height\" content=\"650\" \/>\n\t<meta property=\"og:image:type\" content=\"image\/png\" \/>\n<meta name=\"twitter:card\" content=\"summary_large_image\" \/>\n<script type=\"application\/ld+json\" class=\"yoast-schema-graph\">{\"@context\":\"https:\\\/\\\/schema.org\",\"@graph\":[{\"@type\":\"WebPage\",\"@id\":\"https:\\\/\\\/hundtgroup.com\\\/sl\\\/produkt\\\/trutool-tsc-200-za-ciscenje-podpornih-trakov\\\/\",\"url\":\"https:\\\/\\\/hundtgroup.com\\\/sl\\\/produkt\\\/trutool-tsc-200-za-ciscenje-podpornih-trakov\\\/\",\"name\":\"TruTool TSC 200 za \u010di\u0161\u010denje podpornih trakov - Wilhelm Hundt GmbH\",\"isPartOf\":{\"@id\":\"https:\\\/\\\/hundtgroup.com\\\/sl\\\/#website\"},\"primaryImageOfPage\":{\"@id\":\"https:\\\/\\\/hundtgroup.com\\\/sl\\\/produkt\\\/trutool-tsc-200-za-ciscenje-podpornih-trakov\\\/#primaryimage\"},\"image\":{\"@id\":\"https:\\\/\\\/hundtgroup.com\\\/sl\\\/produkt\\\/trutool-tsc-200-za-ciscenje-podpornih-trakov\\\/#primaryimage\"},\"thumbnailUrl\":\"https:\\\/\\\/hundtgroup.com\\\/wp-content\\\/uploads\\\/TSC-200-3-e1752504167544.png\",\"datePublished\":\"2025-07-11T12:58:21+00:00\",\"dateModified\":\"2025-08-05T14:43:04+00:00\",\"breadcrumb\":{\"@id\":\"https:\\\/\\\/hundtgroup.com\\\/sl\\\/produkt\\\/trutool-tsc-200-za-ciscenje-podpornih-trakov\\\/#breadcrumb\"},\"inLanguage\":\"sl-SI\",\"potentialAction\":[{\"@type\":\"ReadAction\",\"target\":[\"https:\\\/\\\/hundtgroup.com\\\/sl\\\/produkt\\\/trutool-tsc-200-za-ciscenje-podpornih-trakov\\\/\"]}]},{\"@type\":\"ImageObject\",\"inLanguage\":\"sl-SI\",\"@id\":\"https:\\\/\\\/hundtgroup.com\\\/sl\\\/produkt\\\/trutool-tsc-200-za-ciscenje-podpornih-trakov\\\/#primaryimage\",\"url\":\"https:\\\/\\\/hundtgroup.com\\\/wp-content\\\/uploads\\\/TSC-200-3-e1752504167544.png\",\"contentUrl\":\"https:\\\/\\\/hundtgroup.com\\\/wp-content\\\/uploads\\\/TSC-200-3-e1752504167544.png\",\"width\":1024,\"height\":650},{\"@type\":\"BreadcrumbList\",\"@id\":\"https:\\\/\\\/hundtgroup.com\\\/sl\\\/produkt\\\/trutool-tsc-200-za-ciscenje-podpornih-trakov\\\/#breadcrumb\",\"itemListElement\":[{\"@type\":\"ListItem\",\"position\":1,\"name\":\"Startseite\",\"item\":\"https:\\\/\\\/hundtgroup.com\\\/sl\\\/domov-novo\\\/\"},{\"@type\":\"ListItem\",\"position\":2,\"name\":\"Trgovina\",\"item\":\"https:\\\/\\\/hundtgroup.com\\\/trgovina\\\/\"},{\"@type\":\"ListItem\",\"position\":3,\"name\":\"TruTool TSC 200 za \u010di\u0161\u010denje podpornih trakov\"}]},{\"@type\":\"WebSite\",\"@id\":\"https:\\\/\\\/hundtgroup.com\\\/sl\\\/#website\",\"url\":\"https:\\\/\\\/hundtgroup.com\\\/sl\\\/\",\"name\":\"Wilhelm Hundt GmbH\",\"description\":\"Va\u0161 specialist za stroje in orodja za obdelavo plo\u010devine\",\"potentialAction\":[{\"@type\":\"SearchAction\",\"target\":{\"@type\":\"EntryPoint\",\"urlTemplate\":\"https:\\\/\\\/hundtgroup.com\\\/sl\\\/?s={search_term_string}\"},\"query-input\":{\"@type\":\"PropertyValueSpecification\",\"valueRequired\":true,\"valueName\":\"search_term_string\"}}],\"inLanguage\":\"sl-SI\"}]}<\/script>\n<!-- \/ Yoast SEO plugin. -->","yoast_head_json":{"title":"TruTool TSC 200 za \u010di\u0161\u010denje podpornih trakov - Wilhelm Hundt GmbH","robots":{"index":"index","follow":"follow","max-snippet":"max-snippet:-1","max-image-preview":"max-image-preview:large","max-video-preview":"max-video-preview:-1"},"canonical":"https:\/\/hundtgroup.com\/sl\/produkt\/trutool-tsc-200-za-ciscenje-podpornih-trakov\/","og_locale":"sl_SI","og_type":"article","og_title":"TruTool TSC 200 za \u010di\u0161\u010denje podpornih trakov - Wilhelm Hundt GmbH","og_description":"Kompaktni in robustni TruTool TSC 200 je zasnovan za opti\u010dne laserje z visoko lasersko mo\u010djo in ustrezno trdo \u017elindro do 25 mm. To je neodvisno od materiala. Za visoko kakovost in u\u010dinkovitost \u010di\u0161\u010denja je odlo\u010dilnih ve\u010d dejavnikov. Na primer geometrija orodja za \u010di\u0161\u010denje in podpora za dovajanje. Poleg tega uravnote\u017eena porazdelitev te\u017ee ohi\u0161ja in motorja [&hellip;]","og_url":"https:\/\/hundtgroup.com\/sl\/produkt\/trutool-tsc-200-za-ciscenje-podpornih-trakov\/","og_site_name":"Wilhelm Hundt GmbH","article_modified_time":"2025-08-05T14:43:04+00:00","og_image":[{"width":1024,"height":650,"url":"https:\/\/hundtgroup.com\/wp-content\/uploads\/TSC-200-3-e1752504167544.png","type":"image\/png"}],"twitter_card":"summary_large_image","schema":{"@context":"https:\/\/schema.org","@graph":[{"@type":"WebPage","@id":"https:\/\/hundtgroup.com\/sl\/produkt\/trutool-tsc-200-za-ciscenje-podpornih-trakov\/","url":"https:\/\/hundtgroup.com\/sl\/produkt\/trutool-tsc-200-za-ciscenje-podpornih-trakov\/","name":"TruTool TSC 200 za \u010di\u0161\u010denje podpornih trakov - Wilhelm Hundt GmbH","isPartOf":{"@id":"https:\/\/hundtgroup.com\/sl\/#website"},"primaryImageOfPage":{"@id":"https:\/\/hundtgroup.com\/sl\/produkt\/trutool-tsc-200-za-ciscenje-podpornih-trakov\/#primaryimage"},"image":{"@id":"https:\/\/hundtgroup.com\/sl\/produkt\/trutool-tsc-200-za-ciscenje-podpornih-trakov\/#primaryimage"},"thumbnailUrl":"https:\/\/hundtgroup.com\/wp-content\/uploads\/TSC-200-3-e1752504167544.png","datePublished":"2025-07-11T12:58:21+00:00","dateModified":"2025-08-05T14:43:04+00:00","breadcrumb":{"@id":"https:\/\/hundtgroup.com\/sl\/produkt\/trutool-tsc-200-za-ciscenje-podpornih-trakov\/#breadcrumb"},"inLanguage":"sl-SI","potentialAction":[{"@type":"ReadAction","target":["https:\/\/hundtgroup.com\/sl\/produkt\/trutool-tsc-200-za-ciscenje-podpornih-trakov\/"]}]},{"@type":"ImageObject","inLanguage":"sl-SI","@id":"https:\/\/hundtgroup.com\/sl\/produkt\/trutool-tsc-200-za-ciscenje-podpornih-trakov\/#primaryimage","url":"https:\/\/hundtgroup.com\/wp-content\/uploads\/TSC-200-3-e1752504167544.png","contentUrl":"https:\/\/hundtgroup.com\/wp-content\/uploads\/TSC-200-3-e1752504167544.png","width":1024,"height":650},{"@type":"BreadcrumbList","@id":"https:\/\/hundtgroup.com\/sl\/produkt\/trutool-tsc-200-za-ciscenje-podpornih-trakov\/#breadcrumb","itemListElement":[{"@type":"ListItem","position":1,"name":"Startseite","item":"https:\/\/hundtgroup.com\/sl\/domov-novo\/"},{"@type":"ListItem","position":2,"name":"Trgovina","item":"https:\/\/hundtgroup.com\/trgovina\/"},{"@type":"ListItem","position":3,"name":"TruTool TSC 200 za \u010di\u0161\u010denje podpornih trakov"}]},{"@type":"WebSite","@id":"https:\/\/hundtgroup.com\/sl\/#website","url":"https:\/\/hundtgroup.com\/sl\/","name":"Wilhelm Hundt GmbH","description":"Va\u0161 specialist za stroje in orodja za obdelavo plo\u010devine","potentialAction":[{"@type":"SearchAction","target":{"@type":"EntryPoint","urlTemplate":"https:\/\/hundtgroup.com\/sl\/?s={search_term_string}"},"query-input":{"@type":"PropertyValueSpecification","valueRequired":true,"valueName":"search_term_string"}}],"inLanguage":"sl-SI"}]}},"_links":{"self":[{"href":"https:\/\/hundtgroup.com\/sl\/wp-json\/wp\/v2\/product\/16633","targetHints":{"allow":["GET"]}}],"collection":[{"href":"https:\/\/hundtgroup.com\/sl\/wp-json\/wp\/v2\/product"}],"about":[{"href":"https:\/\/hundtgroup.com\/sl\/wp-json\/wp\/v2\/types\/product"}],"wp:featuredmedia":[{"embeddable":true,"href":"https:\/\/hundtgroup.com\/sl\/wp-json\/wp\/v2\/media\/16575"}],"wp:attachment":[{"href":"https:\/\/hundtgroup.com\/sl\/wp-json\/wp\/v2\/media?parent=16633"}],"wp:term":[{"taxonomy":"product_cat","embeddable":true,"href":"https:\/\/hundtgroup.com\/sl\/wp-json\/wp\/v2\/product_cat?post=16633"},{"taxonomy":"product_tag","embeddable":true,"href":"https:\/\/hundtgroup.com\/sl\/wp-json\/wp\/v2\/product_tag?post=16633"}],"curies":[{"name":"wp","href":"https:\/\/api.w.org\/{rel}","templated":true}]}}