{"id":17742,"date":"2022-10-26T15:59:16","date_gmt":"2022-10-26T13:59:16","guid":{"rendered":"https:\/\/hundtgroup.com\/produkt\/dewalt-akumulatorski-stroj-za-izdelavo-perlic-18-v-40-ah\/"},"modified":"2025-08-05T18:10:11","modified_gmt":"2025-08-05T16:10:11","slug":"dewalt-akumulatorski-stroj-za-izdelavo-perlic-18-v-40-ah","status":"publish","type":"product","link":"https:\/\/hundtgroup.com\/sl\/produkt\/dewalt-akumulatorski-stroj-za-izdelavo-perlic-18-v-40-ah\/","title":{"rendered":"DeWalt akumulatorski stroj za izdelavo perlic 18 V 4,0 Ah"},"content":{"rendered":"<p>Primeren za delavnice in gradbi\u0161\u010da, zelo prilagodljiv pri uporabi, ne potrebuje vzdr\u017eevanja, dobavljen z 2 paroma valj\u010dkov, dodatni valj\u010dki so po izbiri. <\/p>\n","protected":false},"excerpt":{"rendered":"<p>Primeren za delavnice in gradbi\u0161\u010da, zelo prilagodljiv pri uporabi, ne potrebuje vzdr\u017eevanja, dobavljen z 2 paroma valj\u010dkov, dodatni valj\u010dki so po izbiri.<\/p>\n","protected":false},"featured_media":17745,"template":"","meta":{"_acf_changed":false,"inline_featured_image":false},"product_cat":[2080,686,2082,2155],"product_tag":[],"class_list":{"0":"post-17742","1":"product","2":"type-product","3":"status-publish","4":"has-post-thumbnail","6":"brand-dewalt","7":"product_cat-novosti","8":"product_cat-orodja-z-baterijami","9":"product_cat-stroj-za-perlicanje","10":"product_cat-novice-in-promocije","12":"first","13":"instock","14":"taxable","15":"shipping-taxable","16":"purchasable","17":"product-type-simple","18":"add-to-wishlist-before_image"},"acf":[],"yoast_head":"<!-- This site is optimized with the Yoast SEO plugin v27.3 - https:\/\/yoast.com\/product\/yoast-seo-wordpress\/ -->\n<title>DeWalt akumulatorski stroj za izdelavo perlic 18 V 4,0 Ah - Wilhelm Hundt GmbH<\/title>\n<meta name=\"robots\" content=\"index, follow, max-snippet:-1, max-image-preview:large, max-video-preview:-1\" \/>\n<link rel=\"canonical\" href=\"https:\/\/hundtgroup.com\/sl\/produkt\/dewalt-akumulatorski-stroj-za-izdelavo-perlic-18-v-40-ah\/\" \/>\n<meta property=\"og:locale\" content=\"sl_SI\" \/>\n<meta property=\"og:type\" content=\"article\" \/>\n<meta property=\"og:title\" content=\"DeWalt akumulatorski stroj za izdelavo perlic 18 V 4,0 Ah - Wilhelm Hundt GmbH\" \/>\n<meta property=\"og:description\" content=\"Primeren za delavnice in gradbi\u0161\u010da, zelo prilagodljiv pri uporabi, ne potrebuje vzdr\u017eevanja, dobavljen z 2 paroma valj\u010dkov, dodatni valj\u010dki so po izbiri.\" \/>\n<meta property=\"og:url\" content=\"https:\/\/hundtgroup.com\/sl\/produkt\/dewalt-akumulatorski-stroj-za-izdelavo-perlic-18-v-40-ah\/\" \/>\n<meta property=\"og:site_name\" content=\"Wilhelm Hundt GmbH\" \/>\n<meta property=\"article:modified_time\" content=\"2025-08-05T16:10:11+00:00\" \/>\n<meta property=\"og:image\" content=\"https:\/\/hundtgroup.com\/wp-content\/uploads\/330250-983x1030.png\" \/>\n\t<meta property=\"og:image:width\" content=\"983\" \/>\n\t<meta property=\"og:image:height\" content=\"1030\" \/>\n\t<meta property=\"og:image:type\" content=\"image\/png\" \/>\n<meta name=\"twitter:card\" content=\"summary_large_image\" \/>\n<script type=\"application\/ld+json\" class=\"yoast-schema-graph\">{\"@context\":\"https:\\\/\\\/schema.org\",\"@graph\":[{\"@type\":\"WebPage\",\"@id\":\"https:\\\/\\\/hundtgroup.com\\\/sl\\\/produkt\\\/dewalt-akumulatorski-stroj-za-izdelavo-perlic-18-v-40-ah\\\/\",\"url\":\"https:\\\/\\\/hundtgroup.com\\\/sl\\\/produkt\\\/dewalt-akumulatorski-stroj-za-izdelavo-perlic-18-v-40-ah\\\/\",\"name\":\"DeWalt akumulatorski stroj za izdelavo perlic 18 V 4,0 Ah - Wilhelm Hundt GmbH\",\"isPartOf\":{\"@id\":\"https:\\\/\\\/hundtgroup.com\\\/sl\\\/#website\"},\"primaryImageOfPage\":{\"@id\":\"https:\\\/\\\/hundtgroup.com\\\/sl\\\/produkt\\\/dewalt-akumulatorski-stroj-za-izdelavo-perlic-18-v-40-ah\\\/#primaryimage\"},\"image\":{\"@id\":\"https:\\\/\\\/hundtgroup.com\\\/sl\\\/produkt\\\/dewalt-akumulatorski-stroj-za-izdelavo-perlic-18-v-40-ah\\\/#primaryimage\"},\"thumbnailUrl\":\"https:\\\/\\\/hundtgroup.com\\\/wp-content\\\/uploads\\\/330250.png\",\"datePublished\":\"2022-10-26T13:59:16+00:00\",\"dateModified\":\"2025-08-05T16:10:11+00:00\",\"breadcrumb\":{\"@id\":\"https:\\\/\\\/hundtgroup.com\\\/sl\\\/produkt\\\/dewalt-akumulatorski-stroj-za-izdelavo-perlic-18-v-40-ah\\\/#breadcrumb\"},\"inLanguage\":\"sl-SI\",\"potentialAction\":[{\"@type\":\"ReadAction\",\"target\":[\"https:\\\/\\\/hundtgroup.com\\\/sl\\\/produkt\\\/dewalt-akumulatorski-stroj-za-izdelavo-perlic-18-v-40-ah\\\/\"]}]},{\"@type\":\"ImageObject\",\"inLanguage\":\"sl-SI\",\"@id\":\"https:\\\/\\\/hundtgroup.com\\\/sl\\\/produkt\\\/dewalt-akumulatorski-stroj-za-izdelavo-perlic-18-v-40-ah\\\/#primaryimage\",\"url\":\"https:\\\/\\\/hundtgroup.com\\\/wp-content\\\/uploads\\\/330250.png\",\"contentUrl\":\"https:\\\/\\\/hundtgroup.com\\\/wp-content\\\/uploads\\\/330250.png\",\"width\":1772,\"height\":1856},{\"@type\":\"BreadcrumbList\",\"@id\":\"https:\\\/\\\/hundtgroup.com\\\/sl\\\/produkt\\\/dewalt-akumulatorski-stroj-za-izdelavo-perlic-18-v-40-ah\\\/#breadcrumb\",\"itemListElement\":[{\"@type\":\"ListItem\",\"position\":1,\"name\":\"Startseite\",\"item\":\"https:\\\/\\\/hundtgroup.com\\\/sl\\\/domov-novo\\\/\"},{\"@type\":\"ListItem\",\"position\":2,\"name\":\"Trgovina\",\"item\":\"https:\\\/\\\/hundtgroup.com\\\/trgovina\\\/\"},{\"@type\":\"ListItem\",\"position\":3,\"name\":\"DeWalt akumulatorski stroj za izdelavo perlic 18 V 4,0 Ah\"}]},{\"@type\":\"WebSite\",\"@id\":\"https:\\\/\\\/hundtgroup.com\\\/sl\\\/#website\",\"url\":\"https:\\\/\\\/hundtgroup.com\\\/sl\\\/\",\"name\":\"Wilhelm Hundt GmbH\",\"description\":\"Va\u0161 specialist za stroje in orodja za obdelavo plo\u010devine\",\"potentialAction\":[{\"@type\":\"SearchAction\",\"target\":{\"@type\":\"EntryPoint\",\"urlTemplate\":\"https:\\\/\\\/hundtgroup.com\\\/sl\\\/?s={search_term_string}\"},\"query-input\":{\"@type\":\"PropertyValueSpecification\",\"valueRequired\":true,\"valueName\":\"search_term_string\"}}],\"inLanguage\":\"sl-SI\"}]}<\/script>\n<!-- \/ Yoast SEO plugin. -->","yoast_head_json":{"title":"DeWalt akumulatorski stroj za izdelavo perlic 18 V 4,0 Ah - Wilhelm Hundt GmbH","robots":{"index":"index","follow":"follow","max-snippet":"max-snippet:-1","max-image-preview":"max-image-preview:large","max-video-preview":"max-video-preview:-1"},"canonical":"https:\/\/hundtgroup.com\/sl\/produkt\/dewalt-akumulatorski-stroj-za-izdelavo-perlic-18-v-40-ah\/","og_locale":"sl_SI","og_type":"article","og_title":"DeWalt akumulatorski stroj za izdelavo perlic 18 V 4,0 Ah - Wilhelm Hundt GmbH","og_description":"Primeren za delavnice in gradbi\u0161\u010da, zelo prilagodljiv pri uporabi, ne potrebuje vzdr\u017eevanja, dobavljen z 2 paroma valj\u010dkov, dodatni valj\u010dki so po izbiri.","og_url":"https:\/\/hundtgroup.com\/sl\/produkt\/dewalt-akumulatorski-stroj-za-izdelavo-perlic-18-v-40-ah\/","og_site_name":"Wilhelm Hundt GmbH","article_modified_time":"2025-08-05T16:10:11+00:00","og_image":[{"width":983,"height":1030,"url":"https:\/\/hundtgroup.com\/wp-content\/uploads\/330250-983x1030.png","type":"image\/png"}],"twitter_card":"summary_large_image","schema":{"@context":"https:\/\/schema.org","@graph":[{"@type":"WebPage","@id":"https:\/\/hundtgroup.com\/sl\/produkt\/dewalt-akumulatorski-stroj-za-izdelavo-perlic-18-v-40-ah\/","url":"https:\/\/hundtgroup.com\/sl\/produkt\/dewalt-akumulatorski-stroj-za-izdelavo-perlic-18-v-40-ah\/","name":"DeWalt akumulatorski stroj za izdelavo perlic 18 V 4,0 Ah - Wilhelm Hundt GmbH","isPartOf":{"@id":"https:\/\/hundtgroup.com\/sl\/#website"},"primaryImageOfPage":{"@id":"https:\/\/hundtgroup.com\/sl\/produkt\/dewalt-akumulatorski-stroj-za-izdelavo-perlic-18-v-40-ah\/#primaryimage"},"image":{"@id":"https:\/\/hundtgroup.com\/sl\/produkt\/dewalt-akumulatorski-stroj-za-izdelavo-perlic-18-v-40-ah\/#primaryimage"},"thumbnailUrl":"https:\/\/hundtgroup.com\/wp-content\/uploads\/330250.png","datePublished":"2022-10-26T13:59:16+00:00","dateModified":"2025-08-05T16:10:11+00:00","breadcrumb":{"@id":"https:\/\/hundtgroup.com\/sl\/produkt\/dewalt-akumulatorski-stroj-za-izdelavo-perlic-18-v-40-ah\/#breadcrumb"},"inLanguage":"sl-SI","potentialAction":[{"@type":"ReadAction","target":["https:\/\/hundtgroup.com\/sl\/produkt\/dewalt-akumulatorski-stroj-za-izdelavo-perlic-18-v-40-ah\/"]}]},{"@type":"ImageObject","inLanguage":"sl-SI","@id":"https:\/\/hundtgroup.com\/sl\/produkt\/dewalt-akumulatorski-stroj-za-izdelavo-perlic-18-v-40-ah\/#primaryimage","url":"https:\/\/hundtgroup.com\/wp-content\/uploads\/330250.png","contentUrl":"https:\/\/hundtgroup.com\/wp-content\/uploads\/330250.png","width":1772,"height":1856},{"@type":"BreadcrumbList","@id":"https:\/\/hundtgroup.com\/sl\/produkt\/dewalt-akumulatorski-stroj-za-izdelavo-perlic-18-v-40-ah\/#breadcrumb","itemListElement":[{"@type":"ListItem","position":1,"name":"Startseite","item":"https:\/\/hundtgroup.com\/sl\/domov-novo\/"},{"@type":"ListItem","position":2,"name":"Trgovina","item":"https:\/\/hundtgroup.com\/trgovina\/"},{"@type":"ListItem","position":3,"name":"DeWalt akumulatorski stroj za izdelavo perlic 18 V 4,0 Ah"}]},{"@type":"WebSite","@id":"https:\/\/hundtgroup.com\/sl\/#website","url":"https:\/\/hundtgroup.com\/sl\/","name":"Wilhelm Hundt GmbH","description":"Va\u0161 specialist za stroje in orodja za obdelavo plo\u010devine","potentialAction":[{"@type":"SearchAction","target":{"@type":"EntryPoint","urlTemplate":"https:\/\/hundtgroup.com\/sl\/?s={search_term_string}"},"query-input":{"@type":"PropertyValueSpecification","valueRequired":true,"valueName":"search_term_string"}}],"inLanguage":"sl-SI"}]}},"_links":{"self":[{"href":"https:\/\/hundtgroup.com\/sl\/wp-json\/wp\/v2\/product\/17742","targetHints":{"allow":["GET"]}}],"collection":[{"href":"https:\/\/hundtgroup.com\/sl\/wp-json\/wp\/v2\/product"}],"about":[{"href":"https:\/\/hundtgroup.com\/sl\/wp-json\/wp\/v2\/types\/product"}],"wp:featuredmedia":[{"embeddable":true,"href":"https:\/\/hundtgroup.com\/sl\/wp-json\/wp\/v2\/media\/17745"}],"wp:attachment":[{"href":"https:\/\/hundtgroup.com\/sl\/wp-json\/wp\/v2\/media?parent=17742"}],"wp:term":[{"taxonomy":"product_cat","embeddable":true,"href":"https:\/\/hundtgroup.com\/sl\/wp-json\/wp\/v2\/product_cat?post=17742"},{"taxonomy":"product_tag","embeddable":true,"href":"https:\/\/hundtgroup.com\/sl\/wp-json\/wp\/v2\/product_tag?post=17742"}],"curies":[{"name":"wp","href":"https:\/\/api.w.org\/{rel}","templated":true}]}}