{"id":17980,"date":"2025-06-18T18:31:21","date_gmt":"2025-06-18T16:31:21","guid":{"rendered":"https:\/\/hundtgroup.com\/produkt\/barvni-prah-za-napravo-za-odpenjanje-vrvice-modre-barve\/"},"modified":"2025-08-05T17:44:49","modified_gmt":"2025-08-05T15:44:49","slug":"barvni-prah-za-napravo-za-odpenjanje-vrvice-modre-barve","status":"publish","type":"product","link":"https:\/\/hundtgroup.com\/sl\/produkt\/barvni-prah-za-napravo-za-odpenjanje-vrvice-modre-barve\/","title":{"rendered":"Barvni prah za napravo za odpenjanje vrvice modre barve"},"content":{"rendered":"<p>Modri prah v stekleni\u010dki 180 g, rde\u010di prah v vre\u010dki 34 g<\/p>\n","protected":false},"excerpt":{"rendered":"<p>Modri prah v stekleni\u010dki 180 g, rde\u010di prah v vre\u010dki 34 g<\/p>\n","protected":false},"featured_media":17981,"template":"","meta":{"_acf_changed":false,"inline_featured_image":false},"product_cat":[1748,2120,2114],"product_tag":[],"class_list":{"0":"post-17980","1":"product","2":"type-product","3":"status-publish","4":"has-post-thumbnail","6":"brand-hundt","7":"product_cat-rocna-orodja","8":"product_cat-naprava-za-udarno-vrv","9":"product_cat-orodja-za-suhomontazne-plosce","11":"first","12":"instock","13":"taxable","14":"shipping-taxable","15":"purchasable","16":"product-type-simple","17":"add-to-wishlist-before_image"},"acf":[],"yoast_head":"<!-- This site is optimized with the Yoast SEO plugin v27.3 - https:\/\/yoast.com\/product\/yoast-seo-wordpress\/ -->\n<title>Barvni prah za napravo za odpenjanje vrvice modre barve - Wilhelm Hundt GmbH<\/title>\n<meta name=\"robots\" content=\"index, follow, max-snippet:-1, max-image-preview:large, max-video-preview:-1\" \/>\n<link rel=\"canonical\" href=\"https:\/\/hundtgroup.com\/sl\/produkt\/barvni-prah-za-napravo-za-odpenjanje-vrvice-modre-barve\/\" \/>\n<meta property=\"og:locale\" content=\"sl_SI\" \/>\n<meta property=\"og:type\" content=\"article\" \/>\n<meta property=\"og:title\" content=\"Barvni prah za napravo za odpenjanje vrvice modre barve - Wilhelm Hundt GmbH\" \/>\n<meta property=\"og:description\" content=\"Modri prah v stekleni\u010dki 180 g, rde\u010di prah v vre\u010dki 34 g\" \/>\n<meta property=\"og:url\" content=\"https:\/\/hundtgroup.com\/sl\/produkt\/barvni-prah-za-napravo-za-odpenjanje-vrvice-modre-barve\/\" \/>\n<meta property=\"og:site_name\" content=\"Wilhelm Hundt GmbH\" \/>\n<meta property=\"article:modified_time\" content=\"2025-08-05T15:44:49+00:00\" \/>\n<meta property=\"og:image\" content=\"https:\/\/hundtgroup.com\/wp-content\/uploads\/290039.webp\" \/>\n\t<meta property=\"og:image:width\" content=\"1946\" \/>\n\t<meta property=\"og:image:height\" content=\"1946\" \/>\n\t<meta property=\"og:image:type\" content=\"image\/webp\" \/>\n<meta name=\"twitter:card\" content=\"summary_large_image\" \/>\n<script type=\"application\/ld+json\" class=\"yoast-schema-graph\">{\"@context\":\"https:\\\/\\\/schema.org\",\"@graph\":[{\"@type\":\"WebPage\",\"@id\":\"https:\\\/\\\/hundtgroup.com\\\/sl\\\/produkt\\\/barvni-prah-za-napravo-za-odpenjanje-vrvice-modre-barve\\\/\",\"url\":\"https:\\\/\\\/hundtgroup.com\\\/sl\\\/produkt\\\/barvni-prah-za-napravo-za-odpenjanje-vrvice-modre-barve\\\/\",\"name\":\"Barvni prah za napravo za odpenjanje vrvice modre barve - Wilhelm Hundt GmbH\",\"isPartOf\":{\"@id\":\"https:\\\/\\\/hundtgroup.com\\\/sl\\\/#website\"},\"primaryImageOfPage\":{\"@id\":\"https:\\\/\\\/hundtgroup.com\\\/sl\\\/produkt\\\/barvni-prah-za-napravo-za-odpenjanje-vrvice-modre-barve\\\/#primaryimage\"},\"image\":{\"@id\":\"https:\\\/\\\/hundtgroup.com\\\/sl\\\/produkt\\\/barvni-prah-za-napravo-za-odpenjanje-vrvice-modre-barve\\\/#primaryimage\"},\"thumbnailUrl\":\"https:\\\/\\\/hundtgroup.com\\\/wp-content\\\/uploads\\\/290039.webp\",\"datePublished\":\"2025-06-18T16:31:21+00:00\",\"dateModified\":\"2025-08-05T15:44:49+00:00\",\"breadcrumb\":{\"@id\":\"https:\\\/\\\/hundtgroup.com\\\/sl\\\/produkt\\\/barvni-prah-za-napravo-za-odpenjanje-vrvice-modre-barve\\\/#breadcrumb\"},\"inLanguage\":\"sl-SI\",\"potentialAction\":[{\"@type\":\"ReadAction\",\"target\":[\"https:\\\/\\\/hundtgroup.com\\\/sl\\\/produkt\\\/barvni-prah-za-napravo-za-odpenjanje-vrvice-modre-barve\\\/\"]}]},{\"@type\":\"ImageObject\",\"inLanguage\":\"sl-SI\",\"@id\":\"https:\\\/\\\/hundtgroup.com\\\/sl\\\/produkt\\\/barvni-prah-za-napravo-za-odpenjanje-vrvice-modre-barve\\\/#primaryimage\",\"url\":\"https:\\\/\\\/hundtgroup.com\\\/wp-content\\\/uploads\\\/290039.webp\",\"contentUrl\":\"https:\\\/\\\/hundtgroup.com\\\/wp-content\\\/uploads\\\/290039.webp\",\"width\":1946,\"height\":1946},{\"@type\":\"BreadcrumbList\",\"@id\":\"https:\\\/\\\/hundtgroup.com\\\/sl\\\/produkt\\\/barvni-prah-za-napravo-za-odpenjanje-vrvice-modre-barve\\\/#breadcrumb\",\"itemListElement\":[{\"@type\":\"ListItem\",\"position\":1,\"name\":\"Startseite\",\"item\":\"https:\\\/\\\/hundtgroup.com\\\/sl\\\/domov-novo\\\/\"},{\"@type\":\"ListItem\",\"position\":2,\"name\":\"Trgovina\",\"item\":\"https:\\\/\\\/hundtgroup.com\\\/trgovina\\\/\"},{\"@type\":\"ListItem\",\"position\":3,\"name\":\"Barvni prah za napravo za odpenjanje vrvice modre barve\"}]},{\"@type\":\"WebSite\",\"@id\":\"https:\\\/\\\/hundtgroup.com\\\/sl\\\/#website\",\"url\":\"https:\\\/\\\/hundtgroup.com\\\/sl\\\/\",\"name\":\"Wilhelm Hundt GmbH\",\"description\":\"Va\u0161 specialist za stroje in orodja za obdelavo plo\u010devine\",\"potentialAction\":[{\"@type\":\"SearchAction\",\"target\":{\"@type\":\"EntryPoint\",\"urlTemplate\":\"https:\\\/\\\/hundtgroup.com\\\/sl\\\/?s={search_term_string}\"},\"query-input\":{\"@type\":\"PropertyValueSpecification\",\"valueRequired\":true,\"valueName\":\"search_term_string\"}}],\"inLanguage\":\"sl-SI\"}]}<\/script>\n<!-- \/ Yoast SEO plugin. -->","yoast_head_json":{"title":"Barvni prah za napravo za odpenjanje vrvice modre barve - Wilhelm Hundt GmbH","robots":{"index":"index","follow":"follow","max-snippet":"max-snippet:-1","max-image-preview":"max-image-preview:large","max-video-preview":"max-video-preview:-1"},"canonical":"https:\/\/hundtgroup.com\/sl\/produkt\/barvni-prah-za-napravo-za-odpenjanje-vrvice-modre-barve\/","og_locale":"sl_SI","og_type":"article","og_title":"Barvni prah za napravo za odpenjanje vrvice modre barve - Wilhelm Hundt GmbH","og_description":"Modri prah v stekleni\u010dki 180 g, rde\u010di prah v vre\u010dki 34 g","og_url":"https:\/\/hundtgroup.com\/sl\/produkt\/barvni-prah-za-napravo-za-odpenjanje-vrvice-modre-barve\/","og_site_name":"Wilhelm Hundt GmbH","article_modified_time":"2025-08-05T15:44:49+00:00","og_image":[{"width":1946,"height":1946,"url":"https:\/\/hundtgroup.com\/wp-content\/uploads\/290039.webp","type":"image\/webp"}],"twitter_card":"summary_large_image","schema":{"@context":"https:\/\/schema.org","@graph":[{"@type":"WebPage","@id":"https:\/\/hundtgroup.com\/sl\/produkt\/barvni-prah-za-napravo-za-odpenjanje-vrvice-modre-barve\/","url":"https:\/\/hundtgroup.com\/sl\/produkt\/barvni-prah-za-napravo-za-odpenjanje-vrvice-modre-barve\/","name":"Barvni prah za napravo za odpenjanje vrvice modre barve - Wilhelm Hundt GmbH","isPartOf":{"@id":"https:\/\/hundtgroup.com\/sl\/#website"},"primaryImageOfPage":{"@id":"https:\/\/hundtgroup.com\/sl\/produkt\/barvni-prah-za-napravo-za-odpenjanje-vrvice-modre-barve\/#primaryimage"},"image":{"@id":"https:\/\/hundtgroup.com\/sl\/produkt\/barvni-prah-za-napravo-za-odpenjanje-vrvice-modre-barve\/#primaryimage"},"thumbnailUrl":"https:\/\/hundtgroup.com\/wp-content\/uploads\/290039.webp","datePublished":"2025-06-18T16:31:21+00:00","dateModified":"2025-08-05T15:44:49+00:00","breadcrumb":{"@id":"https:\/\/hundtgroup.com\/sl\/produkt\/barvni-prah-za-napravo-za-odpenjanje-vrvice-modre-barve\/#breadcrumb"},"inLanguage":"sl-SI","potentialAction":[{"@type":"ReadAction","target":["https:\/\/hundtgroup.com\/sl\/produkt\/barvni-prah-za-napravo-za-odpenjanje-vrvice-modre-barve\/"]}]},{"@type":"ImageObject","inLanguage":"sl-SI","@id":"https:\/\/hundtgroup.com\/sl\/produkt\/barvni-prah-za-napravo-za-odpenjanje-vrvice-modre-barve\/#primaryimage","url":"https:\/\/hundtgroup.com\/wp-content\/uploads\/290039.webp","contentUrl":"https:\/\/hundtgroup.com\/wp-content\/uploads\/290039.webp","width":1946,"height":1946},{"@type":"BreadcrumbList","@id":"https:\/\/hundtgroup.com\/sl\/produkt\/barvni-prah-za-napravo-za-odpenjanje-vrvice-modre-barve\/#breadcrumb","itemListElement":[{"@type":"ListItem","position":1,"name":"Startseite","item":"https:\/\/hundtgroup.com\/sl\/domov-novo\/"},{"@type":"ListItem","position":2,"name":"Trgovina","item":"https:\/\/hundtgroup.com\/trgovina\/"},{"@type":"ListItem","position":3,"name":"Barvni prah za napravo za odpenjanje vrvice modre barve"}]},{"@type":"WebSite","@id":"https:\/\/hundtgroup.com\/sl\/#website","url":"https:\/\/hundtgroup.com\/sl\/","name":"Wilhelm Hundt GmbH","description":"Va\u0161 specialist za stroje in orodja za obdelavo plo\u010devine","potentialAction":[{"@type":"SearchAction","target":{"@type":"EntryPoint","urlTemplate":"https:\/\/hundtgroup.com\/sl\/?s={search_term_string}"},"query-input":{"@type":"PropertyValueSpecification","valueRequired":true,"valueName":"search_term_string"}}],"inLanguage":"sl-SI"}]}},"_links":{"self":[{"href":"https:\/\/hundtgroup.com\/sl\/wp-json\/wp\/v2\/product\/17980","targetHints":{"allow":["GET"]}}],"collection":[{"href":"https:\/\/hundtgroup.com\/sl\/wp-json\/wp\/v2\/product"}],"about":[{"href":"https:\/\/hundtgroup.com\/sl\/wp-json\/wp\/v2\/types\/product"}],"wp:featuredmedia":[{"embeddable":true,"href":"https:\/\/hundtgroup.com\/sl\/wp-json\/wp\/v2\/media\/17981"}],"wp:attachment":[{"href":"https:\/\/hundtgroup.com\/sl\/wp-json\/wp\/v2\/media?parent=17980"}],"wp:term":[{"taxonomy":"product_cat","embeddable":true,"href":"https:\/\/hundtgroup.com\/sl\/wp-json\/wp\/v2\/product_cat?post=17980"},{"taxonomy":"product_tag","embeddable":true,"href":"https:\/\/hundtgroup.com\/sl\/wp-json\/wp\/v2\/product_tag?post=17980"}],"curies":[{"name":"wp","href":"https:\/\/api.w.org\/{rel}","templated":true}]}}