{"id":18073,"date":"2025-06-18T18:31:24","date_gmt":"2025-06-18T16:31:24","guid":{"rendered":"https:\/\/hundtgroup.com\/produkt\/delavniska-pila-ravna-in-topa\/"},"modified":"2025-08-05T18:10:46","modified_gmt":"2025-08-05T16:10:46","slug":"delavniska-pila-ravna-in-topa","status":"publish","type":"product","link":"https:\/\/hundtgroup.com\/sl\/produkt\/delavniska-pila-ravna-in-topa\/","title":{"rendered":"Delavni\u0161ka pila, ravna in topa"},"content":{"rendered":"<p>Za univerzalno obdelavo kovinskih povr\u0161in s finim in grobim piljenjem ter odstranjevanjem ostrin, popolna struktura jekla in enakomerna trdota 63 HRC \u00b1 2, enakomerna gostota in globina rezanja od ro\u010daja do konice, natan\u010dna oblika pile, posebna geometrija zob, ergonomski plasti\u010dni ro\u010daj<\/p>\n","protected":false},"excerpt":{"rendered":"<p>Za univerzalno obdelavo kovinskih povr\u0161in s finim in grobim piljenjem ter odstranjevanjem ostrin, popolna struktura jekla in enakomerna trdota 63 HRC \u00b1 2, enakomerna gostota in globina rezanja od ro\u010daja do konice, natan\u010dna oblika pile, posebna geometrija zob, ergonomski plasti\u010dni ro\u010daj<\/p>\n","protected":false},"featured_media":18075,"template":"","meta":{"_acf_changed":false,"inline_featured_image":false},"product_cat":[1748,2121],"product_tag":[],"class_list":{"0":"post-18073","1":"product","2":"type-product","3":"status-publish","4":"has-post-thumbnail","6":"brand-hundt","7":"product_cat-rocna-orodja","8":"product_cat-datoteka","10":"first","11":"instock","12":"taxable","13":"shipping-taxable","14":"purchasable","15":"product-type-simple","16":"add-to-wishlist-before_image"},"acf":[],"yoast_head":"<!-- This site is optimized with the Yoast SEO plugin v27.3 - https:\/\/yoast.com\/product\/yoast-seo-wordpress\/ -->\n<title>Delavni\u0161ka pila, ravna in topa - Wilhelm Hundt GmbH<\/title>\n<meta name=\"robots\" content=\"index, follow, max-snippet:-1, max-image-preview:large, max-video-preview:-1\" \/>\n<link rel=\"canonical\" href=\"https:\/\/hundtgroup.com\/sl\/produkt\/delavniska-pila-ravna-in-topa\/\" \/>\n<meta property=\"og:locale\" content=\"sl_SI\" \/>\n<meta property=\"og:type\" content=\"article\" \/>\n<meta property=\"og:title\" content=\"Delavni\u0161ka pila, ravna in topa - Wilhelm Hundt GmbH\" \/>\n<meta property=\"og:description\" content=\"Za univerzalno obdelavo kovinskih povr\u0161in s finim in grobim piljenjem ter odstranjevanjem ostrin, popolna struktura jekla in enakomerna trdota 63 HRC \u00b1 2, enakomerna gostota in globina rezanja od ro\u010daja do konice, natan\u010dna oblika pile, posebna geometrija zob, ergonomski plasti\u010dni ro\u010daj\" \/>\n<meta property=\"og:url\" content=\"https:\/\/hundtgroup.com\/sl\/produkt\/delavniska-pila-ravna-in-topa\/\" \/>\n<meta property=\"og:site_name\" content=\"Wilhelm Hundt GmbH\" \/>\n<meta property=\"article:modified_time\" content=\"2025-08-05T16:10:46+00:00\" \/>\n<meta property=\"og:image\" content=\"https:\/\/hundtgroup.com\/wp-content\/uploads\/430002.png\" \/>\n\t<meta property=\"og:image:width\" content=\"790\" \/>\n\t<meta property=\"og:image:height\" content=\"93\" \/>\n\t<meta property=\"og:image:type\" content=\"image\/png\" \/>\n<meta name=\"twitter:card\" content=\"summary_large_image\" \/>\n<script type=\"application\/ld+json\" class=\"yoast-schema-graph\">{\"@context\":\"https:\\\/\\\/schema.org\",\"@graph\":[{\"@type\":\"WebPage\",\"@id\":\"https:\\\/\\\/hundtgroup.com\\\/sl\\\/produkt\\\/delavniska-pila-ravna-in-topa\\\/\",\"url\":\"https:\\\/\\\/hundtgroup.com\\\/sl\\\/produkt\\\/delavniska-pila-ravna-in-topa\\\/\",\"name\":\"Delavni\u0161ka pila, ravna in topa - Wilhelm Hundt GmbH\",\"isPartOf\":{\"@id\":\"https:\\\/\\\/hundtgroup.com\\\/sl\\\/#website\"},\"primaryImageOfPage\":{\"@id\":\"https:\\\/\\\/hundtgroup.com\\\/sl\\\/produkt\\\/delavniska-pila-ravna-in-topa\\\/#primaryimage\"},\"image\":{\"@id\":\"https:\\\/\\\/hundtgroup.com\\\/sl\\\/produkt\\\/delavniska-pila-ravna-in-topa\\\/#primaryimage\"},\"thumbnailUrl\":\"https:\\\/\\\/hundtgroup.com\\\/wp-content\\\/uploads\\\/430002.png\",\"datePublished\":\"2025-06-18T16:31:24+00:00\",\"dateModified\":\"2025-08-05T16:10:46+00:00\",\"breadcrumb\":{\"@id\":\"https:\\\/\\\/hundtgroup.com\\\/sl\\\/produkt\\\/delavniska-pila-ravna-in-topa\\\/#breadcrumb\"},\"inLanguage\":\"sl-SI\",\"potentialAction\":[{\"@type\":\"ReadAction\",\"target\":[\"https:\\\/\\\/hundtgroup.com\\\/sl\\\/produkt\\\/delavniska-pila-ravna-in-topa\\\/\"]}]},{\"@type\":\"ImageObject\",\"inLanguage\":\"sl-SI\",\"@id\":\"https:\\\/\\\/hundtgroup.com\\\/sl\\\/produkt\\\/delavniska-pila-ravna-in-topa\\\/#primaryimage\",\"url\":\"https:\\\/\\\/hundtgroup.com\\\/wp-content\\\/uploads\\\/430002.png\",\"contentUrl\":\"https:\\\/\\\/hundtgroup.com\\\/wp-content\\\/uploads\\\/430002.png\",\"width\":790,\"height\":93},{\"@type\":\"BreadcrumbList\",\"@id\":\"https:\\\/\\\/hundtgroup.com\\\/sl\\\/produkt\\\/delavniska-pila-ravna-in-topa\\\/#breadcrumb\",\"itemListElement\":[{\"@type\":\"ListItem\",\"position\":1,\"name\":\"Startseite\",\"item\":\"https:\\\/\\\/hundtgroup.com\\\/sl\\\/domov-novo\\\/\"},{\"@type\":\"ListItem\",\"position\":2,\"name\":\"Trgovina\",\"item\":\"https:\\\/\\\/hundtgroup.com\\\/trgovina\\\/\"},{\"@type\":\"ListItem\",\"position\":3,\"name\":\"Delavni\u0161ka pila, ravna in topa\"}]},{\"@type\":\"WebSite\",\"@id\":\"https:\\\/\\\/hundtgroup.com\\\/sl\\\/#website\",\"url\":\"https:\\\/\\\/hundtgroup.com\\\/sl\\\/\",\"name\":\"Wilhelm Hundt GmbH\",\"description\":\"Va\u0161 specialist za stroje in orodja za obdelavo plo\u010devine\",\"potentialAction\":[{\"@type\":\"SearchAction\",\"target\":{\"@type\":\"EntryPoint\",\"urlTemplate\":\"https:\\\/\\\/hundtgroup.com\\\/sl\\\/?s={search_term_string}\"},\"query-input\":{\"@type\":\"PropertyValueSpecification\",\"valueRequired\":true,\"valueName\":\"search_term_string\"}}],\"inLanguage\":\"sl-SI\"}]}<\/script>\n<!-- \/ Yoast SEO plugin. -->","yoast_head_json":{"title":"Delavni\u0161ka pila, ravna in topa - Wilhelm Hundt GmbH","robots":{"index":"index","follow":"follow","max-snippet":"max-snippet:-1","max-image-preview":"max-image-preview:large","max-video-preview":"max-video-preview:-1"},"canonical":"https:\/\/hundtgroup.com\/sl\/produkt\/delavniska-pila-ravna-in-topa\/","og_locale":"sl_SI","og_type":"article","og_title":"Delavni\u0161ka pila, ravna in topa - Wilhelm Hundt GmbH","og_description":"Za univerzalno obdelavo kovinskih povr\u0161in s finim in grobim piljenjem ter odstranjevanjem ostrin, popolna struktura jekla in enakomerna trdota 63 HRC \u00b1 2, enakomerna gostota in globina rezanja od ro\u010daja do konice, natan\u010dna oblika pile, posebna geometrija zob, ergonomski plasti\u010dni ro\u010daj","og_url":"https:\/\/hundtgroup.com\/sl\/produkt\/delavniska-pila-ravna-in-topa\/","og_site_name":"Wilhelm Hundt GmbH","article_modified_time":"2025-08-05T16:10:46+00:00","og_image":[{"width":790,"height":93,"url":"https:\/\/hundtgroup.com\/wp-content\/uploads\/430002.png","type":"image\/png"}],"twitter_card":"summary_large_image","schema":{"@context":"https:\/\/schema.org","@graph":[{"@type":"WebPage","@id":"https:\/\/hundtgroup.com\/sl\/produkt\/delavniska-pila-ravna-in-topa\/","url":"https:\/\/hundtgroup.com\/sl\/produkt\/delavniska-pila-ravna-in-topa\/","name":"Delavni\u0161ka pila, ravna in topa - Wilhelm Hundt GmbH","isPartOf":{"@id":"https:\/\/hundtgroup.com\/sl\/#website"},"primaryImageOfPage":{"@id":"https:\/\/hundtgroup.com\/sl\/produkt\/delavniska-pila-ravna-in-topa\/#primaryimage"},"image":{"@id":"https:\/\/hundtgroup.com\/sl\/produkt\/delavniska-pila-ravna-in-topa\/#primaryimage"},"thumbnailUrl":"https:\/\/hundtgroup.com\/wp-content\/uploads\/430002.png","datePublished":"2025-06-18T16:31:24+00:00","dateModified":"2025-08-05T16:10:46+00:00","breadcrumb":{"@id":"https:\/\/hundtgroup.com\/sl\/produkt\/delavniska-pila-ravna-in-topa\/#breadcrumb"},"inLanguage":"sl-SI","potentialAction":[{"@type":"ReadAction","target":["https:\/\/hundtgroup.com\/sl\/produkt\/delavniska-pila-ravna-in-topa\/"]}]},{"@type":"ImageObject","inLanguage":"sl-SI","@id":"https:\/\/hundtgroup.com\/sl\/produkt\/delavniska-pila-ravna-in-topa\/#primaryimage","url":"https:\/\/hundtgroup.com\/wp-content\/uploads\/430002.png","contentUrl":"https:\/\/hundtgroup.com\/wp-content\/uploads\/430002.png","width":790,"height":93},{"@type":"BreadcrumbList","@id":"https:\/\/hundtgroup.com\/sl\/produkt\/delavniska-pila-ravna-in-topa\/#breadcrumb","itemListElement":[{"@type":"ListItem","position":1,"name":"Startseite","item":"https:\/\/hundtgroup.com\/sl\/domov-novo\/"},{"@type":"ListItem","position":2,"name":"Trgovina","item":"https:\/\/hundtgroup.com\/trgovina\/"},{"@type":"ListItem","position":3,"name":"Delavni\u0161ka pila, ravna in topa"}]},{"@type":"WebSite","@id":"https:\/\/hundtgroup.com\/sl\/#website","url":"https:\/\/hundtgroup.com\/sl\/","name":"Wilhelm Hundt GmbH","description":"Va\u0161 specialist za stroje in orodja za obdelavo plo\u010devine","potentialAction":[{"@type":"SearchAction","target":{"@type":"EntryPoint","urlTemplate":"https:\/\/hundtgroup.com\/sl\/?s={search_term_string}"},"query-input":{"@type":"PropertyValueSpecification","valueRequired":true,"valueName":"search_term_string"}}],"inLanguage":"sl-SI"}]}},"_links":{"self":[{"href":"https:\/\/hundtgroup.com\/sl\/wp-json\/wp\/v2\/product\/18073","targetHints":{"allow":["GET"]}}],"collection":[{"href":"https:\/\/hundtgroup.com\/sl\/wp-json\/wp\/v2\/product"}],"about":[{"href":"https:\/\/hundtgroup.com\/sl\/wp-json\/wp\/v2\/types\/product"}],"wp:featuredmedia":[{"embeddable":true,"href":"https:\/\/hundtgroup.com\/sl\/wp-json\/wp\/v2\/media\/18075"}],"wp:attachment":[{"href":"https:\/\/hundtgroup.com\/sl\/wp-json\/wp\/v2\/media?parent=18073"}],"wp:term":[{"taxonomy":"product_cat","embeddable":true,"href":"https:\/\/hundtgroup.com\/sl\/wp-json\/wp\/v2\/product_cat?post=18073"},{"taxonomy":"product_tag","embeddable":true,"href":"https:\/\/hundtgroup.com\/sl\/wp-json\/wp\/v2\/product_tag?post=18073"}],"curies":[{"name":"wp","href":"https:\/\/api.w.org\/{rel}","templated":true}]}}