{"id":18155,"date":"2025-06-18T18:32:00","date_gmt":"2025-06-18T16:32:00","guid":{"rendered":"https:\/\/hundtgroup.com\/produkt\/hundt-set-orodja-za-izolatorje-basic-33-kosov-v-vrecki-s-pokrovom\/"},"modified":"2025-08-05T17:48:18","modified_gmt":"2025-08-05T15:48:18","slug":"hundt-set-orodja-za-izolatorje-basic-33-kosov-v-vrecki-s-pokrovom","status":"publish","type":"product","link":"https:\/\/hundtgroup.com\/sl\/produkt\/hundt-set-orodja-za-izolatorje-basic-33-kosov-v-vrecki-s-pokrovom\/","title":{"rendered":"Hundt set orodja za izolatorje Basic 33 kosov v vre\u010dki s pokrovom"},"content":{"rendered":"<p>Komplet orodja za izolatorje, ki ga sestavljajo:<br \/>\nTorba za orodje s pokrovom<br \/>\nMat no\u017e 150 mm oblika B<br \/>\nUsnjeno ohi\u0161je za no\u017ee 150 mm<br \/>\nERDI Ideal \u0161karje modre 216\/260 desne<br \/>\nERDI Ideal \u0161karje modre 216\/260 leve<br \/>\nGiljotinske \u0161karje ERDI 218\/350<br \/>\nRo\u010dni luknja\u010d velikosti 20<br \/>\nLeseno zlo\u017eljivo pravilo 2 m z obsegom<br \/>\nKle\u0161\u010de za oprijem 250 mm Nem\u010dija<br \/>\nKle\u0161\u010de Rabitz 250 mm Nem\u010dija<br \/>\nPisala s \u010dopi\u010dem<br \/>\nKle\u0161\u010de za slepe zakovice HZ<br \/>\nKombinirane kle\u0161\u010de 200 mm<br \/>\nPredloga za ozna\u010devanje<br \/>\nKompas za lok 300 mm Nem\u010dija<br \/>\nKompas za oprijemanje (merilo) 300 mm Nem\u010dija<br \/>\nPisalnik 4 x 50 mm<br \/>\nKle\u0161\u010de za stiskanje 60 mm 45\u00b0 ukrivljene<br \/>\nZaustavni nosilec 300 mm<br \/>\nKlju\u010davni\u010darsko kladivo 300 g<br \/>\nVija\u010dnik 150 x 8 mm z lesenim ro\u010dajem<br \/>\nSaw PUK<br \/>\nprilagodljiva lestvica vzmetni jekleni trak<br \/>\nDatoteka delavnice<br \/>\nIzometri\u010dni blok DIN A6<br \/>\nIzometri\u010dni blok DIN A4<br \/>\nBiros<br \/>\nEnoro\u010dno vpenjanje<br \/>\n\u0160karje za mre\u017eo 250 mm<br \/>\nLesena palica 60&#215;120 mm<br \/>\nIzvija\u010d za uplinja\u010d z re\u017eami in PH2<br \/>\nIzvija\u010d z vti\u010dnico SW8<br \/>\nIzvija\u010d z vti\u010dnico SW7<\/p>\n","protected":false},"excerpt":{"rendered":"<p>Komplet orodja za izolatorje, ki ga sestavljajo: Torba za orodje s pokrovom Mat no\u017e 150 mm oblika B Usnjeno ohi\u0161je za no\u017ee 150 mm ERDI Ideal \u0161karje modre 216\/260 desne ERDI Ideal \u0161karje modre 216\/260 leve Giljotinske \u0161karje ERDI 218\/350 Ro\u010dni luknja\u010d velikosti 20 Leseno zlo\u017eljivo pravilo 2 m z obsegom Kle\u0161\u010de za oprijem 250 [&hellip;]<\/p>\n","protected":false},"featured_media":18128,"template":"","meta":{"_acf_changed":false,"inline_featured_image":false},"product_cat":[1748,2078],"product_tag":[],"class_list":{"0":"post-18155","1":"product","2":"type-product","3":"status-publish","4":"has-post-thumbnail","6":"brand-hundt","7":"product_cat-rocna-orodja","8":"product_cat-sortimenti-orodij","10":"first","11":"instock","12":"taxable","13":"shipping-taxable","14":"purchasable","15":"product-type-simple","16":"add-to-wishlist-before_image"},"acf":[],"yoast_head":"<!-- This site is optimized with the Yoast SEO plugin v27.3 - https:\/\/yoast.com\/product\/yoast-seo-wordpress\/ -->\n<title>Hundt set orodja za izolatorje Basic 33 kosov v vre\u010dki s pokrovom - Wilhelm Hundt GmbH<\/title>\n<meta name=\"robots\" content=\"index, follow, max-snippet:-1, max-image-preview:large, max-video-preview:-1\" \/>\n<link rel=\"canonical\" href=\"https:\/\/hundtgroup.com\/sl\/produkt\/hundt-set-orodja-za-izolatorje-basic-33-kosov-v-vrecki-s-pokrovom\/\" \/>\n<meta property=\"og:locale\" content=\"sl_SI\" \/>\n<meta property=\"og:type\" content=\"article\" \/>\n<meta property=\"og:title\" content=\"Hundt set orodja za izolatorje Basic 33 kosov v vre\u010dki s pokrovom - Wilhelm Hundt GmbH\" \/>\n<meta property=\"og:description\" content=\"Komplet orodja za izolatorje, ki ga sestavljajo: Torba za orodje s pokrovom Mat no\u017e 150 mm oblika B Usnjeno ohi\u0161je za no\u017ee 150 mm ERDI Ideal \u0161karje modre 216\/260 desne ERDI Ideal \u0161karje modre 216\/260 leve Giljotinske \u0161karje ERDI 218\/350 Ro\u010dni luknja\u010d velikosti 20 Leseno zlo\u017eljivo pravilo 2 m z obsegom Kle\u0161\u010de za oprijem 250 [&hellip;]\" \/>\n<meta property=\"og:url\" content=\"https:\/\/hundtgroup.com\/sl\/produkt\/hundt-set-orodja-za-izolatorje-basic-33-kosov-v-vrecki-s-pokrovom\/\" \/>\n<meta property=\"og:site_name\" content=\"Wilhelm Hundt GmbH\" \/>\n<meta property=\"article:modified_time\" content=\"2025-08-05T15:48:18+00:00\" \/>\n<meta property=\"og:image\" content=\"https:\/\/hundtgroup.com\/wp-content\/uploads\/210005.jpg\" \/>\n\t<meta property=\"og:image:width\" content=\"1333\" \/>\n\t<meta property=\"og:image:height\" content=\"895\" \/>\n\t<meta property=\"og:image:type\" content=\"image\/jpeg\" \/>\n<meta name=\"twitter:card\" content=\"summary_large_image\" \/>\n<meta name=\"twitter:label1\" content=\"Est. reading time\" \/>\n\t<meta name=\"twitter:data1\" content=\"1 minuta\" \/>\n<script type=\"application\/ld+json\" class=\"yoast-schema-graph\">{\"@context\":\"https:\\\/\\\/schema.org\",\"@graph\":[{\"@type\":\"WebPage\",\"@id\":\"https:\\\/\\\/hundtgroup.com\\\/sl\\\/produkt\\\/hundt-set-orodja-za-izolatorje-basic-33-kosov-v-vrecki-s-pokrovom\\\/\",\"url\":\"https:\\\/\\\/hundtgroup.com\\\/sl\\\/produkt\\\/hundt-set-orodja-za-izolatorje-basic-33-kosov-v-vrecki-s-pokrovom\\\/\",\"name\":\"Hundt set orodja za izolatorje Basic 33 kosov v vre\u010dki s pokrovom - Wilhelm Hundt GmbH\",\"isPartOf\":{\"@id\":\"https:\\\/\\\/hundtgroup.com\\\/sl\\\/#website\"},\"primaryImageOfPage\":{\"@id\":\"https:\\\/\\\/hundtgroup.com\\\/sl\\\/produkt\\\/hundt-set-orodja-za-izolatorje-basic-33-kosov-v-vrecki-s-pokrovom\\\/#primaryimage\"},\"image\":{\"@id\":\"https:\\\/\\\/hundtgroup.com\\\/sl\\\/produkt\\\/hundt-set-orodja-za-izolatorje-basic-33-kosov-v-vrecki-s-pokrovom\\\/#primaryimage\"},\"thumbnailUrl\":\"https:\\\/\\\/hundtgroup.com\\\/wp-content\\\/uploads\\\/210005.jpg\",\"datePublished\":\"2025-06-18T16:32:00+00:00\",\"dateModified\":\"2025-08-05T15:48:18+00:00\",\"breadcrumb\":{\"@id\":\"https:\\\/\\\/hundtgroup.com\\\/sl\\\/produkt\\\/hundt-set-orodja-za-izolatorje-basic-33-kosov-v-vrecki-s-pokrovom\\\/#breadcrumb\"},\"inLanguage\":\"sl-SI\",\"potentialAction\":[{\"@type\":\"ReadAction\",\"target\":[\"https:\\\/\\\/hundtgroup.com\\\/sl\\\/produkt\\\/hundt-set-orodja-za-izolatorje-basic-33-kosov-v-vrecki-s-pokrovom\\\/\"]}]},{\"@type\":\"ImageObject\",\"inLanguage\":\"sl-SI\",\"@id\":\"https:\\\/\\\/hundtgroup.com\\\/sl\\\/produkt\\\/hundt-set-orodja-za-izolatorje-basic-33-kosov-v-vrecki-s-pokrovom\\\/#primaryimage\",\"url\":\"https:\\\/\\\/hundtgroup.com\\\/wp-content\\\/uploads\\\/210005.jpg\",\"contentUrl\":\"https:\\\/\\\/hundtgroup.com\\\/wp-content\\\/uploads\\\/210005.jpg\",\"width\":1333,\"height\":895},{\"@type\":\"BreadcrumbList\",\"@id\":\"https:\\\/\\\/hundtgroup.com\\\/sl\\\/produkt\\\/hundt-set-orodja-za-izolatorje-basic-33-kosov-v-vrecki-s-pokrovom\\\/#breadcrumb\",\"itemListElement\":[{\"@type\":\"ListItem\",\"position\":1,\"name\":\"Startseite\",\"item\":\"https:\\\/\\\/hundtgroup.com\\\/sl\\\/domov-novo\\\/\"},{\"@type\":\"ListItem\",\"position\":2,\"name\":\"Trgovina\",\"item\":\"https:\\\/\\\/hundtgroup.com\\\/trgovina\\\/\"},{\"@type\":\"ListItem\",\"position\":3,\"name\":\"Hundt set orodja za izolatorje Basic 33 kosov v vre\u010dki s pokrovom\"}]},{\"@type\":\"WebSite\",\"@id\":\"https:\\\/\\\/hundtgroup.com\\\/sl\\\/#website\",\"url\":\"https:\\\/\\\/hundtgroup.com\\\/sl\\\/\",\"name\":\"Wilhelm Hundt GmbH\",\"description\":\"Va\u0161 specialist za stroje in orodja za obdelavo plo\u010devine\",\"potentialAction\":[{\"@type\":\"SearchAction\",\"target\":{\"@type\":\"EntryPoint\",\"urlTemplate\":\"https:\\\/\\\/hundtgroup.com\\\/sl\\\/?s={search_term_string}\"},\"query-input\":{\"@type\":\"PropertyValueSpecification\",\"valueRequired\":true,\"valueName\":\"search_term_string\"}}],\"inLanguage\":\"sl-SI\"}]}<\/script>\n<!-- \/ Yoast SEO plugin. -->","yoast_head_json":{"title":"Hundt set orodja za izolatorje Basic 33 kosov v vre\u010dki s pokrovom - Wilhelm Hundt GmbH","robots":{"index":"index","follow":"follow","max-snippet":"max-snippet:-1","max-image-preview":"max-image-preview:large","max-video-preview":"max-video-preview:-1"},"canonical":"https:\/\/hundtgroup.com\/sl\/produkt\/hundt-set-orodja-za-izolatorje-basic-33-kosov-v-vrecki-s-pokrovom\/","og_locale":"sl_SI","og_type":"article","og_title":"Hundt set orodja za izolatorje Basic 33 kosov v vre\u010dki s pokrovom - Wilhelm Hundt GmbH","og_description":"Komplet orodja za izolatorje, ki ga sestavljajo: Torba za orodje s pokrovom Mat no\u017e 150 mm oblika B Usnjeno ohi\u0161je za no\u017ee 150 mm ERDI Ideal \u0161karje modre 216\/260 desne ERDI Ideal \u0161karje modre 216\/260 leve Giljotinske \u0161karje ERDI 218\/350 Ro\u010dni luknja\u010d velikosti 20 Leseno zlo\u017eljivo pravilo 2 m z obsegom Kle\u0161\u010de za oprijem 250 [&hellip;]","og_url":"https:\/\/hundtgroup.com\/sl\/produkt\/hundt-set-orodja-za-izolatorje-basic-33-kosov-v-vrecki-s-pokrovom\/","og_site_name":"Wilhelm Hundt GmbH","article_modified_time":"2025-08-05T15:48:18+00:00","og_image":[{"width":1333,"height":895,"url":"https:\/\/hundtgroup.com\/wp-content\/uploads\/210005.jpg","type":"image\/jpeg"}],"twitter_card":"summary_large_image","twitter_misc":{"Est. reading time":"1 minuta"},"schema":{"@context":"https:\/\/schema.org","@graph":[{"@type":"WebPage","@id":"https:\/\/hundtgroup.com\/sl\/produkt\/hundt-set-orodja-za-izolatorje-basic-33-kosov-v-vrecki-s-pokrovom\/","url":"https:\/\/hundtgroup.com\/sl\/produkt\/hundt-set-orodja-za-izolatorje-basic-33-kosov-v-vrecki-s-pokrovom\/","name":"Hundt set orodja za izolatorje Basic 33 kosov v vre\u010dki s pokrovom - Wilhelm Hundt GmbH","isPartOf":{"@id":"https:\/\/hundtgroup.com\/sl\/#website"},"primaryImageOfPage":{"@id":"https:\/\/hundtgroup.com\/sl\/produkt\/hundt-set-orodja-za-izolatorje-basic-33-kosov-v-vrecki-s-pokrovom\/#primaryimage"},"image":{"@id":"https:\/\/hundtgroup.com\/sl\/produkt\/hundt-set-orodja-za-izolatorje-basic-33-kosov-v-vrecki-s-pokrovom\/#primaryimage"},"thumbnailUrl":"https:\/\/hundtgroup.com\/wp-content\/uploads\/210005.jpg","datePublished":"2025-06-18T16:32:00+00:00","dateModified":"2025-08-05T15:48:18+00:00","breadcrumb":{"@id":"https:\/\/hundtgroup.com\/sl\/produkt\/hundt-set-orodja-za-izolatorje-basic-33-kosov-v-vrecki-s-pokrovom\/#breadcrumb"},"inLanguage":"sl-SI","potentialAction":[{"@type":"ReadAction","target":["https:\/\/hundtgroup.com\/sl\/produkt\/hundt-set-orodja-za-izolatorje-basic-33-kosov-v-vrecki-s-pokrovom\/"]}]},{"@type":"ImageObject","inLanguage":"sl-SI","@id":"https:\/\/hundtgroup.com\/sl\/produkt\/hundt-set-orodja-za-izolatorje-basic-33-kosov-v-vrecki-s-pokrovom\/#primaryimage","url":"https:\/\/hundtgroup.com\/wp-content\/uploads\/210005.jpg","contentUrl":"https:\/\/hundtgroup.com\/wp-content\/uploads\/210005.jpg","width":1333,"height":895},{"@type":"BreadcrumbList","@id":"https:\/\/hundtgroup.com\/sl\/produkt\/hundt-set-orodja-za-izolatorje-basic-33-kosov-v-vrecki-s-pokrovom\/#breadcrumb","itemListElement":[{"@type":"ListItem","position":1,"name":"Startseite","item":"https:\/\/hundtgroup.com\/sl\/domov-novo\/"},{"@type":"ListItem","position":2,"name":"Trgovina","item":"https:\/\/hundtgroup.com\/trgovina\/"},{"@type":"ListItem","position":3,"name":"Hundt set orodja za izolatorje Basic 33 kosov v vre\u010dki s pokrovom"}]},{"@type":"WebSite","@id":"https:\/\/hundtgroup.com\/sl\/#website","url":"https:\/\/hundtgroup.com\/sl\/","name":"Wilhelm Hundt GmbH","description":"Va\u0161 specialist za stroje in orodja za obdelavo plo\u010devine","potentialAction":[{"@type":"SearchAction","target":{"@type":"EntryPoint","urlTemplate":"https:\/\/hundtgroup.com\/sl\/?s={search_term_string}"},"query-input":{"@type":"PropertyValueSpecification","valueRequired":true,"valueName":"search_term_string"}}],"inLanguage":"sl-SI"}]}},"_links":{"self":[{"href":"https:\/\/hundtgroup.com\/sl\/wp-json\/wp\/v2\/product\/18155","targetHints":{"allow":["GET"]}}],"collection":[{"href":"https:\/\/hundtgroup.com\/sl\/wp-json\/wp\/v2\/product"}],"about":[{"href":"https:\/\/hundtgroup.com\/sl\/wp-json\/wp\/v2\/types\/product"}],"wp:featuredmedia":[{"embeddable":true,"href":"https:\/\/hundtgroup.com\/sl\/wp-json\/wp\/v2\/media\/18128"}],"wp:attachment":[{"href":"https:\/\/hundtgroup.com\/sl\/wp-json\/wp\/v2\/media?parent=18155"}],"wp:term":[{"taxonomy":"product_cat","embeddable":true,"href":"https:\/\/hundtgroup.com\/sl\/wp-json\/wp\/v2\/product_cat?post=18155"},{"taxonomy":"product_tag","embeddable":true,"href":"https:\/\/hundtgroup.com\/sl\/wp-json\/wp\/v2\/product_tag?post=18155"}],"curies":[{"name":"wp","href":"https:\/\/api.w.org\/{rel}","templated":true}]}}