{"id":18308,"date":"2025-06-18T18:32:02","date_gmt":"2025-06-18T16:32:02","guid":{"rendered":"https:\/\/hundtgroup.com\/produkt\/hundtov-komplet-orodja-za-izolacijo-osnovni-33-delni-komplet-v-vozicku-za-nahrbtnik-ki-ga-je-mogoce-zakleniti\/"},"modified":"2025-08-05T17:49:55","modified_gmt":"2025-08-05T15:49:55","slug":"hundtov-komplet-orodja-za-izolacijo-osnovni-33-delni-komplet-v-vozicku-za-nahrbtnik-ki-ga-je-mogoce-zakleniti","status":"publish","type":"product","link":"https:\/\/hundtgroup.com\/sl\/produkt\/hundtov-komplet-orodja-za-izolacijo-osnovni-33-delni-komplet-v-vozicku-za-nahrbtnik-ki-ga-je-mogoce-zakleniti\/","title":{"rendered":"Hundtov komplet orodja za izolacijo Osnovni 33-delni komplet v vozi\u010dku za nahrbtnik, ki ga je mogo\u010de zakleniti"},"content":{"rendered":"<p>Komplet orodja za izolatorje, ki ga sestavljajo:<br \/>\nZaklepni vozi\u010dek za nahrbtnik z orodjem<br \/>\nMat no\u017e 150 mm oblika B<br \/>\nUsnjeno ohi\u0161je za no\u017ee 150 mm<br \/>\nERDI Ideal \u0161karje modre 216\/260 desne<br \/>\nERDI Ideal \u0161karje modre 216\/260 leve<br \/>\nGiljotinske \u0161karje ERDI 218\/350<br \/>\nRo\u010dni luknja\u010d velikosti 20<br \/>\nLeseno zlo\u017eljivo pravilo 2 m z obsegom<br \/>\nKle\u0161\u010de za oprijem 250 mm Nem\u010dija<br \/>\nKle\u0161\u010de Rabitz 250 mm Nem\u010dija<br \/>\nPisala s \u010dopi\u010dem<br \/>\nKle\u0161\u010de za slepe zakovice HZ<br \/>\nKombinirane kle\u0161\u010de 200 mm<br \/>\nPredloga za ozna\u010devanje<br \/>\nKompas za lok 300 mm Nem\u010dija<br \/>\nKompas za oprijemanje (merilo) 300 mm Nem\u010dija<br \/>\nPisalnik 4 x 50 mm<br \/>\nKle\u0161\u010de za stiskanje 60 mm 45\u00b0 ukrivljene<br \/>\nZaustavni nosilec 300 mm<br \/>\nKlju\u010davni\u010darsko kladivo 300 g<br \/>\nVija\u010dnik 150 x 8 mm z lesenim ro\u010dajem<br \/>\nSaw PUK<br \/>\nprilagodljiva lestvica vzmetni jekleni trak<br \/>\nDatoteka delavnice<br \/>\nIzometri\u010dni blok DIN A6<br \/>\nIzometri\u010dni blok DIN A4<br \/>\nBiros<br \/>\nEnoro\u010dno vpenjanje<br \/>\n\u0160karje za mre\u017eo 250 mm<br \/>\nLesena palica 60&#215;120 mm<br \/>\nIzvija\u010d za uplinja\u010d z re\u017eami in PH2<br \/>\nIzvija\u010d z vti\u010dnico SW8<br \/>\nIzvija\u010d z vti\u010dnico SW7<\/p>\n","protected":false},"excerpt":{"rendered":"<p>Komplet orodja za izolatorje, ki ga sestavljajo: Zaklepni vozi\u010dek za nahrbtnik z orodjem Mat no\u017e 150 mm oblika B Usnjeno ohi\u0161je za no\u017ee 150 mm ERDI Ideal \u0161karje modre 216\/260 desne ERDI Ideal \u0161karje modre 216\/260 leve Giljotinske \u0161karje ERDI 218\/350 Ro\u010dni luknja\u010d velikosti 20 Leseno zlo\u017eljivo pravilo 2 m z obsegom Kle\u0161\u010de za oprijem [&hellip;]<\/p>\n","protected":false},"featured_media":18269,"template":"","meta":{"_acf_changed":false,"inline_featured_image":false},"product_cat":[1748,2078],"product_tag":[],"class_list":{"0":"post-18308","1":"product","2":"type-product","3":"status-publish","4":"has-post-thumbnail","6":"brand-hundt","7":"product_cat-rocna-orodja","8":"product_cat-sortimenti-orodij","10":"first","11":"instock","12":"taxable","13":"shipping-taxable","14":"purchasable","15":"product-type-simple","16":"add-to-wishlist-before_image"},"acf":[],"yoast_head":"<!-- This site is optimized with the Yoast SEO plugin v27.3 - https:\/\/yoast.com\/product\/yoast-seo-wordpress\/ -->\n<title>Hundtov komplet orodja za izolacijo Osnovni 33-delni komplet v vozi\u010dku za nahrbtnik, ki ga je mogo\u010de zakleniti - Wilhelm Hundt GmbH<\/title>\n<meta name=\"robots\" content=\"index, follow, max-snippet:-1, max-image-preview:large, max-video-preview:-1\" \/>\n<link rel=\"canonical\" href=\"https:\/\/hundtgroup.com\/sl\/produkt\/hundtov-komplet-orodja-za-izolacijo-osnovni-33-delni-komplet-v-vozicku-za-nahrbtnik-ki-ga-je-mogoce-zakleniti\/\" \/>\n<meta property=\"og:locale\" content=\"sl_SI\" \/>\n<meta property=\"og:type\" content=\"article\" \/>\n<meta property=\"og:title\" content=\"Hundtov komplet orodja za izolacijo Osnovni 33-delni komplet v vozi\u010dku za nahrbtnik, ki ga je mogo\u010de zakleniti - Wilhelm Hundt GmbH\" \/>\n<meta property=\"og:description\" content=\"Komplet orodja za izolatorje, ki ga sestavljajo: Zaklepni vozi\u010dek za nahrbtnik z orodjem Mat no\u017e 150 mm oblika B Usnjeno ohi\u0161je za no\u017ee 150 mm ERDI Ideal \u0161karje modre 216\/260 desne ERDI Ideal \u0161karje modre 216\/260 leve Giljotinske \u0161karje ERDI 218\/350 Ro\u010dni luknja\u010d velikosti 20 Leseno zlo\u017eljivo pravilo 2 m z obsegom Kle\u0161\u010de za oprijem [&hellip;]\" \/>\n<meta property=\"og:url\" content=\"https:\/\/hundtgroup.com\/sl\/produkt\/hundtov-komplet-orodja-za-izolacijo-osnovni-33-delni-komplet-v-vozicku-za-nahrbtnik-ki-ga-je-mogoce-zakleniti\/\" \/>\n<meta property=\"og:site_name\" content=\"Wilhelm Hundt GmbH\" \/>\n<meta property=\"article:modified_time\" content=\"2025-08-05T15:49:55+00:00\" \/>\n<meta property=\"og:image\" content=\"https:\/\/hundtgroup.com\/wp-content\/uploads\/210006.png\" \/>\n\t<meta property=\"og:image:width\" content=\"920\" \/>\n\t<meta property=\"og:image:height\" content=\"1030\" \/>\n\t<meta property=\"og:image:type\" content=\"image\/png\" \/>\n<meta name=\"twitter:card\" content=\"summary_large_image\" \/>\n<meta name=\"twitter:label1\" content=\"Est. reading time\" \/>\n\t<meta name=\"twitter:data1\" content=\"1 minuta\" \/>\n<script type=\"application\/ld+json\" class=\"yoast-schema-graph\">{\"@context\":\"https:\\\/\\\/schema.org\",\"@graph\":[{\"@type\":\"WebPage\",\"@id\":\"https:\\\/\\\/hundtgroup.com\\\/sl\\\/produkt\\\/hundtov-komplet-orodja-za-izolacijo-osnovni-33-delni-komplet-v-vozicku-za-nahrbtnik-ki-ga-je-mogoce-zakleniti\\\/\",\"url\":\"https:\\\/\\\/hundtgroup.com\\\/sl\\\/produkt\\\/hundtov-komplet-orodja-za-izolacijo-osnovni-33-delni-komplet-v-vozicku-za-nahrbtnik-ki-ga-je-mogoce-zakleniti\\\/\",\"name\":\"Hundtov komplet orodja za izolacijo Osnovni 33-delni komplet v vozi\u010dku za nahrbtnik, ki ga je mogo\u010de zakleniti - Wilhelm Hundt GmbH\",\"isPartOf\":{\"@id\":\"https:\\\/\\\/hundtgroup.com\\\/sl\\\/#website\"},\"primaryImageOfPage\":{\"@id\":\"https:\\\/\\\/hundtgroup.com\\\/sl\\\/produkt\\\/hundtov-komplet-orodja-za-izolacijo-osnovni-33-delni-komplet-v-vozicku-za-nahrbtnik-ki-ga-je-mogoce-zakleniti\\\/#primaryimage\"},\"image\":{\"@id\":\"https:\\\/\\\/hundtgroup.com\\\/sl\\\/produkt\\\/hundtov-komplet-orodja-za-izolacijo-osnovni-33-delni-komplet-v-vozicku-za-nahrbtnik-ki-ga-je-mogoce-zakleniti\\\/#primaryimage\"},\"thumbnailUrl\":\"https:\\\/\\\/hundtgroup.com\\\/wp-content\\\/uploads\\\/210006.png\",\"datePublished\":\"2025-06-18T16:32:02+00:00\",\"dateModified\":\"2025-08-05T15:49:55+00:00\",\"breadcrumb\":{\"@id\":\"https:\\\/\\\/hundtgroup.com\\\/sl\\\/produkt\\\/hundtov-komplet-orodja-za-izolacijo-osnovni-33-delni-komplet-v-vozicku-za-nahrbtnik-ki-ga-je-mogoce-zakleniti\\\/#breadcrumb\"},\"inLanguage\":\"sl-SI\",\"potentialAction\":[{\"@type\":\"ReadAction\",\"target\":[\"https:\\\/\\\/hundtgroup.com\\\/sl\\\/produkt\\\/hundtov-komplet-orodja-za-izolacijo-osnovni-33-delni-komplet-v-vozicku-za-nahrbtnik-ki-ga-je-mogoce-zakleniti\\\/\"]}]},{\"@type\":\"ImageObject\",\"inLanguage\":\"sl-SI\",\"@id\":\"https:\\\/\\\/hundtgroup.com\\\/sl\\\/produkt\\\/hundtov-komplet-orodja-za-izolacijo-osnovni-33-delni-komplet-v-vozicku-za-nahrbtnik-ki-ga-je-mogoce-zakleniti\\\/#primaryimage\",\"url\":\"https:\\\/\\\/hundtgroup.com\\\/wp-content\\\/uploads\\\/210006.png\",\"contentUrl\":\"https:\\\/\\\/hundtgroup.com\\\/wp-content\\\/uploads\\\/210006.png\",\"width\":1454,\"height\":1628},{\"@type\":\"BreadcrumbList\",\"@id\":\"https:\\\/\\\/hundtgroup.com\\\/sl\\\/produkt\\\/hundtov-komplet-orodja-za-izolacijo-osnovni-33-delni-komplet-v-vozicku-za-nahrbtnik-ki-ga-je-mogoce-zakleniti\\\/#breadcrumb\",\"itemListElement\":[{\"@type\":\"ListItem\",\"position\":1,\"name\":\"Startseite\",\"item\":\"https:\\\/\\\/hundtgroup.com\\\/sl\\\/domov-novo\\\/\"},{\"@type\":\"ListItem\",\"position\":2,\"name\":\"Trgovina\",\"item\":\"https:\\\/\\\/hundtgroup.com\\\/trgovina\\\/\"},{\"@type\":\"ListItem\",\"position\":3,\"name\":\"Hundtov komplet orodja za izolacijo Osnovni 33-delni komplet v vozi\u010dku za nahrbtnik, ki ga je mogo\u010de zakleniti\"}]},{\"@type\":\"WebSite\",\"@id\":\"https:\\\/\\\/hundtgroup.com\\\/sl\\\/#website\",\"url\":\"https:\\\/\\\/hundtgroup.com\\\/sl\\\/\",\"name\":\"Wilhelm Hundt GmbH\",\"description\":\"Va\u0161 specialist za stroje in orodja za obdelavo plo\u010devine\",\"potentialAction\":[{\"@type\":\"SearchAction\",\"target\":{\"@type\":\"EntryPoint\",\"urlTemplate\":\"https:\\\/\\\/hundtgroup.com\\\/sl\\\/?s={search_term_string}\"},\"query-input\":{\"@type\":\"PropertyValueSpecification\",\"valueRequired\":true,\"valueName\":\"search_term_string\"}}],\"inLanguage\":\"sl-SI\"}]}<\/script>\n<!-- \/ Yoast SEO plugin. -->","yoast_head_json":{"title":"Hundtov komplet orodja za izolacijo Osnovni 33-delni komplet v vozi\u010dku za nahrbtnik, ki ga je mogo\u010de zakleniti - Wilhelm Hundt GmbH","robots":{"index":"index","follow":"follow","max-snippet":"max-snippet:-1","max-image-preview":"max-image-preview:large","max-video-preview":"max-video-preview:-1"},"canonical":"https:\/\/hundtgroup.com\/sl\/produkt\/hundtov-komplet-orodja-za-izolacijo-osnovni-33-delni-komplet-v-vozicku-za-nahrbtnik-ki-ga-je-mogoce-zakleniti\/","og_locale":"sl_SI","og_type":"article","og_title":"Hundtov komplet orodja za izolacijo Osnovni 33-delni komplet v vozi\u010dku za nahrbtnik, ki ga je mogo\u010de zakleniti - Wilhelm Hundt GmbH","og_description":"Komplet orodja za izolatorje, ki ga sestavljajo: Zaklepni vozi\u010dek za nahrbtnik z orodjem Mat no\u017e 150 mm oblika B Usnjeno ohi\u0161je za no\u017ee 150 mm ERDI Ideal \u0161karje modre 216\/260 desne ERDI Ideal \u0161karje modre 216\/260 leve Giljotinske \u0161karje ERDI 218\/350 Ro\u010dni luknja\u010d velikosti 20 Leseno zlo\u017eljivo pravilo 2 m z obsegom Kle\u0161\u010de za oprijem [&hellip;]","og_url":"https:\/\/hundtgroup.com\/sl\/produkt\/hundtov-komplet-orodja-za-izolacijo-osnovni-33-delni-komplet-v-vozicku-za-nahrbtnik-ki-ga-je-mogoce-zakleniti\/","og_site_name":"Wilhelm Hundt GmbH","article_modified_time":"2025-08-05T15:49:55+00:00","og_image":[{"url":"https:\/\/hundtgroup.com\/wp-content\/uploads\/210006.png","width":920,"height":1030,"type":"image\/png"}],"twitter_card":"summary_large_image","twitter_misc":{"Est. reading time":"1 minuta"},"schema":{"@context":"https:\/\/schema.org","@graph":[{"@type":"WebPage","@id":"https:\/\/hundtgroup.com\/sl\/produkt\/hundtov-komplet-orodja-za-izolacijo-osnovni-33-delni-komplet-v-vozicku-za-nahrbtnik-ki-ga-je-mogoce-zakleniti\/","url":"https:\/\/hundtgroup.com\/sl\/produkt\/hundtov-komplet-orodja-za-izolacijo-osnovni-33-delni-komplet-v-vozicku-za-nahrbtnik-ki-ga-je-mogoce-zakleniti\/","name":"Hundtov komplet orodja za izolacijo Osnovni 33-delni komplet v vozi\u010dku za nahrbtnik, ki ga je mogo\u010de zakleniti - Wilhelm Hundt GmbH","isPartOf":{"@id":"https:\/\/hundtgroup.com\/sl\/#website"},"primaryImageOfPage":{"@id":"https:\/\/hundtgroup.com\/sl\/produkt\/hundtov-komplet-orodja-za-izolacijo-osnovni-33-delni-komplet-v-vozicku-za-nahrbtnik-ki-ga-je-mogoce-zakleniti\/#primaryimage"},"image":{"@id":"https:\/\/hundtgroup.com\/sl\/produkt\/hundtov-komplet-orodja-za-izolacijo-osnovni-33-delni-komplet-v-vozicku-za-nahrbtnik-ki-ga-je-mogoce-zakleniti\/#primaryimage"},"thumbnailUrl":"https:\/\/hundtgroup.com\/wp-content\/uploads\/210006.png","datePublished":"2025-06-18T16:32:02+00:00","dateModified":"2025-08-05T15:49:55+00:00","breadcrumb":{"@id":"https:\/\/hundtgroup.com\/sl\/produkt\/hundtov-komplet-orodja-za-izolacijo-osnovni-33-delni-komplet-v-vozicku-za-nahrbtnik-ki-ga-je-mogoce-zakleniti\/#breadcrumb"},"inLanguage":"sl-SI","potentialAction":[{"@type":"ReadAction","target":["https:\/\/hundtgroup.com\/sl\/produkt\/hundtov-komplet-orodja-za-izolacijo-osnovni-33-delni-komplet-v-vozicku-za-nahrbtnik-ki-ga-je-mogoce-zakleniti\/"]}]},{"@type":"ImageObject","inLanguage":"sl-SI","@id":"https:\/\/hundtgroup.com\/sl\/produkt\/hundtov-komplet-orodja-za-izolacijo-osnovni-33-delni-komplet-v-vozicku-za-nahrbtnik-ki-ga-je-mogoce-zakleniti\/#primaryimage","url":"https:\/\/hundtgroup.com\/wp-content\/uploads\/210006.png","contentUrl":"https:\/\/hundtgroup.com\/wp-content\/uploads\/210006.png","width":1454,"height":1628},{"@type":"BreadcrumbList","@id":"https:\/\/hundtgroup.com\/sl\/produkt\/hundtov-komplet-orodja-za-izolacijo-osnovni-33-delni-komplet-v-vozicku-za-nahrbtnik-ki-ga-je-mogoce-zakleniti\/#breadcrumb","itemListElement":[{"@type":"ListItem","position":1,"name":"Startseite","item":"https:\/\/hundtgroup.com\/sl\/domov-novo\/"},{"@type":"ListItem","position":2,"name":"Trgovina","item":"https:\/\/hundtgroup.com\/trgovina\/"},{"@type":"ListItem","position":3,"name":"Hundtov komplet orodja za izolacijo Osnovni 33-delni komplet v vozi\u010dku za nahrbtnik, ki ga je mogo\u010de zakleniti"}]},{"@type":"WebSite","@id":"https:\/\/hundtgroup.com\/sl\/#website","url":"https:\/\/hundtgroup.com\/sl\/","name":"Wilhelm Hundt GmbH","description":"Va\u0161 specialist za stroje in orodja za obdelavo plo\u010devine","potentialAction":[{"@type":"SearchAction","target":{"@type":"EntryPoint","urlTemplate":"https:\/\/hundtgroup.com\/sl\/?s={search_term_string}"},"query-input":{"@type":"PropertyValueSpecification","valueRequired":true,"valueName":"search_term_string"}}],"inLanguage":"sl-SI"}]}},"_links":{"self":[{"href":"https:\/\/hundtgroup.com\/sl\/wp-json\/wp\/v2\/product\/18308","targetHints":{"allow":["GET"]}}],"collection":[{"href":"https:\/\/hundtgroup.com\/sl\/wp-json\/wp\/v2\/product"}],"about":[{"href":"https:\/\/hundtgroup.com\/sl\/wp-json\/wp\/v2\/types\/product"}],"wp:featuredmedia":[{"embeddable":true,"href":"https:\/\/hundtgroup.com\/sl\/wp-json\/wp\/v2\/media\/18269"}],"wp:attachment":[{"href":"https:\/\/hundtgroup.com\/sl\/wp-json\/wp\/v2\/media?parent=18308"}],"wp:term":[{"taxonomy":"product_cat","embeddable":true,"href":"https:\/\/hundtgroup.com\/sl\/wp-json\/wp\/v2\/product_cat?post=18308"},{"taxonomy":"product_tag","embeddable":true,"href":"https:\/\/hundtgroup.com\/sl\/wp-json\/wp\/v2\/product_tag?post=18308"}],"curies":[{"name":"wp","href":"https:\/\/api.w.org\/{rel}","templated":true}]}}