{"id":18331,"date":"2025-06-18T18:31:05","date_gmt":"2025-06-18T16:31:05","guid":{"rendered":"https:\/\/hundtgroup.com\/produkt\/knipex-diagonalni-rezalniki-70-02-2\/"},"modified":"2025-08-05T18:02:08","modified_gmt":"2025-08-05T16:02:08","slug":"knipex-diagonalni-rezalniki-70-02-2","status":"publish","type":"product","link":"https:\/\/hundtgroup.com\/sl\/produkt\/knipex-diagonalni-rezalniki-70-02-2\/","title":{"rendered":"KNIPEX Diagonalni rezalniki 70 02 125"},"content":{"rendered":"<p>Natan\u010dni rezalni robovi za mehko in trdo \u017eico, \u010disto rezanje tanke bakrene \u017eice, tudi na konicah rezalnih robov, vitka oblika glave, vanadijevo elektri\u010dno jeklo, trdota rezalnih robov pribli\u017eno 62 HRC, kovano, kaljeno v olju, ro\u010daji z ve\u010dkomponentnimi ro\u010daji.<\/p>\n","protected":false},"excerpt":{"rendered":"<p>Natan\u010dni rezalni robovi za mehko in trdo \u017eico, \u010disto rezanje tanke bakrene \u017eice, tudi na konicah rezalnih robov, vitka oblika glave, vanadijevo elektri\u010dno jeklo, trdota rezalnih robov pribli\u017eno 62 HRC, kovano, kaljeno v olju, ro\u010daji z ve\u010dkomponentnimi ro\u010daji.<\/p>\n","protected":false},"featured_media":18322,"template":"","meta":{"_acf_changed":false,"inline_featured_image":false},"product_cat":[1748,2111,2030],"product_tag":[],"class_list":{"0":"post-18331","1":"product","2":"type-product","3":"status-publish","4":"has-post-thumbnail","6":"brand-knipex","7":"product_cat-rocna-orodja","8":"product_cat-stranski-rezalnik","9":"product_cat-rezalna-orodja","11":"first","12":"instock","13":"taxable","14":"shipping-taxable","15":"purchasable","16":"product-type-simple","17":"add-to-wishlist-before_image"},"acf":[],"yoast_head":"<!-- This site is optimized with the Yoast SEO plugin v27.3 - https:\/\/yoast.com\/product\/yoast-seo-wordpress\/ -->\n<title>KNIPEX Diagonalni rezalniki 70 02 125 - Wilhelm Hundt GmbH<\/title>\n<meta name=\"robots\" content=\"index, follow, max-snippet:-1, max-image-preview:large, max-video-preview:-1\" \/>\n<link rel=\"canonical\" href=\"https:\/\/hundtgroup.com\/sl\/produkt\/knipex-diagonalni-rezalniki-70-02-2\/\" \/>\n<meta property=\"og:locale\" content=\"sl_SI\" \/>\n<meta property=\"og:type\" content=\"article\" \/>\n<meta property=\"og:title\" content=\"KNIPEX Diagonalni rezalniki 70 02 125 - Wilhelm Hundt GmbH\" \/>\n<meta property=\"og:description\" content=\"Natan\u010dni rezalni robovi za mehko in trdo \u017eico, \u010disto rezanje tanke bakrene \u017eice, tudi na konicah rezalnih robov, vitka oblika glave, vanadijevo elektri\u010dno jeklo, trdota rezalnih robov pribli\u017eno 62 HRC, kovano, kaljeno v olju, ro\u010daji z ve\u010dkomponentnimi ro\u010daji.\" \/>\n<meta property=\"og:url\" content=\"https:\/\/hundtgroup.com\/sl\/produkt\/knipex-diagonalni-rezalniki-70-02-2\/\" \/>\n<meta property=\"og:site_name\" content=\"Wilhelm Hundt GmbH\" \/>\n<meta property=\"article:modified_time\" content=\"2025-08-05T16:02:08+00:00\" \/>\n<meta property=\"og:image\" content=\"https:\/\/hundtgroup.com\/wp-content\/uploads\/410573.jpg\" \/>\n\t<meta property=\"og:image:width\" content=\"1000\" \/>\n\t<meta property=\"og:image:height\" content=\"1000\" \/>\n\t<meta property=\"og:image:type\" content=\"image\/jpeg\" \/>\n<meta name=\"twitter:card\" content=\"summary_large_image\" \/>\n<script type=\"application\/ld+json\" class=\"yoast-schema-graph\">{\"@context\":\"https:\\\/\\\/schema.org\",\"@graph\":[{\"@type\":\"WebPage\",\"@id\":\"https:\\\/\\\/hundtgroup.com\\\/sl\\\/produkt\\\/knipex-diagonalni-rezalniki-70-02-2\\\/\",\"url\":\"https:\\\/\\\/hundtgroup.com\\\/sl\\\/produkt\\\/knipex-diagonalni-rezalniki-70-02-2\\\/\",\"name\":\"KNIPEX Diagonalni rezalniki 70 02 125 - Wilhelm Hundt GmbH\",\"isPartOf\":{\"@id\":\"https:\\\/\\\/hundtgroup.com\\\/sl\\\/#website\"},\"primaryImageOfPage\":{\"@id\":\"https:\\\/\\\/hundtgroup.com\\\/sl\\\/produkt\\\/knipex-diagonalni-rezalniki-70-02-2\\\/#primaryimage\"},\"image\":{\"@id\":\"https:\\\/\\\/hundtgroup.com\\\/sl\\\/produkt\\\/knipex-diagonalni-rezalniki-70-02-2\\\/#primaryimage\"},\"thumbnailUrl\":\"https:\\\/\\\/hundtgroup.com\\\/wp-content\\\/uploads\\\/410573.jpg\",\"datePublished\":\"2025-06-18T16:31:05+00:00\",\"dateModified\":\"2025-08-05T16:02:08+00:00\",\"breadcrumb\":{\"@id\":\"https:\\\/\\\/hundtgroup.com\\\/sl\\\/produkt\\\/knipex-diagonalni-rezalniki-70-02-2\\\/#breadcrumb\"},\"inLanguage\":\"sl-SI\",\"potentialAction\":[{\"@type\":\"ReadAction\",\"target\":[\"https:\\\/\\\/hundtgroup.com\\\/sl\\\/produkt\\\/knipex-diagonalni-rezalniki-70-02-2\\\/\"]}]},{\"@type\":\"ImageObject\",\"inLanguage\":\"sl-SI\",\"@id\":\"https:\\\/\\\/hundtgroup.com\\\/sl\\\/produkt\\\/knipex-diagonalni-rezalniki-70-02-2\\\/#primaryimage\",\"url\":\"https:\\\/\\\/hundtgroup.com\\\/wp-content\\\/uploads\\\/410573.jpg\",\"contentUrl\":\"https:\\\/\\\/hundtgroup.com\\\/wp-content\\\/uploads\\\/410573.jpg\",\"width\":1000,\"height\":1000},{\"@type\":\"BreadcrumbList\",\"@id\":\"https:\\\/\\\/hundtgroup.com\\\/sl\\\/produkt\\\/knipex-diagonalni-rezalniki-70-02-2\\\/#breadcrumb\",\"itemListElement\":[{\"@type\":\"ListItem\",\"position\":1,\"name\":\"Startseite\",\"item\":\"https:\\\/\\\/hundtgroup.com\\\/sl\\\/domov-novo\\\/\"},{\"@type\":\"ListItem\",\"position\":2,\"name\":\"Trgovina\",\"item\":\"https:\\\/\\\/hundtgroup.com\\\/trgovina\\\/\"},{\"@type\":\"ListItem\",\"position\":3,\"name\":\"KNIPEX Diagonalni rezalniki 70 02 125\"}]},{\"@type\":\"WebSite\",\"@id\":\"https:\\\/\\\/hundtgroup.com\\\/sl\\\/#website\",\"url\":\"https:\\\/\\\/hundtgroup.com\\\/sl\\\/\",\"name\":\"Wilhelm Hundt GmbH\",\"description\":\"Va\u0161 specialist za stroje in orodja za obdelavo plo\u010devine\",\"potentialAction\":[{\"@type\":\"SearchAction\",\"target\":{\"@type\":\"EntryPoint\",\"urlTemplate\":\"https:\\\/\\\/hundtgroup.com\\\/sl\\\/?s={search_term_string}\"},\"query-input\":{\"@type\":\"PropertyValueSpecification\",\"valueRequired\":true,\"valueName\":\"search_term_string\"}}],\"inLanguage\":\"sl-SI\"}]}<\/script>\n<!-- \/ Yoast SEO plugin. -->","yoast_head_json":{"title":"KNIPEX Diagonalni rezalniki 70 02 125 - Wilhelm Hundt GmbH","robots":{"index":"index","follow":"follow","max-snippet":"max-snippet:-1","max-image-preview":"max-image-preview:large","max-video-preview":"max-video-preview:-1"},"canonical":"https:\/\/hundtgroup.com\/sl\/produkt\/knipex-diagonalni-rezalniki-70-02-2\/","og_locale":"sl_SI","og_type":"article","og_title":"KNIPEX Diagonalni rezalniki 70 02 125 - Wilhelm Hundt GmbH","og_description":"Natan\u010dni rezalni robovi za mehko in trdo \u017eico, \u010disto rezanje tanke bakrene \u017eice, tudi na konicah rezalnih robov, vitka oblika glave, vanadijevo elektri\u010dno jeklo, trdota rezalnih robov pribli\u017eno 62 HRC, kovano, kaljeno v olju, ro\u010daji z ve\u010dkomponentnimi ro\u010daji.","og_url":"https:\/\/hundtgroup.com\/sl\/produkt\/knipex-diagonalni-rezalniki-70-02-2\/","og_site_name":"Wilhelm Hundt GmbH","article_modified_time":"2025-08-05T16:02:08+00:00","og_image":[{"width":1000,"height":1000,"url":"https:\/\/hundtgroup.com\/wp-content\/uploads\/410573.jpg","type":"image\/jpeg"}],"twitter_card":"summary_large_image","schema":{"@context":"https:\/\/schema.org","@graph":[{"@type":"WebPage","@id":"https:\/\/hundtgroup.com\/sl\/produkt\/knipex-diagonalni-rezalniki-70-02-2\/","url":"https:\/\/hundtgroup.com\/sl\/produkt\/knipex-diagonalni-rezalniki-70-02-2\/","name":"KNIPEX Diagonalni rezalniki 70 02 125 - Wilhelm Hundt GmbH","isPartOf":{"@id":"https:\/\/hundtgroup.com\/sl\/#website"},"primaryImageOfPage":{"@id":"https:\/\/hundtgroup.com\/sl\/produkt\/knipex-diagonalni-rezalniki-70-02-2\/#primaryimage"},"image":{"@id":"https:\/\/hundtgroup.com\/sl\/produkt\/knipex-diagonalni-rezalniki-70-02-2\/#primaryimage"},"thumbnailUrl":"https:\/\/hundtgroup.com\/wp-content\/uploads\/410573.jpg","datePublished":"2025-06-18T16:31:05+00:00","dateModified":"2025-08-05T16:02:08+00:00","breadcrumb":{"@id":"https:\/\/hundtgroup.com\/sl\/produkt\/knipex-diagonalni-rezalniki-70-02-2\/#breadcrumb"},"inLanguage":"sl-SI","potentialAction":[{"@type":"ReadAction","target":["https:\/\/hundtgroup.com\/sl\/produkt\/knipex-diagonalni-rezalniki-70-02-2\/"]}]},{"@type":"ImageObject","inLanguage":"sl-SI","@id":"https:\/\/hundtgroup.com\/sl\/produkt\/knipex-diagonalni-rezalniki-70-02-2\/#primaryimage","url":"https:\/\/hundtgroup.com\/wp-content\/uploads\/410573.jpg","contentUrl":"https:\/\/hundtgroup.com\/wp-content\/uploads\/410573.jpg","width":1000,"height":1000},{"@type":"BreadcrumbList","@id":"https:\/\/hundtgroup.com\/sl\/produkt\/knipex-diagonalni-rezalniki-70-02-2\/#breadcrumb","itemListElement":[{"@type":"ListItem","position":1,"name":"Startseite","item":"https:\/\/hundtgroup.com\/sl\/domov-novo\/"},{"@type":"ListItem","position":2,"name":"Trgovina","item":"https:\/\/hundtgroup.com\/trgovina\/"},{"@type":"ListItem","position":3,"name":"KNIPEX Diagonalni rezalniki 70 02 125"}]},{"@type":"WebSite","@id":"https:\/\/hundtgroup.com\/sl\/#website","url":"https:\/\/hundtgroup.com\/sl\/","name":"Wilhelm Hundt GmbH","description":"Va\u0161 specialist za stroje in orodja za obdelavo plo\u010devine","potentialAction":[{"@type":"SearchAction","target":{"@type":"EntryPoint","urlTemplate":"https:\/\/hundtgroup.com\/sl\/?s={search_term_string}"},"query-input":{"@type":"PropertyValueSpecification","valueRequired":true,"valueName":"search_term_string"}}],"inLanguage":"sl-SI"}]}},"_links":{"self":[{"href":"https:\/\/hundtgroup.com\/sl\/wp-json\/wp\/v2\/product\/18331","targetHints":{"allow":["GET"]}}],"collection":[{"href":"https:\/\/hundtgroup.com\/sl\/wp-json\/wp\/v2\/product"}],"about":[{"href":"https:\/\/hundtgroup.com\/sl\/wp-json\/wp\/v2\/types\/product"}],"wp:featuredmedia":[{"embeddable":true,"href":"https:\/\/hundtgroup.com\/sl\/wp-json\/wp\/v2\/media\/18322"}],"wp:attachment":[{"href":"https:\/\/hundtgroup.com\/sl\/wp-json\/wp\/v2\/media?parent=18331"}],"wp:term":[{"taxonomy":"product_cat","embeddable":true,"href":"https:\/\/hundtgroup.com\/sl\/wp-json\/wp\/v2\/product_cat?post=18331"},{"taxonomy":"product_tag","embeddable":true,"href":"https:\/\/hundtgroup.com\/sl\/wp-json\/wp\/v2\/product_tag?post=18331"}],"curies":[{"name":"wp","href":"https:\/\/api.w.org\/{rel}","templated":true}]}}