{"id":18481,"date":"2025-06-18T18:31:10","date_gmt":"2025-06-18T16:31:10","guid":{"rendered":"https:\/\/hundtgroup.com\/produkt\/rezalnik-za-preproge-hundt-z-lesenimi-rocaji\/"},"modified":"2025-08-05T17:50:45","modified_gmt":"2025-08-05T15:50:45","slug":"rezalnik-za-preproge-hundt-z-lesenimi-rocaji","status":"publish","type":"product","link":"https:\/\/hundtgroup.com\/sl\/produkt\/rezalnik-za-preproge-hundt-z-lesenimi-rocaji\/","title":{"rendered":"Rezalnik za preproge Hundt z lesenimi ro\u010daji"},"content":{"rendered":"<p>Zmogljive, v kapljici kovane \u0161karje za izolacijo<br \/>\nPosebne kotne \u0161karje<br \/>\nKaljeni rezalni robovi<br \/>\nRobustni leseni ro\u010daji<br \/>\nZa rezanje izolacijskih materialov, kot so steklena in kamena volna, ekspandirana kovina, nosilci in \u017eica za omet.<\/p>\n","protected":false},"excerpt":{"rendered":"<p>Zmogljive, v kapljici kovane \u0161karje za izolacijo Posebne kotne \u0161karje Kaljeni rezalni robovi Robustni leseni ro\u010daji Za rezanje izolacijskih materialov, kot so steklena in kamena volna, ekspandirana kovina, nosilci in \u017eica za omet.<\/p>\n","protected":false},"featured_media":18483,"template":"","meta":{"_acf_changed":false,"inline_featured_image":false},"product_cat":[1748,2030,2094],"product_tag":[],"class_list":{"0":"post-18481","1":"product","2":"type-product","3":"status-publish","4":"has-post-thumbnail","6":"brand-hundt","7":"product_cat-rocna-orodja","8":"product_cat-rezalna-orodja","9":"product_cat-skarje-za-preproge","11":"first","12":"instock","13":"taxable","14":"shipping-taxable","15":"purchasable","16":"product-type-simple","17":"add-to-wishlist-before_image"},"acf":[],"yoast_head":"<!-- This site is optimized with the Yoast SEO plugin v27.3 - https:\/\/yoast.com\/product\/yoast-seo-wordpress\/ -->\n<title>Rezalnik za preproge Hundt z lesenimi ro\u010daji - Wilhelm Hundt GmbH<\/title>\n<meta name=\"robots\" content=\"index, follow, max-snippet:-1, max-image-preview:large, max-video-preview:-1\" \/>\n<link rel=\"canonical\" href=\"https:\/\/hundtgroup.com\/sl\/produkt\/rezalnik-za-preproge-hundt-z-lesenimi-rocaji\/\" \/>\n<meta property=\"og:locale\" content=\"sl_SI\" \/>\n<meta property=\"og:type\" content=\"article\" \/>\n<meta property=\"og:title\" content=\"Rezalnik za preproge Hundt z lesenimi ro\u010daji - Wilhelm Hundt GmbH\" \/>\n<meta property=\"og:description\" content=\"Zmogljive, v kapljici kovane \u0161karje za izolacijo Posebne kotne \u0161karje Kaljeni rezalni robovi Robustni leseni ro\u010daji Za rezanje izolacijskih materialov, kot so steklena in kamena volna, ekspandirana kovina, nosilci in \u017eica za omet.\" \/>\n<meta property=\"og:url\" content=\"https:\/\/hundtgroup.com\/sl\/produkt\/rezalnik-za-preproge-hundt-z-lesenimi-rocaji\/\" \/>\n<meta property=\"og:site_name\" content=\"Wilhelm Hundt GmbH\" \/>\n<meta property=\"article:modified_time\" content=\"2025-08-05T15:50:45+00:00\" \/>\n<meta property=\"og:image\" content=\"https:\/\/hundtgroup.com\/wp-content\/uploads\/470200-scaled.jpg\" \/>\n\t<meta property=\"og:image:width\" content=\"2560\" \/>\n\t<meta property=\"og:image:height\" content=\"1705\" \/>\n\t<meta property=\"og:image:type\" content=\"image\/jpeg\" \/>\n<meta name=\"twitter:card\" content=\"summary_large_image\" \/>\n<script type=\"application\/ld+json\" class=\"yoast-schema-graph\">{\"@context\":\"https:\\\/\\\/schema.org\",\"@graph\":[{\"@type\":\"WebPage\",\"@id\":\"https:\\\/\\\/hundtgroup.com\\\/sl\\\/produkt\\\/rezalnik-za-preproge-hundt-z-lesenimi-rocaji\\\/\",\"url\":\"https:\\\/\\\/hundtgroup.com\\\/sl\\\/produkt\\\/rezalnik-za-preproge-hundt-z-lesenimi-rocaji\\\/\",\"name\":\"Rezalnik za preproge Hundt z lesenimi ro\u010daji - Wilhelm Hundt GmbH\",\"isPartOf\":{\"@id\":\"https:\\\/\\\/hundtgroup.com\\\/sl\\\/#website\"},\"primaryImageOfPage\":{\"@id\":\"https:\\\/\\\/hundtgroup.com\\\/sl\\\/produkt\\\/rezalnik-za-preproge-hundt-z-lesenimi-rocaji\\\/#primaryimage\"},\"image\":{\"@id\":\"https:\\\/\\\/hundtgroup.com\\\/sl\\\/produkt\\\/rezalnik-za-preproge-hundt-z-lesenimi-rocaji\\\/#primaryimage\"},\"thumbnailUrl\":\"https:\\\/\\\/hundtgroup.com\\\/wp-content\\\/uploads\\\/470200-scaled.jpg\",\"datePublished\":\"2025-06-18T16:31:10+00:00\",\"dateModified\":\"2025-08-05T15:50:45+00:00\",\"breadcrumb\":{\"@id\":\"https:\\\/\\\/hundtgroup.com\\\/sl\\\/produkt\\\/rezalnik-za-preproge-hundt-z-lesenimi-rocaji\\\/#breadcrumb\"},\"inLanguage\":\"sl-SI\",\"potentialAction\":[{\"@type\":\"ReadAction\",\"target\":[\"https:\\\/\\\/hundtgroup.com\\\/sl\\\/produkt\\\/rezalnik-za-preproge-hundt-z-lesenimi-rocaji\\\/\"]}]},{\"@type\":\"ImageObject\",\"inLanguage\":\"sl-SI\",\"@id\":\"https:\\\/\\\/hundtgroup.com\\\/sl\\\/produkt\\\/rezalnik-za-preproge-hundt-z-lesenimi-rocaji\\\/#primaryimage\",\"url\":\"https:\\\/\\\/hundtgroup.com\\\/wp-content\\\/uploads\\\/470200-scaled.jpg\",\"contentUrl\":\"https:\\\/\\\/hundtgroup.com\\\/wp-content\\\/uploads\\\/470200-scaled.jpg\",\"width\":2560,\"height\":1705},{\"@type\":\"BreadcrumbList\",\"@id\":\"https:\\\/\\\/hundtgroup.com\\\/sl\\\/produkt\\\/rezalnik-za-preproge-hundt-z-lesenimi-rocaji\\\/#breadcrumb\",\"itemListElement\":[{\"@type\":\"ListItem\",\"position\":1,\"name\":\"Startseite\",\"item\":\"https:\\\/\\\/hundtgroup.com\\\/sl\\\/domov-novo\\\/\"},{\"@type\":\"ListItem\",\"position\":2,\"name\":\"Trgovina\",\"item\":\"https:\\\/\\\/hundtgroup.com\\\/trgovina\\\/\"},{\"@type\":\"ListItem\",\"position\":3,\"name\":\"Rezalnik za preproge Hundt z lesenimi ro\u010daji\"}]},{\"@type\":\"WebSite\",\"@id\":\"https:\\\/\\\/hundtgroup.com\\\/sl\\\/#website\",\"url\":\"https:\\\/\\\/hundtgroup.com\\\/sl\\\/\",\"name\":\"Wilhelm Hundt GmbH\",\"description\":\"Va\u0161 specialist za stroje in orodja za obdelavo plo\u010devine\",\"potentialAction\":[{\"@type\":\"SearchAction\",\"target\":{\"@type\":\"EntryPoint\",\"urlTemplate\":\"https:\\\/\\\/hundtgroup.com\\\/sl\\\/?s={search_term_string}\"},\"query-input\":{\"@type\":\"PropertyValueSpecification\",\"valueRequired\":true,\"valueName\":\"search_term_string\"}}],\"inLanguage\":\"sl-SI\"}]}<\/script>\n<!-- \/ Yoast SEO plugin. -->","yoast_head_json":{"title":"Rezalnik za preproge Hundt z lesenimi ro\u010daji - Wilhelm Hundt GmbH","robots":{"index":"index","follow":"follow","max-snippet":"max-snippet:-1","max-image-preview":"max-image-preview:large","max-video-preview":"max-video-preview:-1"},"canonical":"https:\/\/hundtgroup.com\/sl\/produkt\/rezalnik-za-preproge-hundt-z-lesenimi-rocaji\/","og_locale":"sl_SI","og_type":"article","og_title":"Rezalnik za preproge Hundt z lesenimi ro\u010daji - Wilhelm Hundt GmbH","og_description":"Zmogljive, v kapljici kovane \u0161karje za izolacijo Posebne kotne \u0161karje Kaljeni rezalni robovi Robustni leseni ro\u010daji Za rezanje izolacijskih materialov, kot so steklena in kamena volna, ekspandirana kovina, nosilci in \u017eica za omet.","og_url":"https:\/\/hundtgroup.com\/sl\/produkt\/rezalnik-za-preproge-hundt-z-lesenimi-rocaji\/","og_site_name":"Wilhelm Hundt GmbH","article_modified_time":"2025-08-05T15:50:45+00:00","og_image":[{"width":2560,"height":1705,"url":"https:\/\/hundtgroup.com\/wp-content\/uploads\/470200-scaled.jpg","type":"image\/jpeg"}],"twitter_card":"summary_large_image","schema":{"@context":"https:\/\/schema.org","@graph":[{"@type":"WebPage","@id":"https:\/\/hundtgroup.com\/sl\/produkt\/rezalnik-za-preproge-hundt-z-lesenimi-rocaji\/","url":"https:\/\/hundtgroup.com\/sl\/produkt\/rezalnik-za-preproge-hundt-z-lesenimi-rocaji\/","name":"Rezalnik za preproge Hundt z lesenimi ro\u010daji - Wilhelm Hundt GmbH","isPartOf":{"@id":"https:\/\/hundtgroup.com\/sl\/#website"},"primaryImageOfPage":{"@id":"https:\/\/hundtgroup.com\/sl\/produkt\/rezalnik-za-preproge-hundt-z-lesenimi-rocaji\/#primaryimage"},"image":{"@id":"https:\/\/hundtgroup.com\/sl\/produkt\/rezalnik-za-preproge-hundt-z-lesenimi-rocaji\/#primaryimage"},"thumbnailUrl":"https:\/\/hundtgroup.com\/wp-content\/uploads\/470200-scaled.jpg","datePublished":"2025-06-18T16:31:10+00:00","dateModified":"2025-08-05T15:50:45+00:00","breadcrumb":{"@id":"https:\/\/hundtgroup.com\/sl\/produkt\/rezalnik-za-preproge-hundt-z-lesenimi-rocaji\/#breadcrumb"},"inLanguage":"sl-SI","potentialAction":[{"@type":"ReadAction","target":["https:\/\/hundtgroup.com\/sl\/produkt\/rezalnik-za-preproge-hundt-z-lesenimi-rocaji\/"]}]},{"@type":"ImageObject","inLanguage":"sl-SI","@id":"https:\/\/hundtgroup.com\/sl\/produkt\/rezalnik-za-preproge-hundt-z-lesenimi-rocaji\/#primaryimage","url":"https:\/\/hundtgroup.com\/wp-content\/uploads\/470200-scaled.jpg","contentUrl":"https:\/\/hundtgroup.com\/wp-content\/uploads\/470200-scaled.jpg","width":2560,"height":1705},{"@type":"BreadcrumbList","@id":"https:\/\/hundtgroup.com\/sl\/produkt\/rezalnik-za-preproge-hundt-z-lesenimi-rocaji\/#breadcrumb","itemListElement":[{"@type":"ListItem","position":1,"name":"Startseite","item":"https:\/\/hundtgroup.com\/sl\/domov-novo\/"},{"@type":"ListItem","position":2,"name":"Trgovina","item":"https:\/\/hundtgroup.com\/trgovina\/"},{"@type":"ListItem","position":3,"name":"Rezalnik za preproge Hundt z lesenimi ro\u010daji"}]},{"@type":"WebSite","@id":"https:\/\/hundtgroup.com\/sl\/#website","url":"https:\/\/hundtgroup.com\/sl\/","name":"Wilhelm Hundt GmbH","description":"Va\u0161 specialist za stroje in orodja za obdelavo plo\u010devine","potentialAction":[{"@type":"SearchAction","target":{"@type":"EntryPoint","urlTemplate":"https:\/\/hundtgroup.com\/sl\/?s={search_term_string}"},"query-input":{"@type":"PropertyValueSpecification","valueRequired":true,"valueName":"search_term_string"}}],"inLanguage":"sl-SI"}]}},"_links":{"self":[{"href":"https:\/\/hundtgroup.com\/sl\/wp-json\/wp\/v2\/product\/18481","targetHints":{"allow":["GET"]}}],"collection":[{"href":"https:\/\/hundtgroup.com\/sl\/wp-json\/wp\/v2\/product"}],"about":[{"href":"https:\/\/hundtgroup.com\/sl\/wp-json\/wp\/v2\/types\/product"}],"wp:featuredmedia":[{"embeddable":true,"href":"https:\/\/hundtgroup.com\/sl\/wp-json\/wp\/v2\/media\/18483"}],"wp:attachment":[{"href":"https:\/\/hundtgroup.com\/sl\/wp-json\/wp\/v2\/media?parent=18481"}],"wp:term":[{"taxonomy":"product_cat","embeddable":true,"href":"https:\/\/hundtgroup.com\/sl\/wp-json\/wp\/v2\/product_cat?post=18481"},{"taxonomy":"product_tag","embeddable":true,"href":"https:\/\/hundtgroup.com\/sl\/wp-json\/wp\/v2\/product_tag?post=18481"}],"curies":[{"name":"wp","href":"https:\/\/api.w.org\/{rel}","templated":true}]}}