{"id":19579,"date":"2022-10-26T15:58:57","date_gmt":"2022-10-26T13:58:57","guid":{"rendered":"https:\/\/hundtgroup.com\/produkt\/hundtov-izolacijski-noz-ekstra-dolg-z-zago\/"},"modified":"2025-07-29T12:55:58","modified_gmt":"2025-07-29T10:55:58","slug":"hundtov-izolacijski-noz-ekstra-dolg-z-zago","status":"publish","type":"product","link":"https:\/\/hundtgroup.com\/sl\/produkt\/hundtov-izolacijski-noz-ekstra-dolg-z-zago\/","title":{"rendered":"Hundtov izolacijski no\u017e ekstra dolg z \u017eago"},"content":{"rendered":"<p>No\u017e za izolacijo za profesionalce<br \/>\nRezilo iz nerjave\u010dega jekla<br \/>\nPosebej primerno za debele izolacijske materiale<br \/>\nDol\u017eina rezila 300 mm s posebnim nazob\u010danim robom<br \/>\nIzjemno robusten no\u017e z debelino rezila 2,5 mm<br \/>\nNedrse\u010d plasti\u010dni ro\u010daj<\/p>\n","protected":false},"excerpt":{"rendered":"<p>No\u017e za izolacijo za profesionalce Rezilo iz nerjave\u010dega jekla Posebej primerno za debele izolacijske materiale Dol\u017eina rezila 300 mm s posebnim nazob\u010danim robom Izjemno robusten no\u017e z debelino rezila 2,5 mm Nedrse\u010d plasti\u010dni ro\u010daj<\/p>\n","protected":false},"featured_media":19580,"template":"","meta":{"_acf_changed":false,"inline_featured_image":false},"product_cat":[1748,2030,2097,2095],"product_tag":[],"class_list":{"0":"post-19579","1":"product","2":"type-product","3":"status-publish","4":"has-post-thumbnail","6":"brand-hundt","7":"product_cat-rocna-orodja","8":"product_cat-rezalna-orodja","9":"product_cat-izolacijski-noz","10":"product_cat-nozi","12":"first","13":"instock","14":"taxable","15":"shipping-taxable","16":"purchasable","17":"product-type-simple","18":"add-to-wishlist-before_image"},"acf":[],"yoast_head":"<!-- This site is optimized with the Yoast SEO plugin v27.3 - https:\/\/yoast.com\/product\/yoast-seo-wordpress\/ -->\n<title>Hundtov izolacijski no\u017e ekstra dolg z \u017eago - Wilhelm Hundt GmbH<\/title>\n<meta name=\"robots\" content=\"index, follow, max-snippet:-1, max-image-preview:large, max-video-preview:-1\" \/>\n<link rel=\"canonical\" href=\"https:\/\/hundtgroup.com\/sl\/produkt\/hundtov-izolacijski-noz-ekstra-dolg-z-zago\/\" \/>\n<meta property=\"og:locale\" content=\"sl_SI\" \/>\n<meta property=\"og:type\" content=\"article\" \/>\n<meta property=\"og:title\" content=\"Hundtov izolacijski no\u017e ekstra dolg z \u017eago - Wilhelm Hundt GmbH\" \/>\n<meta property=\"og:description\" content=\"No\u017e za izolacijo za profesionalce Rezilo iz nerjave\u010dega jekla Posebej primerno za debele izolacijske materiale Dol\u017eina rezila 300 mm s posebnim nazob\u010danim robom Izjemno robusten no\u017e z debelino rezila 2,5 mm Nedrse\u010d plasti\u010dni ro\u010daj\" \/>\n<meta property=\"og:url\" content=\"https:\/\/hundtgroup.com\/sl\/produkt\/hundtov-izolacijski-noz-ekstra-dolg-z-zago\/\" \/>\n<meta property=\"og:site_name\" content=\"Wilhelm Hundt GmbH\" \/>\n<meta property=\"article:modified_time\" content=\"2025-07-29T10:55:58+00:00\" \/>\n<meta property=\"og:image\" content=\"https:\/\/hundtgroup.com\/wp-content\/uploads\/470204.png\" \/>\n\t<meta property=\"og:image:width\" content=\"827\" \/>\n\t<meta property=\"og:image:height\" content=\"117\" \/>\n\t<meta property=\"og:image:type\" content=\"image\/png\" \/>\n<meta name=\"twitter:card\" content=\"summary_large_image\" \/>\n<script type=\"application\/ld+json\" class=\"yoast-schema-graph\">{\"@context\":\"https:\\\/\\\/schema.org\",\"@graph\":[{\"@type\":\"WebPage\",\"@id\":\"https:\\\/\\\/hundtgroup.com\\\/sl\\\/produkt\\\/hundtov-izolacijski-noz-ekstra-dolg-z-zago\\\/\",\"url\":\"https:\\\/\\\/hundtgroup.com\\\/sl\\\/produkt\\\/hundtov-izolacijski-noz-ekstra-dolg-z-zago\\\/\",\"name\":\"Hundtov izolacijski no\u017e ekstra dolg z \u017eago - Wilhelm Hundt GmbH\",\"isPartOf\":{\"@id\":\"https:\\\/\\\/hundtgroup.com\\\/sl\\\/#website\"},\"primaryImageOfPage\":{\"@id\":\"https:\\\/\\\/hundtgroup.com\\\/sl\\\/produkt\\\/hundtov-izolacijski-noz-ekstra-dolg-z-zago\\\/#primaryimage\"},\"image\":{\"@id\":\"https:\\\/\\\/hundtgroup.com\\\/sl\\\/produkt\\\/hundtov-izolacijski-noz-ekstra-dolg-z-zago\\\/#primaryimage\"},\"thumbnailUrl\":\"https:\\\/\\\/hundtgroup.com\\\/wp-content\\\/uploads\\\/470204.png\",\"datePublished\":\"2022-10-26T13:58:57+00:00\",\"dateModified\":\"2025-07-29T10:55:58+00:00\",\"breadcrumb\":{\"@id\":\"https:\\\/\\\/hundtgroup.com\\\/sl\\\/produkt\\\/hundtov-izolacijski-noz-ekstra-dolg-z-zago\\\/#breadcrumb\"},\"inLanguage\":\"sl-SI\",\"potentialAction\":[{\"@type\":\"ReadAction\",\"target\":[\"https:\\\/\\\/hundtgroup.com\\\/sl\\\/produkt\\\/hundtov-izolacijski-noz-ekstra-dolg-z-zago\\\/\"]}]},{\"@type\":\"ImageObject\",\"inLanguage\":\"sl-SI\",\"@id\":\"https:\\\/\\\/hundtgroup.com\\\/sl\\\/produkt\\\/hundtov-izolacijski-noz-ekstra-dolg-z-zago\\\/#primaryimage\",\"url\":\"https:\\\/\\\/hundtgroup.com\\\/wp-content\\\/uploads\\\/470204.png\",\"contentUrl\":\"https:\\\/\\\/hundtgroup.com\\\/wp-content\\\/uploads\\\/470204.png\",\"width\":827,\"height\":117},{\"@type\":\"BreadcrumbList\",\"@id\":\"https:\\\/\\\/hundtgroup.com\\\/sl\\\/produkt\\\/hundtov-izolacijski-noz-ekstra-dolg-z-zago\\\/#breadcrumb\",\"itemListElement\":[{\"@type\":\"ListItem\",\"position\":1,\"name\":\"Startseite\",\"item\":\"https:\\\/\\\/hundtgroup.com\\\/sl\\\/domov-novo\\\/\"},{\"@type\":\"ListItem\",\"position\":2,\"name\":\"Trgovina\",\"item\":\"https:\\\/\\\/hundtgroup.com\\\/trgovina\\\/\"},{\"@type\":\"ListItem\",\"position\":3,\"name\":\"Hundtov izolacijski no\u017e ekstra dolg z \u017eago\"}]},{\"@type\":\"WebSite\",\"@id\":\"https:\\\/\\\/hundtgroup.com\\\/sl\\\/#website\",\"url\":\"https:\\\/\\\/hundtgroup.com\\\/sl\\\/\",\"name\":\"Wilhelm Hundt GmbH\",\"description\":\"Va\u0161 specialist za stroje in orodja za obdelavo plo\u010devine\",\"potentialAction\":[{\"@type\":\"SearchAction\",\"target\":{\"@type\":\"EntryPoint\",\"urlTemplate\":\"https:\\\/\\\/hundtgroup.com\\\/sl\\\/?s={search_term_string}\"},\"query-input\":{\"@type\":\"PropertyValueSpecification\",\"valueRequired\":true,\"valueName\":\"search_term_string\"}}],\"inLanguage\":\"sl-SI\"}]}<\/script>\n<!-- \/ Yoast SEO plugin. -->","yoast_head_json":{"title":"Hundtov izolacijski no\u017e ekstra dolg z \u017eago - Wilhelm Hundt GmbH","robots":{"index":"index","follow":"follow","max-snippet":"max-snippet:-1","max-image-preview":"max-image-preview:large","max-video-preview":"max-video-preview:-1"},"canonical":"https:\/\/hundtgroup.com\/sl\/produkt\/hundtov-izolacijski-noz-ekstra-dolg-z-zago\/","og_locale":"sl_SI","og_type":"article","og_title":"Hundtov izolacijski no\u017e ekstra dolg z \u017eago - Wilhelm Hundt GmbH","og_description":"No\u017e za izolacijo za profesionalce Rezilo iz nerjave\u010dega jekla Posebej primerno za debele izolacijske materiale Dol\u017eina rezila 300 mm s posebnim nazob\u010danim robom Izjemno robusten no\u017e z debelino rezila 2,5 mm Nedrse\u010d plasti\u010dni ro\u010daj","og_url":"https:\/\/hundtgroup.com\/sl\/produkt\/hundtov-izolacijski-noz-ekstra-dolg-z-zago\/","og_site_name":"Wilhelm Hundt GmbH","article_modified_time":"2025-07-29T10:55:58+00:00","og_image":[{"width":827,"height":117,"url":"https:\/\/hundtgroup.com\/wp-content\/uploads\/470204.png","type":"image\/png"}],"twitter_card":"summary_large_image","schema":{"@context":"https:\/\/schema.org","@graph":[{"@type":"WebPage","@id":"https:\/\/hundtgroup.com\/sl\/produkt\/hundtov-izolacijski-noz-ekstra-dolg-z-zago\/","url":"https:\/\/hundtgroup.com\/sl\/produkt\/hundtov-izolacijski-noz-ekstra-dolg-z-zago\/","name":"Hundtov izolacijski no\u017e ekstra dolg z \u017eago - Wilhelm Hundt GmbH","isPartOf":{"@id":"https:\/\/hundtgroup.com\/sl\/#website"},"primaryImageOfPage":{"@id":"https:\/\/hundtgroup.com\/sl\/produkt\/hundtov-izolacijski-noz-ekstra-dolg-z-zago\/#primaryimage"},"image":{"@id":"https:\/\/hundtgroup.com\/sl\/produkt\/hundtov-izolacijski-noz-ekstra-dolg-z-zago\/#primaryimage"},"thumbnailUrl":"https:\/\/hundtgroup.com\/wp-content\/uploads\/470204.png","datePublished":"2022-10-26T13:58:57+00:00","dateModified":"2025-07-29T10:55:58+00:00","breadcrumb":{"@id":"https:\/\/hundtgroup.com\/sl\/produkt\/hundtov-izolacijski-noz-ekstra-dolg-z-zago\/#breadcrumb"},"inLanguage":"sl-SI","potentialAction":[{"@type":"ReadAction","target":["https:\/\/hundtgroup.com\/sl\/produkt\/hundtov-izolacijski-noz-ekstra-dolg-z-zago\/"]}]},{"@type":"ImageObject","inLanguage":"sl-SI","@id":"https:\/\/hundtgroup.com\/sl\/produkt\/hundtov-izolacijski-noz-ekstra-dolg-z-zago\/#primaryimage","url":"https:\/\/hundtgroup.com\/wp-content\/uploads\/470204.png","contentUrl":"https:\/\/hundtgroup.com\/wp-content\/uploads\/470204.png","width":827,"height":117},{"@type":"BreadcrumbList","@id":"https:\/\/hundtgroup.com\/sl\/produkt\/hundtov-izolacijski-noz-ekstra-dolg-z-zago\/#breadcrumb","itemListElement":[{"@type":"ListItem","position":1,"name":"Startseite","item":"https:\/\/hundtgroup.com\/sl\/domov-novo\/"},{"@type":"ListItem","position":2,"name":"Trgovina","item":"https:\/\/hundtgroup.com\/trgovina\/"},{"@type":"ListItem","position":3,"name":"Hundtov izolacijski no\u017e ekstra dolg z \u017eago"}]},{"@type":"WebSite","@id":"https:\/\/hundtgroup.com\/sl\/#website","url":"https:\/\/hundtgroup.com\/sl\/","name":"Wilhelm Hundt GmbH","description":"Va\u0161 specialist za stroje in orodja za obdelavo plo\u010devine","potentialAction":[{"@type":"SearchAction","target":{"@type":"EntryPoint","urlTemplate":"https:\/\/hundtgroup.com\/sl\/?s={search_term_string}"},"query-input":{"@type":"PropertyValueSpecification","valueRequired":true,"valueName":"search_term_string"}}],"inLanguage":"sl-SI"}]}},"_links":{"self":[{"href":"https:\/\/hundtgroup.com\/sl\/wp-json\/wp\/v2\/product\/19579","targetHints":{"allow":["GET"]}}],"collection":[{"href":"https:\/\/hundtgroup.com\/sl\/wp-json\/wp\/v2\/product"}],"about":[{"href":"https:\/\/hundtgroup.com\/sl\/wp-json\/wp\/v2\/types\/product"}],"wp:featuredmedia":[{"embeddable":true,"href":"https:\/\/hundtgroup.com\/sl\/wp-json\/wp\/v2\/media\/19580"}],"wp:attachment":[{"href":"https:\/\/hundtgroup.com\/sl\/wp-json\/wp\/v2\/media?parent=19579"}],"wp:term":[{"taxonomy":"product_cat","embeddable":true,"href":"https:\/\/hundtgroup.com\/sl\/wp-json\/wp\/v2\/product_cat?post=19579"},{"taxonomy":"product_tag","embeddable":true,"href":"https:\/\/hundtgroup.com\/sl\/wp-json\/wp\/v2\/product_tag?post=19579"}],"curies":[{"name":"wp","href":"https:\/\/api.w.org\/{rel}","templated":true}]}}