{"id":19773,"date":"2022-10-26T15:58:47","date_gmt":"2022-10-26T13:58:47","guid":{"rendered":"https:\/\/hundtgroup.com\/produkt\/kljucavnicarsko-kladivo-jasanov-rocaj-1000-g\/"},"modified":"2025-08-04T22:44:14","modified_gmt":"2025-08-04T20:44:14","slug":"kljucavnicarsko-kladivo-jasanov-rocaj-1000-g","status":"publish","type":"product","link":"https:\/\/hundtgroup.com\/sl\/produkt\/kljucavnicarsko-kladivo-jasanov-rocaj-1000-g\/","title":{"rendered":"Klju\u010davni\u010darsko kladivo Jasanov ro\u010daj 1000 g"},"content":{"rendered":"<p>DIN 1041, testirano po standardu GS<\/p>\n","protected":false},"excerpt":{"rendered":"<p>DIN 1041, testirano po standardu GS<\/p>\n","protected":false},"featured_media":19776,"template":"","meta":{"_acf_changed":false,"inline_featured_image":false},"product_cat":[1748,2025,1749],"product_tag":[],"class_list":{"0":"post-19773","1":"product","2":"type-product","3":"status-publish","4":"has-post-thumbnail","6":"brand-hundt","7":"product_cat-rocna-orodja","8":"product_cat-kljucavnicarska-kladiva","9":"product_cat-kladiva-sl","11":"first","12":"instock","13":"taxable","14":"shipping-taxable","15":"purchasable","16":"product-type-simple","17":"add-to-wishlist-before_image"},"acf":[],"yoast_head":"<!-- This site is optimized with the Yoast SEO plugin v27.3 - https:\/\/yoast.com\/product\/yoast-seo-wordpress\/ -->\n<title>Klju\u010davni\u010darsko kladivo Jasanov ro\u010daj 1000 g - Wilhelm Hundt GmbH<\/title>\n<meta name=\"robots\" content=\"index, follow, max-snippet:-1, max-image-preview:large, max-video-preview:-1\" \/>\n<link rel=\"canonical\" href=\"https:\/\/hundtgroup.com\/sl\/produkt\/kljucavnicarsko-kladivo-jasanov-rocaj-1000-g\/\" \/>\n<meta property=\"og:locale\" content=\"sl_SI\" \/>\n<meta property=\"og:type\" content=\"article\" \/>\n<meta property=\"og:title\" content=\"Klju\u010davni\u010darsko kladivo Jasanov ro\u010daj 1000 g - Wilhelm Hundt GmbH\" \/>\n<meta property=\"og:description\" content=\"DIN 1041, testirano po standardu GS\" \/>\n<meta property=\"og:url\" content=\"https:\/\/hundtgroup.com\/sl\/produkt\/kljucavnicarsko-kladivo-jasanov-rocaj-1000-g\/\" \/>\n<meta property=\"og:site_name\" content=\"Wilhelm Hundt GmbH\" \/>\n<meta property=\"article:modified_time\" content=\"2025-08-04T20:44:14+00:00\" \/>\n<meta property=\"og:image\" content=\"https:\/\/hundtgroup.com\/wp-content\/uploads\/430315.png\" \/>\n\t<meta property=\"og:image:width\" content=\"798\" \/>\n\t<meta property=\"og:image:height\" content=\"294\" \/>\n\t<meta property=\"og:image:type\" content=\"image\/png\" \/>\n<meta name=\"twitter:card\" content=\"summary_large_image\" \/>\n<script type=\"application\/ld+json\" class=\"yoast-schema-graph\">{\"@context\":\"https:\\\/\\\/schema.org\",\"@graph\":[{\"@type\":\"WebPage\",\"@id\":\"https:\\\/\\\/hundtgroup.com\\\/sl\\\/produkt\\\/kljucavnicarsko-kladivo-jasanov-rocaj-1000-g\\\/\",\"url\":\"https:\\\/\\\/hundtgroup.com\\\/sl\\\/produkt\\\/kljucavnicarsko-kladivo-jasanov-rocaj-1000-g\\\/\",\"name\":\"Klju\u010davni\u010darsko kladivo Jasanov ro\u010daj 1000 g - Wilhelm Hundt GmbH\",\"isPartOf\":{\"@id\":\"https:\\\/\\\/hundtgroup.com\\\/sl\\\/#website\"},\"primaryImageOfPage\":{\"@id\":\"https:\\\/\\\/hundtgroup.com\\\/sl\\\/produkt\\\/kljucavnicarsko-kladivo-jasanov-rocaj-1000-g\\\/#primaryimage\"},\"image\":{\"@id\":\"https:\\\/\\\/hundtgroup.com\\\/sl\\\/produkt\\\/kljucavnicarsko-kladivo-jasanov-rocaj-1000-g\\\/#primaryimage\"},\"thumbnailUrl\":\"https:\\\/\\\/hundtgroup.com\\\/wp-content\\\/uploads\\\/430315.png\",\"datePublished\":\"2022-10-26T13:58:47+00:00\",\"dateModified\":\"2025-08-04T20:44:14+00:00\",\"breadcrumb\":{\"@id\":\"https:\\\/\\\/hundtgroup.com\\\/sl\\\/produkt\\\/kljucavnicarsko-kladivo-jasanov-rocaj-1000-g\\\/#breadcrumb\"},\"inLanguage\":\"sl-SI\",\"potentialAction\":[{\"@type\":\"ReadAction\",\"target\":[\"https:\\\/\\\/hundtgroup.com\\\/sl\\\/produkt\\\/kljucavnicarsko-kladivo-jasanov-rocaj-1000-g\\\/\"]}]},{\"@type\":\"ImageObject\",\"inLanguage\":\"sl-SI\",\"@id\":\"https:\\\/\\\/hundtgroup.com\\\/sl\\\/produkt\\\/kljucavnicarsko-kladivo-jasanov-rocaj-1000-g\\\/#primaryimage\",\"url\":\"https:\\\/\\\/hundtgroup.com\\\/wp-content\\\/uploads\\\/430315.png\",\"contentUrl\":\"https:\\\/\\\/hundtgroup.com\\\/wp-content\\\/uploads\\\/430315.png\",\"width\":798,\"height\":294},{\"@type\":\"BreadcrumbList\",\"@id\":\"https:\\\/\\\/hundtgroup.com\\\/sl\\\/produkt\\\/kljucavnicarsko-kladivo-jasanov-rocaj-1000-g\\\/#breadcrumb\",\"itemListElement\":[{\"@type\":\"ListItem\",\"position\":1,\"name\":\"Startseite\",\"item\":\"https:\\\/\\\/hundtgroup.com\\\/sl\\\/domov-novo\\\/\"},{\"@type\":\"ListItem\",\"position\":2,\"name\":\"Trgovina\",\"item\":\"https:\\\/\\\/hundtgroup.com\\\/trgovina\\\/\"},{\"@type\":\"ListItem\",\"position\":3,\"name\":\"Klju\u010davni\u010darsko kladivo Jasanov ro\u010daj 1000 g\"}]},{\"@type\":\"WebSite\",\"@id\":\"https:\\\/\\\/hundtgroup.com\\\/sl\\\/#website\",\"url\":\"https:\\\/\\\/hundtgroup.com\\\/sl\\\/\",\"name\":\"Wilhelm Hundt GmbH\",\"description\":\"Va\u0161 specialist za stroje in orodja za obdelavo plo\u010devine\",\"potentialAction\":[{\"@type\":\"SearchAction\",\"target\":{\"@type\":\"EntryPoint\",\"urlTemplate\":\"https:\\\/\\\/hundtgroup.com\\\/sl\\\/?s={search_term_string}\"},\"query-input\":{\"@type\":\"PropertyValueSpecification\",\"valueRequired\":true,\"valueName\":\"search_term_string\"}}],\"inLanguage\":\"sl-SI\"}]}<\/script>\n<!-- \/ Yoast SEO plugin. -->","yoast_head_json":{"title":"Klju\u010davni\u010darsko kladivo Jasanov ro\u010daj 1000 g - Wilhelm Hundt GmbH","robots":{"index":"index","follow":"follow","max-snippet":"max-snippet:-1","max-image-preview":"max-image-preview:large","max-video-preview":"max-video-preview:-1"},"canonical":"https:\/\/hundtgroup.com\/sl\/produkt\/kljucavnicarsko-kladivo-jasanov-rocaj-1000-g\/","og_locale":"sl_SI","og_type":"article","og_title":"Klju\u010davni\u010darsko kladivo Jasanov ro\u010daj 1000 g - Wilhelm Hundt GmbH","og_description":"DIN 1041, testirano po standardu GS","og_url":"https:\/\/hundtgroup.com\/sl\/produkt\/kljucavnicarsko-kladivo-jasanov-rocaj-1000-g\/","og_site_name":"Wilhelm Hundt GmbH","article_modified_time":"2025-08-04T20:44:14+00:00","og_image":[{"width":798,"height":294,"url":"https:\/\/hundtgroup.com\/wp-content\/uploads\/430315.png","type":"image\/png"}],"twitter_card":"summary_large_image","schema":{"@context":"https:\/\/schema.org","@graph":[{"@type":"WebPage","@id":"https:\/\/hundtgroup.com\/sl\/produkt\/kljucavnicarsko-kladivo-jasanov-rocaj-1000-g\/","url":"https:\/\/hundtgroup.com\/sl\/produkt\/kljucavnicarsko-kladivo-jasanov-rocaj-1000-g\/","name":"Klju\u010davni\u010darsko kladivo Jasanov ro\u010daj 1000 g - Wilhelm Hundt GmbH","isPartOf":{"@id":"https:\/\/hundtgroup.com\/sl\/#website"},"primaryImageOfPage":{"@id":"https:\/\/hundtgroup.com\/sl\/produkt\/kljucavnicarsko-kladivo-jasanov-rocaj-1000-g\/#primaryimage"},"image":{"@id":"https:\/\/hundtgroup.com\/sl\/produkt\/kljucavnicarsko-kladivo-jasanov-rocaj-1000-g\/#primaryimage"},"thumbnailUrl":"https:\/\/hundtgroup.com\/wp-content\/uploads\/430315.png","datePublished":"2022-10-26T13:58:47+00:00","dateModified":"2025-08-04T20:44:14+00:00","breadcrumb":{"@id":"https:\/\/hundtgroup.com\/sl\/produkt\/kljucavnicarsko-kladivo-jasanov-rocaj-1000-g\/#breadcrumb"},"inLanguage":"sl-SI","potentialAction":[{"@type":"ReadAction","target":["https:\/\/hundtgroup.com\/sl\/produkt\/kljucavnicarsko-kladivo-jasanov-rocaj-1000-g\/"]}]},{"@type":"ImageObject","inLanguage":"sl-SI","@id":"https:\/\/hundtgroup.com\/sl\/produkt\/kljucavnicarsko-kladivo-jasanov-rocaj-1000-g\/#primaryimage","url":"https:\/\/hundtgroup.com\/wp-content\/uploads\/430315.png","contentUrl":"https:\/\/hundtgroup.com\/wp-content\/uploads\/430315.png","width":798,"height":294},{"@type":"BreadcrumbList","@id":"https:\/\/hundtgroup.com\/sl\/produkt\/kljucavnicarsko-kladivo-jasanov-rocaj-1000-g\/#breadcrumb","itemListElement":[{"@type":"ListItem","position":1,"name":"Startseite","item":"https:\/\/hundtgroup.com\/sl\/domov-novo\/"},{"@type":"ListItem","position":2,"name":"Trgovina","item":"https:\/\/hundtgroup.com\/trgovina\/"},{"@type":"ListItem","position":3,"name":"Klju\u010davni\u010darsko kladivo Jasanov ro\u010daj 1000 g"}]},{"@type":"WebSite","@id":"https:\/\/hundtgroup.com\/sl\/#website","url":"https:\/\/hundtgroup.com\/sl\/","name":"Wilhelm Hundt GmbH","description":"Va\u0161 specialist za stroje in orodja za obdelavo plo\u010devine","potentialAction":[{"@type":"SearchAction","target":{"@type":"EntryPoint","urlTemplate":"https:\/\/hundtgroup.com\/sl\/?s={search_term_string}"},"query-input":{"@type":"PropertyValueSpecification","valueRequired":true,"valueName":"search_term_string"}}],"inLanguage":"sl-SI"}]}},"_links":{"self":[{"href":"https:\/\/hundtgroup.com\/sl\/wp-json\/wp\/v2\/product\/19773","targetHints":{"allow":["GET"]}}],"collection":[{"href":"https:\/\/hundtgroup.com\/sl\/wp-json\/wp\/v2\/product"}],"about":[{"href":"https:\/\/hundtgroup.com\/sl\/wp-json\/wp\/v2\/types\/product"}],"wp:featuredmedia":[{"embeddable":true,"href":"https:\/\/hundtgroup.com\/sl\/wp-json\/wp\/v2\/media\/19776"}],"wp:attachment":[{"href":"https:\/\/hundtgroup.com\/sl\/wp-json\/wp\/v2\/media?parent=19773"}],"wp:term":[{"taxonomy":"product_cat","embeddable":true,"href":"https:\/\/hundtgroup.com\/sl\/wp-json\/wp\/v2\/product_cat?post=19773"},{"taxonomy":"product_tag","embeddable":true,"href":"https:\/\/hundtgroup.com\/sl\/wp-json\/wp\/v2\/product_tag?post=19773"}],"curies":[{"name":"wp","href":"https:\/\/api.w.org\/{rel}","templated":true}]}}