{"id":19951,"date":"2022-10-26T15:58:47","date_gmt":"2022-10-26T13:58:47","guid":{"rendered":"https:\/\/hundtgroup.com\/produkt\/klesce-za-tockovanje-99-00-200\/"},"modified":"2025-07-29T12:51:20","modified_gmt":"2025-07-29T10:51:20","slug":"klesce-za-tockovanje-99-00-200","status":"publish","type":"product","link":"https:\/\/hundtgroup.com\/sl\/produkt\/klesce-za-tockovanje-99-00-200\/","title":{"rendered":"Kle\u0161\u010de za to\u010dkovanje 99 00 200"},"content":{"rendered":"<p>Kle\u0161\u010de za zvijanje za zvijanje in rezanje vezne \u017eice iz zvitka v enem samem postopku: hitro, zanesljivo in stro\u0161kovno u\u010dinkovito<br \/>\nNajbolje prodajane kle\u0161\u010de za zvijanje na svetu zaradi svoje neprekosljive natan\u010dnosti in vzdr\u017eljivosti<br \/>\nRezalni robovi dodatno kaljeni<br \/>\nTrdota rezalnih robov pribli\u017eno 61HRC<br \/>\nPosebno orodno jeklo posebne kakovosti, kovano, kaljeno v olju<\/p>\n","protected":false},"excerpt":{"rendered":"<p>Kle\u0161\u010de za zvijanje za zvijanje in rezanje vezne \u017eice iz zvitka v enem samem postopku: hitro, zanesljivo in stro\u0161kovno u\u010dinkovito Najbolje prodajane kle\u0161\u010de za zvijanje na svetu zaradi svoje neprekosljive natan\u010dnosti in vzdr\u017eljivosti Rezalni robovi dodatno kaljeni Trdota rezalnih robov pribli\u017eno 61HRC Posebno orodno jeklo posebne kakovosti, kovano, kaljeno v olju<\/p>\n","protected":false},"featured_media":19131,"template":"","meta":{"_acf_changed":false,"inline_featured_image":false},"product_cat":[1748,2024,2016],"product_tag":[],"class_list":{"0":"post-19951","1":"product","2":"type-product","3":"status-publish","4":"has-post-thumbnail","6":"brand-knipex","7":"product_cat-rocna-orodja","8":"product_cat-klesce-za-nabiranje-tock","9":"product_cat-klesce","11":"first","12":"instock","13":"taxable","14":"shipping-taxable","15":"purchasable","16":"product-type-simple","17":"add-to-wishlist-before_image"},"acf":[],"yoast_head":"<!-- This site is optimized with the Yoast SEO plugin v27.3 - https:\/\/yoast.com\/product\/yoast-seo-wordpress\/ -->\n<title>Kle\u0161\u010de za to\u010dkovanje 99 00 200 - Wilhelm Hundt GmbH<\/title>\n<meta name=\"robots\" content=\"index, follow, max-snippet:-1, max-image-preview:large, max-video-preview:-1\" \/>\n<link rel=\"canonical\" href=\"https:\/\/hundtgroup.com\/sl\/produkt\/klesce-za-tockovanje-99-00-200\/\" \/>\n<meta property=\"og:locale\" content=\"sl_SI\" \/>\n<meta property=\"og:type\" content=\"article\" \/>\n<meta property=\"og:title\" content=\"Kle\u0161\u010de za to\u010dkovanje 99 00 200 - Wilhelm Hundt GmbH\" \/>\n<meta property=\"og:description\" content=\"Kle\u0161\u010de za zvijanje za zvijanje in rezanje vezne \u017eice iz zvitka v enem samem postopku: hitro, zanesljivo in stro\u0161kovno u\u010dinkovito Najbolje prodajane kle\u0161\u010de za zvijanje na svetu zaradi svoje neprekosljive natan\u010dnosti in vzdr\u017eljivosti Rezalni robovi dodatno kaljeni Trdota rezalnih robov pribli\u017eno 61HRC Posebno orodno jeklo posebne kakovosti, kovano, kaljeno v olju\" \/>\n<meta property=\"og:url\" content=\"https:\/\/hundtgroup.com\/sl\/produkt\/klesce-za-tockovanje-99-00-200\/\" \/>\n<meta property=\"og:site_name\" content=\"Wilhelm Hundt GmbH\" \/>\n<meta property=\"article:modified_time\" content=\"2025-07-29T10:51:20+00:00\" \/>\n<meta property=\"og:image\" content=\"https:\/\/hundtgroup.com\/wp-content\/uploads\/470526.png\" \/>\n\t<meta property=\"og:image:width\" content=\"827\" \/>\n\t<meta property=\"og:image:height\" content=\"185\" \/>\n\t<meta property=\"og:image:type\" content=\"image\/png\" \/>\n<meta name=\"twitter:card\" content=\"summary_large_image\" \/>\n<script type=\"application\/ld+json\" class=\"yoast-schema-graph\">{\"@context\":\"https:\\\/\\\/schema.org\",\"@graph\":[{\"@type\":\"WebPage\",\"@id\":\"https:\\\/\\\/hundtgroup.com\\\/sl\\\/produkt\\\/klesce-za-tockovanje-99-00-200\\\/\",\"url\":\"https:\\\/\\\/hundtgroup.com\\\/sl\\\/produkt\\\/klesce-za-tockovanje-99-00-200\\\/\",\"name\":\"Kle\u0161\u010de za to\u010dkovanje 99 00 200 - Wilhelm Hundt GmbH\",\"isPartOf\":{\"@id\":\"https:\\\/\\\/hundtgroup.com\\\/sl\\\/#website\"},\"primaryImageOfPage\":{\"@id\":\"https:\\\/\\\/hundtgroup.com\\\/sl\\\/produkt\\\/klesce-za-tockovanje-99-00-200\\\/#primaryimage\"},\"image\":{\"@id\":\"https:\\\/\\\/hundtgroup.com\\\/sl\\\/produkt\\\/klesce-za-tockovanje-99-00-200\\\/#primaryimage\"},\"thumbnailUrl\":\"https:\\\/\\\/hundtgroup.com\\\/wp-content\\\/uploads\\\/470526.png\",\"datePublished\":\"2022-10-26T13:58:47+00:00\",\"dateModified\":\"2025-07-29T10:51:20+00:00\",\"breadcrumb\":{\"@id\":\"https:\\\/\\\/hundtgroup.com\\\/sl\\\/produkt\\\/klesce-za-tockovanje-99-00-200\\\/#breadcrumb\"},\"inLanguage\":\"sl-SI\",\"potentialAction\":[{\"@type\":\"ReadAction\",\"target\":[\"https:\\\/\\\/hundtgroup.com\\\/sl\\\/produkt\\\/klesce-za-tockovanje-99-00-200\\\/\"]}]},{\"@type\":\"ImageObject\",\"inLanguage\":\"sl-SI\",\"@id\":\"https:\\\/\\\/hundtgroup.com\\\/sl\\\/produkt\\\/klesce-za-tockovanje-99-00-200\\\/#primaryimage\",\"url\":\"https:\\\/\\\/hundtgroup.com\\\/wp-content\\\/uploads\\\/470526.png\",\"contentUrl\":\"https:\\\/\\\/hundtgroup.com\\\/wp-content\\\/uploads\\\/470526.png\",\"width\":827,\"height\":185},{\"@type\":\"BreadcrumbList\",\"@id\":\"https:\\\/\\\/hundtgroup.com\\\/sl\\\/produkt\\\/klesce-za-tockovanje-99-00-200\\\/#breadcrumb\",\"itemListElement\":[{\"@type\":\"ListItem\",\"position\":1,\"name\":\"Startseite\",\"item\":\"https:\\\/\\\/hundtgroup.com\\\/sl\\\/domov-novo\\\/\"},{\"@type\":\"ListItem\",\"position\":2,\"name\":\"Trgovina\",\"item\":\"https:\\\/\\\/hundtgroup.com\\\/trgovina\\\/\"},{\"@type\":\"ListItem\",\"position\":3,\"name\":\"Kle\u0161\u010de za to\u010dkovanje 99 00 200\"}]},{\"@type\":\"WebSite\",\"@id\":\"https:\\\/\\\/hundtgroup.com\\\/sl\\\/#website\",\"url\":\"https:\\\/\\\/hundtgroup.com\\\/sl\\\/\",\"name\":\"Wilhelm Hundt GmbH\",\"description\":\"Va\u0161 specialist za stroje in orodja za obdelavo plo\u010devine\",\"potentialAction\":[{\"@type\":\"SearchAction\",\"target\":{\"@type\":\"EntryPoint\",\"urlTemplate\":\"https:\\\/\\\/hundtgroup.com\\\/sl\\\/?s={search_term_string}\"},\"query-input\":{\"@type\":\"PropertyValueSpecification\",\"valueRequired\":true,\"valueName\":\"search_term_string\"}}],\"inLanguage\":\"sl-SI\"}]}<\/script>\n<!-- \/ Yoast SEO plugin. -->","yoast_head_json":{"title":"Kle\u0161\u010de za to\u010dkovanje 99 00 200 - Wilhelm Hundt GmbH","robots":{"index":"index","follow":"follow","max-snippet":"max-snippet:-1","max-image-preview":"max-image-preview:large","max-video-preview":"max-video-preview:-1"},"canonical":"https:\/\/hundtgroup.com\/sl\/produkt\/klesce-za-tockovanje-99-00-200\/","og_locale":"sl_SI","og_type":"article","og_title":"Kle\u0161\u010de za to\u010dkovanje 99 00 200 - Wilhelm Hundt GmbH","og_description":"Kle\u0161\u010de za zvijanje za zvijanje in rezanje vezne \u017eice iz zvitka v enem samem postopku: hitro, zanesljivo in stro\u0161kovno u\u010dinkovito Najbolje prodajane kle\u0161\u010de za zvijanje na svetu zaradi svoje neprekosljive natan\u010dnosti in vzdr\u017eljivosti Rezalni robovi dodatno kaljeni Trdota rezalnih robov pribli\u017eno 61HRC Posebno orodno jeklo posebne kakovosti, kovano, kaljeno v olju","og_url":"https:\/\/hundtgroup.com\/sl\/produkt\/klesce-za-tockovanje-99-00-200\/","og_site_name":"Wilhelm Hundt GmbH","article_modified_time":"2025-07-29T10:51:20+00:00","og_image":[{"width":827,"height":185,"url":"https:\/\/hundtgroup.com\/wp-content\/uploads\/470526.png","type":"image\/png"}],"twitter_card":"summary_large_image","schema":{"@context":"https:\/\/schema.org","@graph":[{"@type":"WebPage","@id":"https:\/\/hundtgroup.com\/sl\/produkt\/klesce-za-tockovanje-99-00-200\/","url":"https:\/\/hundtgroup.com\/sl\/produkt\/klesce-za-tockovanje-99-00-200\/","name":"Kle\u0161\u010de za to\u010dkovanje 99 00 200 - Wilhelm Hundt GmbH","isPartOf":{"@id":"https:\/\/hundtgroup.com\/sl\/#website"},"primaryImageOfPage":{"@id":"https:\/\/hundtgroup.com\/sl\/produkt\/klesce-za-tockovanje-99-00-200\/#primaryimage"},"image":{"@id":"https:\/\/hundtgroup.com\/sl\/produkt\/klesce-za-tockovanje-99-00-200\/#primaryimage"},"thumbnailUrl":"https:\/\/hundtgroup.com\/wp-content\/uploads\/470526.png","datePublished":"2022-10-26T13:58:47+00:00","dateModified":"2025-07-29T10:51:20+00:00","breadcrumb":{"@id":"https:\/\/hundtgroup.com\/sl\/produkt\/klesce-za-tockovanje-99-00-200\/#breadcrumb"},"inLanguage":"sl-SI","potentialAction":[{"@type":"ReadAction","target":["https:\/\/hundtgroup.com\/sl\/produkt\/klesce-za-tockovanje-99-00-200\/"]}]},{"@type":"ImageObject","inLanguage":"sl-SI","@id":"https:\/\/hundtgroup.com\/sl\/produkt\/klesce-za-tockovanje-99-00-200\/#primaryimage","url":"https:\/\/hundtgroup.com\/wp-content\/uploads\/470526.png","contentUrl":"https:\/\/hundtgroup.com\/wp-content\/uploads\/470526.png","width":827,"height":185},{"@type":"BreadcrumbList","@id":"https:\/\/hundtgroup.com\/sl\/produkt\/klesce-za-tockovanje-99-00-200\/#breadcrumb","itemListElement":[{"@type":"ListItem","position":1,"name":"Startseite","item":"https:\/\/hundtgroup.com\/sl\/domov-novo\/"},{"@type":"ListItem","position":2,"name":"Trgovina","item":"https:\/\/hundtgroup.com\/trgovina\/"},{"@type":"ListItem","position":3,"name":"Kle\u0161\u010de za to\u010dkovanje 99 00 200"}]},{"@type":"WebSite","@id":"https:\/\/hundtgroup.com\/sl\/#website","url":"https:\/\/hundtgroup.com\/sl\/","name":"Wilhelm Hundt GmbH","description":"Va\u0161 specialist za stroje in orodja za obdelavo plo\u010devine","potentialAction":[{"@type":"SearchAction","target":{"@type":"EntryPoint","urlTemplate":"https:\/\/hundtgroup.com\/sl\/?s={search_term_string}"},"query-input":{"@type":"PropertyValueSpecification","valueRequired":true,"valueName":"search_term_string"}}],"inLanguage":"sl-SI"}]}},"_links":{"self":[{"href":"https:\/\/hundtgroup.com\/sl\/wp-json\/wp\/v2\/product\/19951","targetHints":{"allow":["GET"]}}],"collection":[{"href":"https:\/\/hundtgroup.com\/sl\/wp-json\/wp\/v2\/product"}],"about":[{"href":"https:\/\/hundtgroup.com\/sl\/wp-json\/wp\/v2\/types\/product"}],"wp:featuredmedia":[{"embeddable":true,"href":"https:\/\/hundtgroup.com\/sl\/wp-json\/wp\/v2\/media\/19131"}],"wp:attachment":[{"href":"https:\/\/hundtgroup.com\/sl\/wp-json\/wp\/v2\/media?parent=19951"}],"wp:term":[{"taxonomy":"product_cat","embeddable":true,"href":"https:\/\/hundtgroup.com\/sl\/wp-json\/wp\/v2\/product_cat?post=19951"},{"taxonomy":"product_tag","embeddable":true,"href":"https:\/\/hundtgroup.com\/sl\/wp-json\/wp\/v2\/product_tag?post=19951"}],"curies":[{"name":"wp","href":"https:\/\/api.w.org\/{rel}","templated":true}]}}