{"id":20655,"date":"2022-10-26T15:59:00","date_gmt":"2022-10-26T13:59:00","guid":{"rendered":"https:\/\/hundtgroup.com\/produkt\/usnjeno-ohisje-za-noze-hundt-280-mm\/"},"modified":"2025-08-06T08:47:10","modified_gmt":"2025-08-06T06:47:10","slug":"usnjeno-ohisje-za-noze-hundt-280-mm","status":"publish","type":"product","link":"https:\/\/hundtgroup.com\/sl\/produkt\/usnjeno-ohisje-za-noze-hundt-280-mm\/","title":{"rendered":"Usnjeno ohi\u0161je za no\u017ee Hundt 280 mm"},"content":{"rendered":"<p>Ohi\u0161je za no\u017ee, primerno za izolirane in mat no\u017ee<br \/>\nNavedena je dol\u017eina rezila no\u017ea.<\/p>\n","protected":false},"excerpt":{"rendered":"<p>Ohi\u0161je za no\u017ee, primerno za izolirane in mat no\u017ee Navedena je dol\u017eina rezila no\u017ea.<\/p>\n","protected":false},"featured_media":19046,"template":"","meta":{"_acf_changed":false,"inline_featured_image":false},"product_cat":[1748,2103,2030,2098],"product_tag":[],"class_list":{"0":"post-20655","1":"product","2":"type-product","3":"status-publish","4":"has-post-thumbnail","6":"brand-hundt","7":"product_cat-rocna-orodja","8":"product_cat-dodatki-sl","9":"product_cat-rezalna-orodja","10":"product_cat-ovitek-za-noz","12":"first","13":"instock","14":"taxable","15":"shipping-taxable","16":"purchasable","17":"product-type-simple","18":"add-to-wishlist-before_image"},"acf":[],"yoast_head":"<!-- This site is optimized with the Yoast SEO plugin v27.3 - https:\/\/yoast.com\/product\/yoast-seo-wordpress\/ -->\n<title>Usnjeno ohi\u0161je za no\u017ee Hundt 280 mm - Wilhelm Hundt GmbH<\/title>\n<meta name=\"robots\" content=\"index, follow, max-snippet:-1, max-image-preview:large, max-video-preview:-1\" \/>\n<link rel=\"canonical\" href=\"https:\/\/hundtgroup.com\/sl\/produkt\/usnjeno-ohisje-za-noze-hundt-280-mm\/\" \/>\n<meta property=\"og:locale\" content=\"sl_SI\" \/>\n<meta property=\"og:type\" content=\"article\" \/>\n<meta property=\"og:title\" content=\"Usnjeno ohi\u0161je za no\u017ee Hundt 280 mm - Wilhelm Hundt GmbH\" \/>\n<meta property=\"og:description\" content=\"Ohi\u0161je za no\u017ee, primerno za izolirane in mat no\u017ee Navedena je dol\u017eina rezila no\u017ea.\" \/>\n<meta property=\"og:url\" content=\"https:\/\/hundtgroup.com\/sl\/produkt\/usnjeno-ohisje-za-noze-hundt-280-mm\/\" \/>\n<meta property=\"og:site_name\" content=\"Wilhelm Hundt GmbH\" \/>\n<meta property=\"article:modified_time\" content=\"2025-08-06T06:47:10+00:00\" \/>\n<meta property=\"og:image\" content=\"https:\/\/hundtgroup.com\/wp-content\/uploads\/470118.png\" \/>\n\t<meta property=\"og:image:width\" content=\"752\" \/>\n\t<meta property=\"og:image:height\" content=\"106\" \/>\n\t<meta property=\"og:image:type\" content=\"image\/png\" \/>\n<meta name=\"twitter:card\" content=\"summary_large_image\" \/>\n<script type=\"application\/ld+json\" class=\"yoast-schema-graph\">{\"@context\":\"https:\\\/\\\/schema.org\",\"@graph\":[{\"@type\":\"WebPage\",\"@id\":\"https:\\\/\\\/hundtgroup.com\\\/sl\\\/produkt\\\/usnjeno-ohisje-za-noze-hundt-280-mm\\\/\",\"url\":\"https:\\\/\\\/hundtgroup.com\\\/sl\\\/produkt\\\/usnjeno-ohisje-za-noze-hundt-280-mm\\\/\",\"name\":\"Usnjeno ohi\u0161je za no\u017ee Hundt 280 mm - Wilhelm Hundt GmbH\",\"isPartOf\":{\"@id\":\"https:\\\/\\\/hundtgroup.com\\\/sl\\\/#website\"},\"primaryImageOfPage\":{\"@id\":\"https:\\\/\\\/hundtgroup.com\\\/sl\\\/produkt\\\/usnjeno-ohisje-za-noze-hundt-280-mm\\\/#primaryimage\"},\"image\":{\"@id\":\"https:\\\/\\\/hundtgroup.com\\\/sl\\\/produkt\\\/usnjeno-ohisje-za-noze-hundt-280-mm\\\/#primaryimage\"},\"thumbnailUrl\":\"https:\\\/\\\/hundtgroup.com\\\/wp-content\\\/uploads\\\/470118.png\",\"datePublished\":\"2022-10-26T13:59:00+00:00\",\"dateModified\":\"2025-08-06T06:47:10+00:00\",\"breadcrumb\":{\"@id\":\"https:\\\/\\\/hundtgroup.com\\\/sl\\\/produkt\\\/usnjeno-ohisje-za-noze-hundt-280-mm\\\/#breadcrumb\"},\"inLanguage\":\"sl-SI\",\"potentialAction\":[{\"@type\":\"ReadAction\",\"target\":[\"https:\\\/\\\/hundtgroup.com\\\/sl\\\/produkt\\\/usnjeno-ohisje-za-noze-hundt-280-mm\\\/\"]}]},{\"@type\":\"ImageObject\",\"inLanguage\":\"sl-SI\",\"@id\":\"https:\\\/\\\/hundtgroup.com\\\/sl\\\/produkt\\\/usnjeno-ohisje-za-noze-hundt-280-mm\\\/#primaryimage\",\"url\":\"https:\\\/\\\/hundtgroup.com\\\/wp-content\\\/uploads\\\/470118.png\",\"contentUrl\":\"https:\\\/\\\/hundtgroup.com\\\/wp-content\\\/uploads\\\/470118.png\",\"width\":752,\"height\":106},{\"@type\":\"BreadcrumbList\",\"@id\":\"https:\\\/\\\/hundtgroup.com\\\/sl\\\/produkt\\\/usnjeno-ohisje-za-noze-hundt-280-mm\\\/#breadcrumb\",\"itemListElement\":[{\"@type\":\"ListItem\",\"position\":1,\"name\":\"Startseite\",\"item\":\"https:\\\/\\\/hundtgroup.com\\\/sl\\\/domov-novo\\\/\"},{\"@type\":\"ListItem\",\"position\":2,\"name\":\"Trgovina\",\"item\":\"https:\\\/\\\/hundtgroup.com\\\/trgovina\\\/\"},{\"@type\":\"ListItem\",\"position\":3,\"name\":\"Usnjeno ohi\u0161je za no\u017ee Hundt 280 mm\"}]},{\"@type\":\"WebSite\",\"@id\":\"https:\\\/\\\/hundtgroup.com\\\/sl\\\/#website\",\"url\":\"https:\\\/\\\/hundtgroup.com\\\/sl\\\/\",\"name\":\"Wilhelm Hundt GmbH\",\"description\":\"Va\u0161 specialist za stroje in orodja za obdelavo plo\u010devine\",\"potentialAction\":[{\"@type\":\"SearchAction\",\"target\":{\"@type\":\"EntryPoint\",\"urlTemplate\":\"https:\\\/\\\/hundtgroup.com\\\/sl\\\/?s={search_term_string}\"},\"query-input\":{\"@type\":\"PropertyValueSpecification\",\"valueRequired\":true,\"valueName\":\"search_term_string\"}}],\"inLanguage\":\"sl-SI\"}]}<\/script>\n<!-- \/ Yoast SEO plugin. -->","yoast_head_json":{"title":"Usnjeno ohi\u0161je za no\u017ee Hundt 280 mm - Wilhelm Hundt GmbH","robots":{"index":"index","follow":"follow","max-snippet":"max-snippet:-1","max-image-preview":"max-image-preview:large","max-video-preview":"max-video-preview:-1"},"canonical":"https:\/\/hundtgroup.com\/sl\/produkt\/usnjeno-ohisje-za-noze-hundt-280-mm\/","og_locale":"sl_SI","og_type":"article","og_title":"Usnjeno ohi\u0161je za no\u017ee Hundt 280 mm - Wilhelm Hundt GmbH","og_description":"Ohi\u0161je za no\u017ee, primerno za izolirane in mat no\u017ee Navedena je dol\u017eina rezila no\u017ea.","og_url":"https:\/\/hundtgroup.com\/sl\/produkt\/usnjeno-ohisje-za-noze-hundt-280-mm\/","og_site_name":"Wilhelm Hundt GmbH","article_modified_time":"2025-08-06T06:47:10+00:00","og_image":[{"width":752,"height":106,"url":"https:\/\/hundtgroup.com\/wp-content\/uploads\/470118.png","type":"image\/png"}],"twitter_card":"summary_large_image","schema":{"@context":"https:\/\/schema.org","@graph":[{"@type":"WebPage","@id":"https:\/\/hundtgroup.com\/sl\/produkt\/usnjeno-ohisje-za-noze-hundt-280-mm\/","url":"https:\/\/hundtgroup.com\/sl\/produkt\/usnjeno-ohisje-za-noze-hundt-280-mm\/","name":"Usnjeno ohi\u0161je za no\u017ee Hundt 280 mm - Wilhelm Hundt GmbH","isPartOf":{"@id":"https:\/\/hundtgroup.com\/sl\/#website"},"primaryImageOfPage":{"@id":"https:\/\/hundtgroup.com\/sl\/produkt\/usnjeno-ohisje-za-noze-hundt-280-mm\/#primaryimage"},"image":{"@id":"https:\/\/hundtgroup.com\/sl\/produkt\/usnjeno-ohisje-za-noze-hundt-280-mm\/#primaryimage"},"thumbnailUrl":"https:\/\/hundtgroup.com\/wp-content\/uploads\/470118.png","datePublished":"2022-10-26T13:59:00+00:00","dateModified":"2025-08-06T06:47:10+00:00","breadcrumb":{"@id":"https:\/\/hundtgroup.com\/sl\/produkt\/usnjeno-ohisje-za-noze-hundt-280-mm\/#breadcrumb"},"inLanguage":"sl-SI","potentialAction":[{"@type":"ReadAction","target":["https:\/\/hundtgroup.com\/sl\/produkt\/usnjeno-ohisje-za-noze-hundt-280-mm\/"]}]},{"@type":"ImageObject","inLanguage":"sl-SI","@id":"https:\/\/hundtgroup.com\/sl\/produkt\/usnjeno-ohisje-za-noze-hundt-280-mm\/#primaryimage","url":"https:\/\/hundtgroup.com\/wp-content\/uploads\/470118.png","contentUrl":"https:\/\/hundtgroup.com\/wp-content\/uploads\/470118.png","width":752,"height":106},{"@type":"BreadcrumbList","@id":"https:\/\/hundtgroup.com\/sl\/produkt\/usnjeno-ohisje-za-noze-hundt-280-mm\/#breadcrumb","itemListElement":[{"@type":"ListItem","position":1,"name":"Startseite","item":"https:\/\/hundtgroup.com\/sl\/domov-novo\/"},{"@type":"ListItem","position":2,"name":"Trgovina","item":"https:\/\/hundtgroup.com\/trgovina\/"},{"@type":"ListItem","position":3,"name":"Usnjeno ohi\u0161je za no\u017ee Hundt 280 mm"}]},{"@type":"WebSite","@id":"https:\/\/hundtgroup.com\/sl\/#website","url":"https:\/\/hundtgroup.com\/sl\/","name":"Wilhelm Hundt GmbH","description":"Va\u0161 specialist za stroje in orodja za obdelavo plo\u010devine","potentialAction":[{"@type":"SearchAction","target":{"@type":"EntryPoint","urlTemplate":"https:\/\/hundtgroup.com\/sl\/?s={search_term_string}"},"query-input":{"@type":"PropertyValueSpecification","valueRequired":true,"valueName":"search_term_string"}}],"inLanguage":"sl-SI"}]}},"_links":{"self":[{"href":"https:\/\/hundtgroup.com\/sl\/wp-json\/wp\/v2\/product\/20655","targetHints":{"allow":["GET"]}}],"collection":[{"href":"https:\/\/hundtgroup.com\/sl\/wp-json\/wp\/v2\/product"}],"about":[{"href":"https:\/\/hundtgroup.com\/sl\/wp-json\/wp\/v2\/types\/product"}],"wp:featuredmedia":[{"embeddable":true,"href":"https:\/\/hundtgroup.com\/sl\/wp-json\/wp\/v2\/media\/19046"}],"wp:attachment":[{"href":"https:\/\/hundtgroup.com\/sl\/wp-json\/wp\/v2\/media?parent=20655"}],"wp:term":[{"taxonomy":"product_cat","embeddable":true,"href":"https:\/\/hundtgroup.com\/sl\/wp-json\/wp\/v2\/product_cat?post=20655"},{"taxonomy":"product_tag","embeddable":true,"href":"https:\/\/hundtgroup.com\/sl\/wp-json\/wp\/v2\/product_tag?post=20655"}],"curies":[{"name":"wp","href":"https:\/\/api.w.org\/{rel}","templated":true}]}}