{"id":20997,"date":"2022-10-26T15:58:43","date_gmt":"2022-10-26T13:58:43","guid":{"rendered":"https:\/\/hundtgroup.com\/produkt\/vbw-966-1-klesce-za-vodno-crpalko-250-mm\/"},"modified":"2025-07-29T12:50:50","modified_gmt":"2025-07-29T10:50:50","slug":"vbw-966-1-klesce-za-vodno-crpalko-250-mm","status":"publish","type":"product","link":"https:\/\/hundtgroup.com\/sl\/produkt\/vbw-966-1-klesce-za-vodno-crpalko-250-mm\/","title":{"rendered":"VBW 966-1 Kle\u0161\u010de za vodno \u010drpalko 250 mm"},"content":{"rendered":"<p>Drsni spoj s potiskom.<br \/>\nIzjemno stabilen zaradi dvojnega vodila.<br \/>\nSamodejno vpenjanje na obdelovanec, prihranek napora in nedrse\u010de.<br \/>\nVarnostno vpenjanje, za\u0161\u010dita pred po\u0161kodbami zaradi zdrsa.<br \/>\nVisokokakovostno kaljeno za visoko odpornost proti obrabi.<br \/>\nNedrse\u010di ro\u010daji, zelo koristni v hladnih razmerah.<\/p>\n","protected":false},"excerpt":{"rendered":"<p>Drsni spoj s potiskom. Izjemno stabilen zaradi dvojnega vodila. Samodejno vpenjanje na obdelovanec, prihranek napora in nedrse\u010de. Varnostno vpenjanje, za\u0161\u010dita pred po\u0161kodbami zaradi zdrsa. Visokokakovostno kaljeno za visoko odpornost proti obrabi. Nedrse\u010di ro\u010daji, zelo koristni v hladnih razmerah.<\/p>\n","protected":false},"featured_media":20989,"template":"","meta":{"_acf_changed":false,"inline_featured_image":false},"product_cat":[1748,2023,2016],"product_tag":[],"class_list":{"0":"post-20997","1":"product","2":"type-product","3":"status-publish","4":"has-post-thumbnail","6":"brand-vbw","7":"product_cat-rocna-orodja","8":"product_cat-klesce-za-vodno-crpalko","9":"product_cat-klesce","11":"first","12":"instock","13":"taxable","14":"shipping-taxable","15":"purchasable","16":"product-type-simple","17":"add-to-wishlist-before_image"},"acf":[],"yoast_head":"<!-- This site is optimized with the Yoast SEO plugin v27.3 - https:\/\/yoast.com\/product\/yoast-seo-wordpress\/ -->\n<title>VBW 966-1 Kle\u0161\u010de za vodno \u010drpalko 250 mm - Wilhelm Hundt GmbH<\/title>\n<meta name=\"robots\" content=\"index, follow, max-snippet:-1, max-image-preview:large, max-video-preview:-1\" \/>\n<link rel=\"canonical\" href=\"https:\/\/hundtgroup.com\/sl\/produkt\/vbw-966-1-klesce-za-vodno-crpalko-250-mm\/\" \/>\n<meta property=\"og:locale\" content=\"sl_SI\" \/>\n<meta property=\"og:type\" content=\"article\" \/>\n<meta property=\"og:title\" content=\"VBW 966-1 Kle\u0161\u010de za vodno \u010drpalko 250 mm - Wilhelm Hundt GmbH\" \/>\n<meta property=\"og:description\" content=\"Drsni spoj s potiskom. Izjemno stabilen zaradi dvojnega vodila. Samodejno vpenjanje na obdelovanec, prihranek napora in nedrse\u010de. Varnostno vpenjanje, za\u0161\u010dita pred po\u0161kodbami zaradi zdrsa. Visokokakovostno kaljeno za visoko odpornost proti obrabi. Nedrse\u010di ro\u010daji, zelo koristni v hladnih razmerah.\" \/>\n<meta property=\"og:url\" content=\"https:\/\/hundtgroup.com\/sl\/produkt\/vbw-966-1-klesce-za-vodno-crpalko-250-mm\/\" \/>\n<meta property=\"og:site_name\" content=\"Wilhelm Hundt GmbH\" \/>\n<meta property=\"article:modified_time\" content=\"2025-07-29T10:50:50+00:00\" \/>\n<meta property=\"og:image\" content=\"https:\/\/hundtgroup.com\/wp-content\/uploads\/410155.png\" \/>\n\t<meta property=\"og:image:width\" content=\"829\" \/>\n\t<meta property=\"og:image:height\" content=\"215\" \/>\n\t<meta property=\"og:image:type\" content=\"image\/png\" \/>\n<meta name=\"twitter:card\" content=\"summary_large_image\" \/>\n<script type=\"application\/ld+json\" class=\"yoast-schema-graph\">{\"@context\":\"https:\\\/\\\/schema.org\",\"@graph\":[{\"@type\":\"WebPage\",\"@id\":\"https:\\\/\\\/hundtgroup.com\\\/sl\\\/produkt\\\/vbw-966-1-klesce-za-vodno-crpalko-250-mm\\\/\",\"url\":\"https:\\\/\\\/hundtgroup.com\\\/sl\\\/produkt\\\/vbw-966-1-klesce-za-vodno-crpalko-250-mm\\\/\",\"name\":\"VBW 966-1 Kle\u0161\u010de za vodno \u010drpalko 250 mm - Wilhelm Hundt GmbH\",\"isPartOf\":{\"@id\":\"https:\\\/\\\/hundtgroup.com\\\/sl\\\/#website\"},\"primaryImageOfPage\":{\"@id\":\"https:\\\/\\\/hundtgroup.com\\\/sl\\\/produkt\\\/vbw-966-1-klesce-za-vodno-crpalko-250-mm\\\/#primaryimage\"},\"image\":{\"@id\":\"https:\\\/\\\/hundtgroup.com\\\/sl\\\/produkt\\\/vbw-966-1-klesce-za-vodno-crpalko-250-mm\\\/#primaryimage\"},\"thumbnailUrl\":\"https:\\\/\\\/hundtgroup.com\\\/wp-content\\\/uploads\\\/410155.png\",\"datePublished\":\"2022-10-26T13:58:43+00:00\",\"dateModified\":\"2025-07-29T10:50:50+00:00\",\"breadcrumb\":{\"@id\":\"https:\\\/\\\/hundtgroup.com\\\/sl\\\/produkt\\\/vbw-966-1-klesce-za-vodno-crpalko-250-mm\\\/#breadcrumb\"},\"inLanguage\":\"sl-SI\",\"potentialAction\":[{\"@type\":\"ReadAction\",\"target\":[\"https:\\\/\\\/hundtgroup.com\\\/sl\\\/produkt\\\/vbw-966-1-klesce-za-vodno-crpalko-250-mm\\\/\"]}]},{\"@type\":\"ImageObject\",\"inLanguage\":\"sl-SI\",\"@id\":\"https:\\\/\\\/hundtgroup.com\\\/sl\\\/produkt\\\/vbw-966-1-klesce-za-vodno-crpalko-250-mm\\\/#primaryimage\",\"url\":\"https:\\\/\\\/hundtgroup.com\\\/wp-content\\\/uploads\\\/410155.png\",\"contentUrl\":\"https:\\\/\\\/hundtgroup.com\\\/wp-content\\\/uploads\\\/410155.png\",\"width\":829,\"height\":215},{\"@type\":\"BreadcrumbList\",\"@id\":\"https:\\\/\\\/hundtgroup.com\\\/sl\\\/produkt\\\/vbw-966-1-klesce-za-vodno-crpalko-250-mm\\\/#breadcrumb\",\"itemListElement\":[{\"@type\":\"ListItem\",\"position\":1,\"name\":\"Startseite\",\"item\":\"https:\\\/\\\/hundtgroup.com\\\/sl\\\/domov-novo\\\/\"},{\"@type\":\"ListItem\",\"position\":2,\"name\":\"Trgovina\",\"item\":\"https:\\\/\\\/hundtgroup.com\\\/trgovina\\\/\"},{\"@type\":\"ListItem\",\"position\":3,\"name\":\"VBW 966-1 Kle\u0161\u010de za vodno \u010drpalko 250 mm\"}]},{\"@type\":\"WebSite\",\"@id\":\"https:\\\/\\\/hundtgroup.com\\\/sl\\\/#website\",\"url\":\"https:\\\/\\\/hundtgroup.com\\\/sl\\\/\",\"name\":\"Wilhelm Hundt GmbH\",\"description\":\"Va\u0161 specialist za stroje in orodja za obdelavo plo\u010devine\",\"potentialAction\":[{\"@type\":\"SearchAction\",\"target\":{\"@type\":\"EntryPoint\",\"urlTemplate\":\"https:\\\/\\\/hundtgroup.com\\\/sl\\\/?s={search_term_string}\"},\"query-input\":{\"@type\":\"PropertyValueSpecification\",\"valueRequired\":true,\"valueName\":\"search_term_string\"}}],\"inLanguage\":\"sl-SI\"}]}<\/script>\n<!-- \/ Yoast SEO plugin. -->","yoast_head_json":{"title":"VBW 966-1 Kle\u0161\u010de za vodno \u010drpalko 250 mm - Wilhelm Hundt GmbH","robots":{"index":"index","follow":"follow","max-snippet":"max-snippet:-1","max-image-preview":"max-image-preview:large","max-video-preview":"max-video-preview:-1"},"canonical":"https:\/\/hundtgroup.com\/sl\/produkt\/vbw-966-1-klesce-za-vodno-crpalko-250-mm\/","og_locale":"sl_SI","og_type":"article","og_title":"VBW 966-1 Kle\u0161\u010de za vodno \u010drpalko 250 mm - Wilhelm Hundt GmbH","og_description":"Drsni spoj s potiskom. Izjemno stabilen zaradi dvojnega vodila. Samodejno vpenjanje na obdelovanec, prihranek napora in nedrse\u010de. Varnostno vpenjanje, za\u0161\u010dita pred po\u0161kodbami zaradi zdrsa. Visokokakovostno kaljeno za visoko odpornost proti obrabi. Nedrse\u010di ro\u010daji, zelo koristni v hladnih razmerah.","og_url":"https:\/\/hundtgroup.com\/sl\/produkt\/vbw-966-1-klesce-za-vodno-crpalko-250-mm\/","og_site_name":"Wilhelm Hundt GmbH","article_modified_time":"2025-07-29T10:50:50+00:00","og_image":[{"width":829,"height":215,"url":"https:\/\/hundtgroup.com\/wp-content\/uploads\/410155.png","type":"image\/png"}],"twitter_card":"summary_large_image","schema":{"@context":"https:\/\/schema.org","@graph":[{"@type":"WebPage","@id":"https:\/\/hundtgroup.com\/sl\/produkt\/vbw-966-1-klesce-za-vodno-crpalko-250-mm\/","url":"https:\/\/hundtgroup.com\/sl\/produkt\/vbw-966-1-klesce-za-vodno-crpalko-250-mm\/","name":"VBW 966-1 Kle\u0161\u010de za vodno \u010drpalko 250 mm - Wilhelm Hundt GmbH","isPartOf":{"@id":"https:\/\/hundtgroup.com\/sl\/#website"},"primaryImageOfPage":{"@id":"https:\/\/hundtgroup.com\/sl\/produkt\/vbw-966-1-klesce-za-vodno-crpalko-250-mm\/#primaryimage"},"image":{"@id":"https:\/\/hundtgroup.com\/sl\/produkt\/vbw-966-1-klesce-za-vodno-crpalko-250-mm\/#primaryimage"},"thumbnailUrl":"https:\/\/hundtgroup.com\/wp-content\/uploads\/410155.png","datePublished":"2022-10-26T13:58:43+00:00","dateModified":"2025-07-29T10:50:50+00:00","breadcrumb":{"@id":"https:\/\/hundtgroup.com\/sl\/produkt\/vbw-966-1-klesce-za-vodno-crpalko-250-mm\/#breadcrumb"},"inLanguage":"sl-SI","potentialAction":[{"@type":"ReadAction","target":["https:\/\/hundtgroup.com\/sl\/produkt\/vbw-966-1-klesce-za-vodno-crpalko-250-mm\/"]}]},{"@type":"ImageObject","inLanguage":"sl-SI","@id":"https:\/\/hundtgroup.com\/sl\/produkt\/vbw-966-1-klesce-za-vodno-crpalko-250-mm\/#primaryimage","url":"https:\/\/hundtgroup.com\/wp-content\/uploads\/410155.png","contentUrl":"https:\/\/hundtgroup.com\/wp-content\/uploads\/410155.png","width":829,"height":215},{"@type":"BreadcrumbList","@id":"https:\/\/hundtgroup.com\/sl\/produkt\/vbw-966-1-klesce-za-vodno-crpalko-250-mm\/#breadcrumb","itemListElement":[{"@type":"ListItem","position":1,"name":"Startseite","item":"https:\/\/hundtgroup.com\/sl\/domov-novo\/"},{"@type":"ListItem","position":2,"name":"Trgovina","item":"https:\/\/hundtgroup.com\/trgovina\/"},{"@type":"ListItem","position":3,"name":"VBW 966-1 Kle\u0161\u010de za vodno \u010drpalko 250 mm"}]},{"@type":"WebSite","@id":"https:\/\/hundtgroup.com\/sl\/#website","url":"https:\/\/hundtgroup.com\/sl\/","name":"Wilhelm Hundt GmbH","description":"Va\u0161 specialist za stroje in orodja za obdelavo plo\u010devine","potentialAction":[{"@type":"SearchAction","target":{"@type":"EntryPoint","urlTemplate":"https:\/\/hundtgroup.com\/sl\/?s={search_term_string}"},"query-input":{"@type":"PropertyValueSpecification","valueRequired":true,"valueName":"search_term_string"}}],"inLanguage":"sl-SI"}]}},"_links":{"self":[{"href":"https:\/\/hundtgroup.com\/sl\/wp-json\/wp\/v2\/product\/20997","targetHints":{"allow":["GET"]}}],"collection":[{"href":"https:\/\/hundtgroup.com\/sl\/wp-json\/wp\/v2\/product"}],"about":[{"href":"https:\/\/hundtgroup.com\/sl\/wp-json\/wp\/v2\/types\/product"}],"wp:featuredmedia":[{"embeddable":true,"href":"https:\/\/hundtgroup.com\/sl\/wp-json\/wp\/v2\/media\/20989"}],"wp:attachment":[{"href":"https:\/\/hundtgroup.com\/sl\/wp-json\/wp\/v2\/media?parent=20997"}],"wp:term":[{"taxonomy":"product_cat","embeddable":true,"href":"https:\/\/hundtgroup.com\/sl\/wp-json\/wp\/v2\/product_cat?post=20997"},{"taxonomy":"product_tag","embeddable":true,"href":"https:\/\/hundtgroup.com\/sl\/wp-json\/wp\/v2\/product_tag?post=20997"}],"curies":[{"name":"wp","href":"https:\/\/api.w.org\/{rel}","templated":true}]}}