{"id":21815,"date":"2025-06-18T18:32:05","date_gmt":"2025-06-18T16:32:05","guid":{"rendered":"https:\/\/hundtgroup.com\/produkt\/varnostna-ocala-model-detroit\/"},"modified":"2025-08-05T18:09:03","modified_gmt":"2025-08-05T16:09:03","slug":"varnostna-ocala-model-detroit","status":"publish","type":"product","link":"https:\/\/hundtgroup.com\/sl\/produkt\/varnostna-ocala-model-detroit\/","title":{"rendered":"Varnostna o\u010dala model Detroit"},"content":{"rendered":"<p>Dvojna o\u010dala iz polikarbonata, nastavljiva dol\u017eina templjev, 100-odstotna UV-za\u0161\u010dita, proti megli, odporna na praske, vid brez popa\u010denja, maksimalna vidna zmogljivost, primerna za dolgotrajno uporabo, F &#8211; nizkoenergijski udar (45 m\/s), PPE Cat. I, standard EN 166 <\/p>\n","protected":false},"excerpt":{"rendered":"<p>Dvojna o\u010dala iz polikarbonata, nastavljiva dol\u017eina templjev, 100-odstotna UV-za\u0161\u010dita, proti megli, odporna na praske, vid brez popa\u010denja, maksimalna vidna zmogljivost, primerna za dolgotrajno uporabo, F &#8211; nizkoenergijski udar (45 m\/s), PPE Cat. I, standard EN 166<\/p>\n","protected":false},"featured_media":21817,"template":"","meta":{"_acf_changed":false,"inline_featured_image":false},"product_cat":[2137,1961],"product_tag":[],"class_list":{"0":"post-21815","1":"product","2":"type-product","3":"status-publish","4":"has-post-thumbnail","6":"brand-hundt","7":"product_cat-varnostna-ocala","8":"product_cat-varnost-pri-delu","10":"first","11":"instock","12":"taxable","13":"shipping-taxable","14":"purchasable","15":"product-type-simple","16":"add-to-wishlist-before_image"},"acf":[],"yoast_head":"<!-- This site is optimized with the Yoast SEO plugin v27.3 - https:\/\/yoast.com\/product\/yoast-seo-wordpress\/ -->\n<title>Varnostna o\u010dala model Detroit - Wilhelm Hundt GmbH<\/title>\n<meta name=\"robots\" content=\"index, follow, max-snippet:-1, max-image-preview:large, max-video-preview:-1\" \/>\n<link rel=\"canonical\" href=\"https:\/\/hundtgroup.com\/sl\/produkt\/varnostna-ocala-model-detroit\/\" \/>\n<meta property=\"og:locale\" content=\"sl_SI\" \/>\n<meta property=\"og:type\" content=\"article\" \/>\n<meta property=\"og:title\" content=\"Varnostna o\u010dala model Detroit - Wilhelm Hundt GmbH\" \/>\n<meta property=\"og:description\" content=\"Dvojna o\u010dala iz polikarbonata, nastavljiva dol\u017eina templjev, 100-odstotna UV-za\u0161\u010dita, proti megli, odporna na praske, vid brez popa\u010denja, maksimalna vidna zmogljivost, primerna za dolgotrajno uporabo, F &#8211; nizkoenergijski udar (45 m\/s), PPE Cat. I, standard EN 166\" \/>\n<meta property=\"og:url\" content=\"https:\/\/hundtgroup.com\/sl\/produkt\/varnostna-ocala-model-detroit\/\" \/>\n<meta property=\"og:site_name\" content=\"Wilhelm Hundt GmbH\" \/>\n<meta property=\"article:modified_time\" content=\"2025-08-05T16:09:03+00:00\" \/>\n<meta property=\"og:image\" content=\"https:\/\/hundtgroup.com\/wp-content\/uploads\/290198.jpg\" \/>\n\t<meta property=\"og:image:width\" content=\"400\" \/>\n\t<meta property=\"og:image:height\" content=\"240\" \/>\n\t<meta property=\"og:image:type\" content=\"image\/jpeg\" \/>\n<meta name=\"twitter:card\" content=\"summary_large_image\" \/>\n<script type=\"application\/ld+json\" class=\"yoast-schema-graph\">{\"@context\":\"https:\\\/\\\/schema.org\",\"@graph\":[{\"@type\":\"WebPage\",\"@id\":\"https:\\\/\\\/hundtgroup.com\\\/sl\\\/produkt\\\/varnostna-ocala-model-detroit\\\/\",\"url\":\"https:\\\/\\\/hundtgroup.com\\\/sl\\\/produkt\\\/varnostna-ocala-model-detroit\\\/\",\"name\":\"Varnostna o\u010dala model Detroit - Wilhelm Hundt GmbH\",\"isPartOf\":{\"@id\":\"https:\\\/\\\/hundtgroup.com\\\/sl\\\/#website\"},\"primaryImageOfPage\":{\"@id\":\"https:\\\/\\\/hundtgroup.com\\\/sl\\\/produkt\\\/varnostna-ocala-model-detroit\\\/#primaryimage\"},\"image\":{\"@id\":\"https:\\\/\\\/hundtgroup.com\\\/sl\\\/produkt\\\/varnostna-ocala-model-detroit\\\/#primaryimage\"},\"thumbnailUrl\":\"https:\\\/\\\/hundtgroup.com\\\/wp-content\\\/uploads\\\/290198.jpg\",\"datePublished\":\"2025-06-18T16:32:05+00:00\",\"dateModified\":\"2025-08-05T16:09:03+00:00\",\"breadcrumb\":{\"@id\":\"https:\\\/\\\/hundtgroup.com\\\/sl\\\/produkt\\\/varnostna-ocala-model-detroit\\\/#breadcrumb\"},\"inLanguage\":\"sl-SI\",\"potentialAction\":[{\"@type\":\"ReadAction\",\"target\":[\"https:\\\/\\\/hundtgroup.com\\\/sl\\\/produkt\\\/varnostna-ocala-model-detroit\\\/\"]}]},{\"@type\":\"ImageObject\",\"inLanguage\":\"sl-SI\",\"@id\":\"https:\\\/\\\/hundtgroup.com\\\/sl\\\/produkt\\\/varnostna-ocala-model-detroit\\\/#primaryimage\",\"url\":\"https:\\\/\\\/hundtgroup.com\\\/wp-content\\\/uploads\\\/290198.jpg\",\"contentUrl\":\"https:\\\/\\\/hundtgroup.com\\\/wp-content\\\/uploads\\\/290198.jpg\",\"width\":400,\"height\":240},{\"@type\":\"BreadcrumbList\",\"@id\":\"https:\\\/\\\/hundtgroup.com\\\/sl\\\/produkt\\\/varnostna-ocala-model-detroit\\\/#breadcrumb\",\"itemListElement\":[{\"@type\":\"ListItem\",\"position\":1,\"name\":\"Startseite\",\"item\":\"https:\\\/\\\/hundtgroup.com\\\/sl\\\/domov-novo\\\/\"},{\"@type\":\"ListItem\",\"position\":2,\"name\":\"Trgovina\",\"item\":\"https:\\\/\\\/hundtgroup.com\\\/trgovina\\\/\"},{\"@type\":\"ListItem\",\"position\":3,\"name\":\"Varnostna o\u010dala model Detroit\"}]},{\"@type\":\"WebSite\",\"@id\":\"https:\\\/\\\/hundtgroup.com\\\/sl\\\/#website\",\"url\":\"https:\\\/\\\/hundtgroup.com\\\/sl\\\/\",\"name\":\"Wilhelm Hundt GmbH\",\"description\":\"Va\u0161 specialist za stroje in orodja za obdelavo plo\u010devine\",\"potentialAction\":[{\"@type\":\"SearchAction\",\"target\":{\"@type\":\"EntryPoint\",\"urlTemplate\":\"https:\\\/\\\/hundtgroup.com\\\/sl\\\/?s={search_term_string}\"},\"query-input\":{\"@type\":\"PropertyValueSpecification\",\"valueRequired\":true,\"valueName\":\"search_term_string\"}}],\"inLanguage\":\"sl-SI\"}]}<\/script>\n<!-- \/ Yoast SEO plugin. -->","yoast_head_json":{"title":"Varnostna o\u010dala model Detroit - Wilhelm Hundt GmbH","robots":{"index":"index","follow":"follow","max-snippet":"max-snippet:-1","max-image-preview":"max-image-preview:large","max-video-preview":"max-video-preview:-1"},"canonical":"https:\/\/hundtgroup.com\/sl\/produkt\/varnostna-ocala-model-detroit\/","og_locale":"sl_SI","og_type":"article","og_title":"Varnostna o\u010dala model Detroit - Wilhelm Hundt GmbH","og_description":"Dvojna o\u010dala iz polikarbonata, nastavljiva dol\u017eina templjev, 100-odstotna UV-za\u0161\u010dita, proti megli, odporna na praske, vid brez popa\u010denja, maksimalna vidna zmogljivost, primerna za dolgotrajno uporabo, F &#8211; nizkoenergijski udar (45 m\/s), PPE Cat. I, standard EN 166","og_url":"https:\/\/hundtgroup.com\/sl\/produkt\/varnostna-ocala-model-detroit\/","og_site_name":"Wilhelm Hundt GmbH","article_modified_time":"2025-08-05T16:09:03+00:00","og_image":[{"width":400,"height":240,"url":"https:\/\/hundtgroup.com\/wp-content\/uploads\/290198.jpg","type":"image\/jpeg"}],"twitter_card":"summary_large_image","schema":{"@context":"https:\/\/schema.org","@graph":[{"@type":"WebPage","@id":"https:\/\/hundtgroup.com\/sl\/produkt\/varnostna-ocala-model-detroit\/","url":"https:\/\/hundtgroup.com\/sl\/produkt\/varnostna-ocala-model-detroit\/","name":"Varnostna o\u010dala model Detroit - Wilhelm Hundt GmbH","isPartOf":{"@id":"https:\/\/hundtgroup.com\/sl\/#website"},"primaryImageOfPage":{"@id":"https:\/\/hundtgroup.com\/sl\/produkt\/varnostna-ocala-model-detroit\/#primaryimage"},"image":{"@id":"https:\/\/hundtgroup.com\/sl\/produkt\/varnostna-ocala-model-detroit\/#primaryimage"},"thumbnailUrl":"https:\/\/hundtgroup.com\/wp-content\/uploads\/290198.jpg","datePublished":"2025-06-18T16:32:05+00:00","dateModified":"2025-08-05T16:09:03+00:00","breadcrumb":{"@id":"https:\/\/hundtgroup.com\/sl\/produkt\/varnostna-ocala-model-detroit\/#breadcrumb"},"inLanguage":"sl-SI","potentialAction":[{"@type":"ReadAction","target":["https:\/\/hundtgroup.com\/sl\/produkt\/varnostna-ocala-model-detroit\/"]}]},{"@type":"ImageObject","inLanguage":"sl-SI","@id":"https:\/\/hundtgroup.com\/sl\/produkt\/varnostna-ocala-model-detroit\/#primaryimage","url":"https:\/\/hundtgroup.com\/wp-content\/uploads\/290198.jpg","contentUrl":"https:\/\/hundtgroup.com\/wp-content\/uploads\/290198.jpg","width":400,"height":240},{"@type":"BreadcrumbList","@id":"https:\/\/hundtgroup.com\/sl\/produkt\/varnostna-ocala-model-detroit\/#breadcrumb","itemListElement":[{"@type":"ListItem","position":1,"name":"Startseite","item":"https:\/\/hundtgroup.com\/sl\/domov-novo\/"},{"@type":"ListItem","position":2,"name":"Trgovina","item":"https:\/\/hundtgroup.com\/trgovina\/"},{"@type":"ListItem","position":3,"name":"Varnostna o\u010dala model Detroit"}]},{"@type":"WebSite","@id":"https:\/\/hundtgroup.com\/sl\/#website","url":"https:\/\/hundtgroup.com\/sl\/","name":"Wilhelm Hundt GmbH","description":"Va\u0161 specialist za stroje in orodja za obdelavo plo\u010devine","potentialAction":[{"@type":"SearchAction","target":{"@type":"EntryPoint","urlTemplate":"https:\/\/hundtgroup.com\/sl\/?s={search_term_string}"},"query-input":{"@type":"PropertyValueSpecification","valueRequired":true,"valueName":"search_term_string"}}],"inLanguage":"sl-SI"}]}},"_links":{"self":[{"href":"https:\/\/hundtgroup.com\/sl\/wp-json\/wp\/v2\/product\/21815","targetHints":{"allow":["GET"]}}],"collection":[{"href":"https:\/\/hundtgroup.com\/sl\/wp-json\/wp\/v2\/product"}],"about":[{"href":"https:\/\/hundtgroup.com\/sl\/wp-json\/wp\/v2\/types\/product"}],"wp:featuredmedia":[{"embeddable":true,"href":"https:\/\/hundtgroup.com\/sl\/wp-json\/wp\/v2\/media\/21817"}],"wp:attachment":[{"href":"https:\/\/hundtgroup.com\/sl\/wp-json\/wp\/v2\/media?parent=21815"}],"wp:term":[{"taxonomy":"product_cat","embeddable":true,"href":"https:\/\/hundtgroup.com\/sl\/wp-json\/wp\/v2\/product_cat?post=21815"},{"taxonomy":"product_tag","embeddable":true,"href":"https:\/\/hundtgroup.com\/sl\/wp-json\/wp\/v2\/product_tag?post=21815"}],"curies":[{"name":"wp","href":"https:\/\/api.w.org\/{rel}","templated":true}]}}