{"id":22235,"date":"2025-06-18T18:31:51","date_gmt":"2025-06-18T16:31:51","guid":{"rendered":"https:\/\/hundtgroup.com\/produkt\/makita-ml003g-led-gradbeni-reflektor\/"},"modified":"2025-07-28T16:54:43","modified_gmt":"2025-07-28T14:54:43","slug":"makita-ml003g-led-gradbeni-reflektor","status":"publish","type":"product","link":"https:\/\/hundtgroup.com\/sl\/produkt\/makita-ml003g-led-gradbeni-reflektor\/","title":{"rendered":"Makita ML003G LED gradbeni reflektor"},"content":{"rendered":"<p>Za optimalno osvetlitev skrbi 20 trajno name\u0161\u010denih diod LED, vsaka z mo\u010djo 0,6 W. Z dvema stopnjama svetilnosti lahko ustvarite svetlobni tok 450 ali 1 100 lumnov. Ohi\u0161je lu\u010di je mogo\u010de nemoteno nagibati navzgor in navzdol za 240\u00b0.  <\/p>\n","protected":false},"excerpt":{"rendered":"<p>Za optimalno osvetlitev skrbi 20 trajno name\u0161\u010denih diod LED, vsaka z mo\u010djo 0,6 W. Z dvema stopnjama svetilnosti lahko ustvarite svetlobni tok 450 ali 1 100 lumnov. Ohi\u0161je lu\u010di je mogo\u010de nemoteno nagibati navzgor in navzdol za 240\u00b0.<\/p>\n","protected":false},"featured_media":0,"template":"","meta":{"_acf_changed":false,"inline_featured_image":false},"product_cat":[2134,1976],"product_tag":[],"class_list":{"0":"post-22235","1":"product","2":"type-product","3":"status-publish","5":"brand-makita","6":"product_cat-spotlight-sl","7":"product_cat-oprema-za-gradbisce","9":"first","10":"instock","11":"taxable","12":"shipping-taxable","13":"purchasable","14":"product-type-simple","15":"add-to-wishlist-before_image"},"acf":[],"yoast_head":"<!-- This site is optimized with the Yoast SEO plugin v27.3 - https:\/\/yoast.com\/product\/yoast-seo-wordpress\/ -->\n<title>Makita ML003G LED gradbeni reflektor - Wilhelm Hundt GmbH<\/title>\n<meta name=\"robots\" content=\"index, follow, max-snippet:-1, max-image-preview:large, max-video-preview:-1\" \/>\n<link rel=\"canonical\" href=\"https:\/\/hundtgroup.com\/sl\/produkt\/makita-ml003g-led-gradbeni-reflektor\/\" \/>\n<meta property=\"og:locale\" content=\"sl_SI\" \/>\n<meta property=\"og:type\" content=\"article\" \/>\n<meta property=\"og:title\" content=\"Makita ML003G LED gradbeni reflektor - Wilhelm Hundt GmbH\" \/>\n<meta property=\"og:description\" content=\"Za optimalno osvetlitev skrbi 20 trajno name\u0161\u010denih diod LED, vsaka z mo\u010djo 0,6 W. Z dvema stopnjama svetilnosti lahko ustvarite svetlobni tok 450 ali 1 100 lumnov. Ohi\u0161je lu\u010di je mogo\u010de nemoteno nagibati navzgor in navzdol za 240\u00b0.\" \/>\n<meta property=\"og:url\" content=\"https:\/\/hundtgroup.com\/sl\/produkt\/makita-ml003g-led-gradbeni-reflektor\/\" \/>\n<meta property=\"og:site_name\" content=\"Wilhelm Hundt GmbH\" \/>\n<meta property=\"article:modified_time\" content=\"2025-07-28T14:54:43+00:00\" \/>\n<meta name=\"twitter:card\" content=\"summary_large_image\" \/>\n<script type=\"application\/ld+json\" class=\"yoast-schema-graph\">{\"@context\":\"https:\\\/\\\/schema.org\",\"@graph\":[{\"@type\":\"WebPage\",\"@id\":\"https:\\\/\\\/hundtgroup.com\\\/sl\\\/produkt\\\/makita-ml003g-led-gradbeni-reflektor\\\/\",\"url\":\"https:\\\/\\\/hundtgroup.com\\\/sl\\\/produkt\\\/makita-ml003g-led-gradbeni-reflektor\\\/\",\"name\":\"Makita ML003G LED gradbeni reflektor - Wilhelm Hundt GmbH\",\"isPartOf\":{\"@id\":\"https:\\\/\\\/hundtgroup.com\\\/sl\\\/#website\"},\"datePublished\":\"2025-06-18T16:31:51+00:00\",\"dateModified\":\"2025-07-28T14:54:43+00:00\",\"breadcrumb\":{\"@id\":\"https:\\\/\\\/hundtgroup.com\\\/sl\\\/produkt\\\/makita-ml003g-led-gradbeni-reflektor\\\/#breadcrumb\"},\"inLanguage\":\"sl-SI\",\"potentialAction\":[{\"@type\":\"ReadAction\",\"target\":[\"https:\\\/\\\/hundtgroup.com\\\/sl\\\/produkt\\\/makita-ml003g-led-gradbeni-reflektor\\\/\"]}]},{\"@type\":\"BreadcrumbList\",\"@id\":\"https:\\\/\\\/hundtgroup.com\\\/sl\\\/produkt\\\/makita-ml003g-led-gradbeni-reflektor\\\/#breadcrumb\",\"itemListElement\":[{\"@type\":\"ListItem\",\"position\":1,\"name\":\"Startseite\",\"item\":\"https:\\\/\\\/hundtgroup.com\\\/sl\\\/domov-novo\\\/\"},{\"@type\":\"ListItem\",\"position\":2,\"name\":\"Trgovina\",\"item\":\"https:\\\/\\\/hundtgroup.com\\\/trgovina\\\/\"},{\"@type\":\"ListItem\",\"position\":3,\"name\":\"Makita ML003G LED gradbeni reflektor\"}]},{\"@type\":\"WebSite\",\"@id\":\"https:\\\/\\\/hundtgroup.com\\\/sl\\\/#website\",\"url\":\"https:\\\/\\\/hundtgroup.com\\\/sl\\\/\",\"name\":\"Wilhelm Hundt GmbH\",\"description\":\"Va\u0161 specialist za stroje in orodja za obdelavo plo\u010devine\",\"potentialAction\":[{\"@type\":\"SearchAction\",\"target\":{\"@type\":\"EntryPoint\",\"urlTemplate\":\"https:\\\/\\\/hundtgroup.com\\\/sl\\\/?s={search_term_string}\"},\"query-input\":{\"@type\":\"PropertyValueSpecification\",\"valueRequired\":true,\"valueName\":\"search_term_string\"}}],\"inLanguage\":\"sl-SI\"}]}<\/script>\n<!-- \/ Yoast SEO plugin. -->","yoast_head_json":{"title":"Makita ML003G LED gradbeni reflektor - Wilhelm Hundt GmbH","robots":{"index":"index","follow":"follow","max-snippet":"max-snippet:-1","max-image-preview":"max-image-preview:large","max-video-preview":"max-video-preview:-1"},"canonical":"https:\/\/hundtgroup.com\/sl\/produkt\/makita-ml003g-led-gradbeni-reflektor\/","og_locale":"sl_SI","og_type":"article","og_title":"Makita ML003G LED gradbeni reflektor - Wilhelm Hundt GmbH","og_description":"Za optimalno osvetlitev skrbi 20 trajno name\u0161\u010denih diod LED, vsaka z mo\u010djo 0,6 W. Z dvema stopnjama svetilnosti lahko ustvarite svetlobni tok 450 ali 1 100 lumnov. Ohi\u0161je lu\u010di je mogo\u010de nemoteno nagibati navzgor in navzdol za 240\u00b0.","og_url":"https:\/\/hundtgroup.com\/sl\/produkt\/makita-ml003g-led-gradbeni-reflektor\/","og_site_name":"Wilhelm Hundt GmbH","article_modified_time":"2025-07-28T14:54:43+00:00","twitter_card":"summary_large_image","schema":{"@context":"https:\/\/schema.org","@graph":[{"@type":"WebPage","@id":"https:\/\/hundtgroup.com\/sl\/produkt\/makita-ml003g-led-gradbeni-reflektor\/","url":"https:\/\/hundtgroup.com\/sl\/produkt\/makita-ml003g-led-gradbeni-reflektor\/","name":"Makita ML003G LED gradbeni reflektor - Wilhelm Hundt GmbH","isPartOf":{"@id":"https:\/\/hundtgroup.com\/sl\/#website"},"datePublished":"2025-06-18T16:31:51+00:00","dateModified":"2025-07-28T14:54:43+00:00","breadcrumb":{"@id":"https:\/\/hundtgroup.com\/sl\/produkt\/makita-ml003g-led-gradbeni-reflektor\/#breadcrumb"},"inLanguage":"sl-SI","potentialAction":[{"@type":"ReadAction","target":["https:\/\/hundtgroup.com\/sl\/produkt\/makita-ml003g-led-gradbeni-reflektor\/"]}]},{"@type":"BreadcrumbList","@id":"https:\/\/hundtgroup.com\/sl\/produkt\/makita-ml003g-led-gradbeni-reflektor\/#breadcrumb","itemListElement":[{"@type":"ListItem","position":1,"name":"Startseite","item":"https:\/\/hundtgroup.com\/sl\/domov-novo\/"},{"@type":"ListItem","position":2,"name":"Trgovina","item":"https:\/\/hundtgroup.com\/trgovina\/"},{"@type":"ListItem","position":3,"name":"Makita ML003G LED gradbeni reflektor"}]},{"@type":"WebSite","@id":"https:\/\/hundtgroup.com\/sl\/#website","url":"https:\/\/hundtgroup.com\/sl\/","name":"Wilhelm Hundt GmbH","description":"Va\u0161 specialist za stroje in orodja za obdelavo plo\u010devine","potentialAction":[{"@type":"SearchAction","target":{"@type":"EntryPoint","urlTemplate":"https:\/\/hundtgroup.com\/sl\/?s={search_term_string}"},"query-input":{"@type":"PropertyValueSpecification","valueRequired":true,"valueName":"search_term_string"}}],"inLanguage":"sl-SI"}]}},"_links":{"self":[{"href":"https:\/\/hundtgroup.com\/sl\/wp-json\/wp\/v2\/product\/22235","targetHints":{"allow":["GET"]}}],"collection":[{"href":"https:\/\/hundtgroup.com\/sl\/wp-json\/wp\/v2\/product"}],"about":[{"href":"https:\/\/hundtgroup.com\/sl\/wp-json\/wp\/v2\/types\/product"}],"wp:attachment":[{"href":"https:\/\/hundtgroup.com\/sl\/wp-json\/wp\/v2\/media?parent=22235"}],"wp:term":[{"taxonomy":"product_cat","embeddable":true,"href":"https:\/\/hundtgroup.com\/sl\/wp-json\/wp\/v2\/product_cat?post=22235"},{"taxonomy":"product_tag","embeddable":true,"href":"https:\/\/hundtgroup.com\/sl\/wp-json\/wp\/v2\/product_tag?post=22235"}],"curies":[{"name":"wp","href":"https:\/\/api.w.org\/{rel}","templated":true}]}}