{"id":22263,"date":"2025-06-18T18:31:54","date_gmt":"2025-06-18T16:31:54","guid":{"rendered":"https:\/\/hundtgroup.com\/produkt\/vozicek-za-nahrbtnik-z-orodjem-hundt\/"},"modified":"2026-04-01T12:47:27","modified_gmt":"2026-04-01T10:47:27","slug":"vozicek-za-nahrbtnik-z-orodjem-hundt","status":"publish","type":"product","link":"https:\/\/hundtgroup.com\/sl\/produkt\/vozicek-za-nahrbtnik-z-orodjem-hundt\/","title":{"rendered":"Vozi\u010dek za nahrbtnik z orodjem Hundt"},"content":{"rendered":"<p>Vozi\u010dek za orodje iz tkanine, odporne proti obrabi in raztrganju, z zaklepno zadrgo. Z vgrajenim vozi\u010dkom, za\u0161\u010ditnim pokrovom za kolesa, 2 oblazinjenima naramnicama in ro\u010dajem za prena\u0161anje. V notranjosti je oblazinjen predal za prenosni ra\u010dunalnik do velikosti 15&#8243; in 2 odstranljivi obojestranski deski za orodje z \u017eepi.  <\/p>\n","protected":false},"excerpt":{"rendered":"<p>Vozi\u010dek za orodje iz tkanine, odporne proti obrabi in raztrganju, z zaklepno zadrgo. Z vgrajenim vozi\u010dkom, za\u0161\u010ditnim pokrovom za kolesa, 2 oblazinjenima naramnicama in ro\u010dajem za prena\u0161anje. V notranjosti je oblazinjen predal za prenosni ra\u010dunalnik do velikosti 15&#8243; in 2 odstranljivi obojestranski deski za orodje z \u017eepi.<\/p>\n","protected":false},"featured_media":18269,"template":"","meta":{"_acf_changed":false,"inline_featured_image":false},"product_cat":[2049,1976],"product_tag":[],"class_list":{"0":"post-22263","1":"product","2":"type-product","3":"status-publish","4":"has-post-thumbnail","6":"brand-hundt","7":"product_cat-prevoz","8":"product_cat-oprema-za-gradbisce","10":"first","11":"instock","12":"taxable","13":"shipping-taxable","14":"purchasable","15":"product-type-simple","16":"add-to-wishlist-before_image"},"acf":[],"yoast_head":"<!-- This site is optimized with the Yoast SEO plugin v27.3 - https:\/\/yoast.com\/product\/yoast-seo-wordpress\/ -->\n<title>Vozi\u010dek za nahrbtnik z orodjem Hundt - Wilhelm Hundt GmbH<\/title>\n<meta name=\"robots\" content=\"index, follow, max-snippet:-1, max-image-preview:large, max-video-preview:-1\" \/>\n<link rel=\"canonical\" href=\"https:\/\/hundtgroup.com\/sl\/produkt\/vozicek-za-nahrbtnik-z-orodjem-hundt\/\" \/>\n<meta property=\"og:locale\" content=\"sl_SI\" \/>\n<meta property=\"og:type\" content=\"article\" \/>\n<meta property=\"og:title\" content=\"Vozi\u010dek za nahrbtnik z orodjem Hundt - Wilhelm Hundt GmbH\" \/>\n<meta property=\"og:description\" content=\"Vozi\u010dek za orodje iz tkanine, odporne proti obrabi in raztrganju, z zaklepno zadrgo. Z vgrajenim vozi\u010dkom, za\u0161\u010ditnim pokrovom za kolesa, 2 oblazinjenima naramnicama in ro\u010dajem za prena\u0161anje. V notranjosti je oblazinjen predal za prenosni ra\u010dunalnik do velikosti 15&#8243; in 2 odstranljivi obojestranski deski za orodje z \u017eepi.\" \/>\n<meta property=\"og:url\" content=\"https:\/\/hundtgroup.com\/sl\/produkt\/vozicek-za-nahrbtnik-z-orodjem-hundt\/\" \/>\n<meta property=\"og:site_name\" content=\"Wilhelm Hundt GmbH\" \/>\n<meta property=\"article:modified_time\" content=\"2026-04-01T10:47:27+00:00\" \/>\n<meta property=\"og:image\" content=\"https:\/\/hundtgroup.com\/wp-content\/uploads\/210006.png\" \/>\n\t<meta property=\"og:image:width\" content=\"920\" \/>\n\t<meta property=\"og:image:height\" content=\"1030\" \/>\n\t<meta property=\"og:image:type\" content=\"image\/png\" \/>\n<meta name=\"twitter:card\" content=\"summary_large_image\" \/>\n<script type=\"application\/ld+json\" class=\"yoast-schema-graph\">{\"@context\":\"https:\\\/\\\/schema.org\",\"@graph\":[{\"@type\":\"WebPage\",\"@id\":\"https:\\\/\\\/hundtgroup.com\\\/sl\\\/produkt\\\/vozicek-za-nahrbtnik-z-orodjem-hundt\\\/\",\"url\":\"https:\\\/\\\/hundtgroup.com\\\/sl\\\/produkt\\\/vozicek-za-nahrbtnik-z-orodjem-hundt\\\/\",\"name\":\"Vozi\u010dek za nahrbtnik z orodjem Hundt - Wilhelm Hundt GmbH\",\"isPartOf\":{\"@id\":\"https:\\\/\\\/hundtgroup.com\\\/sl\\\/#website\"},\"primaryImageOfPage\":{\"@id\":\"https:\\\/\\\/hundtgroup.com\\\/sl\\\/produkt\\\/vozicek-za-nahrbtnik-z-orodjem-hundt\\\/#primaryimage\"},\"image\":{\"@id\":\"https:\\\/\\\/hundtgroup.com\\\/sl\\\/produkt\\\/vozicek-za-nahrbtnik-z-orodjem-hundt\\\/#primaryimage\"},\"thumbnailUrl\":\"https:\\\/\\\/hundtgroup.com\\\/wp-content\\\/uploads\\\/210006.png\",\"datePublished\":\"2025-06-18T16:31:54+00:00\",\"dateModified\":\"2026-04-01T10:47:27+00:00\",\"breadcrumb\":{\"@id\":\"https:\\\/\\\/hundtgroup.com\\\/sl\\\/produkt\\\/vozicek-za-nahrbtnik-z-orodjem-hundt\\\/#breadcrumb\"},\"inLanguage\":\"sl-SI\",\"potentialAction\":[{\"@type\":\"ReadAction\",\"target\":[\"https:\\\/\\\/hundtgroup.com\\\/sl\\\/produkt\\\/vozicek-za-nahrbtnik-z-orodjem-hundt\\\/\"]}]},{\"@type\":\"ImageObject\",\"inLanguage\":\"sl-SI\",\"@id\":\"https:\\\/\\\/hundtgroup.com\\\/sl\\\/produkt\\\/vozicek-za-nahrbtnik-z-orodjem-hundt\\\/#primaryimage\",\"url\":\"https:\\\/\\\/hundtgroup.com\\\/wp-content\\\/uploads\\\/210006.png\",\"contentUrl\":\"https:\\\/\\\/hundtgroup.com\\\/wp-content\\\/uploads\\\/210006.png\",\"width\":1454,\"height\":1628},{\"@type\":\"BreadcrumbList\",\"@id\":\"https:\\\/\\\/hundtgroup.com\\\/sl\\\/produkt\\\/vozicek-za-nahrbtnik-z-orodjem-hundt\\\/#breadcrumb\",\"itemListElement\":[{\"@type\":\"ListItem\",\"position\":1,\"name\":\"Startseite\",\"item\":\"https:\\\/\\\/hundtgroup.com\\\/sl\\\/domov-novo\\\/\"},{\"@type\":\"ListItem\",\"position\":2,\"name\":\"Trgovina\",\"item\":\"https:\\\/\\\/hundtgroup.com\\\/trgovina\\\/\"},{\"@type\":\"ListItem\",\"position\":3,\"name\":\"Vozi\u010dek za nahrbtnik z orodjem Hundt\"}]},{\"@type\":\"WebSite\",\"@id\":\"https:\\\/\\\/hundtgroup.com\\\/sl\\\/#website\",\"url\":\"https:\\\/\\\/hundtgroup.com\\\/sl\\\/\",\"name\":\"Wilhelm Hundt GmbH\",\"description\":\"Va\u0161 specialist za stroje in orodja za obdelavo plo\u010devine\",\"potentialAction\":[{\"@type\":\"SearchAction\",\"target\":{\"@type\":\"EntryPoint\",\"urlTemplate\":\"https:\\\/\\\/hundtgroup.com\\\/sl\\\/?s={search_term_string}\"},\"query-input\":{\"@type\":\"PropertyValueSpecification\",\"valueRequired\":true,\"valueName\":\"search_term_string\"}}],\"inLanguage\":\"sl-SI\"}]}<\/script>\n<!-- \/ Yoast SEO plugin. -->","yoast_head_json":{"title":"Vozi\u010dek za nahrbtnik z orodjem Hundt - Wilhelm Hundt GmbH","robots":{"index":"index","follow":"follow","max-snippet":"max-snippet:-1","max-image-preview":"max-image-preview:large","max-video-preview":"max-video-preview:-1"},"canonical":"https:\/\/hundtgroup.com\/sl\/produkt\/vozicek-za-nahrbtnik-z-orodjem-hundt\/","og_locale":"sl_SI","og_type":"article","og_title":"Vozi\u010dek za nahrbtnik z orodjem Hundt - Wilhelm Hundt GmbH","og_description":"Vozi\u010dek za orodje iz tkanine, odporne proti obrabi in raztrganju, z zaklepno zadrgo. Z vgrajenim vozi\u010dkom, za\u0161\u010ditnim pokrovom za kolesa, 2 oblazinjenima naramnicama in ro\u010dajem za prena\u0161anje. V notranjosti je oblazinjen predal za prenosni ra\u010dunalnik do velikosti 15&#8243; in 2 odstranljivi obojestranski deski za orodje z \u017eepi.","og_url":"https:\/\/hundtgroup.com\/sl\/produkt\/vozicek-za-nahrbtnik-z-orodjem-hundt\/","og_site_name":"Wilhelm Hundt GmbH","article_modified_time":"2026-04-01T10:47:27+00:00","og_image":[{"url":"https:\/\/hundtgroup.com\/wp-content\/uploads\/210006.png","width":920,"height":1030,"type":"image\/png"}],"twitter_card":"summary_large_image","schema":{"@context":"https:\/\/schema.org","@graph":[{"@type":"WebPage","@id":"https:\/\/hundtgroup.com\/sl\/produkt\/vozicek-za-nahrbtnik-z-orodjem-hundt\/","url":"https:\/\/hundtgroup.com\/sl\/produkt\/vozicek-za-nahrbtnik-z-orodjem-hundt\/","name":"Vozi\u010dek za nahrbtnik z orodjem Hundt - Wilhelm Hundt GmbH","isPartOf":{"@id":"https:\/\/hundtgroup.com\/sl\/#website"},"primaryImageOfPage":{"@id":"https:\/\/hundtgroup.com\/sl\/produkt\/vozicek-za-nahrbtnik-z-orodjem-hundt\/#primaryimage"},"image":{"@id":"https:\/\/hundtgroup.com\/sl\/produkt\/vozicek-za-nahrbtnik-z-orodjem-hundt\/#primaryimage"},"thumbnailUrl":"https:\/\/hundtgroup.com\/wp-content\/uploads\/210006.png","datePublished":"2025-06-18T16:31:54+00:00","dateModified":"2026-04-01T10:47:27+00:00","breadcrumb":{"@id":"https:\/\/hundtgroup.com\/sl\/produkt\/vozicek-za-nahrbtnik-z-orodjem-hundt\/#breadcrumb"},"inLanguage":"sl-SI","potentialAction":[{"@type":"ReadAction","target":["https:\/\/hundtgroup.com\/sl\/produkt\/vozicek-za-nahrbtnik-z-orodjem-hundt\/"]}]},{"@type":"ImageObject","inLanguage":"sl-SI","@id":"https:\/\/hundtgroup.com\/sl\/produkt\/vozicek-za-nahrbtnik-z-orodjem-hundt\/#primaryimage","url":"https:\/\/hundtgroup.com\/wp-content\/uploads\/210006.png","contentUrl":"https:\/\/hundtgroup.com\/wp-content\/uploads\/210006.png","width":1454,"height":1628},{"@type":"BreadcrumbList","@id":"https:\/\/hundtgroup.com\/sl\/produkt\/vozicek-za-nahrbtnik-z-orodjem-hundt\/#breadcrumb","itemListElement":[{"@type":"ListItem","position":1,"name":"Startseite","item":"https:\/\/hundtgroup.com\/sl\/domov-novo\/"},{"@type":"ListItem","position":2,"name":"Trgovina","item":"https:\/\/hundtgroup.com\/trgovina\/"},{"@type":"ListItem","position":3,"name":"Vozi\u010dek za nahrbtnik z orodjem Hundt"}]},{"@type":"WebSite","@id":"https:\/\/hundtgroup.com\/sl\/#website","url":"https:\/\/hundtgroup.com\/sl\/","name":"Wilhelm Hundt GmbH","description":"Va\u0161 specialist za stroje in orodja za obdelavo plo\u010devine","potentialAction":[{"@type":"SearchAction","target":{"@type":"EntryPoint","urlTemplate":"https:\/\/hundtgroup.com\/sl\/?s={search_term_string}"},"query-input":{"@type":"PropertyValueSpecification","valueRequired":true,"valueName":"search_term_string"}}],"inLanguage":"sl-SI"}]}},"_links":{"self":[{"href":"https:\/\/hundtgroup.com\/sl\/wp-json\/wp\/v2\/product\/22263","targetHints":{"allow":["GET"]}}],"collection":[{"href":"https:\/\/hundtgroup.com\/sl\/wp-json\/wp\/v2\/product"}],"about":[{"href":"https:\/\/hundtgroup.com\/sl\/wp-json\/wp\/v2\/types\/product"}],"wp:featuredmedia":[{"embeddable":true,"href":"https:\/\/hundtgroup.com\/sl\/wp-json\/wp\/v2\/media\/18269"}],"wp:attachment":[{"href":"https:\/\/hundtgroup.com\/sl\/wp-json\/wp\/v2\/media?parent=22263"}],"wp:term":[{"taxonomy":"product_cat","embeddable":true,"href":"https:\/\/hundtgroup.com\/sl\/wp-json\/wp\/v2\/product_cat?post=22263"},{"taxonomy":"product_tag","embeddable":true,"href":"https:\/\/hundtgroup.com\/sl\/wp-json\/wp\/v2\/product_tag?post=22263"}],"curies":[{"name":"wp","href":"https:\/\/api.w.org\/{rel}","templated":true}]}}