{"id":22325,"date":"2025-06-18T18:31:54","date_gmt":"2025-06-18T16:31:54","guid":{"rendered":"https:\/\/hundtgroup.com\/produkt\/led-baterija-acculine-multi-20-w\/"},"modified":"2025-07-29T14:11:59","modified_gmt":"2025-07-29T12:11:59","slug":"led-baterija-acculine-multi-20-w","status":"publish","type":"product","link":"https:\/\/hundtgroup.com\/sl\/produkt\/led-baterija-acculine-multi-20-w\/","title":{"rendered":"LED baterija Acculine Multi 20 W"},"content":{"rendered":"<p>LED Acculine Multi 20W A1 14,4V in 18V<br \/>\nPrimeren za baterije naslednjih proizvajalcev<br \/>\nMakita, Bosch, Panasonic Hikoki in W\u00fcrth<br \/>\nRobustno ohi\u0161je<br \/>\nVelik ro\u010daj za no\u0161enje v rokavicah<br \/>\n2 mo\u010dna magneta za pritrditev na kovinske povr\u0161ine<br \/>\n2 velika zlo\u017eljiva kavlja za pritrditev na odre, ograje in lestve<br \/>\nUSB izhod (5V\/1A) za uporabo kot power banka<br \/>\nBaterije niso vklju\u010dene v obseg dobave<\/p>\n","protected":false},"excerpt":{"rendered":"<p>LED Acculine Multi 20W A1 14,4V in 18V Primeren za baterije naslednjih proizvajalcev Makita, Bosch, Panasonic Hikoki in W\u00fcrth Robustno ohi\u0161je Velik ro\u010daj za no\u0161enje v rokavicah 2 mo\u010dna magneta za pritrditev na kovinske povr\u0161ine 2 velika zlo\u017eljiva kavlja za pritrditev na odre, ograje in lestve USB izhod (5V\/1A) za uporabo kot power banka Baterije [&hellip;]<\/p>\n","protected":false},"featured_media":22326,"template":"","meta":{"_acf_changed":false,"inline_featured_image":false},"product_cat":[2134,1976],"product_tag":[],"class_list":{"0":"post-22325","1":"product","2":"type-product","3":"status-publish","4":"has-post-thumbnail","6":"brand-hundt","7":"product_cat-spotlight-sl","8":"product_cat-oprema-za-gradbisce","10":"first","11":"instock","12":"taxable","13":"shipping-taxable","14":"purchasable","15":"product-type-simple","16":"add-to-wishlist-before_image"},"acf":[],"yoast_head":"<!-- This site is optimized with the Yoast SEO plugin v27.3 - https:\/\/yoast.com\/product\/yoast-seo-wordpress\/ -->\n<title>LED baterija Acculine Multi 20 W - Wilhelm Hundt GmbH<\/title>\n<meta name=\"robots\" content=\"index, follow, max-snippet:-1, max-image-preview:large, max-video-preview:-1\" \/>\n<link rel=\"canonical\" href=\"https:\/\/hundtgroup.com\/sl\/produkt\/led-baterija-acculine-multi-20-w\/\" \/>\n<meta property=\"og:locale\" content=\"sl_SI\" \/>\n<meta property=\"og:type\" content=\"article\" \/>\n<meta property=\"og:title\" content=\"LED baterija Acculine Multi 20 W - Wilhelm Hundt GmbH\" \/>\n<meta property=\"og:description\" content=\"LED Acculine Multi 20W A1 14,4V in 18V Primeren za baterije naslednjih proizvajalcev Makita, Bosch, Panasonic Hikoki in W\u00fcrth Robustno ohi\u0161je Velik ro\u010daj za no\u0161enje v rokavicah 2 mo\u010dna magneta za pritrditev na kovinske povr\u0161ine 2 velika zlo\u017eljiva kavlja za pritrditev na odre, ograje in lestve USB izhod (5V\/1A) za uporabo kot power banka Baterije [&hellip;]\" \/>\n<meta property=\"og:url\" content=\"https:\/\/hundtgroup.com\/sl\/produkt\/led-baterija-acculine-multi-20-w\/\" \/>\n<meta property=\"og:site_name\" content=\"Wilhelm Hundt GmbH\" \/>\n<meta property=\"article:modified_time\" content=\"2025-07-29T12:11:59+00:00\" \/>\n<meta property=\"og:image\" content=\"https:\/\/hundtgroup.com\/wp-content\/uploads\/230280.jpg\" \/>\n\t<meta property=\"og:image:width\" content=\"1200\" \/>\n\t<meta property=\"og:image:height\" content=\"810\" \/>\n\t<meta property=\"og:image:type\" content=\"image\/jpeg\" \/>\n<meta name=\"twitter:card\" content=\"summary_large_image\" \/>\n<script type=\"application\/ld+json\" class=\"yoast-schema-graph\">{\"@context\":\"https:\\\/\\\/schema.org\",\"@graph\":[{\"@type\":\"WebPage\",\"@id\":\"https:\\\/\\\/hundtgroup.com\\\/sl\\\/produkt\\\/led-baterija-acculine-multi-20-w\\\/\",\"url\":\"https:\\\/\\\/hundtgroup.com\\\/sl\\\/produkt\\\/led-baterija-acculine-multi-20-w\\\/\",\"name\":\"LED baterija Acculine Multi 20 W - Wilhelm Hundt GmbH\",\"isPartOf\":{\"@id\":\"https:\\\/\\\/hundtgroup.com\\\/sl\\\/#website\"},\"primaryImageOfPage\":{\"@id\":\"https:\\\/\\\/hundtgroup.com\\\/sl\\\/produkt\\\/led-baterija-acculine-multi-20-w\\\/#primaryimage\"},\"image\":{\"@id\":\"https:\\\/\\\/hundtgroup.com\\\/sl\\\/produkt\\\/led-baterija-acculine-multi-20-w\\\/#primaryimage\"},\"thumbnailUrl\":\"https:\\\/\\\/hundtgroup.com\\\/wp-content\\\/uploads\\\/230280.jpg\",\"datePublished\":\"2025-06-18T16:31:54+00:00\",\"dateModified\":\"2025-07-29T12:11:59+00:00\",\"breadcrumb\":{\"@id\":\"https:\\\/\\\/hundtgroup.com\\\/sl\\\/produkt\\\/led-baterija-acculine-multi-20-w\\\/#breadcrumb\"},\"inLanguage\":\"sl-SI\",\"potentialAction\":[{\"@type\":\"ReadAction\",\"target\":[\"https:\\\/\\\/hundtgroup.com\\\/sl\\\/produkt\\\/led-baterija-acculine-multi-20-w\\\/\"]}]},{\"@type\":\"ImageObject\",\"inLanguage\":\"sl-SI\",\"@id\":\"https:\\\/\\\/hundtgroup.com\\\/sl\\\/produkt\\\/led-baterija-acculine-multi-20-w\\\/#primaryimage\",\"url\":\"https:\\\/\\\/hundtgroup.com\\\/wp-content\\\/uploads\\\/230280.jpg\",\"contentUrl\":\"https:\\\/\\\/hundtgroup.com\\\/wp-content\\\/uploads\\\/230280.jpg\",\"width\":1200,\"height\":810},{\"@type\":\"BreadcrumbList\",\"@id\":\"https:\\\/\\\/hundtgroup.com\\\/sl\\\/produkt\\\/led-baterija-acculine-multi-20-w\\\/#breadcrumb\",\"itemListElement\":[{\"@type\":\"ListItem\",\"position\":1,\"name\":\"Startseite\",\"item\":\"https:\\\/\\\/hundtgroup.com\\\/sl\\\/domov-novo\\\/\"},{\"@type\":\"ListItem\",\"position\":2,\"name\":\"Trgovina\",\"item\":\"https:\\\/\\\/hundtgroup.com\\\/trgovina\\\/\"},{\"@type\":\"ListItem\",\"position\":3,\"name\":\"LED baterija Acculine Multi 20 W\"}]},{\"@type\":\"WebSite\",\"@id\":\"https:\\\/\\\/hundtgroup.com\\\/sl\\\/#website\",\"url\":\"https:\\\/\\\/hundtgroup.com\\\/sl\\\/\",\"name\":\"Wilhelm Hundt GmbH\",\"description\":\"Va\u0161 specialist za stroje in orodja za obdelavo plo\u010devine\",\"potentialAction\":[{\"@type\":\"SearchAction\",\"target\":{\"@type\":\"EntryPoint\",\"urlTemplate\":\"https:\\\/\\\/hundtgroup.com\\\/sl\\\/?s={search_term_string}\"},\"query-input\":{\"@type\":\"PropertyValueSpecification\",\"valueRequired\":true,\"valueName\":\"search_term_string\"}}],\"inLanguage\":\"sl-SI\"}]}<\/script>\n<!-- \/ Yoast SEO plugin. -->","yoast_head_json":{"title":"LED baterija Acculine Multi 20 W - Wilhelm Hundt GmbH","robots":{"index":"index","follow":"follow","max-snippet":"max-snippet:-1","max-image-preview":"max-image-preview:large","max-video-preview":"max-video-preview:-1"},"canonical":"https:\/\/hundtgroup.com\/sl\/produkt\/led-baterija-acculine-multi-20-w\/","og_locale":"sl_SI","og_type":"article","og_title":"LED baterija Acculine Multi 20 W - Wilhelm Hundt GmbH","og_description":"LED Acculine Multi 20W A1 14,4V in 18V Primeren za baterije naslednjih proizvajalcev Makita, Bosch, Panasonic Hikoki in W\u00fcrth Robustno ohi\u0161je Velik ro\u010daj za no\u0161enje v rokavicah 2 mo\u010dna magneta za pritrditev na kovinske povr\u0161ine 2 velika zlo\u017eljiva kavlja za pritrditev na odre, ograje in lestve USB izhod (5V\/1A) za uporabo kot power banka Baterije [&hellip;]","og_url":"https:\/\/hundtgroup.com\/sl\/produkt\/led-baterija-acculine-multi-20-w\/","og_site_name":"Wilhelm Hundt GmbH","article_modified_time":"2025-07-29T12:11:59+00:00","og_image":[{"width":1200,"height":810,"url":"https:\/\/hundtgroup.com\/wp-content\/uploads\/230280.jpg","type":"image\/jpeg"}],"twitter_card":"summary_large_image","schema":{"@context":"https:\/\/schema.org","@graph":[{"@type":"WebPage","@id":"https:\/\/hundtgroup.com\/sl\/produkt\/led-baterija-acculine-multi-20-w\/","url":"https:\/\/hundtgroup.com\/sl\/produkt\/led-baterija-acculine-multi-20-w\/","name":"LED baterija Acculine Multi 20 W - Wilhelm Hundt GmbH","isPartOf":{"@id":"https:\/\/hundtgroup.com\/sl\/#website"},"primaryImageOfPage":{"@id":"https:\/\/hundtgroup.com\/sl\/produkt\/led-baterija-acculine-multi-20-w\/#primaryimage"},"image":{"@id":"https:\/\/hundtgroup.com\/sl\/produkt\/led-baterija-acculine-multi-20-w\/#primaryimage"},"thumbnailUrl":"https:\/\/hundtgroup.com\/wp-content\/uploads\/230280.jpg","datePublished":"2025-06-18T16:31:54+00:00","dateModified":"2025-07-29T12:11:59+00:00","breadcrumb":{"@id":"https:\/\/hundtgroup.com\/sl\/produkt\/led-baterija-acculine-multi-20-w\/#breadcrumb"},"inLanguage":"sl-SI","potentialAction":[{"@type":"ReadAction","target":["https:\/\/hundtgroup.com\/sl\/produkt\/led-baterija-acculine-multi-20-w\/"]}]},{"@type":"ImageObject","inLanguage":"sl-SI","@id":"https:\/\/hundtgroup.com\/sl\/produkt\/led-baterija-acculine-multi-20-w\/#primaryimage","url":"https:\/\/hundtgroup.com\/wp-content\/uploads\/230280.jpg","contentUrl":"https:\/\/hundtgroup.com\/wp-content\/uploads\/230280.jpg","width":1200,"height":810},{"@type":"BreadcrumbList","@id":"https:\/\/hundtgroup.com\/sl\/produkt\/led-baterija-acculine-multi-20-w\/#breadcrumb","itemListElement":[{"@type":"ListItem","position":1,"name":"Startseite","item":"https:\/\/hundtgroup.com\/sl\/domov-novo\/"},{"@type":"ListItem","position":2,"name":"Trgovina","item":"https:\/\/hundtgroup.com\/trgovina\/"},{"@type":"ListItem","position":3,"name":"LED baterija Acculine Multi 20 W"}]},{"@type":"WebSite","@id":"https:\/\/hundtgroup.com\/sl\/#website","url":"https:\/\/hundtgroup.com\/sl\/","name":"Wilhelm Hundt GmbH","description":"Va\u0161 specialist za stroje in orodja za obdelavo plo\u010devine","potentialAction":[{"@type":"SearchAction","target":{"@type":"EntryPoint","urlTemplate":"https:\/\/hundtgroup.com\/sl\/?s={search_term_string}"},"query-input":{"@type":"PropertyValueSpecification","valueRequired":true,"valueName":"search_term_string"}}],"inLanguage":"sl-SI"}]}},"_links":{"self":[{"href":"https:\/\/hundtgroup.com\/sl\/wp-json\/wp\/v2\/product\/22325","targetHints":{"allow":["GET"]}}],"collection":[{"href":"https:\/\/hundtgroup.com\/sl\/wp-json\/wp\/v2\/product"}],"about":[{"href":"https:\/\/hundtgroup.com\/sl\/wp-json\/wp\/v2\/types\/product"}],"wp:featuredmedia":[{"embeddable":true,"href":"https:\/\/hundtgroup.com\/sl\/wp-json\/wp\/v2\/media\/22326"}],"wp:attachment":[{"href":"https:\/\/hundtgroup.com\/sl\/wp-json\/wp\/v2\/media?parent=22325"}],"wp:term":[{"taxonomy":"product_cat","embeddable":true,"href":"https:\/\/hundtgroup.com\/sl\/wp-json\/wp\/v2\/product_cat?post=22325"},{"taxonomy":"product_tag","embeddable":true,"href":"https:\/\/hundtgroup.com\/sl\/wp-json\/wp\/v2\/product_tag?post=22325"}],"curies":[{"name":"wp","href":"https:\/\/api.w.org\/{rel}","templated":true}]}}