{"id":22423,"date":"2025-06-18T18:31:44","date_gmt":"2025-06-18T16:31:44","guid":{"rendered":"https:\/\/hundtgroup.com\/produkt\/hundt-hss-stozcasti-sveder-o-15-mm-za-v2a\/"},"modified":"2025-07-28T16:48:18","modified_gmt":"2025-07-28T14:48:18","slug":"hundt-hss-stozcasti-sveder-o-15-mm-za-v2a","status":"publish","type":"product","link":"https:\/\/hundtgroup.com\/sl\/produkt\/hundt-hss-stozcasti-sveder-o-15-mm-za-v2a\/","title":{"rendered":"Hundt HSS sto\u017e\u010dasti sveder \u00d8 15 mm za V2A"},"content":{"rendered":"<p>Za vrtanje plo\u010devine in cevi, za raz\u0161iritev obstoje\u010dih lukenj brez vpenjanja, vrtanje najtanj\u0161ih tankih plo\u010devin, deluje brez tresljajev in drgetanja, vrtanje \u010distih, natan\u010dno okroglih lukenj brez vdolbin, samocentrirajo\u010da vrtalna konica, edinstvena zasnova dr\u017eala prepre\u010duje zdrs v vpenjalu vrtalnika, najve\u010dja debelina plo\u010devine: 2 mm. <\/p>\n","protected":false},"excerpt":{"rendered":"<p>Za vrtanje plo\u010devine in cevi, za raz\u0161iritev obstoje\u010dih lukenj brez vpenjanja, vrtanje najtanj\u0161ih tankih plo\u010devin, deluje brez tresljajev in drgetanja, vrtanje \u010distih, natan\u010dno okroglih lukenj brez vdolbin, samocentrirajo\u010da vrtalna konica, edinstvena zasnova dr\u017eala prepre\u010duje zdrs v vpenjalu vrtalnika, najve\u010dja debelina plo\u010devine: 2 mm.<\/p>\n","protected":false},"featured_media":22004,"template":"","meta":{"_acf_changed":false,"inline_featured_image":false},"product_cat":[1963,2130,2044],"product_tag":[],"class_list":{"0":"post-22423","1":"product","2":"type-product","3":"status-publish","4":"has-post-thumbnail","6":"brand-hundt","7":"product_cat-baterijski-elektricni-dodatki","8":"product_cat-stozcasti-vrtalnik","9":"product_cat-namestitve","11":"first","12":"instock","13":"taxable","14":"shipping-taxable","15":"purchasable","16":"product-type-simple","17":"add-to-wishlist-before_image"},"acf":[],"yoast_head":"<!-- This site is optimized with the Yoast SEO plugin v27.3 - https:\/\/yoast.com\/product\/yoast-seo-wordpress\/ -->\n<title>Hundt HSS sto\u017e\u010dasti sveder \u00d8 15 mm za V2A - Wilhelm Hundt GmbH<\/title>\n<meta name=\"robots\" content=\"index, follow, max-snippet:-1, max-image-preview:large, max-video-preview:-1\" \/>\n<link rel=\"canonical\" href=\"https:\/\/hundtgroup.com\/sl\/produkt\/hundt-hss-stozcasti-sveder-o-15-mm-za-v2a\/\" \/>\n<meta property=\"og:locale\" content=\"sl_SI\" \/>\n<meta property=\"og:type\" content=\"article\" \/>\n<meta property=\"og:title\" content=\"Hundt HSS sto\u017e\u010dasti sveder \u00d8 15 mm za V2A - Wilhelm Hundt GmbH\" \/>\n<meta property=\"og:description\" content=\"Za vrtanje plo\u010devine in cevi, za raz\u0161iritev obstoje\u010dih lukenj brez vpenjanja, vrtanje najtanj\u0161ih tankih plo\u010devin, deluje brez tresljajev in drgetanja, vrtanje \u010distih, natan\u010dno okroglih lukenj brez vdolbin, samocentrirajo\u010da vrtalna konica, edinstvena zasnova dr\u017eala prepre\u010duje zdrs v vpenjalu vrtalnika, najve\u010dja debelina plo\u010devine: 2 mm.\" \/>\n<meta property=\"og:url\" content=\"https:\/\/hundtgroup.com\/sl\/produkt\/hundt-hss-stozcasti-sveder-o-15-mm-za-v2a\/\" \/>\n<meta property=\"og:site_name\" content=\"Wilhelm Hundt GmbH\" \/>\n<meta property=\"article:modified_time\" content=\"2025-07-28T14:48:18+00:00\" \/>\n<meta property=\"og:image\" content=\"https:\/\/hundtgroup.com\/wp-content\/uploads\/455002.jpg\" \/>\n\t<meta property=\"og:image:width\" content=\"804\" \/>\n\t<meta property=\"og:image:height\" content=\"591\" \/>\n\t<meta property=\"og:image:type\" content=\"image\/jpeg\" \/>\n<meta name=\"twitter:card\" content=\"summary_large_image\" \/>\n<script type=\"application\/ld+json\" class=\"yoast-schema-graph\">{\"@context\":\"https:\\\/\\\/schema.org\",\"@graph\":[{\"@type\":\"WebPage\",\"@id\":\"https:\\\/\\\/hundtgroup.com\\\/sl\\\/produkt\\\/hundt-hss-stozcasti-sveder-o-15-mm-za-v2a\\\/\",\"url\":\"https:\\\/\\\/hundtgroup.com\\\/sl\\\/produkt\\\/hundt-hss-stozcasti-sveder-o-15-mm-za-v2a\\\/\",\"name\":\"Hundt HSS sto\u017e\u010dasti sveder \u00d8 15 mm za V2A - Wilhelm Hundt GmbH\",\"isPartOf\":{\"@id\":\"https:\\\/\\\/hundtgroup.com\\\/sl\\\/#website\"},\"primaryImageOfPage\":{\"@id\":\"https:\\\/\\\/hundtgroup.com\\\/sl\\\/produkt\\\/hundt-hss-stozcasti-sveder-o-15-mm-za-v2a\\\/#primaryimage\"},\"image\":{\"@id\":\"https:\\\/\\\/hundtgroup.com\\\/sl\\\/produkt\\\/hundt-hss-stozcasti-sveder-o-15-mm-za-v2a\\\/#primaryimage\"},\"thumbnailUrl\":\"https:\\\/\\\/hundtgroup.com\\\/wp-content\\\/uploads\\\/455002.jpg\",\"datePublished\":\"2025-06-18T16:31:44+00:00\",\"dateModified\":\"2025-07-28T14:48:18+00:00\",\"breadcrumb\":{\"@id\":\"https:\\\/\\\/hundtgroup.com\\\/sl\\\/produkt\\\/hundt-hss-stozcasti-sveder-o-15-mm-za-v2a\\\/#breadcrumb\"},\"inLanguage\":\"sl-SI\",\"potentialAction\":[{\"@type\":\"ReadAction\",\"target\":[\"https:\\\/\\\/hundtgroup.com\\\/sl\\\/produkt\\\/hundt-hss-stozcasti-sveder-o-15-mm-za-v2a\\\/\"]}]},{\"@type\":\"ImageObject\",\"inLanguage\":\"sl-SI\",\"@id\":\"https:\\\/\\\/hundtgroup.com\\\/sl\\\/produkt\\\/hundt-hss-stozcasti-sveder-o-15-mm-za-v2a\\\/#primaryimage\",\"url\":\"https:\\\/\\\/hundtgroup.com\\\/wp-content\\\/uploads\\\/455002.jpg\",\"contentUrl\":\"https:\\\/\\\/hundtgroup.com\\\/wp-content\\\/uploads\\\/455002.jpg\",\"width\":804,\"height\":591},{\"@type\":\"BreadcrumbList\",\"@id\":\"https:\\\/\\\/hundtgroup.com\\\/sl\\\/produkt\\\/hundt-hss-stozcasti-sveder-o-15-mm-za-v2a\\\/#breadcrumb\",\"itemListElement\":[{\"@type\":\"ListItem\",\"position\":1,\"name\":\"Startseite\",\"item\":\"https:\\\/\\\/hundtgroup.com\\\/sl\\\/domov-novo\\\/\"},{\"@type\":\"ListItem\",\"position\":2,\"name\":\"Trgovina\",\"item\":\"https:\\\/\\\/hundtgroup.com\\\/trgovina\\\/\"},{\"@type\":\"ListItem\",\"position\":3,\"name\":\"Hundt HSS sto\u017e\u010dasti sveder \u00d8 15 mm za V2A\"}]},{\"@type\":\"WebSite\",\"@id\":\"https:\\\/\\\/hundtgroup.com\\\/sl\\\/#website\",\"url\":\"https:\\\/\\\/hundtgroup.com\\\/sl\\\/\",\"name\":\"Wilhelm Hundt GmbH\",\"description\":\"Va\u0161 specialist za stroje in orodja za obdelavo plo\u010devine\",\"potentialAction\":[{\"@type\":\"SearchAction\",\"target\":{\"@type\":\"EntryPoint\",\"urlTemplate\":\"https:\\\/\\\/hundtgroup.com\\\/sl\\\/?s={search_term_string}\"},\"query-input\":{\"@type\":\"PropertyValueSpecification\",\"valueRequired\":true,\"valueName\":\"search_term_string\"}}],\"inLanguage\":\"sl-SI\"}]}<\/script>\n<!-- \/ Yoast SEO plugin. -->","yoast_head_json":{"title":"Hundt HSS sto\u017e\u010dasti sveder \u00d8 15 mm za V2A - Wilhelm Hundt GmbH","robots":{"index":"index","follow":"follow","max-snippet":"max-snippet:-1","max-image-preview":"max-image-preview:large","max-video-preview":"max-video-preview:-1"},"canonical":"https:\/\/hundtgroup.com\/sl\/produkt\/hundt-hss-stozcasti-sveder-o-15-mm-za-v2a\/","og_locale":"sl_SI","og_type":"article","og_title":"Hundt HSS sto\u017e\u010dasti sveder \u00d8 15 mm za V2A - Wilhelm Hundt GmbH","og_description":"Za vrtanje plo\u010devine in cevi, za raz\u0161iritev obstoje\u010dih lukenj brez vpenjanja, vrtanje najtanj\u0161ih tankih plo\u010devin, deluje brez tresljajev in drgetanja, vrtanje \u010distih, natan\u010dno okroglih lukenj brez vdolbin, samocentrirajo\u010da vrtalna konica, edinstvena zasnova dr\u017eala prepre\u010duje zdrs v vpenjalu vrtalnika, najve\u010dja debelina plo\u010devine: 2 mm.","og_url":"https:\/\/hundtgroup.com\/sl\/produkt\/hundt-hss-stozcasti-sveder-o-15-mm-za-v2a\/","og_site_name":"Wilhelm Hundt GmbH","article_modified_time":"2025-07-28T14:48:18+00:00","og_image":[{"width":804,"height":591,"url":"https:\/\/hundtgroup.com\/wp-content\/uploads\/455002.jpg","type":"image\/jpeg"}],"twitter_card":"summary_large_image","schema":{"@context":"https:\/\/schema.org","@graph":[{"@type":"WebPage","@id":"https:\/\/hundtgroup.com\/sl\/produkt\/hundt-hss-stozcasti-sveder-o-15-mm-za-v2a\/","url":"https:\/\/hundtgroup.com\/sl\/produkt\/hundt-hss-stozcasti-sveder-o-15-mm-za-v2a\/","name":"Hundt HSS sto\u017e\u010dasti sveder \u00d8 15 mm za V2A - Wilhelm Hundt GmbH","isPartOf":{"@id":"https:\/\/hundtgroup.com\/sl\/#website"},"primaryImageOfPage":{"@id":"https:\/\/hundtgroup.com\/sl\/produkt\/hundt-hss-stozcasti-sveder-o-15-mm-za-v2a\/#primaryimage"},"image":{"@id":"https:\/\/hundtgroup.com\/sl\/produkt\/hundt-hss-stozcasti-sveder-o-15-mm-za-v2a\/#primaryimage"},"thumbnailUrl":"https:\/\/hundtgroup.com\/wp-content\/uploads\/455002.jpg","datePublished":"2025-06-18T16:31:44+00:00","dateModified":"2025-07-28T14:48:18+00:00","breadcrumb":{"@id":"https:\/\/hundtgroup.com\/sl\/produkt\/hundt-hss-stozcasti-sveder-o-15-mm-za-v2a\/#breadcrumb"},"inLanguage":"sl-SI","potentialAction":[{"@type":"ReadAction","target":["https:\/\/hundtgroup.com\/sl\/produkt\/hundt-hss-stozcasti-sveder-o-15-mm-za-v2a\/"]}]},{"@type":"ImageObject","inLanguage":"sl-SI","@id":"https:\/\/hundtgroup.com\/sl\/produkt\/hundt-hss-stozcasti-sveder-o-15-mm-za-v2a\/#primaryimage","url":"https:\/\/hundtgroup.com\/wp-content\/uploads\/455002.jpg","contentUrl":"https:\/\/hundtgroup.com\/wp-content\/uploads\/455002.jpg","width":804,"height":591},{"@type":"BreadcrumbList","@id":"https:\/\/hundtgroup.com\/sl\/produkt\/hundt-hss-stozcasti-sveder-o-15-mm-za-v2a\/#breadcrumb","itemListElement":[{"@type":"ListItem","position":1,"name":"Startseite","item":"https:\/\/hundtgroup.com\/sl\/domov-novo\/"},{"@type":"ListItem","position":2,"name":"Trgovina","item":"https:\/\/hundtgroup.com\/trgovina\/"},{"@type":"ListItem","position":3,"name":"Hundt HSS sto\u017e\u010dasti sveder \u00d8 15 mm za V2A"}]},{"@type":"WebSite","@id":"https:\/\/hundtgroup.com\/sl\/#website","url":"https:\/\/hundtgroup.com\/sl\/","name":"Wilhelm Hundt GmbH","description":"Va\u0161 specialist za stroje in orodja za obdelavo plo\u010devine","potentialAction":[{"@type":"SearchAction","target":{"@type":"EntryPoint","urlTemplate":"https:\/\/hundtgroup.com\/sl\/?s={search_term_string}"},"query-input":{"@type":"PropertyValueSpecification","valueRequired":true,"valueName":"search_term_string"}}],"inLanguage":"sl-SI"}]}},"_links":{"self":[{"href":"https:\/\/hundtgroup.com\/sl\/wp-json\/wp\/v2\/product\/22423","targetHints":{"allow":["GET"]}}],"collection":[{"href":"https:\/\/hundtgroup.com\/sl\/wp-json\/wp\/v2\/product"}],"about":[{"href":"https:\/\/hundtgroup.com\/sl\/wp-json\/wp\/v2\/types\/product"}],"wp:featuredmedia":[{"embeddable":true,"href":"https:\/\/hundtgroup.com\/sl\/wp-json\/wp\/v2\/media\/22004"}],"wp:attachment":[{"href":"https:\/\/hundtgroup.com\/sl\/wp-json\/wp\/v2\/media?parent=22423"}],"wp:term":[{"taxonomy":"product_cat","embeddable":true,"href":"https:\/\/hundtgroup.com\/sl\/wp-json\/wp\/v2\/product_cat?post=22423"},{"taxonomy":"product_tag","embeddable":true,"href":"https:\/\/hundtgroup.com\/sl\/wp-json\/wp\/v2\/product_tag?post=22423"}],"curies":[{"name":"wp","href":"https:\/\/api.w.org\/{rel}","templated":true}]}}