{"id":23994,"date":"2022-10-26T15:59:42","date_gmt":"2022-10-26T13:59:42","guid":{"rendered":"https:\/\/hundtgroup.com\/produkt\/delovne-rokavice-cygnofoam-30-velikost-10\/"},"modified":"2025-08-05T18:05:21","modified_gmt":"2025-08-05T16:05:21","slug":"delovne-rokavice-cygnofoam-30-velikost-10","status":"publish","type":"product","link":"https:\/\/hundtgroup.com\/sl\/produkt\/delovne-rokavice-cygnofoam-30-velikost-10\/","title":{"rendered":"Delovne rokavice Cygnofoam 30 velikost 10"},"content":{"rendered":"<p>Drobno pletene rokavice z brez\u0161ivno najlonsko okroglo pletenino za popolno prileganje in otipno ob\u010dutljivost.<br \/>\nPrevleka iz zra\u010dne nitrilne pene na dlani<br \/>\nDober oprijem v mokrem in suhem<br \/>\nPosebej visoka odpornost proti obrabi<br \/>\nPletene man\u0161ete<br \/>\nCertificirano po standardu Oeko-Tex 100<br \/>\nGlavna uporaba: Delo z visoko otipno ob\u010dutljivostjo (npr. mehansko delo), tudi v mokrih ali mastnih delovnih pogojih.<\/p>\n","protected":false},"excerpt":{"rendered":"<p>Drobno pletene rokavice z brez\u0161ivno najlonsko okroglo pletenino za popolno prileganje in otipno ob\u010dutljivost. Prevleka iz zra\u010dne nitrilne pene na dlani Dober oprijem v mokrem in suhem Posebej visoka odpornost proti obrabi Pletene man\u0161ete Certificirano po standardu Oeko-Tex 100 Glavna uporaba: Delo z visoko otipno ob\u010dutljivostjo (npr. mehansko delo), tudi v mokrih ali mastnih delovnih [&hellip;]<\/p>\n","protected":false},"featured_media":23996,"template":"","meta":{"_acf_changed":false,"inline_featured_image":false},"product_cat":[2050,1961],"product_tag":[],"class_list":{"0":"post-23994","1":"product","2":"type-product","3":"status-publish","4":"has-post-thumbnail","6":"brand-hundt","7":"product_cat-delovne-rokavice","8":"product_cat-varnost-pri-delu","10":"first","11":"instock","12":"taxable","13":"shipping-taxable","14":"purchasable","15":"product-type-simple","16":"add-to-wishlist-before_image"},"acf":[],"yoast_head":"<!-- This site is optimized with the Yoast SEO plugin v27.3 - https:\/\/yoast.com\/product\/yoast-seo-wordpress\/ -->\n<title>Delovne rokavice Cygnofoam 30 velikost 10 - Wilhelm Hundt GmbH<\/title>\n<meta name=\"robots\" content=\"index, follow, max-snippet:-1, max-image-preview:large, max-video-preview:-1\" \/>\n<link rel=\"canonical\" href=\"https:\/\/hundtgroup.com\/sl\/produkt\/delovne-rokavice-cygnofoam-30-velikost-10\/\" \/>\n<meta property=\"og:locale\" content=\"sl_SI\" \/>\n<meta property=\"og:type\" content=\"article\" \/>\n<meta property=\"og:title\" content=\"Delovne rokavice Cygnofoam 30 velikost 10 - Wilhelm Hundt GmbH\" \/>\n<meta property=\"og:description\" content=\"Drobno pletene rokavice z brez\u0161ivno najlonsko okroglo pletenino za popolno prileganje in otipno ob\u010dutljivost. Prevleka iz zra\u010dne nitrilne pene na dlani Dober oprijem v mokrem in suhem Posebej visoka odpornost proti obrabi Pletene man\u0161ete Certificirano po standardu Oeko-Tex 100 Glavna uporaba: Delo z visoko otipno ob\u010dutljivostjo (npr. mehansko delo), tudi v mokrih ali mastnih delovnih [&hellip;]\" \/>\n<meta property=\"og:url\" content=\"https:\/\/hundtgroup.com\/sl\/produkt\/delovne-rokavice-cygnofoam-30-velikost-10\/\" \/>\n<meta property=\"og:site_name\" content=\"Wilhelm Hundt GmbH\" \/>\n<meta property=\"article:modified_time\" content=\"2025-08-05T16:05:21+00:00\" \/>\n<meta property=\"og:image\" content=\"https:\/\/hundtgroup.com\/wp-content\/uploads\/290135.png\" \/>\n\t<meta property=\"og:image:width\" content=\"470\" \/>\n\t<meta property=\"og:image:height\" content=\"472\" \/>\n\t<meta property=\"og:image:type\" content=\"image\/png\" \/>\n<meta name=\"twitter:card\" content=\"summary_large_image\" \/>\n<script type=\"application\/ld+json\" class=\"yoast-schema-graph\">{\"@context\":\"https:\\\/\\\/schema.org\",\"@graph\":[{\"@type\":\"WebPage\",\"@id\":\"https:\\\/\\\/hundtgroup.com\\\/sl\\\/produkt\\\/delovne-rokavice-cygnofoam-30-velikost-10\\\/\",\"url\":\"https:\\\/\\\/hundtgroup.com\\\/sl\\\/produkt\\\/delovne-rokavice-cygnofoam-30-velikost-10\\\/\",\"name\":\"Delovne rokavice Cygnofoam 30 velikost 10 - Wilhelm Hundt GmbH\",\"isPartOf\":{\"@id\":\"https:\\\/\\\/hundtgroup.com\\\/sl\\\/#website\"},\"primaryImageOfPage\":{\"@id\":\"https:\\\/\\\/hundtgroup.com\\\/sl\\\/produkt\\\/delovne-rokavice-cygnofoam-30-velikost-10\\\/#primaryimage\"},\"image\":{\"@id\":\"https:\\\/\\\/hundtgroup.com\\\/sl\\\/produkt\\\/delovne-rokavice-cygnofoam-30-velikost-10\\\/#primaryimage\"},\"thumbnailUrl\":\"https:\\\/\\\/hundtgroup.com\\\/wp-content\\\/uploads\\\/290135.png\",\"datePublished\":\"2022-10-26T13:59:42+00:00\",\"dateModified\":\"2025-08-05T16:05:21+00:00\",\"breadcrumb\":{\"@id\":\"https:\\\/\\\/hundtgroup.com\\\/sl\\\/produkt\\\/delovne-rokavice-cygnofoam-30-velikost-10\\\/#breadcrumb\"},\"inLanguage\":\"sl-SI\",\"potentialAction\":[{\"@type\":\"ReadAction\",\"target\":[\"https:\\\/\\\/hundtgroup.com\\\/sl\\\/produkt\\\/delovne-rokavice-cygnofoam-30-velikost-10\\\/\"]}]},{\"@type\":\"ImageObject\",\"inLanguage\":\"sl-SI\",\"@id\":\"https:\\\/\\\/hundtgroup.com\\\/sl\\\/produkt\\\/delovne-rokavice-cygnofoam-30-velikost-10\\\/#primaryimage\",\"url\":\"https:\\\/\\\/hundtgroup.com\\\/wp-content\\\/uploads\\\/290135.png\",\"contentUrl\":\"https:\\\/\\\/hundtgroup.com\\\/wp-content\\\/uploads\\\/290135.png\",\"width\":470,\"height\":472},{\"@type\":\"BreadcrumbList\",\"@id\":\"https:\\\/\\\/hundtgroup.com\\\/sl\\\/produkt\\\/delovne-rokavice-cygnofoam-30-velikost-10\\\/#breadcrumb\",\"itemListElement\":[{\"@type\":\"ListItem\",\"position\":1,\"name\":\"Startseite\",\"item\":\"https:\\\/\\\/hundtgroup.com\\\/sl\\\/domov-novo\\\/\"},{\"@type\":\"ListItem\",\"position\":2,\"name\":\"Trgovina\",\"item\":\"https:\\\/\\\/hundtgroup.com\\\/trgovina\\\/\"},{\"@type\":\"ListItem\",\"position\":3,\"name\":\"Delovne rokavice Cygnofoam 30 velikost 10\"}]},{\"@type\":\"WebSite\",\"@id\":\"https:\\\/\\\/hundtgroup.com\\\/sl\\\/#website\",\"url\":\"https:\\\/\\\/hundtgroup.com\\\/sl\\\/\",\"name\":\"Wilhelm Hundt GmbH\",\"description\":\"Va\u0161 specialist za stroje in orodja za obdelavo plo\u010devine\",\"potentialAction\":[{\"@type\":\"SearchAction\",\"target\":{\"@type\":\"EntryPoint\",\"urlTemplate\":\"https:\\\/\\\/hundtgroup.com\\\/sl\\\/?s={search_term_string}\"},\"query-input\":{\"@type\":\"PropertyValueSpecification\",\"valueRequired\":true,\"valueName\":\"search_term_string\"}}],\"inLanguage\":\"sl-SI\"}]}<\/script>\n<!-- \/ Yoast SEO plugin. -->","yoast_head_json":{"title":"Delovne rokavice Cygnofoam 30 velikost 10 - Wilhelm Hundt GmbH","robots":{"index":"index","follow":"follow","max-snippet":"max-snippet:-1","max-image-preview":"max-image-preview:large","max-video-preview":"max-video-preview:-1"},"canonical":"https:\/\/hundtgroup.com\/sl\/produkt\/delovne-rokavice-cygnofoam-30-velikost-10\/","og_locale":"sl_SI","og_type":"article","og_title":"Delovne rokavice Cygnofoam 30 velikost 10 - Wilhelm Hundt GmbH","og_description":"Drobno pletene rokavice z brez\u0161ivno najlonsko okroglo pletenino za popolno prileganje in otipno ob\u010dutljivost. Prevleka iz zra\u010dne nitrilne pene na dlani Dober oprijem v mokrem in suhem Posebej visoka odpornost proti obrabi Pletene man\u0161ete Certificirano po standardu Oeko-Tex 100 Glavna uporaba: Delo z visoko otipno ob\u010dutljivostjo (npr. mehansko delo), tudi v mokrih ali mastnih delovnih [&hellip;]","og_url":"https:\/\/hundtgroup.com\/sl\/produkt\/delovne-rokavice-cygnofoam-30-velikost-10\/","og_site_name":"Wilhelm Hundt GmbH","article_modified_time":"2025-08-05T16:05:21+00:00","og_image":[{"width":470,"height":472,"url":"https:\/\/hundtgroup.com\/wp-content\/uploads\/290135.png","type":"image\/png"}],"twitter_card":"summary_large_image","schema":{"@context":"https:\/\/schema.org","@graph":[{"@type":"WebPage","@id":"https:\/\/hundtgroup.com\/sl\/produkt\/delovne-rokavice-cygnofoam-30-velikost-10\/","url":"https:\/\/hundtgroup.com\/sl\/produkt\/delovne-rokavice-cygnofoam-30-velikost-10\/","name":"Delovne rokavice Cygnofoam 30 velikost 10 - Wilhelm Hundt GmbH","isPartOf":{"@id":"https:\/\/hundtgroup.com\/sl\/#website"},"primaryImageOfPage":{"@id":"https:\/\/hundtgroup.com\/sl\/produkt\/delovne-rokavice-cygnofoam-30-velikost-10\/#primaryimage"},"image":{"@id":"https:\/\/hundtgroup.com\/sl\/produkt\/delovne-rokavice-cygnofoam-30-velikost-10\/#primaryimage"},"thumbnailUrl":"https:\/\/hundtgroup.com\/wp-content\/uploads\/290135.png","datePublished":"2022-10-26T13:59:42+00:00","dateModified":"2025-08-05T16:05:21+00:00","breadcrumb":{"@id":"https:\/\/hundtgroup.com\/sl\/produkt\/delovne-rokavice-cygnofoam-30-velikost-10\/#breadcrumb"},"inLanguage":"sl-SI","potentialAction":[{"@type":"ReadAction","target":["https:\/\/hundtgroup.com\/sl\/produkt\/delovne-rokavice-cygnofoam-30-velikost-10\/"]}]},{"@type":"ImageObject","inLanguage":"sl-SI","@id":"https:\/\/hundtgroup.com\/sl\/produkt\/delovne-rokavice-cygnofoam-30-velikost-10\/#primaryimage","url":"https:\/\/hundtgroup.com\/wp-content\/uploads\/290135.png","contentUrl":"https:\/\/hundtgroup.com\/wp-content\/uploads\/290135.png","width":470,"height":472},{"@type":"BreadcrumbList","@id":"https:\/\/hundtgroup.com\/sl\/produkt\/delovne-rokavice-cygnofoam-30-velikost-10\/#breadcrumb","itemListElement":[{"@type":"ListItem","position":1,"name":"Startseite","item":"https:\/\/hundtgroup.com\/sl\/domov-novo\/"},{"@type":"ListItem","position":2,"name":"Trgovina","item":"https:\/\/hundtgroup.com\/trgovina\/"},{"@type":"ListItem","position":3,"name":"Delovne rokavice Cygnofoam 30 velikost 10"}]},{"@type":"WebSite","@id":"https:\/\/hundtgroup.com\/sl\/#website","url":"https:\/\/hundtgroup.com\/sl\/","name":"Wilhelm Hundt GmbH","description":"Va\u0161 specialist za stroje in orodja za obdelavo plo\u010devine","potentialAction":[{"@type":"SearchAction","target":{"@type":"EntryPoint","urlTemplate":"https:\/\/hundtgroup.com\/sl\/?s={search_term_string}"},"query-input":{"@type":"PropertyValueSpecification","valueRequired":true,"valueName":"search_term_string"}}],"inLanguage":"sl-SI"}]}},"_links":{"self":[{"href":"https:\/\/hundtgroup.com\/sl\/wp-json\/wp\/v2\/product\/23994","targetHints":{"allow":["GET"]}}],"collection":[{"href":"https:\/\/hundtgroup.com\/sl\/wp-json\/wp\/v2\/product"}],"about":[{"href":"https:\/\/hundtgroup.com\/sl\/wp-json\/wp\/v2\/types\/product"}],"wp:featuredmedia":[{"embeddable":true,"href":"https:\/\/hundtgroup.com\/sl\/wp-json\/wp\/v2\/media\/23996"}],"wp:attachment":[{"href":"https:\/\/hundtgroup.com\/sl\/wp-json\/wp\/v2\/media?parent=23994"}],"wp:term":[{"taxonomy":"product_cat","embeddable":true,"href":"https:\/\/hundtgroup.com\/sl\/wp-json\/wp\/v2\/product_cat?post=23994"},{"taxonomy":"product_tag","embeddable":true,"href":"https:\/\/hundtgroup.com\/sl\/wp-json\/wp\/v2\/product_tag?post=23994"}],"curies":[{"name":"wp","href":"https:\/\/api.w.org\/{rel}","templated":true}]}}