{"id":24065,"date":"2022-10-26T15:59:42","date_gmt":"2022-10-26T13:59:42","guid":{"rendered":"https:\/\/hundtgroup.com\/produkt\/cygnocut-11-delovne-rokavice-velikosti-11\/"},"modified":"2025-08-05T18:07:14","modified_gmt":"2025-08-05T16:07:14","slug":"cygnocut-11-delovne-rokavice-velikosti-11","status":"publish","type":"product","link":"https:\/\/hundtgroup.com\/sl\/produkt\/cygnocut-11-delovne-rokavice-velikosti-11\/","title":{"rendered":"Cygnocut 11 delovne rokavice velikosti 11"},"content":{"rendered":"<p>Drobno pletena rokavica iz sivih vlaken za za\u0161\u010dito pred prerezom in sive PU prevleke<br \/>\nBrez\u0161ivna kro\u017ena pletenina za popolno prileganje in otipljiv ob\u010dutek<br \/>\nZelo dobra odpornost proti obrabi za dolgo \u017eivljenjsko dobo<\/p>\n<p>Glavna uporaba: Za predmete z ostrimi robovi in mehanska dela.<\/p>\n","protected":false},"excerpt":{"rendered":"<p>Drobno pletena rokavica iz sivih vlaken za za\u0161\u010dito pred prerezom in sive PU prevleke Brez\u0161ivna kro\u017ena pletenina za popolno prileganje in otipljiv ob\u010dutek Zelo dobra odpornost proti obrabi za dolgo \u017eivljenjsko dobo Glavna uporaba: Za predmete z ostrimi robovi in mehanska dela.<\/p>\n","protected":false},"featured_media":24067,"template":"","meta":{"_acf_changed":false,"inline_featured_image":false},"product_cat":[2050,1961],"product_tag":[],"class_list":{"0":"post-24065","1":"product","2":"type-product","3":"status-publish","4":"has-post-thumbnail","6":"brand-hundt","7":"product_cat-delovne-rokavice","8":"product_cat-varnost-pri-delu","10":"first","11":"instock","12":"taxable","13":"shipping-taxable","14":"purchasable","15":"product-type-simple","16":"add-to-wishlist-before_image"},"acf":[],"yoast_head":"<!-- This site is optimized with the Yoast SEO plugin v27.3 - https:\/\/yoast.com\/product\/yoast-seo-wordpress\/ -->\n<title>Cygnocut 11 delovne rokavice velikosti 11 - Wilhelm Hundt GmbH<\/title>\n<meta name=\"robots\" content=\"index, follow, max-snippet:-1, max-image-preview:large, max-video-preview:-1\" \/>\n<link rel=\"canonical\" href=\"https:\/\/hundtgroup.com\/sl\/produkt\/cygnocut-11-delovne-rokavice-velikosti-11\/\" \/>\n<meta property=\"og:locale\" content=\"sl_SI\" \/>\n<meta property=\"og:type\" content=\"article\" \/>\n<meta property=\"og:title\" content=\"Cygnocut 11 delovne rokavice velikosti 11 - Wilhelm Hundt GmbH\" \/>\n<meta property=\"og:description\" content=\"Drobno pletena rokavica iz sivih vlaken za za\u0161\u010dito pred prerezom in sive PU prevleke Brez\u0161ivna kro\u017ena pletenina za popolno prileganje in otipljiv ob\u010dutek Zelo dobra odpornost proti obrabi za dolgo \u017eivljenjsko dobo Glavna uporaba: Za predmete z ostrimi robovi in mehanska dela.\" \/>\n<meta property=\"og:url\" content=\"https:\/\/hundtgroup.com\/sl\/produkt\/cygnocut-11-delovne-rokavice-velikosti-11\/\" \/>\n<meta property=\"og:site_name\" content=\"Wilhelm Hundt GmbH\" \/>\n<meta property=\"article:modified_time\" content=\"2025-08-05T16:07:14+00:00\" \/>\n<meta property=\"og:image\" content=\"https:\/\/hundtgroup.com\/wp-content\/uploads\/290141.png\" \/>\n\t<meta property=\"og:image:width\" content=\"537\" \/>\n\t<meta property=\"og:image:height\" content=\"472\" \/>\n\t<meta property=\"og:image:type\" content=\"image\/png\" \/>\n<meta name=\"twitter:card\" content=\"summary_large_image\" \/>\n<script type=\"application\/ld+json\" class=\"yoast-schema-graph\">{\"@context\":\"https:\\\/\\\/schema.org\",\"@graph\":[{\"@type\":\"WebPage\",\"@id\":\"https:\\\/\\\/hundtgroup.com\\\/sl\\\/produkt\\\/cygnocut-11-delovne-rokavice-velikosti-11\\\/\",\"url\":\"https:\\\/\\\/hundtgroup.com\\\/sl\\\/produkt\\\/cygnocut-11-delovne-rokavice-velikosti-11\\\/\",\"name\":\"Cygnocut 11 delovne rokavice velikosti 11 - Wilhelm Hundt GmbH\",\"isPartOf\":{\"@id\":\"https:\\\/\\\/hundtgroup.com\\\/sl\\\/#website\"},\"primaryImageOfPage\":{\"@id\":\"https:\\\/\\\/hundtgroup.com\\\/sl\\\/produkt\\\/cygnocut-11-delovne-rokavice-velikosti-11\\\/#primaryimage\"},\"image\":{\"@id\":\"https:\\\/\\\/hundtgroup.com\\\/sl\\\/produkt\\\/cygnocut-11-delovne-rokavice-velikosti-11\\\/#primaryimage\"},\"thumbnailUrl\":\"https:\\\/\\\/hundtgroup.com\\\/wp-content\\\/uploads\\\/290141.png\",\"datePublished\":\"2022-10-26T13:59:42+00:00\",\"dateModified\":\"2025-08-05T16:07:14+00:00\",\"breadcrumb\":{\"@id\":\"https:\\\/\\\/hundtgroup.com\\\/sl\\\/produkt\\\/cygnocut-11-delovne-rokavice-velikosti-11\\\/#breadcrumb\"},\"inLanguage\":\"sl-SI\",\"potentialAction\":[{\"@type\":\"ReadAction\",\"target\":[\"https:\\\/\\\/hundtgroup.com\\\/sl\\\/produkt\\\/cygnocut-11-delovne-rokavice-velikosti-11\\\/\"]}]},{\"@type\":\"ImageObject\",\"inLanguage\":\"sl-SI\",\"@id\":\"https:\\\/\\\/hundtgroup.com\\\/sl\\\/produkt\\\/cygnocut-11-delovne-rokavice-velikosti-11\\\/#primaryimage\",\"url\":\"https:\\\/\\\/hundtgroup.com\\\/wp-content\\\/uploads\\\/290141.png\",\"contentUrl\":\"https:\\\/\\\/hundtgroup.com\\\/wp-content\\\/uploads\\\/290141.png\",\"width\":537,\"height\":472},{\"@type\":\"BreadcrumbList\",\"@id\":\"https:\\\/\\\/hundtgroup.com\\\/sl\\\/produkt\\\/cygnocut-11-delovne-rokavice-velikosti-11\\\/#breadcrumb\",\"itemListElement\":[{\"@type\":\"ListItem\",\"position\":1,\"name\":\"Startseite\",\"item\":\"https:\\\/\\\/hundtgroup.com\\\/sl\\\/domov-novo\\\/\"},{\"@type\":\"ListItem\",\"position\":2,\"name\":\"Trgovina\",\"item\":\"https:\\\/\\\/hundtgroup.com\\\/trgovina\\\/\"},{\"@type\":\"ListItem\",\"position\":3,\"name\":\"Cygnocut 11 delovne rokavice velikosti 11\"}]},{\"@type\":\"WebSite\",\"@id\":\"https:\\\/\\\/hundtgroup.com\\\/sl\\\/#website\",\"url\":\"https:\\\/\\\/hundtgroup.com\\\/sl\\\/\",\"name\":\"Wilhelm Hundt GmbH\",\"description\":\"Va\u0161 specialist za stroje in orodja za obdelavo plo\u010devine\",\"potentialAction\":[{\"@type\":\"SearchAction\",\"target\":{\"@type\":\"EntryPoint\",\"urlTemplate\":\"https:\\\/\\\/hundtgroup.com\\\/sl\\\/?s={search_term_string}\"},\"query-input\":{\"@type\":\"PropertyValueSpecification\",\"valueRequired\":true,\"valueName\":\"search_term_string\"}}],\"inLanguage\":\"sl-SI\"}]}<\/script>\n<!-- \/ Yoast SEO plugin. -->","yoast_head_json":{"title":"Cygnocut 11 delovne rokavice velikosti 11 - Wilhelm Hundt GmbH","robots":{"index":"index","follow":"follow","max-snippet":"max-snippet:-1","max-image-preview":"max-image-preview:large","max-video-preview":"max-video-preview:-1"},"canonical":"https:\/\/hundtgroup.com\/sl\/produkt\/cygnocut-11-delovne-rokavice-velikosti-11\/","og_locale":"sl_SI","og_type":"article","og_title":"Cygnocut 11 delovne rokavice velikosti 11 - Wilhelm Hundt GmbH","og_description":"Drobno pletena rokavica iz sivih vlaken za za\u0161\u010dito pred prerezom in sive PU prevleke Brez\u0161ivna kro\u017ena pletenina za popolno prileganje in otipljiv ob\u010dutek Zelo dobra odpornost proti obrabi za dolgo \u017eivljenjsko dobo Glavna uporaba: Za predmete z ostrimi robovi in mehanska dela.","og_url":"https:\/\/hundtgroup.com\/sl\/produkt\/cygnocut-11-delovne-rokavice-velikosti-11\/","og_site_name":"Wilhelm Hundt GmbH","article_modified_time":"2025-08-05T16:07:14+00:00","og_image":[{"width":537,"height":472,"url":"https:\/\/hundtgroup.com\/wp-content\/uploads\/290141.png","type":"image\/png"}],"twitter_card":"summary_large_image","schema":{"@context":"https:\/\/schema.org","@graph":[{"@type":"WebPage","@id":"https:\/\/hundtgroup.com\/sl\/produkt\/cygnocut-11-delovne-rokavice-velikosti-11\/","url":"https:\/\/hundtgroup.com\/sl\/produkt\/cygnocut-11-delovne-rokavice-velikosti-11\/","name":"Cygnocut 11 delovne rokavice velikosti 11 - Wilhelm Hundt GmbH","isPartOf":{"@id":"https:\/\/hundtgroup.com\/sl\/#website"},"primaryImageOfPage":{"@id":"https:\/\/hundtgroup.com\/sl\/produkt\/cygnocut-11-delovne-rokavice-velikosti-11\/#primaryimage"},"image":{"@id":"https:\/\/hundtgroup.com\/sl\/produkt\/cygnocut-11-delovne-rokavice-velikosti-11\/#primaryimage"},"thumbnailUrl":"https:\/\/hundtgroup.com\/wp-content\/uploads\/290141.png","datePublished":"2022-10-26T13:59:42+00:00","dateModified":"2025-08-05T16:07:14+00:00","breadcrumb":{"@id":"https:\/\/hundtgroup.com\/sl\/produkt\/cygnocut-11-delovne-rokavice-velikosti-11\/#breadcrumb"},"inLanguage":"sl-SI","potentialAction":[{"@type":"ReadAction","target":["https:\/\/hundtgroup.com\/sl\/produkt\/cygnocut-11-delovne-rokavice-velikosti-11\/"]}]},{"@type":"ImageObject","inLanguage":"sl-SI","@id":"https:\/\/hundtgroup.com\/sl\/produkt\/cygnocut-11-delovne-rokavice-velikosti-11\/#primaryimage","url":"https:\/\/hundtgroup.com\/wp-content\/uploads\/290141.png","contentUrl":"https:\/\/hundtgroup.com\/wp-content\/uploads\/290141.png","width":537,"height":472},{"@type":"BreadcrumbList","@id":"https:\/\/hundtgroup.com\/sl\/produkt\/cygnocut-11-delovne-rokavice-velikosti-11\/#breadcrumb","itemListElement":[{"@type":"ListItem","position":1,"name":"Startseite","item":"https:\/\/hundtgroup.com\/sl\/domov-novo\/"},{"@type":"ListItem","position":2,"name":"Trgovina","item":"https:\/\/hundtgroup.com\/trgovina\/"},{"@type":"ListItem","position":3,"name":"Cygnocut 11 delovne rokavice velikosti 11"}]},{"@type":"WebSite","@id":"https:\/\/hundtgroup.com\/sl\/#website","url":"https:\/\/hundtgroup.com\/sl\/","name":"Wilhelm Hundt GmbH","description":"Va\u0161 specialist za stroje in orodja za obdelavo plo\u010devine","potentialAction":[{"@type":"SearchAction","target":{"@type":"EntryPoint","urlTemplate":"https:\/\/hundtgroup.com\/sl\/?s={search_term_string}"},"query-input":{"@type":"PropertyValueSpecification","valueRequired":true,"valueName":"search_term_string"}}],"inLanguage":"sl-SI"}]}},"_links":{"self":[{"href":"https:\/\/hundtgroup.com\/sl\/wp-json\/wp\/v2\/product\/24065","targetHints":{"allow":["GET"]}}],"collection":[{"href":"https:\/\/hundtgroup.com\/sl\/wp-json\/wp\/v2\/product"}],"about":[{"href":"https:\/\/hundtgroup.com\/sl\/wp-json\/wp\/v2\/types\/product"}],"wp:featuredmedia":[{"embeddable":true,"href":"https:\/\/hundtgroup.com\/sl\/wp-json\/wp\/v2\/media\/24067"}],"wp:attachment":[{"href":"https:\/\/hundtgroup.com\/sl\/wp-json\/wp\/v2\/media?parent=24065"}],"wp:term":[{"taxonomy":"product_cat","embeddable":true,"href":"https:\/\/hundtgroup.com\/sl\/wp-json\/wp\/v2\/product_cat?post=24065"},{"taxonomy":"product_tag","embeddable":true,"href":"https:\/\/hundtgroup.com\/sl\/wp-json\/wp\/v2\/product_tag?post=24065"}],"curies":[{"name":"wp","href":"https:\/\/api.w.org\/{rel}","templated":true}]}}