{"id":24309,"date":"2022-10-26T15:59:34","date_gmt":"2022-10-26T13:59:34","guid":{"rendered":"https:\/\/hundtgroup.com\/produkt\/varilni-aparat-bohl-gs-100-accu-za-kolute\/"},"modified":"2025-08-05T18:04:58","modified_gmt":"2025-08-05T16:04:58","slug":"varilni-aparat-bohl-gs-100-accu-za-kolute","status":"publish","type":"product","link":"https:\/\/hundtgroup.com\/sl\/produkt\/varilni-aparat-bohl-gs-100-accu-za-kolute\/","title":{"rendered":"Varilni aparat Bohl GS 100 accu+\n za kolute"},"content":{"rendered":"<p>Deluje lahko v omre\u017enem ali baterijskem na\u010dinu, baterijo je mogo\u010de polniti prek<br \/>\n, visoka stopnja varnosti in primernost za gradbi\u0161\u010da,<br \/>\noptimalni rezultati varjenja, visoka sekvenca varjenja: najsodobnej\u0161a inverterska tehnologija omogo\u010da sekvenco varjenja 15-20 varilnih \u010depov na<br \/>\nminuto, baterijsko delovanje odpravlja tveganje izklopa omre\u017enih varovalk, nizka napetost na obmo\u010djih s pove\u010dano elektri\u010dno nevarnostjo in ureditev prezra\u010devalnih re\u017e, ki je zaradi<br \/>\nodporna na brizganje.<\/p>\n","protected":false},"excerpt":{"rendered":"<p>Deluje lahko v omre\u017enem ali baterijskem na\u010dinu, baterijo je mogo\u010de polniti prek , visoka stopnja varnosti in primernost za gradbi\u0161\u010da, optimalni rezultati varjenja, visoka sekvenca varjenja: najsodobnej\u0161a inverterska tehnologija omogo\u010da sekvenco varjenja 15-20 varilnih \u010depov na minuto, baterijsko delovanje odpravlja tveganje izklopa omre\u017enih varovalk, nizka napetost na obmo\u010djih s pove\u010dano elektri\u010dno nevarnostjo in ureditev prezra\u010devalnih [&hellip;]<\/p>\n","protected":false},"featured_media":24311,"template":"","meta":{"_acf_changed":false,"inline_featured_image":false},"product_cat":[2045],"product_tag":[],"class_list":{"0":"post-24309","1":"product","2":"type-product","3":"status-publish","4":"has-post-thumbnail","6":"brand-bohl","7":"product_cat-orodja-za-varjenje","9":"first","10":"instock","11":"taxable","12":"shipping-taxable","13":"purchasable","14":"product-type-simple","15":"add-to-wishlist-before_image"},"acf":[],"yoast_head":"<!-- This site is optimized with the Yoast SEO plugin v27.3 - https:\/\/yoast.com\/product\/yoast-seo-wordpress\/ -->\n<title>Varilni aparat Bohl GS 100 accu+ za kolute - Wilhelm Hundt GmbH<\/title>\n<meta name=\"robots\" content=\"index, follow, max-snippet:-1, max-image-preview:large, max-video-preview:-1\" \/>\n<link rel=\"canonical\" href=\"https:\/\/hundtgroup.com\/sl\/produkt\/varilni-aparat-bohl-gs-100-accu-za-kolute\/\" \/>\n<meta property=\"og:locale\" content=\"sl_SI\" \/>\n<meta property=\"og:type\" content=\"article\" \/>\n<meta property=\"og:title\" content=\"Varilni aparat Bohl GS 100 accu+ za kolute - Wilhelm Hundt GmbH\" \/>\n<meta property=\"og:description\" content=\"Deluje lahko v omre\u017enem ali baterijskem na\u010dinu, baterijo je mogo\u010de polniti prek , visoka stopnja varnosti in primernost za gradbi\u0161\u010da, optimalni rezultati varjenja, visoka sekvenca varjenja: najsodobnej\u0161a inverterska tehnologija omogo\u010da sekvenco varjenja 15-20 varilnih \u010depov na minuto, baterijsko delovanje odpravlja tveganje izklopa omre\u017enih varovalk, nizka napetost na obmo\u010djih s pove\u010dano elektri\u010dno nevarnostjo in ureditev prezra\u010devalnih [&hellip;]\" \/>\n<meta property=\"og:url\" content=\"https:\/\/hundtgroup.com\/sl\/produkt\/varilni-aparat-bohl-gs-100-accu-za-kolute\/\" \/>\n<meta property=\"og:site_name\" content=\"Wilhelm Hundt GmbH\" \/>\n<meta property=\"article:modified_time\" content=\"2025-08-05T16:04:58+00:00\" \/>\n<meta property=\"og:image\" content=\"https:\/\/hundtgroup.com\/wp-content\/uploads\/380600.png\" \/>\n\t<meta property=\"og:image:width\" content=\"777\" \/>\n\t<meta property=\"og:image:height\" content=\"663\" \/>\n\t<meta property=\"og:image:type\" content=\"image\/png\" \/>\n<meta name=\"twitter:card\" content=\"summary_large_image\" \/>\n<script type=\"application\/ld+json\" class=\"yoast-schema-graph\">{\"@context\":\"https:\\\/\\\/schema.org\",\"@graph\":[{\"@type\":\"WebPage\",\"@id\":\"https:\\\/\\\/hundtgroup.com\\\/sl\\\/produkt\\\/varilni-aparat-bohl-gs-100-accu-za-kolute\\\/\",\"url\":\"https:\\\/\\\/hundtgroup.com\\\/sl\\\/produkt\\\/varilni-aparat-bohl-gs-100-accu-za-kolute\\\/\",\"name\":\"Varilni aparat Bohl GS 100 accu+ za kolute - Wilhelm Hundt GmbH\",\"isPartOf\":{\"@id\":\"https:\\\/\\\/hundtgroup.com\\\/sl\\\/#website\"},\"primaryImageOfPage\":{\"@id\":\"https:\\\/\\\/hundtgroup.com\\\/sl\\\/produkt\\\/varilni-aparat-bohl-gs-100-accu-za-kolute\\\/#primaryimage\"},\"image\":{\"@id\":\"https:\\\/\\\/hundtgroup.com\\\/sl\\\/produkt\\\/varilni-aparat-bohl-gs-100-accu-za-kolute\\\/#primaryimage\"},\"thumbnailUrl\":\"https:\\\/\\\/hundtgroup.com\\\/wp-content\\\/uploads\\\/380600.png\",\"datePublished\":\"2022-10-26T13:59:34+00:00\",\"dateModified\":\"2025-08-05T16:04:58+00:00\",\"breadcrumb\":{\"@id\":\"https:\\\/\\\/hundtgroup.com\\\/sl\\\/produkt\\\/varilni-aparat-bohl-gs-100-accu-za-kolute\\\/#breadcrumb\"},\"inLanguage\":\"sl-SI\",\"potentialAction\":[{\"@type\":\"ReadAction\",\"target\":[\"https:\\\/\\\/hundtgroup.com\\\/sl\\\/produkt\\\/varilni-aparat-bohl-gs-100-accu-za-kolute\\\/\"]}]},{\"@type\":\"ImageObject\",\"inLanguage\":\"sl-SI\",\"@id\":\"https:\\\/\\\/hundtgroup.com\\\/sl\\\/produkt\\\/varilni-aparat-bohl-gs-100-accu-za-kolute\\\/#primaryimage\",\"url\":\"https:\\\/\\\/hundtgroup.com\\\/wp-content\\\/uploads\\\/380600.png\",\"contentUrl\":\"https:\\\/\\\/hundtgroup.com\\\/wp-content\\\/uploads\\\/380600.png\",\"width\":777,\"height\":663},{\"@type\":\"BreadcrumbList\",\"@id\":\"https:\\\/\\\/hundtgroup.com\\\/sl\\\/produkt\\\/varilni-aparat-bohl-gs-100-accu-za-kolute\\\/#breadcrumb\",\"itemListElement\":[{\"@type\":\"ListItem\",\"position\":1,\"name\":\"Startseite\",\"item\":\"https:\\\/\\\/hundtgroup.com\\\/sl\\\/domov-novo\\\/\"},{\"@type\":\"ListItem\",\"position\":2,\"name\":\"Trgovina\",\"item\":\"https:\\\/\\\/hundtgroup.com\\\/trgovina\\\/\"},{\"@type\":\"ListItem\",\"position\":3,\"name\":\"Varilni aparat Bohl GS 100 accu+ za kolute\"}]},{\"@type\":\"WebSite\",\"@id\":\"https:\\\/\\\/hundtgroup.com\\\/sl\\\/#website\",\"url\":\"https:\\\/\\\/hundtgroup.com\\\/sl\\\/\",\"name\":\"Wilhelm Hundt GmbH\",\"description\":\"Va\u0161 specialist za stroje in orodja za obdelavo plo\u010devine\",\"potentialAction\":[{\"@type\":\"SearchAction\",\"target\":{\"@type\":\"EntryPoint\",\"urlTemplate\":\"https:\\\/\\\/hundtgroup.com\\\/sl\\\/?s={search_term_string}\"},\"query-input\":{\"@type\":\"PropertyValueSpecification\",\"valueRequired\":true,\"valueName\":\"search_term_string\"}}],\"inLanguage\":\"sl-SI\"}]}<\/script>\n<!-- \/ Yoast SEO plugin. -->","yoast_head_json":{"title":"Varilni aparat Bohl GS 100 accu+ za kolute - Wilhelm Hundt GmbH","robots":{"index":"index","follow":"follow","max-snippet":"max-snippet:-1","max-image-preview":"max-image-preview:large","max-video-preview":"max-video-preview:-1"},"canonical":"https:\/\/hundtgroup.com\/sl\/produkt\/varilni-aparat-bohl-gs-100-accu-za-kolute\/","og_locale":"sl_SI","og_type":"article","og_title":"Varilni aparat Bohl GS 100 accu+ za kolute - Wilhelm Hundt GmbH","og_description":"Deluje lahko v omre\u017enem ali baterijskem na\u010dinu, baterijo je mogo\u010de polniti prek , visoka stopnja varnosti in primernost za gradbi\u0161\u010da, optimalni rezultati varjenja, visoka sekvenca varjenja: najsodobnej\u0161a inverterska tehnologija omogo\u010da sekvenco varjenja 15-20 varilnih \u010depov na minuto, baterijsko delovanje odpravlja tveganje izklopa omre\u017enih varovalk, nizka napetost na obmo\u010djih s pove\u010dano elektri\u010dno nevarnostjo in ureditev prezra\u010devalnih [&hellip;]","og_url":"https:\/\/hundtgroup.com\/sl\/produkt\/varilni-aparat-bohl-gs-100-accu-za-kolute\/","og_site_name":"Wilhelm Hundt GmbH","article_modified_time":"2025-08-05T16:04:58+00:00","og_image":[{"width":777,"height":663,"url":"https:\/\/hundtgroup.com\/wp-content\/uploads\/380600.png","type":"image\/png"}],"twitter_card":"summary_large_image","schema":{"@context":"https:\/\/schema.org","@graph":[{"@type":"WebPage","@id":"https:\/\/hundtgroup.com\/sl\/produkt\/varilni-aparat-bohl-gs-100-accu-za-kolute\/","url":"https:\/\/hundtgroup.com\/sl\/produkt\/varilni-aparat-bohl-gs-100-accu-za-kolute\/","name":"Varilni aparat Bohl GS 100 accu+ za kolute - Wilhelm Hundt GmbH","isPartOf":{"@id":"https:\/\/hundtgroup.com\/sl\/#website"},"primaryImageOfPage":{"@id":"https:\/\/hundtgroup.com\/sl\/produkt\/varilni-aparat-bohl-gs-100-accu-za-kolute\/#primaryimage"},"image":{"@id":"https:\/\/hundtgroup.com\/sl\/produkt\/varilni-aparat-bohl-gs-100-accu-za-kolute\/#primaryimage"},"thumbnailUrl":"https:\/\/hundtgroup.com\/wp-content\/uploads\/380600.png","datePublished":"2022-10-26T13:59:34+00:00","dateModified":"2025-08-05T16:04:58+00:00","breadcrumb":{"@id":"https:\/\/hundtgroup.com\/sl\/produkt\/varilni-aparat-bohl-gs-100-accu-za-kolute\/#breadcrumb"},"inLanguage":"sl-SI","potentialAction":[{"@type":"ReadAction","target":["https:\/\/hundtgroup.com\/sl\/produkt\/varilni-aparat-bohl-gs-100-accu-za-kolute\/"]}]},{"@type":"ImageObject","inLanguage":"sl-SI","@id":"https:\/\/hundtgroup.com\/sl\/produkt\/varilni-aparat-bohl-gs-100-accu-za-kolute\/#primaryimage","url":"https:\/\/hundtgroup.com\/wp-content\/uploads\/380600.png","contentUrl":"https:\/\/hundtgroup.com\/wp-content\/uploads\/380600.png","width":777,"height":663},{"@type":"BreadcrumbList","@id":"https:\/\/hundtgroup.com\/sl\/produkt\/varilni-aparat-bohl-gs-100-accu-za-kolute\/#breadcrumb","itemListElement":[{"@type":"ListItem","position":1,"name":"Startseite","item":"https:\/\/hundtgroup.com\/sl\/domov-novo\/"},{"@type":"ListItem","position":2,"name":"Trgovina","item":"https:\/\/hundtgroup.com\/trgovina\/"},{"@type":"ListItem","position":3,"name":"Varilni aparat Bohl GS 100 accu+ za kolute"}]},{"@type":"WebSite","@id":"https:\/\/hundtgroup.com\/sl\/#website","url":"https:\/\/hundtgroup.com\/sl\/","name":"Wilhelm Hundt GmbH","description":"Va\u0161 specialist za stroje in orodja za obdelavo plo\u010devine","potentialAction":[{"@type":"SearchAction","target":{"@type":"EntryPoint","urlTemplate":"https:\/\/hundtgroup.com\/sl\/?s={search_term_string}"},"query-input":{"@type":"PropertyValueSpecification","valueRequired":true,"valueName":"search_term_string"}}],"inLanguage":"sl-SI"}]}},"_links":{"self":[{"href":"https:\/\/hundtgroup.com\/sl\/wp-json\/wp\/v2\/product\/24309","targetHints":{"allow":["GET"]}}],"collection":[{"href":"https:\/\/hundtgroup.com\/sl\/wp-json\/wp\/v2\/product"}],"about":[{"href":"https:\/\/hundtgroup.com\/sl\/wp-json\/wp\/v2\/types\/product"}],"wp:featuredmedia":[{"embeddable":true,"href":"https:\/\/hundtgroup.com\/sl\/wp-json\/wp\/v2\/media\/24311"}],"wp:attachment":[{"href":"https:\/\/hundtgroup.com\/sl\/wp-json\/wp\/v2\/media?parent=24309"}],"wp:term":[{"taxonomy":"product_cat","embeddable":true,"href":"https:\/\/hundtgroup.com\/sl\/wp-json\/wp\/v2\/product_cat?post=24309"},{"taxonomy":"product_tag","embeddable":true,"href":"https:\/\/hundtgroup.com\/sl\/wp-json\/wp\/v2\/product_tag?post=24309"}],"curies":[{"name":"wp","href":"https:\/\/api.w.org\/{rel}","templated":true}]}}