{"id":24475,"date":"2022-10-26T15:59:39","date_gmt":"2022-10-26T13:59:39","guid":{"rendered":"https:\/\/hundtgroup.com\/produkt\/crni-plasticni-zamasek\/"},"modified":"2025-08-06T08:46:47","modified_gmt":"2025-08-06T06:46:47","slug":"crni-plasticni-zamasek","status":"publish","type":"product","link":"https:\/\/hundtgroup.com\/sl\/produkt\/crni-plasticni-zamasek\/","title":{"rendered":"\u010crni plasti\u010dni zama\u0161ek"},"content":{"rendered":"<p>\u010crni \u010depi iz PU pene<br \/>\n\u010crni plasti\u010dni \u010depi so stabilizirani proti vremenskim vplivom z dodatkom aktivnih saj<\/p>\n<p>Cena za 1.000 kosov<br \/>\n(npr. koli\u010dina naro\u010dila 5 = 5.000 kosov)<\/p>\n<p>Pakirna enota 5.000 kosov<br \/>\nMinimalna koli\u010dina naro\u010dila 1.000 kosov<\/p>\n","protected":false},"excerpt":{"rendered":"<p>\u010crni \u010depi iz PU pene \u010crni plasti\u010dni \u010depi so stabilizirani proti vremenskim vplivom z dodatkom aktivnih saj Cena za 1.000 kosov (npr. koli\u010dina naro\u010dila 5 = 5.000 kosov) Pakirna enota 5.000 kosov Minimalna koli\u010dina naro\u010dila 1.000 kosov<\/p>\n","protected":false},"featured_media":24478,"template":"","meta":{"_acf_changed":false,"inline_featured_image":false},"product_cat":[2037,1976],"product_tag":[],"class_list":{"0":"post-24475","1":"product","2":"type-product","3":"status-publish","4":"has-post-thumbnail","6":"brand-hundt","7":"product_cat-dodatki-za-izolatorje-sl","8":"product_cat-oprema-za-gradbisce","10":"first","11":"instock","12":"taxable","13":"shipping-taxable","14":"purchasable","15":"product-type-simple","16":"add-to-wishlist-before_image"},"acf":[],"yoast_head":"<!-- This site is optimized with the Yoast SEO plugin v27.3 - https:\/\/yoast.com\/product\/yoast-seo-wordpress\/ -->\n<title>\u010crni plasti\u010dni zama\u0161ek - Wilhelm Hundt GmbH<\/title>\n<meta name=\"robots\" content=\"index, follow, max-snippet:-1, max-image-preview:large, max-video-preview:-1\" \/>\n<link rel=\"canonical\" href=\"https:\/\/hundtgroup.com\/sl\/produkt\/crni-plasticni-zamasek\/\" \/>\n<meta property=\"og:locale\" content=\"sl_SI\" \/>\n<meta property=\"og:type\" content=\"article\" \/>\n<meta property=\"og:title\" content=\"\u010crni plasti\u010dni zama\u0161ek - Wilhelm Hundt GmbH\" \/>\n<meta property=\"og:description\" content=\"\u010crni \u010depi iz PU pene \u010crni plasti\u010dni \u010depi so stabilizirani proti vremenskim vplivom z dodatkom aktivnih saj Cena za 1.000 kosov (npr. koli\u010dina naro\u010dila 5 = 5.000 kosov) Pakirna enota 5.000 kosov Minimalna koli\u010dina naro\u010dila 1.000 kosov\" \/>\n<meta property=\"og:url\" content=\"https:\/\/hundtgroup.com\/sl\/produkt\/crni-plasticni-zamasek\/\" \/>\n<meta property=\"og:site_name\" content=\"Wilhelm Hundt GmbH\" \/>\n<meta property=\"article:modified_time\" content=\"2025-08-06T06:46:47+00:00\" \/>\n<meta property=\"og:image\" content=\"https:\/\/hundtgroup.com\/wp-content\/uploads\/455315.jpg\" \/>\n\t<meta property=\"og:image:width\" content=\"523\" \/>\n\t<meta property=\"og:image:height\" content=\"353\" \/>\n\t<meta property=\"og:image:type\" content=\"image\/jpeg\" \/>\n<meta name=\"twitter:card\" content=\"summary_large_image\" \/>\n<script type=\"application\/ld+json\" class=\"yoast-schema-graph\">{\"@context\":\"https:\\\/\\\/schema.org\",\"@graph\":[{\"@type\":\"WebPage\",\"@id\":\"https:\\\/\\\/hundtgroup.com\\\/sl\\\/produkt\\\/crni-plasticni-zamasek\\\/\",\"url\":\"https:\\\/\\\/hundtgroup.com\\\/sl\\\/produkt\\\/crni-plasticni-zamasek\\\/\",\"name\":\"\u010crni plasti\u010dni zama\u0161ek - Wilhelm Hundt GmbH\",\"isPartOf\":{\"@id\":\"https:\\\/\\\/hundtgroup.com\\\/sl\\\/#website\"},\"primaryImageOfPage\":{\"@id\":\"https:\\\/\\\/hundtgroup.com\\\/sl\\\/produkt\\\/crni-plasticni-zamasek\\\/#primaryimage\"},\"image\":{\"@id\":\"https:\\\/\\\/hundtgroup.com\\\/sl\\\/produkt\\\/crni-plasticni-zamasek\\\/#primaryimage\"},\"thumbnailUrl\":\"https:\\\/\\\/hundtgroup.com\\\/wp-content\\\/uploads\\\/455315.jpg\",\"datePublished\":\"2022-10-26T13:59:39+00:00\",\"dateModified\":\"2025-08-06T06:46:47+00:00\",\"breadcrumb\":{\"@id\":\"https:\\\/\\\/hundtgroup.com\\\/sl\\\/produkt\\\/crni-plasticni-zamasek\\\/#breadcrumb\"},\"inLanguage\":\"sl-SI\",\"potentialAction\":[{\"@type\":\"ReadAction\",\"target\":[\"https:\\\/\\\/hundtgroup.com\\\/sl\\\/produkt\\\/crni-plasticni-zamasek\\\/\"]}]},{\"@type\":\"ImageObject\",\"inLanguage\":\"sl-SI\",\"@id\":\"https:\\\/\\\/hundtgroup.com\\\/sl\\\/produkt\\\/crni-plasticni-zamasek\\\/#primaryimage\",\"url\":\"https:\\\/\\\/hundtgroup.com\\\/wp-content\\\/uploads\\\/455315.jpg\",\"contentUrl\":\"https:\\\/\\\/hundtgroup.com\\\/wp-content\\\/uploads\\\/455315.jpg\",\"width\":523,\"height\":353},{\"@type\":\"BreadcrumbList\",\"@id\":\"https:\\\/\\\/hundtgroup.com\\\/sl\\\/produkt\\\/crni-plasticni-zamasek\\\/#breadcrumb\",\"itemListElement\":[{\"@type\":\"ListItem\",\"position\":1,\"name\":\"Startseite\",\"item\":\"https:\\\/\\\/hundtgroup.com\\\/sl\\\/domov-novo\\\/\"},{\"@type\":\"ListItem\",\"position\":2,\"name\":\"Trgovina\",\"item\":\"https:\\\/\\\/hundtgroup.com\\\/trgovina\\\/\"},{\"@type\":\"ListItem\",\"position\":3,\"name\":\"\u010crni plasti\u010dni zama\u0161ek\"}]},{\"@type\":\"WebSite\",\"@id\":\"https:\\\/\\\/hundtgroup.com\\\/sl\\\/#website\",\"url\":\"https:\\\/\\\/hundtgroup.com\\\/sl\\\/\",\"name\":\"Wilhelm Hundt GmbH\",\"description\":\"Va\u0161 specialist za stroje in orodja za obdelavo plo\u010devine\",\"potentialAction\":[{\"@type\":\"SearchAction\",\"target\":{\"@type\":\"EntryPoint\",\"urlTemplate\":\"https:\\\/\\\/hundtgroup.com\\\/sl\\\/?s={search_term_string}\"},\"query-input\":{\"@type\":\"PropertyValueSpecification\",\"valueRequired\":true,\"valueName\":\"search_term_string\"}}],\"inLanguage\":\"sl-SI\"}]}<\/script>\n<!-- \/ Yoast SEO plugin. -->","yoast_head_json":{"title":"\u010crni plasti\u010dni zama\u0161ek - Wilhelm Hundt GmbH","robots":{"index":"index","follow":"follow","max-snippet":"max-snippet:-1","max-image-preview":"max-image-preview:large","max-video-preview":"max-video-preview:-1"},"canonical":"https:\/\/hundtgroup.com\/sl\/produkt\/crni-plasticni-zamasek\/","og_locale":"sl_SI","og_type":"article","og_title":"\u010crni plasti\u010dni zama\u0161ek - Wilhelm Hundt GmbH","og_description":"\u010crni \u010depi iz PU pene \u010crni plasti\u010dni \u010depi so stabilizirani proti vremenskim vplivom z dodatkom aktivnih saj Cena za 1.000 kosov (npr. koli\u010dina naro\u010dila 5 = 5.000 kosov) Pakirna enota 5.000 kosov Minimalna koli\u010dina naro\u010dila 1.000 kosov","og_url":"https:\/\/hundtgroup.com\/sl\/produkt\/crni-plasticni-zamasek\/","og_site_name":"Wilhelm Hundt GmbH","article_modified_time":"2025-08-06T06:46:47+00:00","og_image":[{"width":523,"height":353,"url":"https:\/\/hundtgroup.com\/wp-content\/uploads\/455315.jpg","type":"image\/jpeg"}],"twitter_card":"summary_large_image","schema":{"@context":"https:\/\/schema.org","@graph":[{"@type":"WebPage","@id":"https:\/\/hundtgroup.com\/sl\/produkt\/crni-plasticni-zamasek\/","url":"https:\/\/hundtgroup.com\/sl\/produkt\/crni-plasticni-zamasek\/","name":"\u010crni plasti\u010dni zama\u0161ek - Wilhelm Hundt GmbH","isPartOf":{"@id":"https:\/\/hundtgroup.com\/sl\/#website"},"primaryImageOfPage":{"@id":"https:\/\/hundtgroup.com\/sl\/produkt\/crni-plasticni-zamasek\/#primaryimage"},"image":{"@id":"https:\/\/hundtgroup.com\/sl\/produkt\/crni-plasticni-zamasek\/#primaryimage"},"thumbnailUrl":"https:\/\/hundtgroup.com\/wp-content\/uploads\/455315.jpg","datePublished":"2022-10-26T13:59:39+00:00","dateModified":"2025-08-06T06:46:47+00:00","breadcrumb":{"@id":"https:\/\/hundtgroup.com\/sl\/produkt\/crni-plasticni-zamasek\/#breadcrumb"},"inLanguage":"sl-SI","potentialAction":[{"@type":"ReadAction","target":["https:\/\/hundtgroup.com\/sl\/produkt\/crni-plasticni-zamasek\/"]}]},{"@type":"ImageObject","inLanguage":"sl-SI","@id":"https:\/\/hundtgroup.com\/sl\/produkt\/crni-plasticni-zamasek\/#primaryimage","url":"https:\/\/hundtgroup.com\/wp-content\/uploads\/455315.jpg","contentUrl":"https:\/\/hundtgroup.com\/wp-content\/uploads\/455315.jpg","width":523,"height":353},{"@type":"BreadcrumbList","@id":"https:\/\/hundtgroup.com\/sl\/produkt\/crni-plasticni-zamasek\/#breadcrumb","itemListElement":[{"@type":"ListItem","position":1,"name":"Startseite","item":"https:\/\/hundtgroup.com\/sl\/domov-novo\/"},{"@type":"ListItem","position":2,"name":"Trgovina","item":"https:\/\/hundtgroup.com\/trgovina\/"},{"@type":"ListItem","position":3,"name":"\u010crni plasti\u010dni zama\u0161ek"}]},{"@type":"WebSite","@id":"https:\/\/hundtgroup.com\/sl\/#website","url":"https:\/\/hundtgroup.com\/sl\/","name":"Wilhelm Hundt GmbH","description":"Va\u0161 specialist za stroje in orodja za obdelavo plo\u010devine","potentialAction":[{"@type":"SearchAction","target":{"@type":"EntryPoint","urlTemplate":"https:\/\/hundtgroup.com\/sl\/?s={search_term_string}"},"query-input":{"@type":"PropertyValueSpecification","valueRequired":true,"valueName":"search_term_string"}}],"inLanguage":"sl-SI"}]}},"_links":{"self":[{"href":"https:\/\/hundtgroup.com\/sl\/wp-json\/wp\/v2\/product\/24475","targetHints":{"allow":["GET"]}}],"collection":[{"href":"https:\/\/hundtgroup.com\/sl\/wp-json\/wp\/v2\/product"}],"about":[{"href":"https:\/\/hundtgroup.com\/sl\/wp-json\/wp\/v2\/types\/product"}],"wp:featuredmedia":[{"embeddable":true,"href":"https:\/\/hundtgroup.com\/sl\/wp-json\/wp\/v2\/media\/24478"}],"wp:attachment":[{"href":"https:\/\/hundtgroup.com\/sl\/wp-json\/wp\/v2\/media?parent=24475"}],"wp:term":[{"taxonomy":"product_cat","embeddable":true,"href":"https:\/\/hundtgroup.com\/sl\/wp-json\/wp\/v2\/product_cat?post=24475"},{"taxonomy":"product_tag","embeddable":true,"href":"https:\/\/hundtgroup.com\/sl\/wp-json\/wp\/v2\/product_tag?post=24475"}],"curies":[{"name":"wp","href":"https:\/\/api.w.org\/{rel}","templated":true}]}}