{"id":24969,"date":"2022-10-26T15:59:13","date_gmt":"2022-10-26T13:59:13","guid":{"rendered":"https:\/\/hundtgroup.com\/produkt\/klesce-za-rocno-kovicenje-slepih-zakovic-ntx\/"},"modified":"2025-07-29T13:07:53","modified_gmt":"2025-07-29T11:07:53","slug":"klesce-za-rocno-kovicenje-slepih-zakovic-ntx","status":"publish","type":"product","link":"https:\/\/hundtgroup.com\/sl\/produkt\/klesce-za-rocno-kovicenje-slepih-zakovic-ntx\/","title":{"rendered":"Kle\u0161\u010de za ro\u010dno kovi\u010denje slepih zakovic NTX"},"content":{"rendered":"<p>Brez vzmeti za odpiranje<br \/>\nDelovno obmo\u010dje do \u00d8 5 mm aluminij in \u00d8 4 mm nerjavno jeklo<\/p>\n","protected":false},"excerpt":{"rendered":"<p>Brez vzmeti za odpiranje Delovno obmo\u010dje do \u00d8 5 mm aluminij in \u00d8 4 mm nerjavno jeklo<\/p>\n","protected":false},"featured_media":24958,"template":"","meta":{"_acf_changed":false,"inline_featured_image":false},"product_cat":[2038,2039],"product_tag":[],"class_list":{"0":"post-24969","1":"product","2":"type-product","3":"status-publish","4":"has-post-thumbnail","6":"brand-gesipa","7":"product_cat-orodja-za-kovicenje","8":"product_cat-prirocnik","10":"first","11":"instock","12":"taxable","13":"shipping-taxable","14":"purchasable","15":"product-type-simple","16":"add-to-wishlist-before_image"},"acf":[],"yoast_head":"<!-- This site is optimized with the Yoast SEO plugin v27.3 - https:\/\/yoast.com\/product\/yoast-seo-wordpress\/ -->\n<title>Kle\u0161\u010de za ro\u010dno kovi\u010denje slepih zakovic NTX - Wilhelm Hundt GmbH<\/title>\n<meta name=\"robots\" content=\"index, follow, max-snippet:-1, max-image-preview:large, max-video-preview:-1\" \/>\n<link rel=\"canonical\" href=\"https:\/\/hundtgroup.com\/sl\/produkt\/klesce-za-rocno-kovicenje-slepih-zakovic-ntx\/\" \/>\n<meta property=\"og:locale\" content=\"sl_SI\" \/>\n<meta property=\"og:type\" content=\"article\" \/>\n<meta property=\"og:title\" content=\"Kle\u0161\u010de za ro\u010dno kovi\u010denje slepih zakovic NTX - Wilhelm Hundt GmbH\" \/>\n<meta property=\"og:description\" content=\"Brez vzmeti za odpiranje Delovno obmo\u010dje do \u00d8 5 mm aluminij in \u00d8 4 mm nerjavno jeklo\" \/>\n<meta property=\"og:url\" content=\"https:\/\/hundtgroup.com\/sl\/produkt\/klesce-za-rocno-kovicenje-slepih-zakovic-ntx\/\" \/>\n<meta property=\"og:site_name\" content=\"Wilhelm Hundt GmbH\" \/>\n<meta property=\"article:modified_time\" content=\"2025-07-29T11:07:53+00:00\" \/>\n<meta property=\"og:image\" content=\"https:\/\/hundtgroup.com\/wp-content\/uploads\/500550.png\" \/>\n\t<meta property=\"og:image:width\" content=\"1181\" \/>\n\t<meta property=\"og:image:height\" content=\"441\" \/>\n\t<meta property=\"og:image:type\" content=\"image\/png\" \/>\n<meta name=\"twitter:card\" content=\"summary_large_image\" \/>\n<script type=\"application\/ld+json\" class=\"yoast-schema-graph\">{\"@context\":\"https:\\\/\\\/schema.org\",\"@graph\":[{\"@type\":\"WebPage\",\"@id\":\"https:\\\/\\\/hundtgroup.com\\\/sl\\\/produkt\\\/klesce-za-rocno-kovicenje-slepih-zakovic-ntx\\\/\",\"url\":\"https:\\\/\\\/hundtgroup.com\\\/sl\\\/produkt\\\/klesce-za-rocno-kovicenje-slepih-zakovic-ntx\\\/\",\"name\":\"Kle\u0161\u010de za ro\u010dno kovi\u010denje slepih zakovic NTX - Wilhelm Hundt GmbH\",\"isPartOf\":{\"@id\":\"https:\\\/\\\/hundtgroup.com\\\/sl\\\/#website\"},\"primaryImageOfPage\":{\"@id\":\"https:\\\/\\\/hundtgroup.com\\\/sl\\\/produkt\\\/klesce-za-rocno-kovicenje-slepih-zakovic-ntx\\\/#primaryimage\"},\"image\":{\"@id\":\"https:\\\/\\\/hundtgroup.com\\\/sl\\\/produkt\\\/klesce-za-rocno-kovicenje-slepih-zakovic-ntx\\\/#primaryimage\"},\"thumbnailUrl\":\"https:\\\/\\\/hundtgroup.com\\\/wp-content\\\/uploads\\\/500550.png\",\"datePublished\":\"2022-10-26T13:59:13+00:00\",\"dateModified\":\"2025-07-29T11:07:53+00:00\",\"breadcrumb\":{\"@id\":\"https:\\\/\\\/hundtgroup.com\\\/sl\\\/produkt\\\/klesce-za-rocno-kovicenje-slepih-zakovic-ntx\\\/#breadcrumb\"},\"inLanguage\":\"sl-SI\",\"potentialAction\":[{\"@type\":\"ReadAction\",\"target\":[\"https:\\\/\\\/hundtgroup.com\\\/sl\\\/produkt\\\/klesce-za-rocno-kovicenje-slepih-zakovic-ntx\\\/\"]}]},{\"@type\":\"ImageObject\",\"inLanguage\":\"sl-SI\",\"@id\":\"https:\\\/\\\/hundtgroup.com\\\/sl\\\/produkt\\\/klesce-za-rocno-kovicenje-slepih-zakovic-ntx\\\/#primaryimage\",\"url\":\"https:\\\/\\\/hundtgroup.com\\\/wp-content\\\/uploads\\\/500550.png\",\"contentUrl\":\"https:\\\/\\\/hundtgroup.com\\\/wp-content\\\/uploads\\\/500550.png\",\"width\":1181,\"height\":441},{\"@type\":\"BreadcrumbList\",\"@id\":\"https:\\\/\\\/hundtgroup.com\\\/sl\\\/produkt\\\/klesce-za-rocno-kovicenje-slepih-zakovic-ntx\\\/#breadcrumb\",\"itemListElement\":[{\"@type\":\"ListItem\",\"position\":1,\"name\":\"Startseite\",\"item\":\"https:\\\/\\\/hundtgroup.com\\\/sl\\\/domov-novo\\\/\"},{\"@type\":\"ListItem\",\"position\":2,\"name\":\"Trgovina\",\"item\":\"https:\\\/\\\/hundtgroup.com\\\/trgovina\\\/\"},{\"@type\":\"ListItem\",\"position\":3,\"name\":\"Kle\u0161\u010de za ro\u010dno kovi\u010denje slepih zakovic NTX\"}]},{\"@type\":\"WebSite\",\"@id\":\"https:\\\/\\\/hundtgroup.com\\\/sl\\\/#website\",\"url\":\"https:\\\/\\\/hundtgroup.com\\\/sl\\\/\",\"name\":\"Wilhelm Hundt GmbH\",\"description\":\"Va\u0161 specialist za stroje in orodja za obdelavo plo\u010devine\",\"potentialAction\":[{\"@type\":\"SearchAction\",\"target\":{\"@type\":\"EntryPoint\",\"urlTemplate\":\"https:\\\/\\\/hundtgroup.com\\\/sl\\\/?s={search_term_string}\"},\"query-input\":{\"@type\":\"PropertyValueSpecification\",\"valueRequired\":true,\"valueName\":\"search_term_string\"}}],\"inLanguage\":\"sl-SI\"}]}<\/script>\n<!-- \/ Yoast SEO plugin. -->","yoast_head_json":{"title":"Kle\u0161\u010de za ro\u010dno kovi\u010denje slepih zakovic NTX - Wilhelm Hundt GmbH","robots":{"index":"index","follow":"follow","max-snippet":"max-snippet:-1","max-image-preview":"max-image-preview:large","max-video-preview":"max-video-preview:-1"},"canonical":"https:\/\/hundtgroup.com\/sl\/produkt\/klesce-za-rocno-kovicenje-slepih-zakovic-ntx\/","og_locale":"sl_SI","og_type":"article","og_title":"Kle\u0161\u010de za ro\u010dno kovi\u010denje slepih zakovic NTX - Wilhelm Hundt GmbH","og_description":"Brez vzmeti za odpiranje Delovno obmo\u010dje do \u00d8 5 mm aluminij in \u00d8 4 mm nerjavno jeklo","og_url":"https:\/\/hundtgroup.com\/sl\/produkt\/klesce-za-rocno-kovicenje-slepih-zakovic-ntx\/","og_site_name":"Wilhelm Hundt GmbH","article_modified_time":"2025-07-29T11:07:53+00:00","og_image":[{"width":1181,"height":441,"url":"https:\/\/hundtgroup.com\/wp-content\/uploads\/500550.png","type":"image\/png"}],"twitter_card":"summary_large_image","schema":{"@context":"https:\/\/schema.org","@graph":[{"@type":"WebPage","@id":"https:\/\/hundtgroup.com\/sl\/produkt\/klesce-za-rocno-kovicenje-slepih-zakovic-ntx\/","url":"https:\/\/hundtgroup.com\/sl\/produkt\/klesce-za-rocno-kovicenje-slepih-zakovic-ntx\/","name":"Kle\u0161\u010de za ro\u010dno kovi\u010denje slepih zakovic NTX - Wilhelm Hundt GmbH","isPartOf":{"@id":"https:\/\/hundtgroup.com\/sl\/#website"},"primaryImageOfPage":{"@id":"https:\/\/hundtgroup.com\/sl\/produkt\/klesce-za-rocno-kovicenje-slepih-zakovic-ntx\/#primaryimage"},"image":{"@id":"https:\/\/hundtgroup.com\/sl\/produkt\/klesce-za-rocno-kovicenje-slepih-zakovic-ntx\/#primaryimage"},"thumbnailUrl":"https:\/\/hundtgroup.com\/wp-content\/uploads\/500550.png","datePublished":"2022-10-26T13:59:13+00:00","dateModified":"2025-07-29T11:07:53+00:00","breadcrumb":{"@id":"https:\/\/hundtgroup.com\/sl\/produkt\/klesce-za-rocno-kovicenje-slepih-zakovic-ntx\/#breadcrumb"},"inLanguage":"sl-SI","potentialAction":[{"@type":"ReadAction","target":["https:\/\/hundtgroup.com\/sl\/produkt\/klesce-za-rocno-kovicenje-slepih-zakovic-ntx\/"]}]},{"@type":"ImageObject","inLanguage":"sl-SI","@id":"https:\/\/hundtgroup.com\/sl\/produkt\/klesce-za-rocno-kovicenje-slepih-zakovic-ntx\/#primaryimage","url":"https:\/\/hundtgroup.com\/wp-content\/uploads\/500550.png","contentUrl":"https:\/\/hundtgroup.com\/wp-content\/uploads\/500550.png","width":1181,"height":441},{"@type":"BreadcrumbList","@id":"https:\/\/hundtgroup.com\/sl\/produkt\/klesce-za-rocno-kovicenje-slepih-zakovic-ntx\/#breadcrumb","itemListElement":[{"@type":"ListItem","position":1,"name":"Startseite","item":"https:\/\/hundtgroup.com\/sl\/domov-novo\/"},{"@type":"ListItem","position":2,"name":"Trgovina","item":"https:\/\/hundtgroup.com\/trgovina\/"},{"@type":"ListItem","position":3,"name":"Kle\u0161\u010de za ro\u010dno kovi\u010denje slepih zakovic NTX"}]},{"@type":"WebSite","@id":"https:\/\/hundtgroup.com\/sl\/#website","url":"https:\/\/hundtgroup.com\/sl\/","name":"Wilhelm Hundt GmbH","description":"Va\u0161 specialist za stroje in orodja za obdelavo plo\u010devine","potentialAction":[{"@type":"SearchAction","target":{"@type":"EntryPoint","urlTemplate":"https:\/\/hundtgroup.com\/sl\/?s={search_term_string}"},"query-input":{"@type":"PropertyValueSpecification","valueRequired":true,"valueName":"search_term_string"}}],"inLanguage":"sl-SI"}]}},"_links":{"self":[{"href":"https:\/\/hundtgroup.com\/sl\/wp-json\/wp\/v2\/product\/24969","targetHints":{"allow":["GET"]}}],"collection":[{"href":"https:\/\/hundtgroup.com\/sl\/wp-json\/wp\/v2\/product"}],"about":[{"href":"https:\/\/hundtgroup.com\/sl\/wp-json\/wp\/v2\/types\/product"}],"wp:featuredmedia":[{"embeddable":true,"href":"https:\/\/hundtgroup.com\/sl\/wp-json\/wp\/v2\/media\/24958"}],"wp:attachment":[{"href":"https:\/\/hundtgroup.com\/sl\/wp-json\/wp\/v2\/media?parent=24969"}],"wp:term":[{"taxonomy":"product_cat","embeddable":true,"href":"https:\/\/hundtgroup.com\/sl\/wp-json\/wp\/v2\/product_cat?post=24969"},{"taxonomy":"product_tag","embeddable":true,"href":"https:\/\/hundtgroup.com\/sl\/wp-json\/wp\/v2\/product_tag?post=24969"}],"curies":[{"name":"wp","href":"https:\/\/api.w.org\/{rel}","templated":true}]}}