{"id":25306,"date":"2022-10-26T15:59:16","date_gmt":"2022-10-26T13:59:16","guid":{"rendered":"https:\/\/hundtgroup.com\/produkt\/orodje-za-nastavljanje-slepih-zakovic-rr1000-s-stisnjenim-zrakom\/"},"modified":"2025-07-29T13:05:50","modified_gmt":"2025-07-29T11:05:50","slug":"orodje-za-nastavljanje-slepih-zakovic-rr1000-s-stisnjenim-zrakom","status":"publish","type":"product","link":"https:\/\/hundtgroup.com\/sl\/produkt\/orodje-za-nastavljanje-slepih-zakovic-rr1000-s-stisnjenim-zrakom\/","title":{"rendered":"Orodje za nastavljanje slepih zakovic RR1000 s stisnjenim zrakom"},"content":{"rendered":"<p>RR1000 je sodobno pnevmatsko orodje &#8211; zasnovano za zanesljivo obdelavo slepih zakovic v delavnicah in obrti.<br \/>\nPriro\u010dno rokovanje in popolna oprema v visokokakovostnem ohi\u0161ju.<br \/>\nObdela slepe zakovice od \u00d8 2,4 mm do \u00d8 5,0 mm (vsi materiali).<\/p>\n","protected":false},"excerpt":{"rendered":"<p>RR1000 je sodobno pnevmatsko orodje &#8211; zasnovano za zanesljivo obdelavo slepih zakovic v delavnicah in obrti. Priro\u010dno rokovanje in popolna oprema v visokokakovostnem ohi\u0161ju. Obdela slepe zakovice od \u00d8 2,4 mm do \u00d8 5,0 mm (vsi materiali).<\/p>\n","protected":false},"featured_media":25308,"template":"","meta":{"_acf_changed":false,"inline_featured_image":false},"product_cat":[2038,2041],"product_tag":[],"class_list":{"0":"post-25306","1":"product","2":"type-product","3":"status-publish","4":"has-post-thumbnail","6":"brand-honsel","7":"product_cat-orodja-za-kovicenje","8":"product_cat-stisnjen-zrak","10":"first","11":"instock","12":"taxable","13":"shipping-taxable","14":"purchasable","15":"product-type-simple","16":"add-to-wishlist-before_image"},"acf":[],"yoast_head":"<!-- This site is optimized with the Yoast SEO plugin v27.3 - https:\/\/yoast.com\/product\/yoast-seo-wordpress\/ -->\n<title>Orodje za nastavljanje slepih zakovic RR1000 s stisnjenim zrakom - Wilhelm Hundt GmbH<\/title>\n<meta name=\"robots\" content=\"index, follow, max-snippet:-1, max-image-preview:large, max-video-preview:-1\" \/>\n<link rel=\"canonical\" href=\"https:\/\/hundtgroup.com\/sl\/produkt\/orodje-za-nastavljanje-slepih-zakovic-rr1000-s-stisnjenim-zrakom\/\" \/>\n<meta property=\"og:locale\" content=\"sl_SI\" \/>\n<meta property=\"og:type\" content=\"article\" \/>\n<meta property=\"og:title\" content=\"Orodje za nastavljanje slepih zakovic RR1000 s stisnjenim zrakom - Wilhelm Hundt GmbH\" \/>\n<meta property=\"og:description\" content=\"RR1000 je sodobno pnevmatsko orodje &#8211; zasnovano za zanesljivo obdelavo slepih zakovic v delavnicah in obrti. Priro\u010dno rokovanje in popolna oprema v visokokakovostnem ohi\u0161ju. Obdela slepe zakovice od \u00d8 2,4 mm do \u00d8 5,0 mm (vsi materiali).\" \/>\n<meta property=\"og:url\" content=\"https:\/\/hundtgroup.com\/sl\/produkt\/orodje-za-nastavljanje-slepih-zakovic-rr1000-s-stisnjenim-zrakom\/\" \/>\n<meta property=\"og:site_name\" content=\"Wilhelm Hundt GmbH\" \/>\n<meta property=\"article:modified_time\" content=\"2025-07-29T11:05:50+00:00\" \/>\n<meta property=\"og:image\" content=\"https:\/\/hundtgroup.com\/wp-content\/uploads\/500109.jpg\" \/>\n\t<meta property=\"og:image:width\" content=\"400\" \/>\n\t<meta property=\"og:image:height\" content=\"667\" \/>\n\t<meta property=\"og:image:type\" content=\"image\/jpeg\" \/>\n<meta name=\"twitter:card\" content=\"summary_large_image\" \/>\n<script type=\"application\/ld+json\" class=\"yoast-schema-graph\">{\"@context\":\"https:\\\/\\\/schema.org\",\"@graph\":[{\"@type\":\"WebPage\",\"@id\":\"https:\\\/\\\/hundtgroup.com\\\/sl\\\/produkt\\\/orodje-za-nastavljanje-slepih-zakovic-rr1000-s-stisnjenim-zrakom\\\/\",\"url\":\"https:\\\/\\\/hundtgroup.com\\\/sl\\\/produkt\\\/orodje-za-nastavljanje-slepih-zakovic-rr1000-s-stisnjenim-zrakom\\\/\",\"name\":\"Orodje za nastavljanje slepih zakovic RR1000 s stisnjenim zrakom - Wilhelm Hundt GmbH\",\"isPartOf\":{\"@id\":\"https:\\\/\\\/hundtgroup.com\\\/sl\\\/#website\"},\"primaryImageOfPage\":{\"@id\":\"https:\\\/\\\/hundtgroup.com\\\/sl\\\/produkt\\\/orodje-za-nastavljanje-slepih-zakovic-rr1000-s-stisnjenim-zrakom\\\/#primaryimage\"},\"image\":{\"@id\":\"https:\\\/\\\/hundtgroup.com\\\/sl\\\/produkt\\\/orodje-za-nastavljanje-slepih-zakovic-rr1000-s-stisnjenim-zrakom\\\/#primaryimage\"},\"thumbnailUrl\":\"https:\\\/\\\/hundtgroup.com\\\/wp-content\\\/uploads\\\/500109.jpg\",\"datePublished\":\"2022-10-26T13:59:16+00:00\",\"dateModified\":\"2025-07-29T11:05:50+00:00\",\"breadcrumb\":{\"@id\":\"https:\\\/\\\/hundtgroup.com\\\/sl\\\/produkt\\\/orodje-za-nastavljanje-slepih-zakovic-rr1000-s-stisnjenim-zrakom\\\/#breadcrumb\"},\"inLanguage\":\"sl-SI\",\"potentialAction\":[{\"@type\":\"ReadAction\",\"target\":[\"https:\\\/\\\/hundtgroup.com\\\/sl\\\/produkt\\\/orodje-za-nastavljanje-slepih-zakovic-rr1000-s-stisnjenim-zrakom\\\/\"]}]},{\"@type\":\"ImageObject\",\"inLanguage\":\"sl-SI\",\"@id\":\"https:\\\/\\\/hundtgroup.com\\\/sl\\\/produkt\\\/orodje-za-nastavljanje-slepih-zakovic-rr1000-s-stisnjenim-zrakom\\\/#primaryimage\",\"url\":\"https:\\\/\\\/hundtgroup.com\\\/wp-content\\\/uploads\\\/500109.jpg\",\"contentUrl\":\"https:\\\/\\\/hundtgroup.com\\\/wp-content\\\/uploads\\\/500109.jpg\",\"width\":400,\"height\":667},{\"@type\":\"BreadcrumbList\",\"@id\":\"https:\\\/\\\/hundtgroup.com\\\/sl\\\/produkt\\\/orodje-za-nastavljanje-slepih-zakovic-rr1000-s-stisnjenim-zrakom\\\/#breadcrumb\",\"itemListElement\":[{\"@type\":\"ListItem\",\"position\":1,\"name\":\"Startseite\",\"item\":\"https:\\\/\\\/hundtgroup.com\\\/sl\\\/domov-novo\\\/\"},{\"@type\":\"ListItem\",\"position\":2,\"name\":\"Trgovina\",\"item\":\"https:\\\/\\\/hundtgroup.com\\\/trgovina\\\/\"},{\"@type\":\"ListItem\",\"position\":3,\"name\":\"Orodje za nastavljanje slepih zakovic RR1000 s stisnjenim zrakom\"}]},{\"@type\":\"WebSite\",\"@id\":\"https:\\\/\\\/hundtgroup.com\\\/sl\\\/#website\",\"url\":\"https:\\\/\\\/hundtgroup.com\\\/sl\\\/\",\"name\":\"Wilhelm Hundt GmbH\",\"description\":\"Va\u0161 specialist za stroje in orodja za obdelavo plo\u010devine\",\"potentialAction\":[{\"@type\":\"SearchAction\",\"target\":{\"@type\":\"EntryPoint\",\"urlTemplate\":\"https:\\\/\\\/hundtgroup.com\\\/sl\\\/?s={search_term_string}\"},\"query-input\":{\"@type\":\"PropertyValueSpecification\",\"valueRequired\":true,\"valueName\":\"search_term_string\"}}],\"inLanguage\":\"sl-SI\"}]}<\/script>\n<!-- \/ Yoast SEO plugin. -->","yoast_head_json":{"title":"Orodje za nastavljanje slepih zakovic RR1000 s stisnjenim zrakom - Wilhelm Hundt GmbH","robots":{"index":"index","follow":"follow","max-snippet":"max-snippet:-1","max-image-preview":"max-image-preview:large","max-video-preview":"max-video-preview:-1"},"canonical":"https:\/\/hundtgroup.com\/sl\/produkt\/orodje-za-nastavljanje-slepih-zakovic-rr1000-s-stisnjenim-zrakom\/","og_locale":"sl_SI","og_type":"article","og_title":"Orodje za nastavljanje slepih zakovic RR1000 s stisnjenim zrakom - Wilhelm Hundt GmbH","og_description":"RR1000 je sodobno pnevmatsko orodje &#8211; zasnovano za zanesljivo obdelavo slepih zakovic v delavnicah in obrti. Priro\u010dno rokovanje in popolna oprema v visokokakovostnem ohi\u0161ju. Obdela slepe zakovice od \u00d8 2,4 mm do \u00d8 5,0 mm (vsi materiali).","og_url":"https:\/\/hundtgroup.com\/sl\/produkt\/orodje-za-nastavljanje-slepih-zakovic-rr1000-s-stisnjenim-zrakom\/","og_site_name":"Wilhelm Hundt GmbH","article_modified_time":"2025-07-29T11:05:50+00:00","og_image":[{"width":400,"height":667,"url":"https:\/\/hundtgroup.com\/wp-content\/uploads\/500109.jpg","type":"image\/jpeg"}],"twitter_card":"summary_large_image","schema":{"@context":"https:\/\/schema.org","@graph":[{"@type":"WebPage","@id":"https:\/\/hundtgroup.com\/sl\/produkt\/orodje-za-nastavljanje-slepih-zakovic-rr1000-s-stisnjenim-zrakom\/","url":"https:\/\/hundtgroup.com\/sl\/produkt\/orodje-za-nastavljanje-slepih-zakovic-rr1000-s-stisnjenim-zrakom\/","name":"Orodje za nastavljanje slepih zakovic RR1000 s stisnjenim zrakom - Wilhelm Hundt GmbH","isPartOf":{"@id":"https:\/\/hundtgroup.com\/sl\/#website"},"primaryImageOfPage":{"@id":"https:\/\/hundtgroup.com\/sl\/produkt\/orodje-za-nastavljanje-slepih-zakovic-rr1000-s-stisnjenim-zrakom\/#primaryimage"},"image":{"@id":"https:\/\/hundtgroup.com\/sl\/produkt\/orodje-za-nastavljanje-slepih-zakovic-rr1000-s-stisnjenim-zrakom\/#primaryimage"},"thumbnailUrl":"https:\/\/hundtgroup.com\/wp-content\/uploads\/500109.jpg","datePublished":"2022-10-26T13:59:16+00:00","dateModified":"2025-07-29T11:05:50+00:00","breadcrumb":{"@id":"https:\/\/hundtgroup.com\/sl\/produkt\/orodje-za-nastavljanje-slepih-zakovic-rr1000-s-stisnjenim-zrakom\/#breadcrumb"},"inLanguage":"sl-SI","potentialAction":[{"@type":"ReadAction","target":["https:\/\/hundtgroup.com\/sl\/produkt\/orodje-za-nastavljanje-slepih-zakovic-rr1000-s-stisnjenim-zrakom\/"]}]},{"@type":"ImageObject","inLanguage":"sl-SI","@id":"https:\/\/hundtgroup.com\/sl\/produkt\/orodje-za-nastavljanje-slepih-zakovic-rr1000-s-stisnjenim-zrakom\/#primaryimage","url":"https:\/\/hundtgroup.com\/wp-content\/uploads\/500109.jpg","contentUrl":"https:\/\/hundtgroup.com\/wp-content\/uploads\/500109.jpg","width":400,"height":667},{"@type":"BreadcrumbList","@id":"https:\/\/hundtgroup.com\/sl\/produkt\/orodje-za-nastavljanje-slepih-zakovic-rr1000-s-stisnjenim-zrakom\/#breadcrumb","itemListElement":[{"@type":"ListItem","position":1,"name":"Startseite","item":"https:\/\/hundtgroup.com\/sl\/domov-novo\/"},{"@type":"ListItem","position":2,"name":"Trgovina","item":"https:\/\/hundtgroup.com\/trgovina\/"},{"@type":"ListItem","position":3,"name":"Orodje za nastavljanje slepih zakovic RR1000 s stisnjenim zrakom"}]},{"@type":"WebSite","@id":"https:\/\/hundtgroup.com\/sl\/#website","url":"https:\/\/hundtgroup.com\/sl\/","name":"Wilhelm Hundt GmbH","description":"Va\u0161 specialist za stroje in orodja za obdelavo plo\u010devine","potentialAction":[{"@type":"SearchAction","target":{"@type":"EntryPoint","urlTemplate":"https:\/\/hundtgroup.com\/sl\/?s={search_term_string}"},"query-input":{"@type":"PropertyValueSpecification","valueRequired":true,"valueName":"search_term_string"}}],"inLanguage":"sl-SI"}]}},"_links":{"self":[{"href":"https:\/\/hundtgroup.com\/sl\/wp-json\/wp\/v2\/product\/25306","targetHints":{"allow":["GET"]}}],"collection":[{"href":"https:\/\/hundtgroup.com\/sl\/wp-json\/wp\/v2\/product"}],"about":[{"href":"https:\/\/hundtgroup.com\/sl\/wp-json\/wp\/v2\/types\/product"}],"wp:featuredmedia":[{"embeddable":true,"href":"https:\/\/hundtgroup.com\/sl\/wp-json\/wp\/v2\/media\/25308"}],"wp:attachment":[{"href":"https:\/\/hundtgroup.com\/sl\/wp-json\/wp\/v2\/media?parent=25306"}],"wp:term":[{"taxonomy":"product_cat","embeddable":true,"href":"https:\/\/hundtgroup.com\/sl\/wp-json\/wp\/v2\/product_cat?post=25306"},{"taxonomy":"product_tag","embeddable":true,"href":"https:\/\/hundtgroup.com\/sl\/wp-json\/wp\/v2\/product_tag?post=25306"}],"curies":[{"name":"wp","href":"https:\/\/api.w.org\/{rel}","templated":true}]}}