{"id":25445,"date":"2022-10-26T15:59:16","date_gmt":"2022-10-26T13:59:16","guid":{"rendered":"https:\/\/hundtgroup.com\/produkt\/rivdom-ebz-zero-akumulatorsko-orodje-za-nastavljanje-slepih-zakovic\/"},"modified":"2025-08-01T11:59:13","modified_gmt":"2025-08-01T09:59:13","slug":"rivdom-ebz-zero-akumulatorsko-orodje-za-nastavljanje-slepih-zakovic","status":"publish","type":"product","link":"https:\/\/hundtgroup.com\/sl\/produkt\/rivdom-ebz-zero-akumulatorsko-orodje-za-nastavljanje-slepih-zakovic\/","title":{"rendered":"Rivdom ebZ ZERO akumulatorsko orodje za nastavljanje slepih zakovic"},"content":{"rendered":"<p>Kompaktno. Lahka. Preprosto zmogljiv.<br \/>\nNovi mal\u010dek za slepe zakovice do 4,0 mm.<br \/>\nRivdomZERO ima izjemno kompaktno ohi\u0161je, ki ga \u017ee poznamo iz RivSmart, brezkrta\u010dni motor in tehnologijo polnjenja RivdomPLUS.<br \/>\nObrabne dele je mogo\u010de menjati brez orodja, te\u017ea le 1,3 kg pa zagotavlja najve\u010dje udobje!<br \/>\nNovo razviti brezkrta\u010dni motor BLDC DC zagotavlja prakti\u010dno brezhibno in zelo dolgo \u017eivljenjsko dobo.<br \/>\nManj\u0161a poraba energije in manj\u0161e nastajanje toplote podalj\u0161ujeta \u017eivljenjsko dobo baterije in u\u010dinkovitost delovanja.<br \/>\nZelo kompaktne dimenzije in zato neprekosljivo rokovanje na najtesnej\u0161ih mestih namestitve.<br \/>\nIndividualna nastavitev navijanja.<br \/>\nNajve\u010dje udobje zaradi vrtljivega spro\u017eilca z zelo majhno silo spro\u017eilca \/ kratkim hodom spro\u017eilca.  <\/p>\n","protected":false},"excerpt":{"rendered":"<p>Kompaktno. Lahka. Preprosto zmogljiv. Novi mal\u010dek za slepe zakovice do 4,0 mm. RivdomZERO ima izjemno kompaktno ohi\u0161je, ki ga \u017ee poznamo iz RivSmart, brezkrta\u010dni motor in tehnologijo polnjenja RivdomPLUS. Obrabne dele je mogo\u010de menjati brez orodja, te\u017ea le 1,3 kg pa zagotavlja najve\u010dje udobje! Novo razviti brezkrta\u010dni motor BLDC DC zagotavlja prakti\u010dno brezhibno in zelo [&hellip;]<\/p>\n","protected":false},"featured_media":25446,"template":"","meta":{"_acf_changed":false,"inline_featured_image":false},"product_cat":[2854,2040,2038,686],"product_tag":[],"class_list":{"0":"post-25445","1":"product","2":"type-product","3":"status-publish","4":"has-post-thumbnail","6":"brand-honsel","7":"product_cat-orodja-za-kovicenje-sl","8":"product_cat-baterija","9":"product_cat-orodja-za-kovicenje","10":"product_cat-orodja-z-baterijami","12":"first","13":"instock","14":"sale","15":"taxable","16":"shipping-taxable","17":"purchasable","18":"product-type-simple","19":"add-to-wishlist-before_image"},"acf":[],"yoast_head":"<!-- This site is optimized with the Yoast SEO plugin v27.3 - https:\/\/yoast.com\/product\/yoast-seo-wordpress\/ -->\n<title>Rivdom ebZ ZERO akumulatorsko orodje za nastavljanje slepih zakovic - Wilhelm Hundt GmbH<\/title>\n<meta name=\"robots\" content=\"index, follow, max-snippet:-1, max-image-preview:large, max-video-preview:-1\" \/>\n<link rel=\"canonical\" href=\"https:\/\/hundtgroup.com\/sl\/produkt\/rivdom-ebz-zero-akumulatorsko-orodje-za-nastavljanje-slepih-zakovic\/\" \/>\n<meta property=\"og:locale\" content=\"sl_SI\" \/>\n<meta property=\"og:type\" content=\"article\" \/>\n<meta property=\"og:title\" content=\"Rivdom ebZ ZERO akumulatorsko orodje za nastavljanje slepih zakovic - Wilhelm Hundt GmbH\" \/>\n<meta property=\"og:description\" content=\"Kompaktno. Lahka. Preprosto zmogljiv. Novi mal\u010dek za slepe zakovice do 4,0 mm. RivdomZERO ima izjemno kompaktno ohi\u0161je, ki ga \u017ee poznamo iz RivSmart, brezkrta\u010dni motor in tehnologijo polnjenja RivdomPLUS. Obrabne dele je mogo\u010de menjati brez orodja, te\u017ea le 1,3 kg pa zagotavlja najve\u010dje udobje! Novo razviti brezkrta\u010dni motor BLDC DC zagotavlja prakti\u010dno brezhibno in zelo [&hellip;]\" \/>\n<meta property=\"og:url\" content=\"https:\/\/hundtgroup.com\/sl\/produkt\/rivdom-ebz-zero-akumulatorsko-orodje-za-nastavljanje-slepih-zakovic\/\" \/>\n<meta property=\"og:site_name\" content=\"Wilhelm Hundt GmbH\" \/>\n<meta property=\"article:modified_time\" content=\"2025-08-01T09:59:13+00:00\" \/>\n<meta property=\"og:image\" content=\"https:\/\/hundtgroup.com\/wp-content\/uploads\/500401.jpg\" \/>\n\t<meta property=\"og:image:width\" content=\"1600\" \/>\n\t<meta property=\"og:image:height\" content=\"901\" \/>\n\t<meta property=\"og:image:type\" content=\"image\/jpeg\" \/>\n<meta name=\"twitter:card\" content=\"summary_large_image\" \/>\n<meta name=\"twitter:label1\" content=\"Est. reading time\" \/>\n\t<meta name=\"twitter:data1\" content=\"1 minuta\" \/>\n<script type=\"application\/ld+json\" class=\"yoast-schema-graph\">{\"@context\":\"https:\\\/\\\/schema.org\",\"@graph\":[{\"@type\":\"WebPage\",\"@id\":\"https:\\\/\\\/hundtgroup.com\\\/sl\\\/produkt\\\/rivdom-ebz-zero-akumulatorsko-orodje-za-nastavljanje-slepih-zakovic\\\/\",\"url\":\"https:\\\/\\\/hundtgroup.com\\\/sl\\\/produkt\\\/rivdom-ebz-zero-akumulatorsko-orodje-za-nastavljanje-slepih-zakovic\\\/\",\"name\":\"Rivdom ebZ ZERO akumulatorsko orodje za nastavljanje slepih zakovic - Wilhelm Hundt GmbH\",\"isPartOf\":{\"@id\":\"https:\\\/\\\/hundtgroup.com\\\/sl\\\/#website\"},\"primaryImageOfPage\":{\"@id\":\"https:\\\/\\\/hundtgroup.com\\\/sl\\\/produkt\\\/rivdom-ebz-zero-akumulatorsko-orodje-za-nastavljanje-slepih-zakovic\\\/#primaryimage\"},\"image\":{\"@id\":\"https:\\\/\\\/hundtgroup.com\\\/sl\\\/produkt\\\/rivdom-ebz-zero-akumulatorsko-orodje-za-nastavljanje-slepih-zakovic\\\/#primaryimage\"},\"thumbnailUrl\":\"https:\\\/\\\/hundtgroup.com\\\/wp-content\\\/uploads\\\/500401.jpg\",\"datePublished\":\"2022-10-26T13:59:16+00:00\",\"dateModified\":\"2025-08-01T09:59:13+00:00\",\"breadcrumb\":{\"@id\":\"https:\\\/\\\/hundtgroup.com\\\/sl\\\/produkt\\\/rivdom-ebz-zero-akumulatorsko-orodje-za-nastavljanje-slepih-zakovic\\\/#breadcrumb\"},\"inLanguage\":\"sl-SI\",\"potentialAction\":[{\"@type\":\"ReadAction\",\"target\":[\"https:\\\/\\\/hundtgroup.com\\\/sl\\\/produkt\\\/rivdom-ebz-zero-akumulatorsko-orodje-za-nastavljanje-slepih-zakovic\\\/\"]}]},{\"@type\":\"ImageObject\",\"inLanguage\":\"sl-SI\",\"@id\":\"https:\\\/\\\/hundtgroup.com\\\/sl\\\/produkt\\\/rivdom-ebz-zero-akumulatorsko-orodje-za-nastavljanje-slepih-zakovic\\\/#primaryimage\",\"url\":\"https:\\\/\\\/hundtgroup.com\\\/wp-content\\\/uploads\\\/500401.jpg\",\"contentUrl\":\"https:\\\/\\\/hundtgroup.com\\\/wp-content\\\/uploads\\\/500401.jpg\",\"width\":1600,\"height\":901},{\"@type\":\"BreadcrumbList\",\"@id\":\"https:\\\/\\\/hundtgroup.com\\\/sl\\\/produkt\\\/rivdom-ebz-zero-akumulatorsko-orodje-za-nastavljanje-slepih-zakovic\\\/#breadcrumb\",\"itemListElement\":[{\"@type\":\"ListItem\",\"position\":1,\"name\":\"Startseite\",\"item\":\"https:\\\/\\\/hundtgroup.com\\\/sl\\\/domov-novo\\\/\"},{\"@type\":\"ListItem\",\"position\":2,\"name\":\"Trgovina\",\"item\":\"https:\\\/\\\/hundtgroup.com\\\/trgovina\\\/\"},{\"@type\":\"ListItem\",\"position\":3,\"name\":\"Rivdom ebZ ZERO akumulatorsko orodje za nastavljanje slepih zakovic\"}]},{\"@type\":\"WebSite\",\"@id\":\"https:\\\/\\\/hundtgroup.com\\\/sl\\\/#website\",\"url\":\"https:\\\/\\\/hundtgroup.com\\\/sl\\\/\",\"name\":\"Wilhelm Hundt GmbH\",\"description\":\"Va\u0161 specialist za stroje in orodja za obdelavo plo\u010devine\",\"potentialAction\":[{\"@type\":\"SearchAction\",\"target\":{\"@type\":\"EntryPoint\",\"urlTemplate\":\"https:\\\/\\\/hundtgroup.com\\\/sl\\\/?s={search_term_string}\"},\"query-input\":{\"@type\":\"PropertyValueSpecification\",\"valueRequired\":true,\"valueName\":\"search_term_string\"}}],\"inLanguage\":\"sl-SI\"}]}<\/script>\n<!-- \/ Yoast SEO plugin. -->","yoast_head_json":{"title":"Rivdom ebZ ZERO akumulatorsko orodje za nastavljanje slepih zakovic - Wilhelm Hundt GmbH","robots":{"index":"index","follow":"follow","max-snippet":"max-snippet:-1","max-image-preview":"max-image-preview:large","max-video-preview":"max-video-preview:-1"},"canonical":"https:\/\/hundtgroup.com\/sl\/produkt\/rivdom-ebz-zero-akumulatorsko-orodje-za-nastavljanje-slepih-zakovic\/","og_locale":"sl_SI","og_type":"article","og_title":"Rivdom ebZ ZERO akumulatorsko orodje za nastavljanje slepih zakovic - Wilhelm Hundt GmbH","og_description":"Kompaktno. Lahka. Preprosto zmogljiv. Novi mal\u010dek za slepe zakovice do 4,0 mm. RivdomZERO ima izjemno kompaktno ohi\u0161je, ki ga \u017ee poznamo iz RivSmart, brezkrta\u010dni motor in tehnologijo polnjenja RivdomPLUS. Obrabne dele je mogo\u010de menjati brez orodja, te\u017ea le 1,3 kg pa zagotavlja najve\u010dje udobje! Novo razviti brezkrta\u010dni motor BLDC DC zagotavlja prakti\u010dno brezhibno in zelo [&hellip;]","og_url":"https:\/\/hundtgroup.com\/sl\/produkt\/rivdom-ebz-zero-akumulatorsko-orodje-za-nastavljanje-slepih-zakovic\/","og_site_name":"Wilhelm Hundt GmbH","article_modified_time":"2025-08-01T09:59:13+00:00","og_image":[{"width":1600,"height":901,"url":"https:\/\/hundtgroup.com\/wp-content\/uploads\/500401.jpg","type":"image\/jpeg"}],"twitter_card":"summary_large_image","twitter_misc":{"Est. reading time":"1 minuta"},"schema":{"@context":"https:\/\/schema.org","@graph":[{"@type":"WebPage","@id":"https:\/\/hundtgroup.com\/sl\/produkt\/rivdom-ebz-zero-akumulatorsko-orodje-za-nastavljanje-slepih-zakovic\/","url":"https:\/\/hundtgroup.com\/sl\/produkt\/rivdom-ebz-zero-akumulatorsko-orodje-za-nastavljanje-slepih-zakovic\/","name":"Rivdom ebZ ZERO akumulatorsko orodje za nastavljanje slepih zakovic - Wilhelm Hundt GmbH","isPartOf":{"@id":"https:\/\/hundtgroup.com\/sl\/#website"},"primaryImageOfPage":{"@id":"https:\/\/hundtgroup.com\/sl\/produkt\/rivdom-ebz-zero-akumulatorsko-orodje-za-nastavljanje-slepih-zakovic\/#primaryimage"},"image":{"@id":"https:\/\/hundtgroup.com\/sl\/produkt\/rivdom-ebz-zero-akumulatorsko-orodje-za-nastavljanje-slepih-zakovic\/#primaryimage"},"thumbnailUrl":"https:\/\/hundtgroup.com\/wp-content\/uploads\/500401.jpg","datePublished":"2022-10-26T13:59:16+00:00","dateModified":"2025-08-01T09:59:13+00:00","breadcrumb":{"@id":"https:\/\/hundtgroup.com\/sl\/produkt\/rivdom-ebz-zero-akumulatorsko-orodje-za-nastavljanje-slepih-zakovic\/#breadcrumb"},"inLanguage":"sl-SI","potentialAction":[{"@type":"ReadAction","target":["https:\/\/hundtgroup.com\/sl\/produkt\/rivdom-ebz-zero-akumulatorsko-orodje-za-nastavljanje-slepih-zakovic\/"]}]},{"@type":"ImageObject","inLanguage":"sl-SI","@id":"https:\/\/hundtgroup.com\/sl\/produkt\/rivdom-ebz-zero-akumulatorsko-orodje-za-nastavljanje-slepih-zakovic\/#primaryimage","url":"https:\/\/hundtgroup.com\/wp-content\/uploads\/500401.jpg","contentUrl":"https:\/\/hundtgroup.com\/wp-content\/uploads\/500401.jpg","width":1600,"height":901},{"@type":"BreadcrumbList","@id":"https:\/\/hundtgroup.com\/sl\/produkt\/rivdom-ebz-zero-akumulatorsko-orodje-za-nastavljanje-slepih-zakovic\/#breadcrumb","itemListElement":[{"@type":"ListItem","position":1,"name":"Startseite","item":"https:\/\/hundtgroup.com\/sl\/domov-novo\/"},{"@type":"ListItem","position":2,"name":"Trgovina","item":"https:\/\/hundtgroup.com\/trgovina\/"},{"@type":"ListItem","position":3,"name":"Rivdom ebZ ZERO akumulatorsko orodje za nastavljanje slepih zakovic"}]},{"@type":"WebSite","@id":"https:\/\/hundtgroup.com\/sl\/#website","url":"https:\/\/hundtgroup.com\/sl\/","name":"Wilhelm Hundt GmbH","description":"Va\u0161 specialist za stroje in orodja za obdelavo plo\u010devine","potentialAction":[{"@type":"SearchAction","target":{"@type":"EntryPoint","urlTemplate":"https:\/\/hundtgroup.com\/sl\/?s={search_term_string}"},"query-input":{"@type":"PropertyValueSpecification","valueRequired":true,"valueName":"search_term_string"}}],"inLanguage":"sl-SI"}]}},"_links":{"self":[{"href":"https:\/\/hundtgroup.com\/sl\/wp-json\/wp\/v2\/product\/25445","targetHints":{"allow":["GET"]}}],"collection":[{"href":"https:\/\/hundtgroup.com\/sl\/wp-json\/wp\/v2\/product"}],"about":[{"href":"https:\/\/hundtgroup.com\/sl\/wp-json\/wp\/v2\/types\/product"}],"wp:featuredmedia":[{"embeddable":true,"href":"https:\/\/hundtgroup.com\/sl\/wp-json\/wp\/v2\/media\/25446"}],"wp:attachment":[{"href":"https:\/\/hundtgroup.com\/sl\/wp-json\/wp\/v2\/media?parent=25445"}],"wp:term":[{"taxonomy":"product_cat","embeddable":true,"href":"https:\/\/hundtgroup.com\/sl\/wp-json\/wp\/v2\/product_cat?post=25445"},{"taxonomy":"product_tag","embeddable":true,"href":"https:\/\/hundtgroup.com\/sl\/wp-json\/wp\/v2\/product_tag?post=25445"}],"curies":[{"name":"wp","href":"https:\/\/api.w.org\/{rel}","templated":true}]}}