{"id":25520,"date":"2022-10-26T15:58:20","date_gmt":"2022-10-26T13:58:20","guid":{"rendered":"https:\/\/hundtgroup.com\/produkt\/magnetni-nivo-70m-60-cm\/"},"modified":"2025-07-29T12:12:56","modified_gmt":"2025-07-29T10:12:56","slug":"magnetni-nivo-70m-60-cm","status":"publish","type":"product","link":"https:\/\/hundtgroup.com\/sl\/produkt\/magnetni-nivo-70m-60-cm\/","title":{"rendered":"Magnetni nivo 70M 60 cm"},"content":{"rendered":"<p>Lahka pravokotna nivelirka iz aluminijastega profila z mo\u010dnim sistemom magnetov iz redkih zemelj za oprijem na kovinske konstrukcijske elemente &#8211; proste roke pri poravnavanju in nastavljanju stebrov in nosilcev.<br \/>\nZaradi gladkih stranskih povr\u0161in in elektrostati\u010dnega pra\u0161nega premaza jo je enostavno \u010distiti.<br \/>\nPlasti\u010dni zaklju\u010dki \u0161\u010ditijo profil v primeru udarcev.<br \/>\nTehnologija namestitve STABILA zagotavlja dolgoro\u010dno natan\u010dnost &#8211; natan\u010dnost merjenja v normalnem polo\u017eaju \u00b1 0,5 mm\/m.<\/p>\n<p>Lastnosti:<br \/>\n1 vodoravna libela<br \/>\n1 navpi\u010dna libela<br \/>\n2 frezani merilni povr\u0161ini<br \/>\nSistem magnetov redkih zemelj (do 5-krat mo\u010dnej\u0161i od standardnih feritnih magnetov)<br \/>\n1 prevle\u010dena merilna povr\u0161ina<\/p>\n","protected":false},"excerpt":{"rendered":"<p>Lahka pravokotna nivelirka iz aluminijastega profila z mo\u010dnim sistemom magnetov iz redkih zemelj za oprijem na kovinske konstrukcijske elemente &#8211; proste roke pri poravnavanju in nastavljanju stebrov in nosilcev. Zaradi gladkih stranskih povr\u0161in in elektrostati\u010dnega pra\u0161nega premaza jo je enostavno \u010distiti. Plasti\u010dni zaklju\u010dki \u0161\u010ditijo profil v primeru udarcev. Tehnologija namestitve STABILA zagotavlja dolgoro\u010dno natan\u010dnost &#8211; [&hellip;]<\/p>\n","protected":false},"featured_media":21055,"template":"","meta":{"_acf_changed":false,"inline_featured_image":false},"product_cat":[1748,1975,2779],"product_tag":[],"class_list":{"0":"post-25520","1":"product","2":"type-product","3":"status-publish","4":"has-post-thumbnail","6":"brand-stabila","7":"product_cat-rocna-orodja","8":"product_cat-merilna-orodja","9":"product_cat-nivojski-nivelir","11":"first","12":"instock","13":"taxable","14":"shipping-taxable","15":"purchasable","16":"product-type-simple","17":"add-to-wishlist-before_image"},"acf":[],"yoast_head":"<!-- This site is optimized with the Yoast SEO plugin v27.3 - https:\/\/yoast.com\/product\/yoast-seo-wordpress\/ -->\n<title>Magnetni nivo 70M 60 cm - Wilhelm Hundt GmbH<\/title>\n<meta name=\"robots\" content=\"index, follow, max-snippet:-1, max-image-preview:large, max-video-preview:-1\" \/>\n<link rel=\"canonical\" href=\"https:\/\/hundtgroup.com\/sl\/produkt\/magnetni-nivo-70m-60-cm\/\" \/>\n<meta property=\"og:locale\" content=\"sl_SI\" \/>\n<meta property=\"og:type\" content=\"article\" \/>\n<meta property=\"og:title\" content=\"Magnetni nivo 70M 60 cm - Wilhelm Hundt GmbH\" \/>\n<meta property=\"og:description\" content=\"Lahka pravokotna nivelirka iz aluminijastega profila z mo\u010dnim sistemom magnetov iz redkih zemelj za oprijem na kovinske konstrukcijske elemente &#8211; proste roke pri poravnavanju in nastavljanju stebrov in nosilcev. Zaradi gladkih stranskih povr\u0161in in elektrostati\u010dnega pra\u0161nega premaza jo je enostavno \u010distiti. Plasti\u010dni zaklju\u010dki \u0161\u010ditijo profil v primeru udarcev. Tehnologija namestitve STABILA zagotavlja dolgoro\u010dno natan\u010dnost &#8211; [&hellip;]\" \/>\n<meta property=\"og:url\" content=\"https:\/\/hundtgroup.com\/sl\/produkt\/magnetni-nivo-70m-60-cm\/\" \/>\n<meta property=\"og:site_name\" content=\"Wilhelm Hundt GmbH\" \/>\n<meta property=\"article:modified_time\" content=\"2025-07-29T10:12:56+00:00\" \/>\n<meta property=\"og:image\" content=\"https:\/\/hundtgroup.com\/wp-content\/uploads\/420024.png\" \/>\n\t<meta property=\"og:image:width\" content=\"827\" \/>\n\t<meta property=\"og:image:height\" content=\"90\" \/>\n\t<meta property=\"og:image:type\" content=\"image\/png\" \/>\n<meta name=\"twitter:card\" content=\"summary_large_image\" \/>\n<meta name=\"twitter:label1\" content=\"Est. reading time\" \/>\n\t<meta name=\"twitter:data1\" content=\"1 minuta\" \/>\n<script type=\"application\/ld+json\" class=\"yoast-schema-graph\">{\"@context\":\"https:\\\/\\\/schema.org\",\"@graph\":[{\"@type\":\"WebPage\",\"@id\":\"https:\\\/\\\/hundtgroup.com\\\/sl\\\/produkt\\\/magnetni-nivo-70m-60-cm\\\/\",\"url\":\"https:\\\/\\\/hundtgroup.com\\\/sl\\\/produkt\\\/magnetni-nivo-70m-60-cm\\\/\",\"name\":\"Magnetni nivo 70M 60 cm - Wilhelm Hundt GmbH\",\"isPartOf\":{\"@id\":\"https:\\\/\\\/hundtgroup.com\\\/sl\\\/#website\"},\"primaryImageOfPage\":{\"@id\":\"https:\\\/\\\/hundtgroup.com\\\/sl\\\/produkt\\\/magnetni-nivo-70m-60-cm\\\/#primaryimage\"},\"image\":{\"@id\":\"https:\\\/\\\/hundtgroup.com\\\/sl\\\/produkt\\\/magnetni-nivo-70m-60-cm\\\/#primaryimage\"},\"thumbnailUrl\":\"https:\\\/\\\/hundtgroup.com\\\/wp-content\\\/uploads\\\/420024.png\",\"datePublished\":\"2022-10-26T13:58:20+00:00\",\"dateModified\":\"2025-07-29T10:12:56+00:00\",\"breadcrumb\":{\"@id\":\"https:\\\/\\\/hundtgroup.com\\\/sl\\\/produkt\\\/magnetni-nivo-70m-60-cm\\\/#breadcrumb\"},\"inLanguage\":\"sl-SI\",\"potentialAction\":[{\"@type\":\"ReadAction\",\"target\":[\"https:\\\/\\\/hundtgroup.com\\\/sl\\\/produkt\\\/magnetni-nivo-70m-60-cm\\\/\"]}]},{\"@type\":\"ImageObject\",\"inLanguage\":\"sl-SI\",\"@id\":\"https:\\\/\\\/hundtgroup.com\\\/sl\\\/produkt\\\/magnetni-nivo-70m-60-cm\\\/#primaryimage\",\"url\":\"https:\\\/\\\/hundtgroup.com\\\/wp-content\\\/uploads\\\/420024.png\",\"contentUrl\":\"https:\\\/\\\/hundtgroup.com\\\/wp-content\\\/uploads\\\/420024.png\",\"width\":827,\"height\":90},{\"@type\":\"BreadcrumbList\",\"@id\":\"https:\\\/\\\/hundtgroup.com\\\/sl\\\/produkt\\\/magnetni-nivo-70m-60-cm\\\/#breadcrumb\",\"itemListElement\":[{\"@type\":\"ListItem\",\"position\":1,\"name\":\"Startseite\",\"item\":\"https:\\\/\\\/hundtgroup.com\\\/sl\\\/domov-novo\\\/\"},{\"@type\":\"ListItem\",\"position\":2,\"name\":\"Trgovina\",\"item\":\"https:\\\/\\\/hundtgroup.com\\\/trgovina\\\/\"},{\"@type\":\"ListItem\",\"position\":3,\"name\":\"Magnetni nivo 70M 60 cm\"}]},{\"@type\":\"WebSite\",\"@id\":\"https:\\\/\\\/hundtgroup.com\\\/sl\\\/#website\",\"url\":\"https:\\\/\\\/hundtgroup.com\\\/sl\\\/\",\"name\":\"Wilhelm Hundt GmbH\",\"description\":\"Va\u0161 specialist za stroje in orodja za obdelavo plo\u010devine\",\"potentialAction\":[{\"@type\":\"SearchAction\",\"target\":{\"@type\":\"EntryPoint\",\"urlTemplate\":\"https:\\\/\\\/hundtgroup.com\\\/sl\\\/?s={search_term_string}\"},\"query-input\":{\"@type\":\"PropertyValueSpecification\",\"valueRequired\":true,\"valueName\":\"search_term_string\"}}],\"inLanguage\":\"sl-SI\"}]}<\/script>\n<!-- \/ Yoast SEO plugin. -->","yoast_head_json":{"title":"Magnetni nivo 70M 60 cm - Wilhelm Hundt GmbH","robots":{"index":"index","follow":"follow","max-snippet":"max-snippet:-1","max-image-preview":"max-image-preview:large","max-video-preview":"max-video-preview:-1"},"canonical":"https:\/\/hundtgroup.com\/sl\/produkt\/magnetni-nivo-70m-60-cm\/","og_locale":"sl_SI","og_type":"article","og_title":"Magnetni nivo 70M 60 cm - Wilhelm Hundt GmbH","og_description":"Lahka pravokotna nivelirka iz aluminijastega profila z mo\u010dnim sistemom magnetov iz redkih zemelj za oprijem na kovinske konstrukcijske elemente &#8211; proste roke pri poravnavanju in nastavljanju stebrov in nosilcev. Zaradi gladkih stranskih povr\u0161in in elektrostati\u010dnega pra\u0161nega premaza jo je enostavno \u010distiti. Plasti\u010dni zaklju\u010dki \u0161\u010ditijo profil v primeru udarcev. Tehnologija namestitve STABILA zagotavlja dolgoro\u010dno natan\u010dnost &#8211; [&hellip;]","og_url":"https:\/\/hundtgroup.com\/sl\/produkt\/magnetni-nivo-70m-60-cm\/","og_site_name":"Wilhelm Hundt GmbH","article_modified_time":"2025-07-29T10:12:56+00:00","og_image":[{"width":827,"height":90,"url":"https:\/\/hundtgroup.com\/wp-content\/uploads\/420024.png","type":"image\/png"}],"twitter_card":"summary_large_image","twitter_misc":{"Est. reading time":"1 minuta"},"schema":{"@context":"https:\/\/schema.org","@graph":[{"@type":"WebPage","@id":"https:\/\/hundtgroup.com\/sl\/produkt\/magnetni-nivo-70m-60-cm\/","url":"https:\/\/hundtgroup.com\/sl\/produkt\/magnetni-nivo-70m-60-cm\/","name":"Magnetni nivo 70M 60 cm - Wilhelm Hundt GmbH","isPartOf":{"@id":"https:\/\/hundtgroup.com\/sl\/#website"},"primaryImageOfPage":{"@id":"https:\/\/hundtgroup.com\/sl\/produkt\/magnetni-nivo-70m-60-cm\/#primaryimage"},"image":{"@id":"https:\/\/hundtgroup.com\/sl\/produkt\/magnetni-nivo-70m-60-cm\/#primaryimage"},"thumbnailUrl":"https:\/\/hundtgroup.com\/wp-content\/uploads\/420024.png","datePublished":"2022-10-26T13:58:20+00:00","dateModified":"2025-07-29T10:12:56+00:00","breadcrumb":{"@id":"https:\/\/hundtgroup.com\/sl\/produkt\/magnetni-nivo-70m-60-cm\/#breadcrumb"},"inLanguage":"sl-SI","potentialAction":[{"@type":"ReadAction","target":["https:\/\/hundtgroup.com\/sl\/produkt\/magnetni-nivo-70m-60-cm\/"]}]},{"@type":"ImageObject","inLanguage":"sl-SI","@id":"https:\/\/hundtgroup.com\/sl\/produkt\/magnetni-nivo-70m-60-cm\/#primaryimage","url":"https:\/\/hundtgroup.com\/wp-content\/uploads\/420024.png","contentUrl":"https:\/\/hundtgroup.com\/wp-content\/uploads\/420024.png","width":827,"height":90},{"@type":"BreadcrumbList","@id":"https:\/\/hundtgroup.com\/sl\/produkt\/magnetni-nivo-70m-60-cm\/#breadcrumb","itemListElement":[{"@type":"ListItem","position":1,"name":"Startseite","item":"https:\/\/hundtgroup.com\/sl\/domov-novo\/"},{"@type":"ListItem","position":2,"name":"Trgovina","item":"https:\/\/hundtgroup.com\/trgovina\/"},{"@type":"ListItem","position":3,"name":"Magnetni nivo 70M 60 cm"}]},{"@type":"WebSite","@id":"https:\/\/hundtgroup.com\/sl\/#website","url":"https:\/\/hundtgroup.com\/sl\/","name":"Wilhelm Hundt GmbH","description":"Va\u0161 specialist za stroje in orodja za obdelavo plo\u010devine","potentialAction":[{"@type":"SearchAction","target":{"@type":"EntryPoint","urlTemplate":"https:\/\/hundtgroup.com\/sl\/?s={search_term_string}"},"query-input":{"@type":"PropertyValueSpecification","valueRequired":true,"valueName":"search_term_string"}}],"inLanguage":"sl-SI"}]}},"_links":{"self":[{"href":"https:\/\/hundtgroup.com\/sl\/wp-json\/wp\/v2\/product\/25520","targetHints":{"allow":["GET"]}}],"collection":[{"href":"https:\/\/hundtgroup.com\/sl\/wp-json\/wp\/v2\/product"}],"about":[{"href":"https:\/\/hundtgroup.com\/sl\/wp-json\/wp\/v2\/types\/product"}],"wp:featuredmedia":[{"embeddable":true,"href":"https:\/\/hundtgroup.com\/sl\/wp-json\/wp\/v2\/media\/21055"}],"wp:attachment":[{"href":"https:\/\/hundtgroup.com\/sl\/wp-json\/wp\/v2\/media?parent=25520"}],"wp:term":[{"taxonomy":"product_cat","embeddable":true,"href":"https:\/\/hundtgroup.com\/sl\/wp-json\/wp\/v2\/product_cat?post=25520"},{"taxonomy":"product_tag","embeddable":true,"href":"https:\/\/hundtgroup.com\/sl\/wp-json\/wp\/v2\/product_tag?post=25520"}],"curies":[{"name":"wp","href":"https:\/\/api.w.org\/{rel}","templated":true}]}}