{"id":25654,"date":"2022-10-26T15:58:20","date_gmt":"2022-10-26T13:58:20","guid":{"rendered":"https:\/\/hundtgroup.com\/produkt\/stabila-zepni-merilni-trak-tipa-bm-100-8-m\/"},"modified":"2025-07-29T12:06:54","modified_gmt":"2025-07-29T10:06:54","slug":"stabila-zepni-merilni-trak-tipa-bm-100-8-m","status":"publish","type":"product","link":"https:\/\/hundtgroup.com\/sl\/produkt\/stabila-zepni-merilni-trak-tipa-bm-100-8-m\/","title":{"rendered":"Stabila \u017eepni merilni trak tipa BM 100 8 m"},"content":{"rendered":"<p>Nerazbitna plasti\u010dna kapsula.<br \/>\nUkrivljen, s poliamidom prevle\u010den beli jekleni trak (visoka odpornost proti obrabi).<br \/>\nDrsni zagonski kavelj.<br \/>\nSamodejno vra\u010danje traku.<br \/>\nZama\u0161ek za zaviranje in fiksiranje vra\u010danja traku.<br \/>\nBuffer na vhodu traku.<br \/>\nRde\u010di desetki.<br \/>\nS sponko za pas.<\/p>\n","protected":false},"excerpt":{"rendered":"<p>Nerazbitna plasti\u010dna kapsula. Ukrivljen, s poliamidom prevle\u010den beli jekleni trak (visoka odpornost proti obrabi). Drsni zagonski kavelj. Samodejno vra\u010danje traku. Zama\u0161ek za zaviranje in fiksiranje vra\u010danja traku. Buffer na vhodu traku. Rde\u010di desetki. S sponko za pas.<\/p>\n","protected":false},"featured_media":25658,"template":"","meta":{"_acf_changed":false,"inline_featured_image":false},"product_cat":[1975,1748,2768],"product_tag":[],"class_list":{"0":"post-25654","1":"product","2":"type-product","3":"status-publish","4":"has-post-thumbnail","6":"brand-stabila","7":"product_cat-merilna-orodja","8":"product_cat-rocna-orodja","9":"product_cat-merilni-trak","11":"first","12":"instock","13":"taxable","14":"shipping-taxable","15":"purchasable","16":"product-type-simple","17":"add-to-wishlist-before_image"},"acf":[],"yoast_head":"<!-- This site is optimized with the Yoast SEO plugin v27.3 - https:\/\/yoast.com\/product\/yoast-seo-wordpress\/ -->\n<title>Stabila \u017eepni merilni trak tipa BM 100 8 m - Wilhelm Hundt GmbH<\/title>\n<meta name=\"robots\" content=\"index, follow, max-snippet:-1, max-image-preview:large, max-video-preview:-1\" \/>\n<link rel=\"canonical\" href=\"https:\/\/hundtgroup.com\/sl\/produkt\/stabila-zepni-merilni-trak-tipa-bm-100-8-m\/\" \/>\n<meta property=\"og:locale\" content=\"sl_SI\" \/>\n<meta property=\"og:type\" content=\"article\" \/>\n<meta property=\"og:title\" content=\"Stabila \u017eepni merilni trak tipa BM 100 8 m - Wilhelm Hundt GmbH\" \/>\n<meta property=\"og:description\" content=\"Nerazbitna plasti\u010dna kapsula. Ukrivljen, s poliamidom prevle\u010den beli jekleni trak (visoka odpornost proti obrabi). Drsni zagonski kavelj. Samodejno vra\u010danje traku. Zama\u0161ek za zaviranje in fiksiranje vra\u010danja traku. Buffer na vhodu traku. Rde\u010di desetki. S sponko za pas.\" \/>\n<meta property=\"og:url\" content=\"https:\/\/hundtgroup.com\/sl\/produkt\/stabila-zepni-merilni-trak-tipa-bm-100-8-m\/\" \/>\n<meta property=\"og:site_name\" content=\"Wilhelm Hundt GmbH\" \/>\n<meta property=\"article:modified_time\" content=\"2025-07-29T10:06:54+00:00\" \/>\n<meta property=\"og:image\" content=\"https:\/\/hundtgroup.com\/wp-content\/uploads\/420057-1.jpg\" \/>\n\t<meta property=\"og:image:width\" content=\"1500\" \/>\n\t<meta property=\"og:image:height\" content=\"1277\" \/>\n\t<meta property=\"og:image:type\" content=\"image\/jpeg\" \/>\n<meta name=\"twitter:card\" content=\"summary_large_image\" \/>\n<script type=\"application\/ld+json\" class=\"yoast-schema-graph\">{\"@context\":\"https:\\\/\\\/schema.org\",\"@graph\":[{\"@type\":\"WebPage\",\"@id\":\"https:\\\/\\\/hundtgroup.com\\\/sl\\\/produkt\\\/stabila-zepni-merilni-trak-tipa-bm-100-8-m\\\/\",\"url\":\"https:\\\/\\\/hundtgroup.com\\\/sl\\\/produkt\\\/stabila-zepni-merilni-trak-tipa-bm-100-8-m\\\/\",\"name\":\"Stabila \u017eepni merilni trak tipa BM 100 8 m - Wilhelm Hundt GmbH\",\"isPartOf\":{\"@id\":\"https:\\\/\\\/hundtgroup.com\\\/sl\\\/#website\"},\"primaryImageOfPage\":{\"@id\":\"https:\\\/\\\/hundtgroup.com\\\/sl\\\/produkt\\\/stabila-zepni-merilni-trak-tipa-bm-100-8-m\\\/#primaryimage\"},\"image\":{\"@id\":\"https:\\\/\\\/hundtgroup.com\\\/sl\\\/produkt\\\/stabila-zepni-merilni-trak-tipa-bm-100-8-m\\\/#primaryimage\"},\"thumbnailUrl\":\"https:\\\/\\\/hundtgroup.com\\\/wp-content\\\/uploads\\\/420057-1.jpg\",\"datePublished\":\"2022-10-26T13:58:20+00:00\",\"dateModified\":\"2025-07-29T10:06:54+00:00\",\"breadcrumb\":{\"@id\":\"https:\\\/\\\/hundtgroup.com\\\/sl\\\/produkt\\\/stabila-zepni-merilni-trak-tipa-bm-100-8-m\\\/#breadcrumb\"},\"inLanguage\":\"sl-SI\",\"potentialAction\":[{\"@type\":\"ReadAction\",\"target\":[\"https:\\\/\\\/hundtgroup.com\\\/sl\\\/produkt\\\/stabila-zepni-merilni-trak-tipa-bm-100-8-m\\\/\"]}]},{\"@type\":\"ImageObject\",\"inLanguage\":\"sl-SI\",\"@id\":\"https:\\\/\\\/hundtgroup.com\\\/sl\\\/produkt\\\/stabila-zepni-merilni-trak-tipa-bm-100-8-m\\\/#primaryimage\",\"url\":\"https:\\\/\\\/hundtgroup.com\\\/wp-content\\\/uploads\\\/420057-1.jpg\",\"contentUrl\":\"https:\\\/\\\/hundtgroup.com\\\/wp-content\\\/uploads\\\/420057-1.jpg\",\"width\":1500,\"height\":1277},{\"@type\":\"BreadcrumbList\",\"@id\":\"https:\\\/\\\/hundtgroup.com\\\/sl\\\/produkt\\\/stabila-zepni-merilni-trak-tipa-bm-100-8-m\\\/#breadcrumb\",\"itemListElement\":[{\"@type\":\"ListItem\",\"position\":1,\"name\":\"Startseite\",\"item\":\"https:\\\/\\\/hundtgroup.com\\\/sl\\\/domov-novo\\\/\"},{\"@type\":\"ListItem\",\"position\":2,\"name\":\"Trgovina\",\"item\":\"https:\\\/\\\/hundtgroup.com\\\/trgovina\\\/\"},{\"@type\":\"ListItem\",\"position\":3,\"name\":\"Stabila \u017eepni merilni trak tipa BM 100 8 m\"}]},{\"@type\":\"WebSite\",\"@id\":\"https:\\\/\\\/hundtgroup.com\\\/sl\\\/#website\",\"url\":\"https:\\\/\\\/hundtgroup.com\\\/sl\\\/\",\"name\":\"Wilhelm Hundt GmbH\",\"description\":\"Va\u0161 specialist za stroje in orodja za obdelavo plo\u010devine\",\"potentialAction\":[{\"@type\":\"SearchAction\",\"target\":{\"@type\":\"EntryPoint\",\"urlTemplate\":\"https:\\\/\\\/hundtgroup.com\\\/sl\\\/?s={search_term_string}\"},\"query-input\":{\"@type\":\"PropertyValueSpecification\",\"valueRequired\":true,\"valueName\":\"search_term_string\"}}],\"inLanguage\":\"sl-SI\"}]}<\/script>\n<!-- \/ Yoast SEO plugin. -->","yoast_head_json":{"title":"Stabila \u017eepni merilni trak tipa BM 100 8 m - Wilhelm Hundt GmbH","robots":{"index":"index","follow":"follow","max-snippet":"max-snippet:-1","max-image-preview":"max-image-preview:large","max-video-preview":"max-video-preview:-1"},"canonical":"https:\/\/hundtgroup.com\/sl\/produkt\/stabila-zepni-merilni-trak-tipa-bm-100-8-m\/","og_locale":"sl_SI","og_type":"article","og_title":"Stabila \u017eepni merilni trak tipa BM 100 8 m - Wilhelm Hundt GmbH","og_description":"Nerazbitna plasti\u010dna kapsula. Ukrivljen, s poliamidom prevle\u010den beli jekleni trak (visoka odpornost proti obrabi). Drsni zagonski kavelj. Samodejno vra\u010danje traku. Zama\u0161ek za zaviranje in fiksiranje vra\u010danja traku. Buffer na vhodu traku. Rde\u010di desetki. S sponko za pas.","og_url":"https:\/\/hundtgroup.com\/sl\/produkt\/stabila-zepni-merilni-trak-tipa-bm-100-8-m\/","og_site_name":"Wilhelm Hundt GmbH","article_modified_time":"2025-07-29T10:06:54+00:00","og_image":[{"width":1500,"height":1277,"url":"https:\/\/hundtgroup.com\/wp-content\/uploads\/420057-1.jpg","type":"image\/jpeg"}],"twitter_card":"summary_large_image","schema":{"@context":"https:\/\/schema.org","@graph":[{"@type":"WebPage","@id":"https:\/\/hundtgroup.com\/sl\/produkt\/stabila-zepni-merilni-trak-tipa-bm-100-8-m\/","url":"https:\/\/hundtgroup.com\/sl\/produkt\/stabila-zepni-merilni-trak-tipa-bm-100-8-m\/","name":"Stabila \u017eepni merilni trak tipa BM 100 8 m - Wilhelm Hundt GmbH","isPartOf":{"@id":"https:\/\/hundtgroup.com\/sl\/#website"},"primaryImageOfPage":{"@id":"https:\/\/hundtgroup.com\/sl\/produkt\/stabila-zepni-merilni-trak-tipa-bm-100-8-m\/#primaryimage"},"image":{"@id":"https:\/\/hundtgroup.com\/sl\/produkt\/stabila-zepni-merilni-trak-tipa-bm-100-8-m\/#primaryimage"},"thumbnailUrl":"https:\/\/hundtgroup.com\/wp-content\/uploads\/420057-1.jpg","datePublished":"2022-10-26T13:58:20+00:00","dateModified":"2025-07-29T10:06:54+00:00","breadcrumb":{"@id":"https:\/\/hundtgroup.com\/sl\/produkt\/stabila-zepni-merilni-trak-tipa-bm-100-8-m\/#breadcrumb"},"inLanguage":"sl-SI","potentialAction":[{"@type":"ReadAction","target":["https:\/\/hundtgroup.com\/sl\/produkt\/stabila-zepni-merilni-trak-tipa-bm-100-8-m\/"]}]},{"@type":"ImageObject","inLanguage":"sl-SI","@id":"https:\/\/hundtgroup.com\/sl\/produkt\/stabila-zepni-merilni-trak-tipa-bm-100-8-m\/#primaryimage","url":"https:\/\/hundtgroup.com\/wp-content\/uploads\/420057-1.jpg","contentUrl":"https:\/\/hundtgroup.com\/wp-content\/uploads\/420057-1.jpg","width":1500,"height":1277},{"@type":"BreadcrumbList","@id":"https:\/\/hundtgroup.com\/sl\/produkt\/stabila-zepni-merilni-trak-tipa-bm-100-8-m\/#breadcrumb","itemListElement":[{"@type":"ListItem","position":1,"name":"Startseite","item":"https:\/\/hundtgroup.com\/sl\/domov-novo\/"},{"@type":"ListItem","position":2,"name":"Trgovina","item":"https:\/\/hundtgroup.com\/trgovina\/"},{"@type":"ListItem","position":3,"name":"Stabila \u017eepni merilni trak tipa BM 100 8 m"}]},{"@type":"WebSite","@id":"https:\/\/hundtgroup.com\/sl\/#website","url":"https:\/\/hundtgroup.com\/sl\/","name":"Wilhelm Hundt GmbH","description":"Va\u0161 specialist za stroje in orodja za obdelavo plo\u010devine","potentialAction":[{"@type":"SearchAction","target":{"@type":"EntryPoint","urlTemplate":"https:\/\/hundtgroup.com\/sl\/?s={search_term_string}"},"query-input":{"@type":"PropertyValueSpecification","valueRequired":true,"valueName":"search_term_string"}}],"inLanguage":"sl-SI"}]}},"_links":{"self":[{"href":"https:\/\/hundtgroup.com\/sl\/wp-json\/wp\/v2\/product\/25654","targetHints":{"allow":["GET"]}}],"collection":[{"href":"https:\/\/hundtgroup.com\/sl\/wp-json\/wp\/v2\/product"}],"about":[{"href":"https:\/\/hundtgroup.com\/sl\/wp-json\/wp\/v2\/types\/product"}],"wp:featuredmedia":[{"embeddable":true,"href":"https:\/\/hundtgroup.com\/sl\/wp-json\/wp\/v2\/media\/25658"}],"wp:attachment":[{"href":"https:\/\/hundtgroup.com\/sl\/wp-json\/wp\/v2\/media?parent=25654"}],"wp:term":[{"taxonomy":"product_cat","embeddable":true,"href":"https:\/\/hundtgroup.com\/sl\/wp-json\/wp\/v2\/product_cat?post=25654"},{"taxonomy":"product_tag","embeddable":true,"href":"https:\/\/hundtgroup.com\/sl\/wp-json\/wp\/v2\/product_tag?post=25654"}],"curies":[{"name":"wp","href":"https:\/\/api.w.org\/{rel}","templated":true}]}}