{"id":26050,"date":"2022-08-23T16:02:52","date_gmt":"2022-08-23T14:02:52","guid":{"rendered":"https:\/\/hundtgroup.com\/produkt\/leseno-zlozljivo-ravnilo-2-m-z-obsegom\/"},"modified":"2025-07-29T12:10:19","modified_gmt":"2025-07-29T10:10:19","slug":"leseno-zlozljivo-ravnilo-2-m-z-obsegom","status":"publish","type":"product","link":"https:\/\/hundtgroup.com\/sl\/produkt\/leseno-zlozljivo-ravnilo-2-m-z-obsegom\/","title":{"rendered":"Leseno zlo\u017eljivo ravnilo 2 m z obsegom"},"content":{"rendered":"<p>Spojke z notranjimi natan\u010dnimi vzmetmi iz kaljenega jekla za vzdr\u017eljivo vzmetenje brez obrabe. Sklep se vedno giblje gladko in ga je mogo\u010de natan\u010dno zakleniti. Brez stranskih utorov, kar omogo\u010da risanje ravne ozna\u010devalne \u010drte. Standardno s pregledom kota na notranji strani prvega \u010dlena. Z razmejitvijo obsega: omogo\u010da neposredno od\u010ditavanje obsega z merjenjem premera.    <\/p>\n","protected":false},"excerpt":{"rendered":"<p>Spojke z notranjimi natan\u010dnimi vzmetmi iz kaljenega jekla za vzdr\u017eljivo vzmetenje brez obrabe. Sklep se vedno giblje gladko in ga je mogo\u010de natan\u010dno zakleniti. Brez stranskih utorov, kar omogo\u010da risanje ravne ozna\u010devalne \u010drte. Standardno s pregledom kota na notranji strani prvega \u010dlena. Z razmejitvijo obsega: omogo\u010da neposredno od\u010ditavanje obsega z merjenjem premera.<\/p>\n","protected":false},"featured_media":26040,"template":"","meta":{"_acf_changed":false,"inline_featured_image":false},"product_cat":[1748,1975,2808],"product_tag":[],"class_list":{"0":"post-26050","1":"product","2":"type-product","3":"status-publish","4":"has-post-thumbnail","6":"brand-hundt","7":"product_cat-rocna-orodja","8":"product_cat-merilna-orodja","9":"product_cat-lestvica-okoncin","11":"first","12":"instock","13":"taxable","14":"shipping-taxable","15":"purchasable","16":"product-type-simple","17":"add-to-wishlist-before_image"},"acf":[],"yoast_head":"<!-- This site is optimized with the Yoast SEO plugin v27.3 - https:\/\/yoast.com\/product\/yoast-seo-wordpress\/ -->\n<title>Leseno zlo\u017eljivo ravnilo 2 m z obsegom - Wilhelm Hundt GmbH<\/title>\n<meta name=\"robots\" content=\"index, follow, max-snippet:-1, max-image-preview:large, max-video-preview:-1\" \/>\n<link rel=\"canonical\" href=\"https:\/\/hundtgroup.com\/sl\/produkt\/leseno-zlozljivo-ravnilo-2-m-z-obsegom\/\" \/>\n<meta property=\"og:locale\" content=\"sl_SI\" \/>\n<meta property=\"og:type\" content=\"article\" \/>\n<meta property=\"og:title\" content=\"Leseno zlo\u017eljivo ravnilo 2 m z obsegom - Wilhelm Hundt GmbH\" \/>\n<meta property=\"og:description\" content=\"Spojke z notranjimi natan\u010dnimi vzmetmi iz kaljenega jekla za vzdr\u017eljivo vzmetenje brez obrabe. Sklep se vedno giblje gladko in ga je mogo\u010de natan\u010dno zakleniti. Brez stranskih utorov, kar omogo\u010da risanje ravne ozna\u010devalne \u010drte. Standardno s pregledom kota na notranji strani prvega \u010dlena. Z razmejitvijo obsega: omogo\u010da neposredno od\u010ditavanje obsega z merjenjem premera.\" \/>\n<meta property=\"og:url\" content=\"https:\/\/hundtgroup.com\/sl\/produkt\/leseno-zlozljivo-ravnilo-2-m-z-obsegom\/\" \/>\n<meta property=\"og:site_name\" content=\"Wilhelm Hundt GmbH\" \/>\n<meta property=\"article:modified_time\" content=\"2025-07-29T10:10:19+00:00\" \/>\n<meta property=\"og:image\" content=\"https:\/\/hundtgroup.com\/wp-content\/uploads\/420202.png\" \/>\n\t<meta property=\"og:image:width\" content=\"561\" \/>\n\t<meta property=\"og:image:height\" content=\"207\" \/>\n\t<meta property=\"og:image:type\" content=\"image\/png\" \/>\n<meta name=\"twitter:card\" content=\"summary_large_image\" \/>\n<script type=\"application\/ld+json\" class=\"yoast-schema-graph\">{\"@context\":\"https:\\\/\\\/schema.org\",\"@graph\":[{\"@type\":\"WebPage\",\"@id\":\"https:\\\/\\\/hundtgroup.com\\\/sl\\\/produkt\\\/leseno-zlozljivo-ravnilo-2-m-z-obsegom\\\/\",\"url\":\"https:\\\/\\\/hundtgroup.com\\\/sl\\\/produkt\\\/leseno-zlozljivo-ravnilo-2-m-z-obsegom\\\/\",\"name\":\"Leseno zlo\u017eljivo ravnilo 2 m z obsegom - Wilhelm Hundt GmbH\",\"isPartOf\":{\"@id\":\"https:\\\/\\\/hundtgroup.com\\\/sl\\\/#website\"},\"primaryImageOfPage\":{\"@id\":\"https:\\\/\\\/hundtgroup.com\\\/sl\\\/produkt\\\/leseno-zlozljivo-ravnilo-2-m-z-obsegom\\\/#primaryimage\"},\"image\":{\"@id\":\"https:\\\/\\\/hundtgroup.com\\\/sl\\\/produkt\\\/leseno-zlozljivo-ravnilo-2-m-z-obsegom\\\/#primaryimage\"},\"thumbnailUrl\":\"https:\\\/\\\/hundtgroup.com\\\/wp-content\\\/uploads\\\/420202.png\",\"datePublished\":\"2022-08-23T14:02:52+00:00\",\"dateModified\":\"2025-07-29T10:10:19+00:00\",\"breadcrumb\":{\"@id\":\"https:\\\/\\\/hundtgroup.com\\\/sl\\\/produkt\\\/leseno-zlozljivo-ravnilo-2-m-z-obsegom\\\/#breadcrumb\"},\"inLanguage\":\"sl-SI\",\"potentialAction\":[{\"@type\":\"ReadAction\",\"target\":[\"https:\\\/\\\/hundtgroup.com\\\/sl\\\/produkt\\\/leseno-zlozljivo-ravnilo-2-m-z-obsegom\\\/\"]}]},{\"@type\":\"ImageObject\",\"inLanguage\":\"sl-SI\",\"@id\":\"https:\\\/\\\/hundtgroup.com\\\/sl\\\/produkt\\\/leseno-zlozljivo-ravnilo-2-m-z-obsegom\\\/#primaryimage\",\"url\":\"https:\\\/\\\/hundtgroup.com\\\/wp-content\\\/uploads\\\/420202.png\",\"contentUrl\":\"https:\\\/\\\/hundtgroup.com\\\/wp-content\\\/uploads\\\/420202.png\",\"width\":561,\"height\":207},{\"@type\":\"BreadcrumbList\",\"@id\":\"https:\\\/\\\/hundtgroup.com\\\/sl\\\/produkt\\\/leseno-zlozljivo-ravnilo-2-m-z-obsegom\\\/#breadcrumb\",\"itemListElement\":[{\"@type\":\"ListItem\",\"position\":1,\"name\":\"Startseite\",\"item\":\"https:\\\/\\\/hundtgroup.com\\\/sl\\\/domov-novo\\\/\"},{\"@type\":\"ListItem\",\"position\":2,\"name\":\"Trgovina\",\"item\":\"https:\\\/\\\/hundtgroup.com\\\/trgovina\\\/\"},{\"@type\":\"ListItem\",\"position\":3,\"name\":\"Leseno zlo\u017eljivo ravnilo 2 m z obsegom\"}]},{\"@type\":\"WebSite\",\"@id\":\"https:\\\/\\\/hundtgroup.com\\\/sl\\\/#website\",\"url\":\"https:\\\/\\\/hundtgroup.com\\\/sl\\\/\",\"name\":\"Wilhelm Hundt GmbH\",\"description\":\"Va\u0161 specialist za stroje in orodja za obdelavo plo\u010devine\",\"potentialAction\":[{\"@type\":\"SearchAction\",\"target\":{\"@type\":\"EntryPoint\",\"urlTemplate\":\"https:\\\/\\\/hundtgroup.com\\\/sl\\\/?s={search_term_string}\"},\"query-input\":{\"@type\":\"PropertyValueSpecification\",\"valueRequired\":true,\"valueName\":\"search_term_string\"}}],\"inLanguage\":\"sl-SI\"}]}<\/script>\n<!-- \/ Yoast SEO plugin. -->","yoast_head_json":{"title":"Leseno zlo\u017eljivo ravnilo 2 m z obsegom - Wilhelm Hundt GmbH","robots":{"index":"index","follow":"follow","max-snippet":"max-snippet:-1","max-image-preview":"max-image-preview:large","max-video-preview":"max-video-preview:-1"},"canonical":"https:\/\/hundtgroup.com\/sl\/produkt\/leseno-zlozljivo-ravnilo-2-m-z-obsegom\/","og_locale":"sl_SI","og_type":"article","og_title":"Leseno zlo\u017eljivo ravnilo 2 m z obsegom - Wilhelm Hundt GmbH","og_description":"Spojke z notranjimi natan\u010dnimi vzmetmi iz kaljenega jekla za vzdr\u017eljivo vzmetenje brez obrabe. Sklep se vedno giblje gladko in ga je mogo\u010de natan\u010dno zakleniti. Brez stranskih utorov, kar omogo\u010da risanje ravne ozna\u010devalne \u010drte. Standardno s pregledom kota na notranji strani prvega \u010dlena. Z razmejitvijo obsega: omogo\u010da neposredno od\u010ditavanje obsega z merjenjem premera.","og_url":"https:\/\/hundtgroup.com\/sl\/produkt\/leseno-zlozljivo-ravnilo-2-m-z-obsegom\/","og_site_name":"Wilhelm Hundt GmbH","article_modified_time":"2025-07-29T10:10:19+00:00","og_image":[{"width":561,"height":207,"url":"https:\/\/hundtgroup.com\/wp-content\/uploads\/420202.png","type":"image\/png"}],"twitter_card":"summary_large_image","schema":{"@context":"https:\/\/schema.org","@graph":[{"@type":"WebPage","@id":"https:\/\/hundtgroup.com\/sl\/produkt\/leseno-zlozljivo-ravnilo-2-m-z-obsegom\/","url":"https:\/\/hundtgroup.com\/sl\/produkt\/leseno-zlozljivo-ravnilo-2-m-z-obsegom\/","name":"Leseno zlo\u017eljivo ravnilo 2 m z obsegom - Wilhelm Hundt GmbH","isPartOf":{"@id":"https:\/\/hundtgroup.com\/sl\/#website"},"primaryImageOfPage":{"@id":"https:\/\/hundtgroup.com\/sl\/produkt\/leseno-zlozljivo-ravnilo-2-m-z-obsegom\/#primaryimage"},"image":{"@id":"https:\/\/hundtgroup.com\/sl\/produkt\/leseno-zlozljivo-ravnilo-2-m-z-obsegom\/#primaryimage"},"thumbnailUrl":"https:\/\/hundtgroup.com\/wp-content\/uploads\/420202.png","datePublished":"2022-08-23T14:02:52+00:00","dateModified":"2025-07-29T10:10:19+00:00","breadcrumb":{"@id":"https:\/\/hundtgroup.com\/sl\/produkt\/leseno-zlozljivo-ravnilo-2-m-z-obsegom\/#breadcrumb"},"inLanguage":"sl-SI","potentialAction":[{"@type":"ReadAction","target":["https:\/\/hundtgroup.com\/sl\/produkt\/leseno-zlozljivo-ravnilo-2-m-z-obsegom\/"]}]},{"@type":"ImageObject","inLanguage":"sl-SI","@id":"https:\/\/hundtgroup.com\/sl\/produkt\/leseno-zlozljivo-ravnilo-2-m-z-obsegom\/#primaryimage","url":"https:\/\/hundtgroup.com\/wp-content\/uploads\/420202.png","contentUrl":"https:\/\/hundtgroup.com\/wp-content\/uploads\/420202.png","width":561,"height":207},{"@type":"BreadcrumbList","@id":"https:\/\/hundtgroup.com\/sl\/produkt\/leseno-zlozljivo-ravnilo-2-m-z-obsegom\/#breadcrumb","itemListElement":[{"@type":"ListItem","position":1,"name":"Startseite","item":"https:\/\/hundtgroup.com\/sl\/domov-novo\/"},{"@type":"ListItem","position":2,"name":"Trgovina","item":"https:\/\/hundtgroup.com\/trgovina\/"},{"@type":"ListItem","position":3,"name":"Leseno zlo\u017eljivo ravnilo 2 m z obsegom"}]},{"@type":"WebSite","@id":"https:\/\/hundtgroup.com\/sl\/#website","url":"https:\/\/hundtgroup.com\/sl\/","name":"Wilhelm Hundt GmbH","description":"Va\u0161 specialist za stroje in orodja za obdelavo plo\u010devine","potentialAction":[{"@type":"SearchAction","target":{"@type":"EntryPoint","urlTemplate":"https:\/\/hundtgroup.com\/sl\/?s={search_term_string}"},"query-input":{"@type":"PropertyValueSpecification","valueRequired":true,"valueName":"search_term_string"}}],"inLanguage":"sl-SI"}]}},"_links":{"self":[{"href":"https:\/\/hundtgroup.com\/sl\/wp-json\/wp\/v2\/product\/26050","targetHints":{"allow":["GET"]}}],"collection":[{"href":"https:\/\/hundtgroup.com\/sl\/wp-json\/wp\/v2\/product"}],"about":[{"href":"https:\/\/hundtgroup.com\/sl\/wp-json\/wp\/v2\/types\/product"}],"wp:featuredmedia":[{"embeddable":true,"href":"https:\/\/hundtgroup.com\/sl\/wp-json\/wp\/v2\/media\/26040"}],"wp:attachment":[{"href":"https:\/\/hundtgroup.com\/sl\/wp-json\/wp\/v2\/media?parent=26050"}],"wp:term":[{"taxonomy":"product_cat","embeddable":true,"href":"https:\/\/hundtgroup.com\/sl\/wp-json\/wp\/v2\/product_cat?post=26050"},{"taxonomy":"product_tag","embeddable":true,"href":"https:\/\/hundtgroup.com\/sl\/wp-json\/wp\/v2\/product_tag?post=26050"}],"curies":[{"name":"wp","href":"https:\/\/api.w.org\/{rel}","templated":true}]}}