{"id":26992,"date":"2022-08-23T15:58:25","date_gmt":"2022-08-23T13:58:25","guid":{"rendered":"https:\/\/hundtgroup.com\/produkt\/trumpf-ova-vodilna-tirnica-za-trutool-tpc-165\/"},"modified":"2025-07-29T10:45:31","modified_gmt":"2025-07-29T08:45:31","slug":"trumpf-ova-vodilna-tirnica-za-trutool-tpc-165","status":"publish","type":"product","link":"https:\/\/hundtgroup.com\/sl\/produkt\/trumpf-ova-vodilna-tirnica-za-trutool-tpc-165\/","title":{"rendered":"TRUMPF-ova vodilna tirnica za TruTool TPC 165"},"content":{"rendered":"<p>Dodatna oprema za rezalnik plo\u0161\u010d TRUMPF TPC 165<br \/>\nVodilna tirnica je idealna za natan\u010dne in ravne reze ter omogo\u010da enostavno vodenje stroja<br \/>\nNe glede na povr\u0161ino sendvi\u010d plo\u0161\u010d in tudi \u010de je razdalja med posameznimi segmenti zelo velika.<br \/>\nVe\u010d vodilnih tirnic lahko med seboj pove\u017eete s povezovalnim kosom<br \/>\nUporaba vodilne tirnice popolnoma prepre\u010duje opraskanje povr\u0161ine.<\/p>\n","protected":false},"excerpt":{"rendered":"<p>Dodatna oprema za rezalnik plo\u0161\u010d TRUMPF TPC 165 Vodilna tirnica je idealna za natan\u010dne in ravne reze ter omogo\u010da enostavno vodenje stroja Ne glede na povr\u0161ino sendvi\u010d plo\u0161\u010d in tudi \u010de je razdalja med posameznimi segmenti zelo velika. Ve\u010d vodilnih tirnic lahko med seboj pove\u017eete s povezovalnim kosom Uporaba vodilne tirnice popolnoma prepre\u010duje opraskanje povr\u0161ine.<\/p>\n","protected":false},"featured_media":26993,"template":"","meta":{"_acf_changed":false,"inline_featured_image":false},"product_cat":[1993,1966,1963],"product_tag":[],"class_list":{"0":"post-26992","1":"product","2":"type-product","3":"status-publish","4":"has-post-thumbnail","6":"brand-trumpf","7":"product_cat-trutool-tpc-165-sl","8":"product_cat-rezalnik-plosc","9":"product_cat-baterijski-elektricni-dodatki","11":"first","12":"instock","13":"taxable","14":"shipping-taxable","15":"purchasable","16":"product-type-simple","17":"add-to-wishlist-before_image"},"acf":[],"yoast_head":"<!-- This site is optimized with the Yoast SEO plugin v27.3 - https:\/\/yoast.com\/product\/yoast-seo-wordpress\/ -->\n<title>TRUMPF-ova vodilna tirnica za TruTool TPC 165 - Wilhelm Hundt GmbH<\/title>\n<meta name=\"robots\" content=\"index, follow, max-snippet:-1, max-image-preview:large, max-video-preview:-1\" \/>\n<link rel=\"canonical\" href=\"https:\/\/hundtgroup.com\/sl\/produkt\/trumpf-ova-vodilna-tirnica-za-trutool-tpc-165\/\" \/>\n<meta property=\"og:locale\" content=\"sl_SI\" \/>\n<meta property=\"og:type\" content=\"article\" \/>\n<meta property=\"og:title\" content=\"TRUMPF-ova vodilna tirnica za TruTool TPC 165 - Wilhelm Hundt GmbH\" \/>\n<meta property=\"og:description\" content=\"Dodatna oprema za rezalnik plo\u0161\u010d TRUMPF TPC 165 Vodilna tirnica je idealna za natan\u010dne in ravne reze ter omogo\u010da enostavno vodenje stroja Ne glede na povr\u0161ino sendvi\u010d plo\u0161\u010d in tudi \u010de je razdalja med posameznimi segmenti zelo velika. Ve\u010d vodilnih tirnic lahko med seboj pove\u017eete s povezovalnim kosom Uporaba vodilne tirnice popolnoma prepre\u010duje opraskanje povr\u0161ine.\" \/>\n<meta property=\"og:url\" content=\"https:\/\/hundtgroup.com\/sl\/produkt\/trumpf-ova-vodilna-tirnica-za-trutool-tpc-165\/\" \/>\n<meta property=\"og:site_name\" content=\"Wilhelm Hundt GmbH\" \/>\n<meta property=\"article:modified_time\" content=\"2025-07-29T08:45:31+00:00\" \/>\n<meta property=\"og:image\" content=\"https:\/\/hundtgroup.com\/wp-content\/uploads\/346131.png\" \/>\n\t<meta property=\"og:image:width\" content=\"827\" \/>\n\t<meta property=\"og:image:height\" content=\"324\" \/>\n\t<meta property=\"og:image:type\" content=\"image\/png\" \/>\n<meta name=\"twitter:card\" content=\"summary_large_image\" \/>\n<script type=\"application\/ld+json\" class=\"yoast-schema-graph\">{\"@context\":\"https:\\\/\\\/schema.org\",\"@graph\":[{\"@type\":\"WebPage\",\"@id\":\"https:\\\/\\\/hundtgroup.com\\\/sl\\\/produkt\\\/trumpf-ova-vodilna-tirnica-za-trutool-tpc-165\\\/\",\"url\":\"https:\\\/\\\/hundtgroup.com\\\/sl\\\/produkt\\\/trumpf-ova-vodilna-tirnica-za-trutool-tpc-165\\\/\",\"name\":\"TRUMPF-ova vodilna tirnica za TruTool TPC 165 - Wilhelm Hundt GmbH\",\"isPartOf\":{\"@id\":\"https:\\\/\\\/hundtgroup.com\\\/sl\\\/#website\"},\"primaryImageOfPage\":{\"@id\":\"https:\\\/\\\/hundtgroup.com\\\/sl\\\/produkt\\\/trumpf-ova-vodilna-tirnica-za-trutool-tpc-165\\\/#primaryimage\"},\"image\":{\"@id\":\"https:\\\/\\\/hundtgroup.com\\\/sl\\\/produkt\\\/trumpf-ova-vodilna-tirnica-za-trutool-tpc-165\\\/#primaryimage\"},\"thumbnailUrl\":\"https:\\\/\\\/hundtgroup.com\\\/wp-content\\\/uploads\\\/346131.png\",\"datePublished\":\"2022-08-23T13:58:25+00:00\",\"dateModified\":\"2025-07-29T08:45:31+00:00\",\"breadcrumb\":{\"@id\":\"https:\\\/\\\/hundtgroup.com\\\/sl\\\/produkt\\\/trumpf-ova-vodilna-tirnica-za-trutool-tpc-165\\\/#breadcrumb\"},\"inLanguage\":\"sl-SI\",\"potentialAction\":[{\"@type\":\"ReadAction\",\"target\":[\"https:\\\/\\\/hundtgroup.com\\\/sl\\\/produkt\\\/trumpf-ova-vodilna-tirnica-za-trutool-tpc-165\\\/\"]}]},{\"@type\":\"ImageObject\",\"inLanguage\":\"sl-SI\",\"@id\":\"https:\\\/\\\/hundtgroup.com\\\/sl\\\/produkt\\\/trumpf-ova-vodilna-tirnica-za-trutool-tpc-165\\\/#primaryimage\",\"url\":\"https:\\\/\\\/hundtgroup.com\\\/wp-content\\\/uploads\\\/346131.png\",\"contentUrl\":\"https:\\\/\\\/hundtgroup.com\\\/wp-content\\\/uploads\\\/346131.png\",\"width\":827,\"height\":324},{\"@type\":\"BreadcrumbList\",\"@id\":\"https:\\\/\\\/hundtgroup.com\\\/sl\\\/produkt\\\/trumpf-ova-vodilna-tirnica-za-trutool-tpc-165\\\/#breadcrumb\",\"itemListElement\":[{\"@type\":\"ListItem\",\"position\":1,\"name\":\"Startseite\",\"item\":\"https:\\\/\\\/hundtgroup.com\\\/sl\\\/domov-novo\\\/\"},{\"@type\":\"ListItem\",\"position\":2,\"name\":\"Trgovina\",\"item\":\"https:\\\/\\\/hundtgroup.com\\\/trgovina\\\/\"},{\"@type\":\"ListItem\",\"position\":3,\"name\":\"TRUMPF-ova vodilna tirnica za TruTool TPC 165\"}]},{\"@type\":\"WebSite\",\"@id\":\"https:\\\/\\\/hundtgroup.com\\\/sl\\\/#website\",\"url\":\"https:\\\/\\\/hundtgroup.com\\\/sl\\\/\",\"name\":\"Wilhelm Hundt GmbH\",\"description\":\"Va\u0161 specialist za stroje in orodja za obdelavo plo\u010devine\",\"potentialAction\":[{\"@type\":\"SearchAction\",\"target\":{\"@type\":\"EntryPoint\",\"urlTemplate\":\"https:\\\/\\\/hundtgroup.com\\\/sl\\\/?s={search_term_string}\"},\"query-input\":{\"@type\":\"PropertyValueSpecification\",\"valueRequired\":true,\"valueName\":\"search_term_string\"}}],\"inLanguage\":\"sl-SI\"}]}<\/script>\n<!-- \/ Yoast SEO plugin. -->","yoast_head_json":{"title":"TRUMPF-ova vodilna tirnica za TruTool TPC 165 - Wilhelm Hundt GmbH","robots":{"index":"index","follow":"follow","max-snippet":"max-snippet:-1","max-image-preview":"max-image-preview:large","max-video-preview":"max-video-preview:-1"},"canonical":"https:\/\/hundtgroup.com\/sl\/produkt\/trumpf-ova-vodilna-tirnica-za-trutool-tpc-165\/","og_locale":"sl_SI","og_type":"article","og_title":"TRUMPF-ova vodilna tirnica za TruTool TPC 165 - Wilhelm Hundt GmbH","og_description":"Dodatna oprema za rezalnik plo\u0161\u010d TRUMPF TPC 165 Vodilna tirnica je idealna za natan\u010dne in ravne reze ter omogo\u010da enostavno vodenje stroja Ne glede na povr\u0161ino sendvi\u010d plo\u0161\u010d in tudi \u010de je razdalja med posameznimi segmenti zelo velika. Ve\u010d vodilnih tirnic lahko med seboj pove\u017eete s povezovalnim kosom Uporaba vodilne tirnice popolnoma prepre\u010duje opraskanje povr\u0161ine.","og_url":"https:\/\/hundtgroup.com\/sl\/produkt\/trumpf-ova-vodilna-tirnica-za-trutool-tpc-165\/","og_site_name":"Wilhelm Hundt GmbH","article_modified_time":"2025-07-29T08:45:31+00:00","og_image":[{"width":827,"height":324,"url":"https:\/\/hundtgroup.com\/wp-content\/uploads\/346131.png","type":"image\/png"}],"twitter_card":"summary_large_image","schema":{"@context":"https:\/\/schema.org","@graph":[{"@type":"WebPage","@id":"https:\/\/hundtgroup.com\/sl\/produkt\/trumpf-ova-vodilna-tirnica-za-trutool-tpc-165\/","url":"https:\/\/hundtgroup.com\/sl\/produkt\/trumpf-ova-vodilna-tirnica-za-trutool-tpc-165\/","name":"TRUMPF-ova vodilna tirnica za TruTool TPC 165 - Wilhelm Hundt GmbH","isPartOf":{"@id":"https:\/\/hundtgroup.com\/sl\/#website"},"primaryImageOfPage":{"@id":"https:\/\/hundtgroup.com\/sl\/produkt\/trumpf-ova-vodilna-tirnica-za-trutool-tpc-165\/#primaryimage"},"image":{"@id":"https:\/\/hundtgroup.com\/sl\/produkt\/trumpf-ova-vodilna-tirnica-za-trutool-tpc-165\/#primaryimage"},"thumbnailUrl":"https:\/\/hundtgroup.com\/wp-content\/uploads\/346131.png","datePublished":"2022-08-23T13:58:25+00:00","dateModified":"2025-07-29T08:45:31+00:00","breadcrumb":{"@id":"https:\/\/hundtgroup.com\/sl\/produkt\/trumpf-ova-vodilna-tirnica-za-trutool-tpc-165\/#breadcrumb"},"inLanguage":"sl-SI","potentialAction":[{"@type":"ReadAction","target":["https:\/\/hundtgroup.com\/sl\/produkt\/trumpf-ova-vodilna-tirnica-za-trutool-tpc-165\/"]}]},{"@type":"ImageObject","inLanguage":"sl-SI","@id":"https:\/\/hundtgroup.com\/sl\/produkt\/trumpf-ova-vodilna-tirnica-za-trutool-tpc-165\/#primaryimage","url":"https:\/\/hundtgroup.com\/wp-content\/uploads\/346131.png","contentUrl":"https:\/\/hundtgroup.com\/wp-content\/uploads\/346131.png","width":827,"height":324},{"@type":"BreadcrumbList","@id":"https:\/\/hundtgroup.com\/sl\/produkt\/trumpf-ova-vodilna-tirnica-za-trutool-tpc-165\/#breadcrumb","itemListElement":[{"@type":"ListItem","position":1,"name":"Startseite","item":"https:\/\/hundtgroup.com\/sl\/domov-novo\/"},{"@type":"ListItem","position":2,"name":"Trgovina","item":"https:\/\/hundtgroup.com\/trgovina\/"},{"@type":"ListItem","position":3,"name":"TRUMPF-ova vodilna tirnica za TruTool TPC 165"}]},{"@type":"WebSite","@id":"https:\/\/hundtgroup.com\/sl\/#website","url":"https:\/\/hundtgroup.com\/sl\/","name":"Wilhelm Hundt GmbH","description":"Va\u0161 specialist za stroje in orodja za obdelavo plo\u010devine","potentialAction":[{"@type":"SearchAction","target":{"@type":"EntryPoint","urlTemplate":"https:\/\/hundtgroup.com\/sl\/?s={search_term_string}"},"query-input":{"@type":"PropertyValueSpecification","valueRequired":true,"valueName":"search_term_string"}}],"inLanguage":"sl-SI"}]}},"_links":{"self":[{"href":"https:\/\/hundtgroup.com\/sl\/wp-json\/wp\/v2\/product\/26992","targetHints":{"allow":["GET"]}}],"collection":[{"href":"https:\/\/hundtgroup.com\/sl\/wp-json\/wp\/v2\/product"}],"about":[{"href":"https:\/\/hundtgroup.com\/sl\/wp-json\/wp\/v2\/types\/product"}],"wp:featuredmedia":[{"embeddable":true,"href":"https:\/\/hundtgroup.com\/sl\/wp-json\/wp\/v2\/media\/26993"}],"wp:attachment":[{"href":"https:\/\/hundtgroup.com\/sl\/wp-json\/wp\/v2\/media?parent=26992"}],"wp:term":[{"taxonomy":"product_cat","embeddable":true,"href":"https:\/\/hundtgroup.com\/sl\/wp-json\/wp\/v2\/product_cat?post=26992"},{"taxonomy":"product_tag","embeddable":true,"href":"https:\/\/hundtgroup.com\/sl\/wp-json\/wp\/v2\/product_tag?post=26992"}],"curies":[{"name":"wp","href":"https:\/\/api.w.org\/{rel}","templated":true}]}}