{"id":27124,"date":"2022-08-23T15:58:25","date_gmt":"2022-08-23T13:58:25","guid":{"rendered":"https:\/\/hundtgroup.com\/produkt\/trumpfovo-vodilo-za-luknjanje-za-trutool-pn-161-pn-200-pn-201-komplet-2\/"},"modified":"2025-07-29T10:37:44","modified_gmt":"2025-07-29T08:37:44","slug":"trumpfovo-vodilo-za-luknjanje-za-trutool-pn-161-pn-200-pn-201-komplet-2","status":"publish","type":"product","link":"https:\/\/hundtgroup.com\/sl\/produkt\/trumpfovo-vodilo-za-luknjanje-za-trutool-pn-161-pn-200-pn-201-komplet-2\/","title":{"rendered":"Trumpfovo vodilo za luknjanje za TruTool PN 161 \/ PN 200 \/ PN 201 komplet 2"},"content":{"rendered":"<p>Vodilo za udarce, primerno za TruTool udarce PN 161 \/ PN 200 \/ PN 201, novej\u0161e in starej\u0161e razli\u010dice.<\/p>\n","protected":false},"excerpt":{"rendered":"<p>Vodilo za udarce, primerno za TruTool udarce PN 161 \/ PN 200 \/ PN 201, novej\u0161e in starej\u0161e razli\u010dice.<\/p>\n","protected":false},"featured_media":27126,"template":"","meta":{"_acf_changed":false,"inline_featured_image":false},"product_cat":[1988,1987,1963,1965],"product_tag":[],"class_list":{"0":"post-27124","1":"product","2":"type-product","3":"status-publish","4":"has-post-thumbnail","6":"brand-trumpf","7":"product_cat-trutool-pn-201-sl","8":"product_cat-trutool-pn-200-sl","9":"product_cat-baterijski-elektricni-dodatki","10":"product_cat-nibbler-sl-3","12":"first","13":"instock","14":"taxable","15":"shipping-taxable","16":"purchasable","17":"product-type-simple","18":"add-to-wishlist-before_image"},"acf":[],"yoast_head":"<!-- This site is optimized with the Yoast SEO plugin v27.3 - https:\/\/yoast.com\/product\/yoast-seo-wordpress\/ -->\n<title>Trumpfovo vodilo za luknjanje za TruTool PN 161 \/ PN 200 \/ PN 201 komplet 2 - Wilhelm Hundt GmbH<\/title>\n<meta name=\"robots\" content=\"index, follow, max-snippet:-1, max-image-preview:large, max-video-preview:-1\" \/>\n<link rel=\"canonical\" href=\"https:\/\/hundtgroup.com\/sl\/produkt\/trumpfovo-vodilo-za-luknjanje-za-trutool-pn-161-pn-200-pn-201-komplet-2\/\" \/>\n<meta property=\"og:locale\" content=\"sl_SI\" \/>\n<meta property=\"og:type\" content=\"article\" \/>\n<meta property=\"og:title\" content=\"Trumpfovo vodilo za luknjanje za TruTool PN 161 \/ PN 200 \/ PN 201 komplet 2 - Wilhelm Hundt GmbH\" \/>\n<meta property=\"og:description\" content=\"Vodilo za udarce, primerno za TruTool udarce PN 161 \/ PN 200 \/ PN 201, novej\u0161e in starej\u0161e razli\u010dice.\" \/>\n<meta property=\"og:url\" content=\"https:\/\/hundtgroup.com\/sl\/produkt\/trumpfovo-vodilo-za-luknjanje-za-trutool-pn-161-pn-200-pn-201-komplet-2\/\" \/>\n<meta property=\"og:site_name\" content=\"Wilhelm Hundt GmbH\" \/>\n<meta property=\"article:modified_time\" content=\"2025-07-29T08:37:44+00:00\" \/>\n<meta property=\"og:image\" content=\"https:\/\/hundtgroup.com\/wp-content\/uploads\/346000.png\" \/>\n\t<meta property=\"og:image:width\" content=\"410\" \/>\n\t<meta property=\"og:image:height\" content=\"285\" \/>\n\t<meta property=\"og:image:type\" content=\"image\/png\" \/>\n<meta name=\"twitter:card\" content=\"summary_large_image\" \/>\n<script type=\"application\/ld+json\" class=\"yoast-schema-graph\">{\"@context\":\"https:\\\/\\\/schema.org\",\"@graph\":[{\"@type\":\"WebPage\",\"@id\":\"https:\\\/\\\/hundtgroup.com\\\/sl\\\/produkt\\\/trumpfovo-vodilo-za-luknjanje-za-trutool-pn-161-pn-200-pn-201-komplet-2\\\/\",\"url\":\"https:\\\/\\\/hundtgroup.com\\\/sl\\\/produkt\\\/trumpfovo-vodilo-za-luknjanje-za-trutool-pn-161-pn-200-pn-201-komplet-2\\\/\",\"name\":\"Trumpfovo vodilo za luknjanje za TruTool PN 161 \\\/ PN 200 \\\/ PN 201 komplet 2 - Wilhelm Hundt GmbH\",\"isPartOf\":{\"@id\":\"https:\\\/\\\/hundtgroup.com\\\/sl\\\/#website\"},\"primaryImageOfPage\":{\"@id\":\"https:\\\/\\\/hundtgroup.com\\\/sl\\\/produkt\\\/trumpfovo-vodilo-za-luknjanje-za-trutool-pn-161-pn-200-pn-201-komplet-2\\\/#primaryimage\"},\"image\":{\"@id\":\"https:\\\/\\\/hundtgroup.com\\\/sl\\\/produkt\\\/trumpfovo-vodilo-za-luknjanje-za-trutool-pn-161-pn-200-pn-201-komplet-2\\\/#primaryimage\"},\"thumbnailUrl\":\"https:\\\/\\\/hundtgroup.com\\\/wp-content\\\/uploads\\\/346000.png\",\"datePublished\":\"2022-08-23T13:58:25+00:00\",\"dateModified\":\"2025-07-29T08:37:44+00:00\",\"breadcrumb\":{\"@id\":\"https:\\\/\\\/hundtgroup.com\\\/sl\\\/produkt\\\/trumpfovo-vodilo-za-luknjanje-za-trutool-pn-161-pn-200-pn-201-komplet-2\\\/#breadcrumb\"},\"inLanguage\":\"sl-SI\",\"potentialAction\":[{\"@type\":\"ReadAction\",\"target\":[\"https:\\\/\\\/hundtgroup.com\\\/sl\\\/produkt\\\/trumpfovo-vodilo-za-luknjanje-za-trutool-pn-161-pn-200-pn-201-komplet-2\\\/\"]}]},{\"@type\":\"ImageObject\",\"inLanguage\":\"sl-SI\",\"@id\":\"https:\\\/\\\/hundtgroup.com\\\/sl\\\/produkt\\\/trumpfovo-vodilo-za-luknjanje-za-trutool-pn-161-pn-200-pn-201-komplet-2\\\/#primaryimage\",\"url\":\"https:\\\/\\\/hundtgroup.com\\\/wp-content\\\/uploads\\\/346000.png\",\"contentUrl\":\"https:\\\/\\\/hundtgroup.com\\\/wp-content\\\/uploads\\\/346000.png\",\"width\":410,\"height\":285},{\"@type\":\"BreadcrumbList\",\"@id\":\"https:\\\/\\\/hundtgroup.com\\\/sl\\\/produkt\\\/trumpfovo-vodilo-za-luknjanje-za-trutool-pn-161-pn-200-pn-201-komplet-2\\\/#breadcrumb\",\"itemListElement\":[{\"@type\":\"ListItem\",\"position\":1,\"name\":\"Startseite\",\"item\":\"https:\\\/\\\/hundtgroup.com\\\/sl\\\/domov-novo\\\/\"},{\"@type\":\"ListItem\",\"position\":2,\"name\":\"Trgovina\",\"item\":\"https:\\\/\\\/hundtgroup.com\\\/trgovina\\\/\"},{\"@type\":\"ListItem\",\"position\":3,\"name\":\"Trumpfovo vodilo za luknjanje za TruTool PN 161 \\\/ PN 200 \\\/ PN 201 komplet 2\"}]},{\"@type\":\"WebSite\",\"@id\":\"https:\\\/\\\/hundtgroup.com\\\/sl\\\/#website\",\"url\":\"https:\\\/\\\/hundtgroup.com\\\/sl\\\/\",\"name\":\"Wilhelm Hundt GmbH\",\"description\":\"Va\u0161 specialist za stroje in orodja za obdelavo plo\u010devine\",\"potentialAction\":[{\"@type\":\"SearchAction\",\"target\":{\"@type\":\"EntryPoint\",\"urlTemplate\":\"https:\\\/\\\/hundtgroup.com\\\/sl\\\/?s={search_term_string}\"},\"query-input\":{\"@type\":\"PropertyValueSpecification\",\"valueRequired\":true,\"valueName\":\"search_term_string\"}}],\"inLanguage\":\"sl-SI\"}]}<\/script>\n<!-- \/ Yoast SEO plugin. -->","yoast_head_json":{"title":"Trumpfovo vodilo za luknjanje za TruTool PN 161 \/ PN 200 \/ PN 201 komplet 2 - Wilhelm Hundt GmbH","robots":{"index":"index","follow":"follow","max-snippet":"max-snippet:-1","max-image-preview":"max-image-preview:large","max-video-preview":"max-video-preview:-1"},"canonical":"https:\/\/hundtgroup.com\/sl\/produkt\/trumpfovo-vodilo-za-luknjanje-za-trutool-pn-161-pn-200-pn-201-komplet-2\/","og_locale":"sl_SI","og_type":"article","og_title":"Trumpfovo vodilo za luknjanje za TruTool PN 161 \/ PN 200 \/ PN 201 komplet 2 - Wilhelm Hundt GmbH","og_description":"Vodilo za udarce, primerno za TruTool udarce PN 161 \/ PN 200 \/ PN 201, novej\u0161e in starej\u0161e razli\u010dice.","og_url":"https:\/\/hundtgroup.com\/sl\/produkt\/trumpfovo-vodilo-za-luknjanje-za-trutool-pn-161-pn-200-pn-201-komplet-2\/","og_site_name":"Wilhelm Hundt GmbH","article_modified_time":"2025-07-29T08:37:44+00:00","og_image":[{"width":410,"height":285,"url":"https:\/\/hundtgroup.com\/wp-content\/uploads\/346000.png","type":"image\/png"}],"twitter_card":"summary_large_image","schema":{"@context":"https:\/\/schema.org","@graph":[{"@type":"WebPage","@id":"https:\/\/hundtgroup.com\/sl\/produkt\/trumpfovo-vodilo-za-luknjanje-za-trutool-pn-161-pn-200-pn-201-komplet-2\/","url":"https:\/\/hundtgroup.com\/sl\/produkt\/trumpfovo-vodilo-za-luknjanje-za-trutool-pn-161-pn-200-pn-201-komplet-2\/","name":"Trumpfovo vodilo za luknjanje za TruTool PN 161 \/ PN 200 \/ PN 201 komplet 2 - Wilhelm Hundt GmbH","isPartOf":{"@id":"https:\/\/hundtgroup.com\/sl\/#website"},"primaryImageOfPage":{"@id":"https:\/\/hundtgroup.com\/sl\/produkt\/trumpfovo-vodilo-za-luknjanje-za-trutool-pn-161-pn-200-pn-201-komplet-2\/#primaryimage"},"image":{"@id":"https:\/\/hundtgroup.com\/sl\/produkt\/trumpfovo-vodilo-za-luknjanje-za-trutool-pn-161-pn-200-pn-201-komplet-2\/#primaryimage"},"thumbnailUrl":"https:\/\/hundtgroup.com\/wp-content\/uploads\/346000.png","datePublished":"2022-08-23T13:58:25+00:00","dateModified":"2025-07-29T08:37:44+00:00","breadcrumb":{"@id":"https:\/\/hundtgroup.com\/sl\/produkt\/trumpfovo-vodilo-za-luknjanje-za-trutool-pn-161-pn-200-pn-201-komplet-2\/#breadcrumb"},"inLanguage":"sl-SI","potentialAction":[{"@type":"ReadAction","target":["https:\/\/hundtgroup.com\/sl\/produkt\/trumpfovo-vodilo-za-luknjanje-za-trutool-pn-161-pn-200-pn-201-komplet-2\/"]}]},{"@type":"ImageObject","inLanguage":"sl-SI","@id":"https:\/\/hundtgroup.com\/sl\/produkt\/trumpfovo-vodilo-za-luknjanje-za-trutool-pn-161-pn-200-pn-201-komplet-2\/#primaryimage","url":"https:\/\/hundtgroup.com\/wp-content\/uploads\/346000.png","contentUrl":"https:\/\/hundtgroup.com\/wp-content\/uploads\/346000.png","width":410,"height":285},{"@type":"BreadcrumbList","@id":"https:\/\/hundtgroup.com\/sl\/produkt\/trumpfovo-vodilo-za-luknjanje-za-trutool-pn-161-pn-200-pn-201-komplet-2\/#breadcrumb","itemListElement":[{"@type":"ListItem","position":1,"name":"Startseite","item":"https:\/\/hundtgroup.com\/sl\/domov-novo\/"},{"@type":"ListItem","position":2,"name":"Trgovina","item":"https:\/\/hundtgroup.com\/trgovina\/"},{"@type":"ListItem","position":3,"name":"Trumpfovo vodilo za luknjanje za TruTool PN 161 \/ PN 200 \/ PN 201 komplet 2"}]},{"@type":"WebSite","@id":"https:\/\/hundtgroup.com\/sl\/#website","url":"https:\/\/hundtgroup.com\/sl\/","name":"Wilhelm Hundt GmbH","description":"Va\u0161 specialist za stroje in orodja za obdelavo plo\u010devine","potentialAction":[{"@type":"SearchAction","target":{"@type":"EntryPoint","urlTemplate":"https:\/\/hundtgroup.com\/sl\/?s={search_term_string}"},"query-input":{"@type":"PropertyValueSpecification","valueRequired":true,"valueName":"search_term_string"}}],"inLanguage":"sl-SI"}]}},"_links":{"self":[{"href":"https:\/\/hundtgroup.com\/sl\/wp-json\/wp\/v2\/product\/27124","targetHints":{"allow":["GET"]}}],"collection":[{"href":"https:\/\/hundtgroup.com\/sl\/wp-json\/wp\/v2\/product"}],"about":[{"href":"https:\/\/hundtgroup.com\/sl\/wp-json\/wp\/v2\/types\/product"}],"wp:featuredmedia":[{"embeddable":true,"href":"https:\/\/hundtgroup.com\/sl\/wp-json\/wp\/v2\/media\/27126"}],"wp:attachment":[{"href":"https:\/\/hundtgroup.com\/sl\/wp-json\/wp\/v2\/media?parent=27124"}],"wp:term":[{"taxonomy":"product_cat","embeddable":true,"href":"https:\/\/hundtgroup.com\/sl\/wp-json\/wp\/v2\/product_cat?post=27124"},{"taxonomy":"product_tag","embeddable":true,"href":"https:\/\/hundtgroup.com\/sl\/wp-json\/wp\/v2\/product_tag?post=27124"}],"curies":[{"name":"wp","href":"https:\/\/api.w.org\/{rel}","templated":true}]}}