{"id":27713,"date":"2022-08-23T15:56:03","date_gmt":"2022-08-23T13:56:03","guid":{"rendered":"https:\/\/hundtgroup.com\/produkt\/trumpf-trutool-pn-201-18v-40ah-akumulatorski-profilni-klesce\/"},"modified":"2025-07-29T10:20:53","modified_gmt":"2025-07-29T08:20:53","slug":"trumpf-trutool-pn-201-18v-40ah-akumulatorski-profilni-klesce","status":"publish","type":"product","link":"https:\/\/hundtgroup.com\/sl\/produkt\/trumpf-trutool-pn-201-18v-40ah-akumulatorski-profilni-klesce\/","title":{"rendered":"TRUMPF TruTool PN 201 18V 4,0Ah akumulatorski profilni kle\u0161\u010de"},"content":{"rendered":"<p>Rezanje plo\u010devine do 2 mm<br \/>\nStroj z dolgim orodjem za obdelavo profilov globine do 162 mm ter profilov C, L in U. Primeren tudi za valovito plo\u010devino.<br \/>\nIdealen za te\u017eko dostopna mesta.<br \/>\nSprememba smeri rezanja v nekaj sekundah &#8211; vrti se za 360\u00b0.<br \/>\nNeomejeno vogalno rezanje zaradi votlega okroglega udarca.<br \/>\nNizka sila podajanja, brez popa\u010denja, emisij in iskrenja.<br \/>\nUdarec in matrico lahko zamenjate brez orodja.<br \/>\nDo 60 % ve\u010d energije baterije zaradi tehnologije PowerHead in motorja brez krta\u010d.<br \/>\nMehak ro\u010daj za delo z nizkimi vibracijami. <\/p>\n<p>Teka\u0161ka zmogljivost v metrih na polnjenje baterije (konstrukcijsko jeklo 400 N\/mm\u00b2):<br \/>\n2 mm: s 4 Ah: 26 metrov<br \/>\n1 mm: s 4 Ah: 54 metrov<\/p>\n","protected":false},"excerpt":{"rendered":"<p>Rezanje plo\u010devine do 2 mm Stroj z dolgim orodjem za obdelavo profilov globine do 162 mm ter profilov C, L in U. Primeren tudi za valovito plo\u010devino. Idealen za te\u017eko dostopna mesta. Sprememba smeri rezanja v nekaj sekundah &#8211; vrti se za 360\u00b0. Neomejeno vogalno rezanje zaradi votlega okroglega udarca. Nizka sila podajanja, brez popa\u010denja, [&hellip;]<\/p>\n","protected":false},"featured_media":27714,"template":"","meta":{"_acf_changed":false,"inline_featured_image":false},"product_cat":[686,2070],"product_tag":[],"class_list":{"0":"post-27713","1":"product","2":"type-product","3":"status-publish","4":"has-post-thumbnail","6":"brand-trumpf","7":"product_cat-orodja-z-baterijami","8":"product_cat-oskrbovalec-profilov-sl","10":"first","11":"instock","12":"sale","13":"taxable","14":"shipping-taxable","15":"purchasable","16":"product-type-simple","17":"add-to-wishlist-before_image"},"acf":[],"yoast_head":"<!-- This site is optimized with the Yoast SEO plugin v27.3 - https:\/\/yoast.com\/product\/yoast-seo-wordpress\/ -->\n<title>TRUMPF TruTool PN 201 18V 4,0Ah akumulatorski profilni kle\u0161\u010de - Wilhelm Hundt GmbH<\/title>\n<meta name=\"robots\" content=\"index, follow, max-snippet:-1, max-image-preview:large, max-video-preview:-1\" \/>\n<link rel=\"canonical\" href=\"https:\/\/hundtgroup.com\/sl\/produkt\/trumpf-trutool-pn-201-18v-40ah-akumulatorski-profilni-klesce\/\" \/>\n<meta property=\"og:locale\" content=\"sl_SI\" \/>\n<meta property=\"og:type\" content=\"article\" \/>\n<meta property=\"og:title\" content=\"TRUMPF TruTool PN 201 18V 4,0Ah akumulatorski profilni kle\u0161\u010de - Wilhelm Hundt GmbH\" \/>\n<meta property=\"og:description\" content=\"Rezanje plo\u010devine do 2 mm Stroj z dolgim orodjem za obdelavo profilov globine do 162 mm ter profilov C, L in U. Primeren tudi za valovito plo\u010devino. Idealen za te\u017eko dostopna mesta. Sprememba smeri rezanja v nekaj sekundah &#8211; vrti se za 360\u00b0. Neomejeno vogalno rezanje zaradi votlega okroglega udarca. Nizka sila podajanja, brez popa\u010denja, [&hellip;]\" \/>\n<meta property=\"og:url\" content=\"https:\/\/hundtgroup.com\/sl\/produkt\/trumpf-trutool-pn-201-18v-40ah-akumulatorski-profilni-klesce\/\" \/>\n<meta property=\"og:site_name\" content=\"Wilhelm Hundt GmbH\" \/>\n<meta property=\"article:modified_time\" content=\"2025-07-29T08:20:53+00:00\" \/>\n<meta property=\"og:image\" content=\"https:\/\/hundtgroup.com\/wp-content\/uploads\/352012.png\" \/>\n\t<meta property=\"og:image:width\" content=\"467\" \/>\n\t<meta property=\"og:image:height\" content=\"600\" \/>\n\t<meta property=\"og:image:type\" content=\"image\/png\" \/>\n<meta name=\"twitter:card\" content=\"summary_large_image\" \/>\n<meta name=\"twitter:label1\" content=\"Est. reading time\" \/>\n\t<meta name=\"twitter:data1\" content=\"1 minuta\" \/>\n<script type=\"application\/ld+json\" class=\"yoast-schema-graph\">{\"@context\":\"https:\\\/\\\/schema.org\",\"@graph\":[{\"@type\":\"WebPage\",\"@id\":\"https:\\\/\\\/hundtgroup.com\\\/sl\\\/produkt\\\/trumpf-trutool-pn-201-18v-40ah-akumulatorski-profilni-klesce\\\/\",\"url\":\"https:\\\/\\\/hundtgroup.com\\\/sl\\\/produkt\\\/trumpf-trutool-pn-201-18v-40ah-akumulatorski-profilni-klesce\\\/\",\"name\":\"TRUMPF TruTool PN 201 18V 4,0Ah akumulatorski profilni kle\u0161\u010de - Wilhelm Hundt GmbH\",\"isPartOf\":{\"@id\":\"https:\\\/\\\/hundtgroup.com\\\/sl\\\/#website\"},\"primaryImageOfPage\":{\"@id\":\"https:\\\/\\\/hundtgroup.com\\\/sl\\\/produkt\\\/trumpf-trutool-pn-201-18v-40ah-akumulatorski-profilni-klesce\\\/#primaryimage\"},\"image\":{\"@id\":\"https:\\\/\\\/hundtgroup.com\\\/sl\\\/produkt\\\/trumpf-trutool-pn-201-18v-40ah-akumulatorski-profilni-klesce\\\/#primaryimage\"},\"thumbnailUrl\":\"https:\\\/\\\/hundtgroup.com\\\/wp-content\\\/uploads\\\/352012.png\",\"datePublished\":\"2022-08-23T13:56:03+00:00\",\"dateModified\":\"2025-07-29T08:20:53+00:00\",\"breadcrumb\":{\"@id\":\"https:\\\/\\\/hundtgroup.com\\\/sl\\\/produkt\\\/trumpf-trutool-pn-201-18v-40ah-akumulatorski-profilni-klesce\\\/#breadcrumb\"},\"inLanguage\":\"sl-SI\",\"potentialAction\":[{\"@type\":\"ReadAction\",\"target\":[\"https:\\\/\\\/hundtgroup.com\\\/sl\\\/produkt\\\/trumpf-trutool-pn-201-18v-40ah-akumulatorski-profilni-klesce\\\/\"]}]},{\"@type\":\"ImageObject\",\"inLanguage\":\"sl-SI\",\"@id\":\"https:\\\/\\\/hundtgroup.com\\\/sl\\\/produkt\\\/trumpf-trutool-pn-201-18v-40ah-akumulatorski-profilni-klesce\\\/#primaryimage\",\"url\":\"https:\\\/\\\/hundtgroup.com\\\/wp-content\\\/uploads\\\/352012.png\",\"contentUrl\":\"https:\\\/\\\/hundtgroup.com\\\/wp-content\\\/uploads\\\/352012.png\",\"width\":467,\"height\":600},{\"@type\":\"BreadcrumbList\",\"@id\":\"https:\\\/\\\/hundtgroup.com\\\/sl\\\/produkt\\\/trumpf-trutool-pn-201-18v-40ah-akumulatorski-profilni-klesce\\\/#breadcrumb\",\"itemListElement\":[{\"@type\":\"ListItem\",\"position\":1,\"name\":\"Startseite\",\"item\":\"https:\\\/\\\/hundtgroup.com\\\/sl\\\/domov-novo\\\/\"},{\"@type\":\"ListItem\",\"position\":2,\"name\":\"Trgovina\",\"item\":\"https:\\\/\\\/hundtgroup.com\\\/trgovina\\\/\"},{\"@type\":\"ListItem\",\"position\":3,\"name\":\"TRUMPF TruTool PN 201 18V 4,0Ah akumulatorski profilni kle\u0161\u010de\"}]},{\"@type\":\"WebSite\",\"@id\":\"https:\\\/\\\/hundtgroup.com\\\/sl\\\/#website\",\"url\":\"https:\\\/\\\/hundtgroup.com\\\/sl\\\/\",\"name\":\"Wilhelm Hundt GmbH\",\"description\":\"Va\u0161 specialist za stroje in orodja za obdelavo plo\u010devine\",\"potentialAction\":[{\"@type\":\"SearchAction\",\"target\":{\"@type\":\"EntryPoint\",\"urlTemplate\":\"https:\\\/\\\/hundtgroup.com\\\/sl\\\/?s={search_term_string}\"},\"query-input\":{\"@type\":\"PropertyValueSpecification\",\"valueRequired\":true,\"valueName\":\"search_term_string\"}}],\"inLanguage\":\"sl-SI\"}]}<\/script>\n<!-- \/ Yoast SEO plugin. -->","yoast_head_json":{"title":"TRUMPF TruTool PN 201 18V 4,0Ah akumulatorski profilni kle\u0161\u010de - Wilhelm Hundt GmbH","robots":{"index":"index","follow":"follow","max-snippet":"max-snippet:-1","max-image-preview":"max-image-preview:large","max-video-preview":"max-video-preview:-1"},"canonical":"https:\/\/hundtgroup.com\/sl\/produkt\/trumpf-trutool-pn-201-18v-40ah-akumulatorski-profilni-klesce\/","og_locale":"sl_SI","og_type":"article","og_title":"TRUMPF TruTool PN 201 18V 4,0Ah akumulatorski profilni kle\u0161\u010de - Wilhelm Hundt GmbH","og_description":"Rezanje plo\u010devine do 2 mm Stroj z dolgim orodjem za obdelavo profilov globine do 162 mm ter profilov C, L in U. Primeren tudi za valovito plo\u010devino. Idealen za te\u017eko dostopna mesta. Sprememba smeri rezanja v nekaj sekundah &#8211; vrti se za 360\u00b0. Neomejeno vogalno rezanje zaradi votlega okroglega udarca. Nizka sila podajanja, brez popa\u010denja, [&hellip;]","og_url":"https:\/\/hundtgroup.com\/sl\/produkt\/trumpf-trutool-pn-201-18v-40ah-akumulatorski-profilni-klesce\/","og_site_name":"Wilhelm Hundt GmbH","article_modified_time":"2025-07-29T08:20:53+00:00","og_image":[{"width":467,"height":600,"url":"https:\/\/hundtgroup.com\/wp-content\/uploads\/352012.png","type":"image\/png"}],"twitter_card":"summary_large_image","twitter_misc":{"Est. reading time":"1 minuta"},"schema":{"@context":"https:\/\/schema.org","@graph":[{"@type":"WebPage","@id":"https:\/\/hundtgroup.com\/sl\/produkt\/trumpf-trutool-pn-201-18v-40ah-akumulatorski-profilni-klesce\/","url":"https:\/\/hundtgroup.com\/sl\/produkt\/trumpf-trutool-pn-201-18v-40ah-akumulatorski-profilni-klesce\/","name":"TRUMPF TruTool PN 201 18V 4,0Ah akumulatorski profilni kle\u0161\u010de - Wilhelm Hundt GmbH","isPartOf":{"@id":"https:\/\/hundtgroup.com\/sl\/#website"},"primaryImageOfPage":{"@id":"https:\/\/hundtgroup.com\/sl\/produkt\/trumpf-trutool-pn-201-18v-40ah-akumulatorski-profilni-klesce\/#primaryimage"},"image":{"@id":"https:\/\/hundtgroup.com\/sl\/produkt\/trumpf-trutool-pn-201-18v-40ah-akumulatorski-profilni-klesce\/#primaryimage"},"thumbnailUrl":"https:\/\/hundtgroup.com\/wp-content\/uploads\/352012.png","datePublished":"2022-08-23T13:56:03+00:00","dateModified":"2025-07-29T08:20:53+00:00","breadcrumb":{"@id":"https:\/\/hundtgroup.com\/sl\/produkt\/trumpf-trutool-pn-201-18v-40ah-akumulatorski-profilni-klesce\/#breadcrumb"},"inLanguage":"sl-SI","potentialAction":[{"@type":"ReadAction","target":["https:\/\/hundtgroup.com\/sl\/produkt\/trumpf-trutool-pn-201-18v-40ah-akumulatorski-profilni-klesce\/"]}]},{"@type":"ImageObject","inLanguage":"sl-SI","@id":"https:\/\/hundtgroup.com\/sl\/produkt\/trumpf-trutool-pn-201-18v-40ah-akumulatorski-profilni-klesce\/#primaryimage","url":"https:\/\/hundtgroup.com\/wp-content\/uploads\/352012.png","contentUrl":"https:\/\/hundtgroup.com\/wp-content\/uploads\/352012.png","width":467,"height":600},{"@type":"BreadcrumbList","@id":"https:\/\/hundtgroup.com\/sl\/produkt\/trumpf-trutool-pn-201-18v-40ah-akumulatorski-profilni-klesce\/#breadcrumb","itemListElement":[{"@type":"ListItem","position":1,"name":"Startseite","item":"https:\/\/hundtgroup.com\/sl\/domov-novo\/"},{"@type":"ListItem","position":2,"name":"Trgovina","item":"https:\/\/hundtgroup.com\/trgovina\/"},{"@type":"ListItem","position":3,"name":"TRUMPF TruTool PN 201 18V 4,0Ah akumulatorski profilni kle\u0161\u010de"}]},{"@type":"WebSite","@id":"https:\/\/hundtgroup.com\/sl\/#website","url":"https:\/\/hundtgroup.com\/sl\/","name":"Wilhelm Hundt GmbH","description":"Va\u0161 specialist za stroje in orodja za obdelavo plo\u010devine","potentialAction":[{"@type":"SearchAction","target":{"@type":"EntryPoint","urlTemplate":"https:\/\/hundtgroup.com\/sl\/?s={search_term_string}"},"query-input":{"@type":"PropertyValueSpecification","valueRequired":true,"valueName":"search_term_string"}}],"inLanguage":"sl-SI"}]}},"_links":{"self":[{"href":"https:\/\/hundtgroup.com\/sl\/wp-json\/wp\/v2\/product\/27713","targetHints":{"allow":["GET"]}}],"collection":[{"href":"https:\/\/hundtgroup.com\/sl\/wp-json\/wp\/v2\/product"}],"about":[{"href":"https:\/\/hundtgroup.com\/sl\/wp-json\/wp\/v2\/types\/product"}],"wp:featuredmedia":[{"embeddable":true,"href":"https:\/\/hundtgroup.com\/sl\/wp-json\/wp\/v2\/media\/27714"}],"wp:attachment":[{"href":"https:\/\/hundtgroup.com\/sl\/wp-json\/wp\/v2\/media?parent=27713"}],"wp:term":[{"taxonomy":"product_cat","embeddable":true,"href":"https:\/\/hundtgroup.com\/sl\/wp-json\/wp\/v2\/product_cat?post=27713"},{"taxonomy":"product_tag","embeddable":true,"href":"https:\/\/hundtgroup.com\/sl\/wp-json\/wp\/v2\/product_tag?post=27713"}],"curies":[{"name":"wp","href":"https:\/\/api.w.org\/{rel}","templated":true}]}}