{"id":28218,"date":"2022-08-23T15:56:03","date_gmt":"2022-08-23T13:56:03","guid":{"rendered":"https:\/\/hundtgroup.com\/produkt\/varilni-robovi-trutool-tkf-700-30\/"},"modified":"2025-07-29T10:18:44","modified_gmt":"2025-07-29T08:18:44","slug":"varilni-robovi-trutool-tkf-700-30","status":"publish","type":"product","link":"https:\/\/hundtgroup.com\/sl\/produkt\/varilni-robovi-trutool-tkf-700-30\/","title":{"rendered":"Varilni robovi TruTool TKF 700 30\u00b0"},"content":{"rendered":"<p>TKF 700 se lahko uporablja povsod, kjer je treba uporabiti pripravo varilnih robov v obliki \u010drk K, V, X in Y. In to ne le na ravnih plo\u010devinah, temve\u010d tudi na ceveh.<br \/>\nVelikost po\u0161evnega roba in debelino plo\u010devine lahko nastavite enostavno in brez orodja. Nosilec orodja lahko v nekaj sekundah obrnete v eno od treh smeri obdelave.<br \/>\nZaradi majhne te\u017ee lahko TKF 700 uporabljate v navpi\u010dnem, vodoravnem ali zgornjem polo\u017eaju. Napravo lahko uporabljate ro\u010dno ali stacionarno.<br \/>\nZvarnih \u0161ivov lahko nana\u0161ate ne le na ravno plo\u010devino, temve\u010d tudi na cevi, notranje izreze in ukrivljene robove.<br \/>\nObdelava cevi od notranjega premera 80 mm, notranjih izrezov od premera 90 mm in ukrivljenih robov s polmerom od 40 mm<br \/>\nNaprava za oblikovanje varilnih robov se uporablja v kovinarskih delavnicah, v jeklarstvu in strojni\u0161tvu, pri gradnji plovil in vagonov.   <\/p>\n","protected":false},"excerpt":{"rendered":"<p>TKF 700 se lahko uporablja povsod, kjer je treba uporabiti pripravo varilnih robov v obliki \u010drk K, V, X in Y. In to ne le na ravnih plo\u010devinah, temve\u010d tudi na ceveh. Velikost po\u0161evnega roba in debelino plo\u010devine lahko nastavite enostavno in brez orodja. Nosilec orodja lahko v nekaj sekundah obrnete v eno od treh [&hellip;]<\/p>\n","protected":false},"featured_media":27961,"template":"","meta":{"_acf_changed":false,"inline_featured_image":false},"product_cat":[652,2076],"product_tag":[],"class_list":{"0":"post-28218","1":"product","2":"type-product","3":"status-publish","4":"has-post-thumbnail","6":"brand-trumpf","7":"product_cat-elektricna-orodja","8":"product_cat-oblikovalec-varilnega-roba-sl","10":"first","11":"instock","12":"sale","13":"taxable","14":"shipping-taxable","15":"purchasable","16":"product-type-simple","17":"add-to-wishlist-before_image"},"acf":[],"yoast_head":"<!-- This site is optimized with the Yoast SEO plugin v27.3 - https:\/\/yoast.com\/product\/yoast-seo-wordpress\/ -->\n<title>Varilni robovi TruTool TKF 700 30\u00b0 - Wilhelm Hundt GmbH<\/title>\n<meta name=\"robots\" content=\"index, follow, max-snippet:-1, max-image-preview:large, max-video-preview:-1\" \/>\n<link rel=\"canonical\" href=\"https:\/\/hundtgroup.com\/sl\/produkt\/varilni-robovi-trutool-tkf-700-30\/\" \/>\n<meta property=\"og:locale\" content=\"sl_SI\" \/>\n<meta property=\"og:type\" content=\"article\" \/>\n<meta property=\"og:title\" content=\"Varilni robovi TruTool TKF 700 30\u00b0 - Wilhelm Hundt GmbH\" \/>\n<meta property=\"og:description\" content=\"TKF 700 se lahko uporablja povsod, kjer je treba uporabiti pripravo varilnih robov v obliki \u010drk K, V, X in Y. In to ne le na ravnih plo\u010devinah, temve\u010d tudi na ceveh. Velikost po\u0161evnega roba in debelino plo\u010devine lahko nastavite enostavno in brez orodja. Nosilec orodja lahko v nekaj sekundah obrnete v eno od treh [&hellip;]\" \/>\n<meta property=\"og:url\" content=\"https:\/\/hundtgroup.com\/sl\/produkt\/varilni-robovi-trutool-tkf-700-30\/\" \/>\n<meta property=\"og:site_name\" content=\"Wilhelm Hundt GmbH\" \/>\n<meta property=\"article:modified_time\" content=\"2025-07-29T08:18:44+00:00\" \/>\n<meta property=\"og:image\" content=\"https:\/\/hundtgroup.com\/wp-content\/uploads\/351649-scaled.jpg\" \/>\n\t<meta property=\"og:image:width\" content=\"2560\" \/>\n\t<meta property=\"og:image:height\" content=\"1810\" \/>\n\t<meta property=\"og:image:type\" content=\"image\/jpeg\" \/>\n<meta name=\"twitter:card\" content=\"summary_large_image\" \/>\n<meta name=\"twitter:label1\" content=\"Est. reading time\" \/>\n\t<meta name=\"twitter:data1\" content=\"1 minuta\" \/>\n<script type=\"application\/ld+json\" class=\"yoast-schema-graph\">{\"@context\":\"https:\\\/\\\/schema.org\",\"@graph\":[{\"@type\":\"WebPage\",\"@id\":\"https:\\\/\\\/hundtgroup.com\\\/sl\\\/produkt\\\/varilni-robovi-trutool-tkf-700-30\\\/\",\"url\":\"https:\\\/\\\/hundtgroup.com\\\/sl\\\/produkt\\\/varilni-robovi-trutool-tkf-700-30\\\/\",\"name\":\"Varilni robovi TruTool TKF 700 30\u00b0 - Wilhelm Hundt GmbH\",\"isPartOf\":{\"@id\":\"https:\\\/\\\/hundtgroup.com\\\/sl\\\/#website\"},\"primaryImageOfPage\":{\"@id\":\"https:\\\/\\\/hundtgroup.com\\\/sl\\\/produkt\\\/varilni-robovi-trutool-tkf-700-30\\\/#primaryimage\"},\"image\":{\"@id\":\"https:\\\/\\\/hundtgroup.com\\\/sl\\\/produkt\\\/varilni-robovi-trutool-tkf-700-30\\\/#primaryimage\"},\"thumbnailUrl\":\"https:\\\/\\\/hundtgroup.com\\\/wp-content\\\/uploads\\\/351649-scaled.jpg\",\"datePublished\":\"2022-08-23T13:56:03+00:00\",\"dateModified\":\"2025-07-29T08:18:44+00:00\",\"breadcrumb\":{\"@id\":\"https:\\\/\\\/hundtgroup.com\\\/sl\\\/produkt\\\/varilni-robovi-trutool-tkf-700-30\\\/#breadcrumb\"},\"inLanguage\":\"sl-SI\",\"potentialAction\":[{\"@type\":\"ReadAction\",\"target\":[\"https:\\\/\\\/hundtgroup.com\\\/sl\\\/produkt\\\/varilni-robovi-trutool-tkf-700-30\\\/\"]}]},{\"@type\":\"ImageObject\",\"inLanguage\":\"sl-SI\",\"@id\":\"https:\\\/\\\/hundtgroup.com\\\/sl\\\/produkt\\\/varilni-robovi-trutool-tkf-700-30\\\/#primaryimage\",\"url\":\"https:\\\/\\\/hundtgroup.com\\\/wp-content\\\/uploads\\\/351649-scaled.jpg\",\"contentUrl\":\"https:\\\/\\\/hundtgroup.com\\\/wp-content\\\/uploads\\\/351649-scaled.jpg\",\"width\":2560,\"height\":1810},{\"@type\":\"BreadcrumbList\",\"@id\":\"https:\\\/\\\/hundtgroup.com\\\/sl\\\/produkt\\\/varilni-robovi-trutool-tkf-700-30\\\/#breadcrumb\",\"itemListElement\":[{\"@type\":\"ListItem\",\"position\":1,\"name\":\"Startseite\",\"item\":\"https:\\\/\\\/hundtgroup.com\\\/sl\\\/domov-novo\\\/\"},{\"@type\":\"ListItem\",\"position\":2,\"name\":\"Trgovina\",\"item\":\"https:\\\/\\\/hundtgroup.com\\\/trgovina\\\/\"},{\"@type\":\"ListItem\",\"position\":3,\"name\":\"Varilni robovi TruTool TKF 700 30\u00b0\"}]},{\"@type\":\"WebSite\",\"@id\":\"https:\\\/\\\/hundtgroup.com\\\/sl\\\/#website\",\"url\":\"https:\\\/\\\/hundtgroup.com\\\/sl\\\/\",\"name\":\"Wilhelm Hundt GmbH\",\"description\":\"Va\u0161 specialist za stroje in orodja za obdelavo plo\u010devine\",\"potentialAction\":[{\"@type\":\"SearchAction\",\"target\":{\"@type\":\"EntryPoint\",\"urlTemplate\":\"https:\\\/\\\/hundtgroup.com\\\/sl\\\/?s={search_term_string}\"},\"query-input\":{\"@type\":\"PropertyValueSpecification\",\"valueRequired\":true,\"valueName\":\"search_term_string\"}}],\"inLanguage\":\"sl-SI\"}]}<\/script>\n<!-- \/ Yoast SEO plugin. -->","yoast_head_json":{"title":"Varilni robovi TruTool TKF 700 30\u00b0 - Wilhelm Hundt GmbH","robots":{"index":"index","follow":"follow","max-snippet":"max-snippet:-1","max-image-preview":"max-image-preview:large","max-video-preview":"max-video-preview:-1"},"canonical":"https:\/\/hundtgroup.com\/sl\/produkt\/varilni-robovi-trutool-tkf-700-30\/","og_locale":"sl_SI","og_type":"article","og_title":"Varilni robovi TruTool TKF 700 30\u00b0 - Wilhelm Hundt GmbH","og_description":"TKF 700 se lahko uporablja povsod, kjer je treba uporabiti pripravo varilnih robov v obliki \u010drk K, V, X in Y. In to ne le na ravnih plo\u010devinah, temve\u010d tudi na ceveh. Velikost po\u0161evnega roba in debelino plo\u010devine lahko nastavite enostavno in brez orodja. Nosilec orodja lahko v nekaj sekundah obrnete v eno od treh [&hellip;]","og_url":"https:\/\/hundtgroup.com\/sl\/produkt\/varilni-robovi-trutool-tkf-700-30\/","og_site_name":"Wilhelm Hundt GmbH","article_modified_time":"2025-07-29T08:18:44+00:00","og_image":[{"width":2560,"height":1810,"url":"https:\/\/hundtgroup.com\/wp-content\/uploads\/351649-scaled.jpg","type":"image\/jpeg"}],"twitter_card":"summary_large_image","twitter_misc":{"Est. reading time":"1 minuta"},"schema":{"@context":"https:\/\/schema.org","@graph":[{"@type":"WebPage","@id":"https:\/\/hundtgroup.com\/sl\/produkt\/varilni-robovi-trutool-tkf-700-30\/","url":"https:\/\/hundtgroup.com\/sl\/produkt\/varilni-robovi-trutool-tkf-700-30\/","name":"Varilni robovi TruTool TKF 700 30\u00b0 - Wilhelm Hundt GmbH","isPartOf":{"@id":"https:\/\/hundtgroup.com\/sl\/#website"},"primaryImageOfPage":{"@id":"https:\/\/hundtgroup.com\/sl\/produkt\/varilni-robovi-trutool-tkf-700-30\/#primaryimage"},"image":{"@id":"https:\/\/hundtgroup.com\/sl\/produkt\/varilni-robovi-trutool-tkf-700-30\/#primaryimage"},"thumbnailUrl":"https:\/\/hundtgroup.com\/wp-content\/uploads\/351649-scaled.jpg","datePublished":"2022-08-23T13:56:03+00:00","dateModified":"2025-07-29T08:18:44+00:00","breadcrumb":{"@id":"https:\/\/hundtgroup.com\/sl\/produkt\/varilni-robovi-trutool-tkf-700-30\/#breadcrumb"},"inLanguage":"sl-SI","potentialAction":[{"@type":"ReadAction","target":["https:\/\/hundtgroup.com\/sl\/produkt\/varilni-robovi-trutool-tkf-700-30\/"]}]},{"@type":"ImageObject","inLanguage":"sl-SI","@id":"https:\/\/hundtgroup.com\/sl\/produkt\/varilni-robovi-trutool-tkf-700-30\/#primaryimage","url":"https:\/\/hundtgroup.com\/wp-content\/uploads\/351649-scaled.jpg","contentUrl":"https:\/\/hundtgroup.com\/wp-content\/uploads\/351649-scaled.jpg","width":2560,"height":1810},{"@type":"BreadcrumbList","@id":"https:\/\/hundtgroup.com\/sl\/produkt\/varilni-robovi-trutool-tkf-700-30\/#breadcrumb","itemListElement":[{"@type":"ListItem","position":1,"name":"Startseite","item":"https:\/\/hundtgroup.com\/sl\/domov-novo\/"},{"@type":"ListItem","position":2,"name":"Trgovina","item":"https:\/\/hundtgroup.com\/trgovina\/"},{"@type":"ListItem","position":3,"name":"Varilni robovi TruTool TKF 700 30\u00b0"}]},{"@type":"WebSite","@id":"https:\/\/hundtgroup.com\/sl\/#website","url":"https:\/\/hundtgroup.com\/sl\/","name":"Wilhelm Hundt GmbH","description":"Va\u0161 specialist za stroje in orodja za obdelavo plo\u010devine","potentialAction":[{"@type":"SearchAction","target":{"@type":"EntryPoint","urlTemplate":"https:\/\/hundtgroup.com\/sl\/?s={search_term_string}"},"query-input":{"@type":"PropertyValueSpecification","valueRequired":true,"valueName":"search_term_string"}}],"inLanguage":"sl-SI"}]}},"_links":{"self":[{"href":"https:\/\/hundtgroup.com\/sl\/wp-json\/wp\/v2\/product\/28218","targetHints":{"allow":["GET"]}}],"collection":[{"href":"https:\/\/hundtgroup.com\/sl\/wp-json\/wp\/v2\/product"}],"about":[{"href":"https:\/\/hundtgroup.com\/sl\/wp-json\/wp\/v2\/types\/product"}],"wp:featuredmedia":[{"embeddable":true,"href":"https:\/\/hundtgroup.com\/sl\/wp-json\/wp\/v2\/media\/27961"}],"wp:attachment":[{"href":"https:\/\/hundtgroup.com\/sl\/wp-json\/wp\/v2\/media?parent=28218"}],"wp:term":[{"taxonomy":"product_cat","embeddable":true,"href":"https:\/\/hundtgroup.com\/sl\/wp-json\/wp\/v2\/product_cat?post=28218"},{"taxonomy":"product_tag","embeddable":true,"href":"https:\/\/hundtgroup.com\/sl\/wp-json\/wp\/v2\/product_tag?post=28218"}],"curies":[{"name":"wp","href":"https:\/\/api.w.org\/{rel}","templated":true}]}}