{"id":28259,"date":"2022-08-23T15:56:03","date_gmt":"2022-08-23T13:56:03","guid":{"rendered":"https:\/\/hundtgroup.com\/produkt\/trutool-tf-350-18v-40ah-akumulatorska-stiskalnica-za-spajanje-brez-orodja\/"},"modified":"2025-07-29T10:16:45","modified_gmt":"2025-07-29T08:16:45","slug":"trutool-tf-350-18v-40ah-akumulatorska-stiskalnica-za-spajanje-brez-orodja","status":"publish","type":"product","link":"https:\/\/hundtgroup.com\/sl\/produkt\/trutool-tf-350-18v-40ah-akumulatorska-stiskalnica-za-spajanje-brez-orodja\/","title":{"rendered":"TruTool TF 350 18V 4,0Ah akumulatorska stiskalnica za spajanje (brez orodja)"},"content":{"rendered":"<p>Trajno spajanje obdelovancev v eni operaciji za debeline materialov od 0,8 do 4 mm.<br \/>\nNi potrebe po vijakih ali zakovicah: prihranek pri stro\u0161kih in poenostavljeno rokovanje.<br \/>\nOblikovno prilegajo\u010de se spojne to\u010dke, odporne proti koroziji.<br \/>\nHitro zaporedje hodov &#8211; do dve spojni to\u010dki na sekundo.<br \/>\nKakovost spajanja je neodvisna od prevle\u010denih ali neprevle\u010denih povr\u0161in.<br \/>\nDo 60 % ve\u010d energije baterije zaradi tehnologije PowerHead in brezkrta\u010dnega motorja.<br \/>\nMehak ro\u010daj za delo z nizkimi vibracijami.<\/p>\n<p>Spojne to\u010dke (FP) na polnjenje baterije (blago jeklo 400 N\/mm\u00b2):<br \/>\n3,5 mm: s 4 Ah: 1 200 FP<br \/>\n2,0 mm: s 4 Ah: 2 100 FP<\/p>\n","protected":false},"excerpt":{"rendered":"<p>Trajno spajanje obdelovancev v eni operaciji za debeline materialov od 0,8 do 4 mm. Ni potrebe po vijakih ali zakovicah: prihranek pri stro\u0161kih in poenostavljeno rokovanje. Oblikovno prilegajo\u010de se spojne to\u010dke, odporne proti koroziji. Hitro zaporedje hodov &#8211; do dve spojni to\u010dki na sekundo. Kakovost spajanja je neodvisna od prevle\u010denih ali neprevle\u010denih povr\u0161in. Do 60 [&hellip;]<\/p>\n","protected":false},"featured_media":28260,"template":"","meta":{"_acf_changed":false,"inline_featured_image":false},"product_cat":[686,2074],"product_tag":[],"class_list":{"0":"post-28259","1":"product","2":"type-product","3":"status-publish","4":"has-post-thumbnail","6":"brand-trumpf","7":"product_cat-orodja-z-baterijami","8":"product_cat-stiskalnice-za-spajanje-sl","10":"first","11":"instock","12":"sale","13":"taxable","14":"shipping-taxable","15":"purchasable","16":"product-type-simple","17":"add-to-wishlist-before_image"},"acf":[],"yoast_head":"<!-- This site is optimized with the Yoast SEO plugin v27.3 - https:\/\/yoast.com\/product\/yoast-seo-wordpress\/ -->\n<title>TruTool TF 350 18V 4,0Ah akumulatorska stiskalnica za spajanje (brez orodja) - Wilhelm Hundt GmbH<\/title>\n<meta name=\"robots\" content=\"index, follow, max-snippet:-1, max-image-preview:large, max-video-preview:-1\" \/>\n<link rel=\"canonical\" href=\"https:\/\/hundtgroup.com\/sl\/produkt\/trutool-tf-350-18v-40ah-akumulatorska-stiskalnica-za-spajanje-brez-orodja\/\" \/>\n<meta property=\"og:locale\" content=\"sl_SI\" \/>\n<meta property=\"og:type\" content=\"article\" \/>\n<meta property=\"og:title\" content=\"TruTool TF 350 18V 4,0Ah akumulatorska stiskalnica za spajanje (brez orodja) - Wilhelm Hundt GmbH\" \/>\n<meta property=\"og:description\" content=\"Trajno spajanje obdelovancev v eni operaciji za debeline materialov od 0,8 do 4 mm. Ni potrebe po vijakih ali zakovicah: prihranek pri stro\u0161kih in poenostavljeno rokovanje. Oblikovno prilegajo\u010de se spojne to\u010dke, odporne proti koroziji. Hitro zaporedje hodov &#8211; do dve spojni to\u010dki na sekundo. Kakovost spajanja je neodvisna od prevle\u010denih ali neprevle\u010denih povr\u0161in. Do 60 [&hellip;]\" \/>\n<meta property=\"og:url\" content=\"https:\/\/hundtgroup.com\/sl\/produkt\/trutool-tf-350-18v-40ah-akumulatorska-stiskalnica-za-spajanje-brez-orodja\/\" \/>\n<meta property=\"og:site_name\" content=\"Wilhelm Hundt GmbH\" \/>\n<meta property=\"article:modified_time\" content=\"2025-07-29T08:16:45+00:00\" \/>\n<meta property=\"og:image\" content=\"https:\/\/hundtgroup.com\/wp-content\/uploads\/352015.jpg\" \/>\n\t<meta property=\"og:image:width\" content=\"605\" \/>\n\t<meta property=\"og:image:height\" content=\"826\" \/>\n\t<meta property=\"og:image:type\" content=\"image\/jpeg\" \/>\n<meta name=\"twitter:card\" content=\"summary_large_image\" \/>\n<script type=\"application\/ld+json\" class=\"yoast-schema-graph\">{\"@context\":\"https:\\\/\\\/schema.org\",\"@graph\":[{\"@type\":\"WebPage\",\"@id\":\"https:\\\/\\\/hundtgroup.com\\\/sl\\\/produkt\\\/trutool-tf-350-18v-40ah-akumulatorska-stiskalnica-za-spajanje-brez-orodja\\\/\",\"url\":\"https:\\\/\\\/hundtgroup.com\\\/sl\\\/produkt\\\/trutool-tf-350-18v-40ah-akumulatorska-stiskalnica-za-spajanje-brez-orodja\\\/\",\"name\":\"TruTool TF 350 18V 4,0Ah akumulatorska stiskalnica za spajanje (brez orodja) - Wilhelm Hundt GmbH\",\"isPartOf\":{\"@id\":\"https:\\\/\\\/hundtgroup.com\\\/sl\\\/#website\"},\"primaryImageOfPage\":{\"@id\":\"https:\\\/\\\/hundtgroup.com\\\/sl\\\/produkt\\\/trutool-tf-350-18v-40ah-akumulatorska-stiskalnica-za-spajanje-brez-orodja\\\/#primaryimage\"},\"image\":{\"@id\":\"https:\\\/\\\/hundtgroup.com\\\/sl\\\/produkt\\\/trutool-tf-350-18v-40ah-akumulatorska-stiskalnica-za-spajanje-brez-orodja\\\/#primaryimage\"},\"thumbnailUrl\":\"https:\\\/\\\/hundtgroup.com\\\/wp-content\\\/uploads\\\/352015.jpg\",\"datePublished\":\"2022-08-23T13:56:03+00:00\",\"dateModified\":\"2025-07-29T08:16:45+00:00\",\"breadcrumb\":{\"@id\":\"https:\\\/\\\/hundtgroup.com\\\/sl\\\/produkt\\\/trutool-tf-350-18v-40ah-akumulatorska-stiskalnica-za-spajanje-brez-orodja\\\/#breadcrumb\"},\"inLanguage\":\"sl-SI\",\"potentialAction\":[{\"@type\":\"ReadAction\",\"target\":[\"https:\\\/\\\/hundtgroup.com\\\/sl\\\/produkt\\\/trutool-tf-350-18v-40ah-akumulatorska-stiskalnica-za-spajanje-brez-orodja\\\/\"]}]},{\"@type\":\"ImageObject\",\"inLanguage\":\"sl-SI\",\"@id\":\"https:\\\/\\\/hundtgroup.com\\\/sl\\\/produkt\\\/trutool-tf-350-18v-40ah-akumulatorska-stiskalnica-za-spajanje-brez-orodja\\\/#primaryimage\",\"url\":\"https:\\\/\\\/hundtgroup.com\\\/wp-content\\\/uploads\\\/352015.jpg\",\"contentUrl\":\"https:\\\/\\\/hundtgroup.com\\\/wp-content\\\/uploads\\\/352015.jpg\",\"width\":605,\"height\":826},{\"@type\":\"BreadcrumbList\",\"@id\":\"https:\\\/\\\/hundtgroup.com\\\/sl\\\/produkt\\\/trutool-tf-350-18v-40ah-akumulatorska-stiskalnica-za-spajanje-brez-orodja\\\/#breadcrumb\",\"itemListElement\":[{\"@type\":\"ListItem\",\"position\":1,\"name\":\"Startseite\",\"item\":\"https:\\\/\\\/hundtgroup.com\\\/sl\\\/domov-novo\\\/\"},{\"@type\":\"ListItem\",\"position\":2,\"name\":\"Trgovina\",\"item\":\"https:\\\/\\\/hundtgroup.com\\\/trgovina\\\/\"},{\"@type\":\"ListItem\",\"position\":3,\"name\":\"TruTool TF 350 18V 4,0Ah akumulatorska stiskalnica za spajanje (brez orodja)\"}]},{\"@type\":\"WebSite\",\"@id\":\"https:\\\/\\\/hundtgroup.com\\\/sl\\\/#website\",\"url\":\"https:\\\/\\\/hundtgroup.com\\\/sl\\\/\",\"name\":\"Wilhelm Hundt GmbH\",\"description\":\"Va\u0161 specialist za stroje in orodja za obdelavo plo\u010devine\",\"potentialAction\":[{\"@type\":\"SearchAction\",\"target\":{\"@type\":\"EntryPoint\",\"urlTemplate\":\"https:\\\/\\\/hundtgroup.com\\\/sl\\\/?s={search_term_string}\"},\"query-input\":{\"@type\":\"PropertyValueSpecification\",\"valueRequired\":true,\"valueName\":\"search_term_string\"}}],\"inLanguage\":\"sl-SI\"}]}<\/script>\n<!-- \/ Yoast SEO plugin. -->","yoast_head_json":{"title":"TruTool TF 350 18V 4,0Ah akumulatorska stiskalnica za spajanje (brez orodja) - Wilhelm Hundt GmbH","robots":{"index":"index","follow":"follow","max-snippet":"max-snippet:-1","max-image-preview":"max-image-preview:large","max-video-preview":"max-video-preview:-1"},"canonical":"https:\/\/hundtgroup.com\/sl\/produkt\/trutool-tf-350-18v-40ah-akumulatorska-stiskalnica-za-spajanje-brez-orodja\/","og_locale":"sl_SI","og_type":"article","og_title":"TruTool TF 350 18V 4,0Ah akumulatorska stiskalnica za spajanje (brez orodja) - Wilhelm Hundt GmbH","og_description":"Trajno spajanje obdelovancev v eni operaciji za debeline materialov od 0,8 do 4 mm. Ni potrebe po vijakih ali zakovicah: prihranek pri stro\u0161kih in poenostavljeno rokovanje. Oblikovno prilegajo\u010de se spojne to\u010dke, odporne proti koroziji. Hitro zaporedje hodov &#8211; do dve spojni to\u010dki na sekundo. Kakovost spajanja je neodvisna od prevle\u010denih ali neprevle\u010denih povr\u0161in. Do 60 [&hellip;]","og_url":"https:\/\/hundtgroup.com\/sl\/produkt\/trutool-tf-350-18v-40ah-akumulatorska-stiskalnica-za-spajanje-brez-orodja\/","og_site_name":"Wilhelm Hundt GmbH","article_modified_time":"2025-07-29T08:16:45+00:00","og_image":[{"width":605,"height":826,"url":"https:\/\/hundtgroup.com\/wp-content\/uploads\/352015.jpg","type":"image\/jpeg"}],"twitter_card":"summary_large_image","schema":{"@context":"https:\/\/schema.org","@graph":[{"@type":"WebPage","@id":"https:\/\/hundtgroup.com\/sl\/produkt\/trutool-tf-350-18v-40ah-akumulatorska-stiskalnica-za-spajanje-brez-orodja\/","url":"https:\/\/hundtgroup.com\/sl\/produkt\/trutool-tf-350-18v-40ah-akumulatorska-stiskalnica-za-spajanje-brez-orodja\/","name":"TruTool TF 350 18V 4,0Ah akumulatorska stiskalnica za spajanje (brez orodja) - Wilhelm Hundt GmbH","isPartOf":{"@id":"https:\/\/hundtgroup.com\/sl\/#website"},"primaryImageOfPage":{"@id":"https:\/\/hundtgroup.com\/sl\/produkt\/trutool-tf-350-18v-40ah-akumulatorska-stiskalnica-za-spajanje-brez-orodja\/#primaryimage"},"image":{"@id":"https:\/\/hundtgroup.com\/sl\/produkt\/trutool-tf-350-18v-40ah-akumulatorska-stiskalnica-za-spajanje-brez-orodja\/#primaryimage"},"thumbnailUrl":"https:\/\/hundtgroup.com\/wp-content\/uploads\/352015.jpg","datePublished":"2022-08-23T13:56:03+00:00","dateModified":"2025-07-29T08:16:45+00:00","breadcrumb":{"@id":"https:\/\/hundtgroup.com\/sl\/produkt\/trutool-tf-350-18v-40ah-akumulatorska-stiskalnica-za-spajanje-brez-orodja\/#breadcrumb"},"inLanguage":"sl-SI","potentialAction":[{"@type":"ReadAction","target":["https:\/\/hundtgroup.com\/sl\/produkt\/trutool-tf-350-18v-40ah-akumulatorska-stiskalnica-za-spajanje-brez-orodja\/"]}]},{"@type":"ImageObject","inLanguage":"sl-SI","@id":"https:\/\/hundtgroup.com\/sl\/produkt\/trutool-tf-350-18v-40ah-akumulatorska-stiskalnica-za-spajanje-brez-orodja\/#primaryimage","url":"https:\/\/hundtgroup.com\/wp-content\/uploads\/352015.jpg","contentUrl":"https:\/\/hundtgroup.com\/wp-content\/uploads\/352015.jpg","width":605,"height":826},{"@type":"BreadcrumbList","@id":"https:\/\/hundtgroup.com\/sl\/produkt\/trutool-tf-350-18v-40ah-akumulatorska-stiskalnica-za-spajanje-brez-orodja\/#breadcrumb","itemListElement":[{"@type":"ListItem","position":1,"name":"Startseite","item":"https:\/\/hundtgroup.com\/sl\/domov-novo\/"},{"@type":"ListItem","position":2,"name":"Trgovina","item":"https:\/\/hundtgroup.com\/trgovina\/"},{"@type":"ListItem","position":3,"name":"TruTool TF 350 18V 4,0Ah akumulatorska stiskalnica za spajanje (brez orodja)"}]},{"@type":"WebSite","@id":"https:\/\/hundtgroup.com\/sl\/#website","url":"https:\/\/hundtgroup.com\/sl\/","name":"Wilhelm Hundt GmbH","description":"Va\u0161 specialist za stroje in orodja za obdelavo plo\u010devine","potentialAction":[{"@type":"SearchAction","target":{"@type":"EntryPoint","urlTemplate":"https:\/\/hundtgroup.com\/sl\/?s={search_term_string}"},"query-input":{"@type":"PropertyValueSpecification","valueRequired":true,"valueName":"search_term_string"}}],"inLanguage":"sl-SI"}]}},"_links":{"self":[{"href":"https:\/\/hundtgroup.com\/sl\/wp-json\/wp\/v2\/product\/28259","targetHints":{"allow":["GET"]}}],"collection":[{"href":"https:\/\/hundtgroup.com\/sl\/wp-json\/wp\/v2\/product"}],"about":[{"href":"https:\/\/hundtgroup.com\/sl\/wp-json\/wp\/v2\/types\/product"}],"wp:featuredmedia":[{"embeddable":true,"href":"https:\/\/hundtgroup.com\/sl\/wp-json\/wp\/v2\/media\/28260"}],"wp:attachment":[{"href":"https:\/\/hundtgroup.com\/sl\/wp-json\/wp\/v2\/media?parent=28259"}],"wp:term":[{"taxonomy":"product_cat","embeddable":true,"href":"https:\/\/hundtgroup.com\/sl\/wp-json\/wp\/v2\/product_cat?post=28259"},{"taxonomy":"product_tag","embeddable":true,"href":"https:\/\/hundtgroup.com\/sl\/wp-json\/wp\/v2\/product_tag?post=28259"}],"curies":[{"name":"wp","href":"https:\/\/api.w.org\/{rel}","templated":true}]}}