{"id":28330,"date":"2022-08-23T15:56:03","date_gmt":"2022-08-23T13:56:03","guid":{"rendered":"https:\/\/hundtgroup.com\/produkt\/trutool-f-300-1700w-za-krpanje-sivov\/"},"modified":"2025-07-29T10:18:33","modified_gmt":"2025-07-29T08:18:33","slug":"trutool-f-300-1700w-za-krpanje-sivov","status":"publish","type":"product","link":"https:\/\/hundtgroup.com\/sl\/produkt\/trutool-f-300-1700w-za-krpanje-sivov\/","title":{"rendered":"TruTool F 300 1700W za krpanje \u0161ivov"},"content":{"rendered":"<p>Zapiranje \u0161ivov Pittsburgh<br \/>\nEkonomi\u010dno la\u017eno zapiranje neposredno na monta\u017eni postaji<br \/>\nZ mo\u010dnim pogonom in visoko delovno hitrostjo<br \/>\nUporablja se za ravne in ukrivljene kanale od 0,75 mm do 1,25 mm debeline plo\u010devine<br \/>\nZa obdelavo oblikovanih in ukrivljenih kosov ni treba prestavljati orodja<\/p>\n","protected":false},"excerpt":{"rendered":"<p>Zapiranje \u0161ivov Pittsburgh Ekonomi\u010dno la\u017eno zapiranje neposredno na monta\u017eni postaji Z mo\u010dnim pogonom in visoko delovno hitrostjo Uporablja se za ravne in ukrivljene kanale od 0,75 mm do 1,25 mm debeline plo\u010devine Za obdelavo oblikovanih in ukrivljenih kosov ni treba prestavljati orodja<\/p>\n","protected":false},"featured_media":28332,"template":"","meta":{"_acf_changed":false,"inline_featured_image":false},"product_cat":[652,2072],"product_tag":[],"class_list":{"0":"post-28330","1":"product","2":"type-product","3":"status-publish","4":"has-post-thumbnail","6":"brand-trumpf","7":"product_cat-elektricna-orodja","8":"product_cat-tesnejsi-siv","10":"first","11":"instock","12":"sale","13":"taxable","14":"shipping-taxable","15":"purchasable","16":"product-type-simple","17":"add-to-wishlist-before_image"},"acf":[],"yoast_head":"<!-- This site is optimized with the Yoast SEO plugin v27.3 - https:\/\/yoast.com\/product\/yoast-seo-wordpress\/ -->\n<title>TruTool F 300 1700W za krpanje \u0161ivov - Wilhelm Hundt GmbH<\/title>\n<meta name=\"robots\" content=\"index, follow, max-snippet:-1, max-image-preview:large, max-video-preview:-1\" \/>\n<link rel=\"canonical\" href=\"https:\/\/hundtgroup.com\/sl\/produkt\/trutool-f-300-1700w-za-krpanje-sivov\/\" \/>\n<meta property=\"og:locale\" content=\"sl_SI\" \/>\n<meta property=\"og:type\" content=\"article\" \/>\n<meta property=\"og:title\" content=\"TruTool F 300 1700W za krpanje \u0161ivov - Wilhelm Hundt GmbH\" \/>\n<meta property=\"og:description\" content=\"Zapiranje \u0161ivov Pittsburgh Ekonomi\u010dno la\u017eno zapiranje neposredno na monta\u017eni postaji Z mo\u010dnim pogonom in visoko delovno hitrostjo Uporablja se za ravne in ukrivljene kanale od 0,75 mm do 1,25 mm debeline plo\u010devine Za obdelavo oblikovanih in ukrivljenih kosov ni treba prestavljati orodja\" \/>\n<meta property=\"og:url\" content=\"https:\/\/hundtgroup.com\/sl\/produkt\/trutool-f-300-1700w-za-krpanje-sivov\/\" \/>\n<meta property=\"og:site_name\" content=\"Wilhelm Hundt GmbH\" \/>\n<meta property=\"article:modified_time\" content=\"2025-07-29T08:18:33+00:00\" \/>\n<meta property=\"og:image\" content=\"https:\/\/hundtgroup.com\/wp-content\/uploads\/351009.png\" \/>\n\t<meta property=\"og:image:width\" content=\"459\" \/>\n\t<meta property=\"og:image:height\" content=\"592\" \/>\n\t<meta property=\"og:image:type\" content=\"image\/png\" \/>\n<meta name=\"twitter:card\" content=\"summary_large_image\" \/>\n<script type=\"application\/ld+json\" class=\"yoast-schema-graph\">{\"@context\":\"https:\\\/\\\/schema.org\",\"@graph\":[{\"@type\":\"WebPage\",\"@id\":\"https:\\\/\\\/hundtgroup.com\\\/sl\\\/produkt\\\/trutool-f-300-1700w-za-krpanje-sivov\\\/\",\"url\":\"https:\\\/\\\/hundtgroup.com\\\/sl\\\/produkt\\\/trutool-f-300-1700w-za-krpanje-sivov\\\/\",\"name\":\"TruTool F 300 1700W za krpanje \u0161ivov - Wilhelm Hundt GmbH\",\"isPartOf\":{\"@id\":\"https:\\\/\\\/hundtgroup.com\\\/sl\\\/#website\"},\"primaryImageOfPage\":{\"@id\":\"https:\\\/\\\/hundtgroup.com\\\/sl\\\/produkt\\\/trutool-f-300-1700w-za-krpanje-sivov\\\/#primaryimage\"},\"image\":{\"@id\":\"https:\\\/\\\/hundtgroup.com\\\/sl\\\/produkt\\\/trutool-f-300-1700w-za-krpanje-sivov\\\/#primaryimage\"},\"thumbnailUrl\":\"https:\\\/\\\/hundtgroup.com\\\/wp-content\\\/uploads\\\/351009.png\",\"datePublished\":\"2022-08-23T13:56:03+00:00\",\"dateModified\":\"2025-07-29T08:18:33+00:00\",\"breadcrumb\":{\"@id\":\"https:\\\/\\\/hundtgroup.com\\\/sl\\\/produkt\\\/trutool-f-300-1700w-za-krpanje-sivov\\\/#breadcrumb\"},\"inLanguage\":\"sl-SI\",\"potentialAction\":[{\"@type\":\"ReadAction\",\"target\":[\"https:\\\/\\\/hundtgroup.com\\\/sl\\\/produkt\\\/trutool-f-300-1700w-za-krpanje-sivov\\\/\"]}]},{\"@type\":\"ImageObject\",\"inLanguage\":\"sl-SI\",\"@id\":\"https:\\\/\\\/hundtgroup.com\\\/sl\\\/produkt\\\/trutool-f-300-1700w-za-krpanje-sivov\\\/#primaryimage\",\"url\":\"https:\\\/\\\/hundtgroup.com\\\/wp-content\\\/uploads\\\/351009.png\",\"contentUrl\":\"https:\\\/\\\/hundtgroup.com\\\/wp-content\\\/uploads\\\/351009.png\",\"width\":459,\"height\":592},{\"@type\":\"BreadcrumbList\",\"@id\":\"https:\\\/\\\/hundtgroup.com\\\/sl\\\/produkt\\\/trutool-f-300-1700w-za-krpanje-sivov\\\/#breadcrumb\",\"itemListElement\":[{\"@type\":\"ListItem\",\"position\":1,\"name\":\"Startseite\",\"item\":\"https:\\\/\\\/hundtgroup.com\\\/sl\\\/domov-novo\\\/\"},{\"@type\":\"ListItem\",\"position\":2,\"name\":\"Trgovina\",\"item\":\"https:\\\/\\\/hundtgroup.com\\\/trgovina\\\/\"},{\"@type\":\"ListItem\",\"position\":3,\"name\":\"TruTool F 300 1700W za krpanje \u0161ivov\"}]},{\"@type\":\"WebSite\",\"@id\":\"https:\\\/\\\/hundtgroup.com\\\/sl\\\/#website\",\"url\":\"https:\\\/\\\/hundtgroup.com\\\/sl\\\/\",\"name\":\"Wilhelm Hundt GmbH\",\"description\":\"Va\u0161 specialist za stroje in orodja za obdelavo plo\u010devine\",\"potentialAction\":[{\"@type\":\"SearchAction\",\"target\":{\"@type\":\"EntryPoint\",\"urlTemplate\":\"https:\\\/\\\/hundtgroup.com\\\/sl\\\/?s={search_term_string}\"},\"query-input\":{\"@type\":\"PropertyValueSpecification\",\"valueRequired\":true,\"valueName\":\"search_term_string\"}}],\"inLanguage\":\"sl-SI\"}]}<\/script>\n<!-- \/ Yoast SEO plugin. -->","yoast_head_json":{"title":"TruTool F 300 1700W za krpanje \u0161ivov - Wilhelm Hundt GmbH","robots":{"index":"index","follow":"follow","max-snippet":"max-snippet:-1","max-image-preview":"max-image-preview:large","max-video-preview":"max-video-preview:-1"},"canonical":"https:\/\/hundtgroup.com\/sl\/produkt\/trutool-f-300-1700w-za-krpanje-sivov\/","og_locale":"sl_SI","og_type":"article","og_title":"TruTool F 300 1700W za krpanje \u0161ivov - Wilhelm Hundt GmbH","og_description":"Zapiranje \u0161ivov Pittsburgh Ekonomi\u010dno la\u017eno zapiranje neposredno na monta\u017eni postaji Z mo\u010dnim pogonom in visoko delovno hitrostjo Uporablja se za ravne in ukrivljene kanale od 0,75 mm do 1,25 mm debeline plo\u010devine Za obdelavo oblikovanih in ukrivljenih kosov ni treba prestavljati orodja","og_url":"https:\/\/hundtgroup.com\/sl\/produkt\/trutool-f-300-1700w-za-krpanje-sivov\/","og_site_name":"Wilhelm Hundt GmbH","article_modified_time":"2025-07-29T08:18:33+00:00","og_image":[{"width":459,"height":592,"url":"https:\/\/hundtgroup.com\/wp-content\/uploads\/351009.png","type":"image\/png"}],"twitter_card":"summary_large_image","schema":{"@context":"https:\/\/schema.org","@graph":[{"@type":"WebPage","@id":"https:\/\/hundtgroup.com\/sl\/produkt\/trutool-f-300-1700w-za-krpanje-sivov\/","url":"https:\/\/hundtgroup.com\/sl\/produkt\/trutool-f-300-1700w-za-krpanje-sivov\/","name":"TruTool F 300 1700W za krpanje \u0161ivov - Wilhelm Hundt GmbH","isPartOf":{"@id":"https:\/\/hundtgroup.com\/sl\/#website"},"primaryImageOfPage":{"@id":"https:\/\/hundtgroup.com\/sl\/produkt\/trutool-f-300-1700w-za-krpanje-sivov\/#primaryimage"},"image":{"@id":"https:\/\/hundtgroup.com\/sl\/produkt\/trutool-f-300-1700w-za-krpanje-sivov\/#primaryimage"},"thumbnailUrl":"https:\/\/hundtgroup.com\/wp-content\/uploads\/351009.png","datePublished":"2022-08-23T13:56:03+00:00","dateModified":"2025-07-29T08:18:33+00:00","breadcrumb":{"@id":"https:\/\/hundtgroup.com\/sl\/produkt\/trutool-f-300-1700w-za-krpanje-sivov\/#breadcrumb"},"inLanguage":"sl-SI","potentialAction":[{"@type":"ReadAction","target":["https:\/\/hundtgroup.com\/sl\/produkt\/trutool-f-300-1700w-za-krpanje-sivov\/"]}]},{"@type":"ImageObject","inLanguage":"sl-SI","@id":"https:\/\/hundtgroup.com\/sl\/produkt\/trutool-f-300-1700w-za-krpanje-sivov\/#primaryimage","url":"https:\/\/hundtgroup.com\/wp-content\/uploads\/351009.png","contentUrl":"https:\/\/hundtgroup.com\/wp-content\/uploads\/351009.png","width":459,"height":592},{"@type":"BreadcrumbList","@id":"https:\/\/hundtgroup.com\/sl\/produkt\/trutool-f-300-1700w-za-krpanje-sivov\/#breadcrumb","itemListElement":[{"@type":"ListItem","position":1,"name":"Startseite","item":"https:\/\/hundtgroup.com\/sl\/domov-novo\/"},{"@type":"ListItem","position":2,"name":"Trgovina","item":"https:\/\/hundtgroup.com\/trgovina\/"},{"@type":"ListItem","position":3,"name":"TruTool F 300 1700W za krpanje \u0161ivov"}]},{"@type":"WebSite","@id":"https:\/\/hundtgroup.com\/sl\/#website","url":"https:\/\/hundtgroup.com\/sl\/","name":"Wilhelm Hundt GmbH","description":"Va\u0161 specialist za stroje in orodja za obdelavo plo\u010devine","potentialAction":[{"@type":"SearchAction","target":{"@type":"EntryPoint","urlTemplate":"https:\/\/hundtgroup.com\/sl\/?s={search_term_string}"},"query-input":{"@type":"PropertyValueSpecification","valueRequired":true,"valueName":"search_term_string"}}],"inLanguage":"sl-SI"}]}},"_links":{"self":[{"href":"https:\/\/hundtgroup.com\/sl\/wp-json\/wp\/v2\/product\/28330","targetHints":{"allow":["GET"]}}],"collection":[{"href":"https:\/\/hundtgroup.com\/sl\/wp-json\/wp\/v2\/product"}],"about":[{"href":"https:\/\/hundtgroup.com\/sl\/wp-json\/wp\/v2\/types\/product"}],"wp:featuredmedia":[{"embeddable":true,"href":"https:\/\/hundtgroup.com\/sl\/wp-json\/wp\/v2\/media\/28332"}],"wp:attachment":[{"href":"https:\/\/hundtgroup.com\/sl\/wp-json\/wp\/v2\/media?parent=28330"}],"wp:term":[{"taxonomy":"product_cat","embeddable":true,"href":"https:\/\/hundtgroup.com\/sl\/wp-json\/wp\/v2\/product_cat?post=28330"},{"taxonomy":"product_tag","embeddable":true,"href":"https:\/\/hundtgroup.com\/sl\/wp-json\/wp\/v2\/product_tag?post=28330"}],"curies":[{"name":"wp","href":"https:\/\/api.w.org\/{rel}","templated":true}]}}