{"id":28372,"date":"2022-08-23T15:56:03","date_gmt":"2022-08-23T13:56:03","guid":{"rendered":"https:\/\/hundtgroup.com\/produkt\/trutool-f-140-za-zapiranje-sivov\/"},"modified":"2025-07-29T10:19:30","modified_gmt":"2025-07-29T08:19:30","slug":"trutool-f-140-za-zapiranje-sivov","status":"publish","type":"product","link":"https:\/\/hundtgroup.com\/sl\/produkt\/trutool-f-140-za-zapiranje-sivov\/","title":{"rendered":"TruTool F 140 za zapiranje \u0161ivov"},"content":{"rendered":"<p>Ekonomi\u010dno zapiranje \u0161ivov neposredno na monta\u017eni postaji<br \/>\nSamodejna prilagoditev debelini plo\u010devine<br \/>\nUporablja se lahko za ravne in ukrivljene kanale do debeline plo\u010devine 1,4 mm<br \/>\nPri obdelavi oblikovanih in ukrivljenih kosov ni potrebno ponovno orodje<br \/>\nPosebej primerno za nerjavno jeklo<br \/>\nElektronski regulator hitrosti za optimalno delovno hitrost<\/p>\n","protected":false},"excerpt":{"rendered":"<p>Ekonomi\u010dno zapiranje \u0161ivov neposredno na monta\u017eni postaji Samodejna prilagoditev debelini plo\u010devine Uporablja se lahko za ravne in ukrivljene kanale do debeline plo\u010devine 1,4 mm Pri obdelavi oblikovanih in ukrivljenih kosov ni potrebno ponovno orodje Posebej primerno za nerjavno jeklo Elektronski regulator hitrosti za optimalno delovno hitrost<\/p>\n","protected":false},"featured_media":28375,"template":"","meta":{"_acf_changed":false,"inline_featured_image":false},"product_cat":[652,2072],"product_tag":[],"class_list":{"0":"post-28372","1":"product","2":"type-product","3":"status-publish","4":"has-post-thumbnail","6":"brand-trumpf","7":"product_cat-elektricna-orodja","8":"product_cat-tesnejsi-siv","10":"first","11":"instock","12":"sale","13":"taxable","14":"shipping-taxable","15":"purchasable","16":"product-type-simple","17":"add-to-wishlist-before_image"},"acf":[],"yoast_head":"<!-- This site is optimized with the Yoast SEO plugin v27.3 - https:\/\/yoast.com\/product\/yoast-seo-wordpress\/ -->\n<title>TruTool F 140 za zapiranje \u0161ivov - Wilhelm Hundt GmbH<\/title>\n<meta name=\"robots\" content=\"index, follow, max-snippet:-1, max-image-preview:large, max-video-preview:-1\" \/>\n<link rel=\"canonical\" href=\"https:\/\/hundtgroup.com\/sl\/produkt\/trutool-f-140-za-zapiranje-sivov\/\" \/>\n<meta property=\"og:locale\" content=\"sl_SI\" \/>\n<meta property=\"og:type\" content=\"article\" \/>\n<meta property=\"og:title\" content=\"TruTool F 140 za zapiranje \u0161ivov - Wilhelm Hundt GmbH\" \/>\n<meta property=\"og:description\" content=\"Ekonomi\u010dno zapiranje \u0161ivov neposredno na monta\u017eni postaji Samodejna prilagoditev debelini plo\u010devine Uporablja se lahko za ravne in ukrivljene kanale do debeline plo\u010devine 1,4 mm Pri obdelavi oblikovanih in ukrivljenih kosov ni potrebno ponovno orodje Posebej primerno za nerjavno jeklo Elektronski regulator hitrosti za optimalno delovno hitrost\" \/>\n<meta property=\"og:url\" content=\"https:\/\/hundtgroup.com\/sl\/produkt\/trutool-f-140-za-zapiranje-sivov\/\" \/>\n<meta property=\"og:site_name\" content=\"Wilhelm Hundt GmbH\" \/>\n<meta property=\"article:modified_time\" content=\"2025-07-29T08:19:30+00:00\" \/>\n<meta property=\"og:image\" content=\"https:\/\/hundtgroup.com\/wp-content\/uploads\/351400.png\" \/>\n\t<meta property=\"og:image:width\" content=\"591\" \/>\n\t<meta property=\"og:image:height\" content=\"591\" \/>\n\t<meta property=\"og:image:type\" content=\"image\/png\" \/>\n<meta name=\"twitter:card\" content=\"summary_large_image\" \/>\n<script type=\"application\/ld+json\" class=\"yoast-schema-graph\">{\"@context\":\"https:\\\/\\\/schema.org\",\"@graph\":[{\"@type\":\"WebPage\",\"@id\":\"https:\\\/\\\/hundtgroup.com\\\/sl\\\/produkt\\\/trutool-f-140-za-zapiranje-sivov\\\/\",\"url\":\"https:\\\/\\\/hundtgroup.com\\\/sl\\\/produkt\\\/trutool-f-140-za-zapiranje-sivov\\\/\",\"name\":\"TruTool F 140 za zapiranje \u0161ivov - Wilhelm Hundt GmbH\",\"isPartOf\":{\"@id\":\"https:\\\/\\\/hundtgroup.com\\\/sl\\\/#website\"},\"primaryImageOfPage\":{\"@id\":\"https:\\\/\\\/hundtgroup.com\\\/sl\\\/produkt\\\/trutool-f-140-za-zapiranje-sivov\\\/#primaryimage\"},\"image\":{\"@id\":\"https:\\\/\\\/hundtgroup.com\\\/sl\\\/produkt\\\/trutool-f-140-za-zapiranje-sivov\\\/#primaryimage\"},\"thumbnailUrl\":\"https:\\\/\\\/hundtgroup.com\\\/wp-content\\\/uploads\\\/351400.png\",\"datePublished\":\"2022-08-23T13:56:03+00:00\",\"dateModified\":\"2025-07-29T08:19:30+00:00\",\"breadcrumb\":{\"@id\":\"https:\\\/\\\/hundtgroup.com\\\/sl\\\/produkt\\\/trutool-f-140-za-zapiranje-sivov\\\/#breadcrumb\"},\"inLanguage\":\"sl-SI\",\"potentialAction\":[{\"@type\":\"ReadAction\",\"target\":[\"https:\\\/\\\/hundtgroup.com\\\/sl\\\/produkt\\\/trutool-f-140-za-zapiranje-sivov\\\/\"]}]},{\"@type\":\"ImageObject\",\"inLanguage\":\"sl-SI\",\"@id\":\"https:\\\/\\\/hundtgroup.com\\\/sl\\\/produkt\\\/trutool-f-140-za-zapiranje-sivov\\\/#primaryimage\",\"url\":\"https:\\\/\\\/hundtgroup.com\\\/wp-content\\\/uploads\\\/351400.png\",\"contentUrl\":\"https:\\\/\\\/hundtgroup.com\\\/wp-content\\\/uploads\\\/351400.png\",\"width\":591,\"height\":591},{\"@type\":\"BreadcrumbList\",\"@id\":\"https:\\\/\\\/hundtgroup.com\\\/sl\\\/produkt\\\/trutool-f-140-za-zapiranje-sivov\\\/#breadcrumb\",\"itemListElement\":[{\"@type\":\"ListItem\",\"position\":1,\"name\":\"Startseite\",\"item\":\"https:\\\/\\\/hundtgroup.com\\\/sl\\\/domov-novo\\\/\"},{\"@type\":\"ListItem\",\"position\":2,\"name\":\"Trgovina\",\"item\":\"https:\\\/\\\/hundtgroup.com\\\/trgovina\\\/\"},{\"@type\":\"ListItem\",\"position\":3,\"name\":\"TruTool F 140 za zapiranje \u0161ivov\"}]},{\"@type\":\"WebSite\",\"@id\":\"https:\\\/\\\/hundtgroup.com\\\/sl\\\/#website\",\"url\":\"https:\\\/\\\/hundtgroup.com\\\/sl\\\/\",\"name\":\"Wilhelm Hundt GmbH\",\"description\":\"Va\u0161 specialist za stroje in orodja za obdelavo plo\u010devine\",\"potentialAction\":[{\"@type\":\"SearchAction\",\"target\":{\"@type\":\"EntryPoint\",\"urlTemplate\":\"https:\\\/\\\/hundtgroup.com\\\/sl\\\/?s={search_term_string}\"},\"query-input\":{\"@type\":\"PropertyValueSpecification\",\"valueRequired\":true,\"valueName\":\"search_term_string\"}}],\"inLanguage\":\"sl-SI\"}]}<\/script>\n<!-- \/ Yoast SEO plugin. -->","yoast_head_json":{"title":"TruTool F 140 za zapiranje \u0161ivov - Wilhelm Hundt GmbH","robots":{"index":"index","follow":"follow","max-snippet":"max-snippet:-1","max-image-preview":"max-image-preview:large","max-video-preview":"max-video-preview:-1"},"canonical":"https:\/\/hundtgroup.com\/sl\/produkt\/trutool-f-140-za-zapiranje-sivov\/","og_locale":"sl_SI","og_type":"article","og_title":"TruTool F 140 za zapiranje \u0161ivov - Wilhelm Hundt GmbH","og_description":"Ekonomi\u010dno zapiranje \u0161ivov neposredno na monta\u017eni postaji Samodejna prilagoditev debelini plo\u010devine Uporablja se lahko za ravne in ukrivljene kanale do debeline plo\u010devine 1,4 mm Pri obdelavi oblikovanih in ukrivljenih kosov ni potrebno ponovno orodje Posebej primerno za nerjavno jeklo Elektronski regulator hitrosti za optimalno delovno hitrost","og_url":"https:\/\/hundtgroup.com\/sl\/produkt\/trutool-f-140-za-zapiranje-sivov\/","og_site_name":"Wilhelm Hundt GmbH","article_modified_time":"2025-07-29T08:19:30+00:00","og_image":[{"width":591,"height":591,"url":"https:\/\/hundtgroup.com\/wp-content\/uploads\/351400.png","type":"image\/png"}],"twitter_card":"summary_large_image","schema":{"@context":"https:\/\/schema.org","@graph":[{"@type":"WebPage","@id":"https:\/\/hundtgroup.com\/sl\/produkt\/trutool-f-140-za-zapiranje-sivov\/","url":"https:\/\/hundtgroup.com\/sl\/produkt\/trutool-f-140-za-zapiranje-sivov\/","name":"TruTool F 140 za zapiranje \u0161ivov - Wilhelm Hundt GmbH","isPartOf":{"@id":"https:\/\/hundtgroup.com\/sl\/#website"},"primaryImageOfPage":{"@id":"https:\/\/hundtgroup.com\/sl\/produkt\/trutool-f-140-za-zapiranje-sivov\/#primaryimage"},"image":{"@id":"https:\/\/hundtgroup.com\/sl\/produkt\/trutool-f-140-za-zapiranje-sivov\/#primaryimage"},"thumbnailUrl":"https:\/\/hundtgroup.com\/wp-content\/uploads\/351400.png","datePublished":"2022-08-23T13:56:03+00:00","dateModified":"2025-07-29T08:19:30+00:00","breadcrumb":{"@id":"https:\/\/hundtgroup.com\/sl\/produkt\/trutool-f-140-za-zapiranje-sivov\/#breadcrumb"},"inLanguage":"sl-SI","potentialAction":[{"@type":"ReadAction","target":["https:\/\/hundtgroup.com\/sl\/produkt\/trutool-f-140-za-zapiranje-sivov\/"]}]},{"@type":"ImageObject","inLanguage":"sl-SI","@id":"https:\/\/hundtgroup.com\/sl\/produkt\/trutool-f-140-za-zapiranje-sivov\/#primaryimage","url":"https:\/\/hundtgroup.com\/wp-content\/uploads\/351400.png","contentUrl":"https:\/\/hundtgroup.com\/wp-content\/uploads\/351400.png","width":591,"height":591},{"@type":"BreadcrumbList","@id":"https:\/\/hundtgroup.com\/sl\/produkt\/trutool-f-140-za-zapiranje-sivov\/#breadcrumb","itemListElement":[{"@type":"ListItem","position":1,"name":"Startseite","item":"https:\/\/hundtgroup.com\/sl\/domov-novo\/"},{"@type":"ListItem","position":2,"name":"Trgovina","item":"https:\/\/hundtgroup.com\/trgovina\/"},{"@type":"ListItem","position":3,"name":"TruTool F 140 za zapiranje \u0161ivov"}]},{"@type":"WebSite","@id":"https:\/\/hundtgroup.com\/sl\/#website","url":"https:\/\/hundtgroup.com\/sl\/","name":"Wilhelm Hundt GmbH","description":"Va\u0161 specialist za stroje in orodja za obdelavo plo\u010devine","potentialAction":[{"@type":"SearchAction","target":{"@type":"EntryPoint","urlTemplate":"https:\/\/hundtgroup.com\/sl\/?s={search_term_string}"},"query-input":{"@type":"PropertyValueSpecification","valueRequired":true,"valueName":"search_term_string"}}],"inLanguage":"sl-SI"}]}},"_links":{"self":[{"href":"https:\/\/hundtgroup.com\/sl\/wp-json\/wp\/v2\/product\/28372","targetHints":{"allow":["GET"]}}],"collection":[{"href":"https:\/\/hundtgroup.com\/sl\/wp-json\/wp\/v2\/product"}],"about":[{"href":"https:\/\/hundtgroup.com\/sl\/wp-json\/wp\/v2\/types\/product"}],"wp:featuredmedia":[{"embeddable":true,"href":"https:\/\/hundtgroup.com\/sl\/wp-json\/wp\/v2\/media\/28375"}],"wp:attachment":[{"href":"https:\/\/hundtgroup.com\/sl\/wp-json\/wp\/v2\/media?parent=28372"}],"wp:term":[{"taxonomy":"product_cat","embeddable":true,"href":"https:\/\/hundtgroup.com\/sl\/wp-json\/wp\/v2\/product_cat?post=28372"},{"taxonomy":"product_tag","embeddable":true,"href":"https:\/\/hundtgroup.com\/sl\/wp-json\/wp\/v2\/product_tag?post=28372"}],"curies":[{"name":"wp","href":"https:\/\/api.w.org\/{rel}","templated":true}]}}