{"id":28469,"date":"2022-08-23T16:02:13","date_gmt":"2022-08-23T14:02:13","guid":{"rendered":"https:\/\/hundtgroup.com\/produkt\/edding-flomaster-3000-z-okroglo-konico-modre-barve\/"},"modified":"2025-07-29T12:02:16","modified_gmt":"2025-07-29T10:02:16","slug":"edding-flomaster-3000-z-okroglo-konico-modre-barve","status":"publish","type":"product","link":"https:\/\/hundtgroup.com\/sl\/produkt\/edding-flomaster-3000-z-okroglo-konico-modre-barve\/","title":{"rendered":"Edding flomaster 3000 z okroglo konico modre barve"},"content":{"rendered":"<p>Permanentni marker Svetlobno odporno, hitro su\u0161e\u010de se \u010drnilo z nizkim vonjem, odporno proti razmazovanju in vodoodporno, aluminijasto ohi\u0161je, idealno za ozna\u010devanje skoraj vseh materialov, vklju\u010dno s steklom, kovino in plastiko, debelina pisave 1,5-3,0 mm<\/p>\n","protected":false},"excerpt":{"rendered":"<p>Permanentni marker Svetlobno odporno, hitro su\u0161e\u010de se \u010drnilo z nizkim vonjem, odporno proti razmazovanju in vodoodporno, aluminijasto ohi\u0161je, idealno za ozna\u010devanje skoraj vseh materialov, vklju\u010dno s steklom, kovino in plastiko, debelina pisave 1,5-3,0 mm<\/p>\n","protected":false},"featured_media":0,"template":"","meta":{"_acf_changed":false,"inline_featured_image":false},"product_cat":[1977,1976],"product_tag":[],"class_list":{"0":"post-28469","1":"product","2":"type-product","3":"status-publish","5":"brand-edding","6":"product_cat-oznacevanje","7":"product_cat-oprema-za-gradbisce","9":"first","10":"instock","11":"taxable","12":"shipping-taxable","13":"purchasable","14":"product-type-simple","15":"add-to-wishlist-before_image"},"acf":[],"yoast_head":"<!-- This site is optimized with the Yoast SEO plugin v27.3 - https:\/\/yoast.com\/product\/yoast-seo-wordpress\/ -->\n<title>Edding flomaster 3000 z okroglo konico modre barve - Wilhelm Hundt GmbH<\/title>\n<meta name=\"robots\" content=\"index, follow, max-snippet:-1, max-image-preview:large, max-video-preview:-1\" \/>\n<link rel=\"canonical\" href=\"https:\/\/hundtgroup.com\/sl\/produkt\/edding-flomaster-3000-z-okroglo-konico-modre-barve\/\" \/>\n<meta property=\"og:locale\" content=\"sl_SI\" \/>\n<meta property=\"og:type\" content=\"article\" \/>\n<meta property=\"og:title\" content=\"Edding flomaster 3000 z okroglo konico modre barve - Wilhelm Hundt GmbH\" \/>\n<meta property=\"og:description\" content=\"Permanentni marker Svetlobno odporno, hitro su\u0161e\u010de se \u010drnilo z nizkim vonjem, odporno proti razmazovanju in vodoodporno, aluminijasto ohi\u0161je, idealno za ozna\u010devanje skoraj vseh materialov, vklju\u010dno s steklom, kovino in plastiko, debelina pisave 1,5-3,0 mm\" \/>\n<meta property=\"og:url\" content=\"https:\/\/hundtgroup.com\/sl\/produkt\/edding-flomaster-3000-z-okroglo-konico-modre-barve\/\" \/>\n<meta property=\"og:site_name\" content=\"Wilhelm Hundt GmbH\" \/>\n<meta property=\"article:modified_time\" content=\"2025-07-29T10:02:16+00:00\" \/>\n<meta name=\"twitter:card\" content=\"summary_large_image\" \/>\n<script type=\"application\/ld+json\" class=\"yoast-schema-graph\">{\"@context\":\"https:\\\/\\\/schema.org\",\"@graph\":[{\"@type\":\"WebPage\",\"@id\":\"https:\\\/\\\/hundtgroup.com\\\/sl\\\/produkt\\\/edding-flomaster-3000-z-okroglo-konico-modre-barve\\\/\",\"url\":\"https:\\\/\\\/hundtgroup.com\\\/sl\\\/produkt\\\/edding-flomaster-3000-z-okroglo-konico-modre-barve\\\/\",\"name\":\"Edding flomaster 3000 z okroglo konico modre barve - Wilhelm Hundt GmbH\",\"isPartOf\":{\"@id\":\"https:\\\/\\\/hundtgroup.com\\\/sl\\\/#website\"},\"datePublished\":\"2022-08-23T14:02:13+00:00\",\"dateModified\":\"2025-07-29T10:02:16+00:00\",\"breadcrumb\":{\"@id\":\"https:\\\/\\\/hundtgroup.com\\\/sl\\\/produkt\\\/edding-flomaster-3000-z-okroglo-konico-modre-barve\\\/#breadcrumb\"},\"inLanguage\":\"sl-SI\",\"potentialAction\":[{\"@type\":\"ReadAction\",\"target\":[\"https:\\\/\\\/hundtgroup.com\\\/sl\\\/produkt\\\/edding-flomaster-3000-z-okroglo-konico-modre-barve\\\/\"]}]},{\"@type\":\"BreadcrumbList\",\"@id\":\"https:\\\/\\\/hundtgroup.com\\\/sl\\\/produkt\\\/edding-flomaster-3000-z-okroglo-konico-modre-barve\\\/#breadcrumb\",\"itemListElement\":[{\"@type\":\"ListItem\",\"position\":1,\"name\":\"Startseite\",\"item\":\"https:\\\/\\\/hundtgroup.com\\\/sl\\\/domov-novo\\\/\"},{\"@type\":\"ListItem\",\"position\":2,\"name\":\"Trgovina\",\"item\":\"https:\\\/\\\/hundtgroup.com\\\/trgovina\\\/\"},{\"@type\":\"ListItem\",\"position\":3,\"name\":\"Edding flomaster 3000 z okroglo konico modre barve\"}]},{\"@type\":\"WebSite\",\"@id\":\"https:\\\/\\\/hundtgroup.com\\\/sl\\\/#website\",\"url\":\"https:\\\/\\\/hundtgroup.com\\\/sl\\\/\",\"name\":\"Wilhelm Hundt GmbH\",\"description\":\"Va\u0161 specialist za stroje in orodja za obdelavo plo\u010devine\",\"potentialAction\":[{\"@type\":\"SearchAction\",\"target\":{\"@type\":\"EntryPoint\",\"urlTemplate\":\"https:\\\/\\\/hundtgroup.com\\\/sl\\\/?s={search_term_string}\"},\"query-input\":{\"@type\":\"PropertyValueSpecification\",\"valueRequired\":true,\"valueName\":\"search_term_string\"}}],\"inLanguage\":\"sl-SI\"}]}<\/script>\n<!-- \/ Yoast SEO plugin. -->","yoast_head_json":{"title":"Edding flomaster 3000 z okroglo konico modre barve - Wilhelm Hundt GmbH","robots":{"index":"index","follow":"follow","max-snippet":"max-snippet:-1","max-image-preview":"max-image-preview:large","max-video-preview":"max-video-preview:-1"},"canonical":"https:\/\/hundtgroup.com\/sl\/produkt\/edding-flomaster-3000-z-okroglo-konico-modre-barve\/","og_locale":"sl_SI","og_type":"article","og_title":"Edding flomaster 3000 z okroglo konico modre barve - Wilhelm Hundt GmbH","og_description":"Permanentni marker Svetlobno odporno, hitro su\u0161e\u010de se \u010drnilo z nizkim vonjem, odporno proti razmazovanju in vodoodporno, aluminijasto ohi\u0161je, idealno za ozna\u010devanje skoraj vseh materialov, vklju\u010dno s steklom, kovino in plastiko, debelina pisave 1,5-3,0 mm","og_url":"https:\/\/hundtgroup.com\/sl\/produkt\/edding-flomaster-3000-z-okroglo-konico-modre-barve\/","og_site_name":"Wilhelm Hundt GmbH","article_modified_time":"2025-07-29T10:02:16+00:00","twitter_card":"summary_large_image","schema":{"@context":"https:\/\/schema.org","@graph":[{"@type":"WebPage","@id":"https:\/\/hundtgroup.com\/sl\/produkt\/edding-flomaster-3000-z-okroglo-konico-modre-barve\/","url":"https:\/\/hundtgroup.com\/sl\/produkt\/edding-flomaster-3000-z-okroglo-konico-modre-barve\/","name":"Edding flomaster 3000 z okroglo konico modre barve - Wilhelm Hundt GmbH","isPartOf":{"@id":"https:\/\/hundtgroup.com\/sl\/#website"},"datePublished":"2022-08-23T14:02:13+00:00","dateModified":"2025-07-29T10:02:16+00:00","breadcrumb":{"@id":"https:\/\/hundtgroup.com\/sl\/produkt\/edding-flomaster-3000-z-okroglo-konico-modre-barve\/#breadcrumb"},"inLanguage":"sl-SI","potentialAction":[{"@type":"ReadAction","target":["https:\/\/hundtgroup.com\/sl\/produkt\/edding-flomaster-3000-z-okroglo-konico-modre-barve\/"]}]},{"@type":"BreadcrumbList","@id":"https:\/\/hundtgroup.com\/sl\/produkt\/edding-flomaster-3000-z-okroglo-konico-modre-barve\/#breadcrumb","itemListElement":[{"@type":"ListItem","position":1,"name":"Startseite","item":"https:\/\/hundtgroup.com\/sl\/domov-novo\/"},{"@type":"ListItem","position":2,"name":"Trgovina","item":"https:\/\/hundtgroup.com\/trgovina\/"},{"@type":"ListItem","position":3,"name":"Edding flomaster 3000 z okroglo konico modre barve"}]},{"@type":"WebSite","@id":"https:\/\/hundtgroup.com\/sl\/#website","url":"https:\/\/hundtgroup.com\/sl\/","name":"Wilhelm Hundt GmbH","description":"Va\u0161 specialist za stroje in orodja za obdelavo plo\u010devine","potentialAction":[{"@type":"SearchAction","target":{"@type":"EntryPoint","urlTemplate":"https:\/\/hundtgroup.com\/sl\/?s={search_term_string}"},"query-input":{"@type":"PropertyValueSpecification","valueRequired":true,"valueName":"search_term_string"}}],"inLanguage":"sl-SI"}]}},"_links":{"self":[{"href":"https:\/\/hundtgroup.com\/sl\/wp-json\/wp\/v2\/product\/28469","targetHints":{"allow":["GET"]}}],"collection":[{"href":"https:\/\/hundtgroup.com\/sl\/wp-json\/wp\/v2\/product"}],"about":[{"href":"https:\/\/hundtgroup.com\/sl\/wp-json\/wp\/v2\/types\/product"}],"wp:attachment":[{"href":"https:\/\/hundtgroup.com\/sl\/wp-json\/wp\/v2\/media?parent=28469"}],"wp:term":[{"taxonomy":"product_cat","embeddable":true,"href":"https:\/\/hundtgroup.com\/sl\/wp-json\/wp\/v2\/product_cat?post=28469"},{"taxonomy":"product_tag","embeddable":true,"href":"https:\/\/hundtgroup.com\/sl\/wp-json\/wp\/v2\/product_tag?post=28469"}],"curies":[{"name":"wp","href":"https:\/\/api.w.org\/{rel}","templated":true}]}}