{"id":28624,"date":"2022-10-26T15:59:20","date_gmt":"2022-10-26T13:59:20","guid":{"rendered":"https:\/\/hundtgroup.com\/produkt\/kljuc-za-vijake-z-magnetom-sw-1-4\/"},"modified":"2025-07-29T13:20:14","modified_gmt":"2025-07-29T11:20:14","slug":"kljuc-za-vijake-z-magnetom-sw-1-4","status":"publish","type":"product","link":"https:\/\/hundtgroup.com\/sl\/produkt\/kljuc-za-vijake-z-magnetom-sw-1-4\/","title":{"rendered":"Klju\u010d za vijake z magnetom SW 1\/4&#8243;"},"content":{"rendered":"<p>Pogon 1\/4&#8243;, oblika E6.3, za neposredno priklju\u010ditev na stroj, mo\u010dan trajni magnet pritrdi vijak, varna monta\u017ea z eno roko, visok prenos<br \/>\nvrednosti navora<\/p>\n","protected":false},"excerpt":{"rendered":"<p>Pogon 1\/4&#8243;, oblika E6.3, za neposredno priklju\u010ditev na stroj, mo\u010dan trajni magnet pritrdi vijak, varna monta\u017ea z eno roko, visok prenos vrednosti navora<\/p>\n","protected":false},"featured_media":28608,"template":"","meta":{"_acf_changed":false,"inline_featured_image":false},"product_cat":[1963,2086,2044],"product_tag":[],"class_list":{"0":"post-28624","1":"product","2":"type-product","3":"status-publish","4":"has-post-thumbnail","6":"brand-hundt","7":"product_cat-baterijski-elektricni-dodatki","8":"product_cat-magnetni-kljuc-za-vticnice","9":"product_cat-namestitve","11":"first","12":"instock","13":"taxable","14":"shipping-taxable","15":"purchasable","16":"product-type-simple","17":"add-to-wishlist-before_image"},"acf":[],"yoast_head":"<!-- This site is optimized with the Yoast SEO plugin v27.3 - https:\/\/yoast.com\/product\/yoast-seo-wordpress\/ -->\n<title>Klju\u010d za vijake z magnetom SW 1\/4&quot; - Wilhelm Hundt GmbH<\/title>\n<meta name=\"robots\" content=\"index, follow, max-snippet:-1, max-image-preview:large, max-video-preview:-1\" \/>\n<link rel=\"canonical\" href=\"https:\/\/hundtgroup.com\/sl\/produkt\/kljuc-za-vijake-z-magnetom-sw-1-4\/\" \/>\n<meta property=\"og:locale\" content=\"sl_SI\" \/>\n<meta property=\"og:type\" content=\"article\" \/>\n<meta property=\"og:title\" content=\"Klju\u010d za vijake z magnetom SW 1\/4&quot; - Wilhelm Hundt GmbH\" \/>\n<meta property=\"og:description\" content=\"Pogon 1\/4&#8243;, oblika E6.3, za neposredno priklju\u010ditev na stroj, mo\u010dan trajni magnet pritrdi vijak, varna monta\u017ea z eno roko, visok prenos vrednosti navora\" \/>\n<meta property=\"og:url\" content=\"https:\/\/hundtgroup.com\/sl\/produkt\/kljuc-za-vijake-z-magnetom-sw-1-4\/\" \/>\n<meta property=\"og:site_name\" content=\"Wilhelm Hundt GmbH\" \/>\n<meta property=\"article:modified_time\" content=\"2025-07-29T11:20:14+00:00\" \/>\n<meta property=\"og:image\" content=\"https:\/\/hundtgroup.com\/wp-content\/uploads\/355001.png\" \/>\n\t<meta property=\"og:image:width\" content=\"536\" \/>\n\t<meta property=\"og:image:height\" content=\"191\" \/>\n\t<meta property=\"og:image:type\" content=\"image\/png\" \/>\n<meta name=\"twitter:card\" content=\"summary_large_image\" \/>\n<script type=\"application\/ld+json\" class=\"yoast-schema-graph\">{\"@context\":\"https:\\\/\\\/schema.org\",\"@graph\":[{\"@type\":\"WebPage\",\"@id\":\"https:\\\/\\\/hundtgroup.com\\\/sl\\\/produkt\\\/kljuc-za-vijake-z-magnetom-sw-1-4\\\/\",\"url\":\"https:\\\/\\\/hundtgroup.com\\\/sl\\\/produkt\\\/kljuc-za-vijake-z-magnetom-sw-1-4\\\/\",\"name\":\"Klju\u010d za vijake z magnetom SW 1\\\/4\\\" - Wilhelm Hundt GmbH\",\"isPartOf\":{\"@id\":\"https:\\\/\\\/hundtgroup.com\\\/sl\\\/#website\"},\"primaryImageOfPage\":{\"@id\":\"https:\\\/\\\/hundtgroup.com\\\/sl\\\/produkt\\\/kljuc-za-vijake-z-magnetom-sw-1-4\\\/#primaryimage\"},\"image\":{\"@id\":\"https:\\\/\\\/hundtgroup.com\\\/sl\\\/produkt\\\/kljuc-za-vijake-z-magnetom-sw-1-4\\\/#primaryimage\"},\"thumbnailUrl\":\"https:\\\/\\\/hundtgroup.com\\\/wp-content\\\/uploads\\\/355001.png\",\"datePublished\":\"2022-10-26T13:59:20+00:00\",\"dateModified\":\"2025-07-29T11:20:14+00:00\",\"breadcrumb\":{\"@id\":\"https:\\\/\\\/hundtgroup.com\\\/sl\\\/produkt\\\/kljuc-za-vijake-z-magnetom-sw-1-4\\\/#breadcrumb\"},\"inLanguage\":\"sl-SI\",\"potentialAction\":[{\"@type\":\"ReadAction\",\"target\":[\"https:\\\/\\\/hundtgroup.com\\\/sl\\\/produkt\\\/kljuc-za-vijake-z-magnetom-sw-1-4\\\/\"]}]},{\"@type\":\"ImageObject\",\"inLanguage\":\"sl-SI\",\"@id\":\"https:\\\/\\\/hundtgroup.com\\\/sl\\\/produkt\\\/kljuc-za-vijake-z-magnetom-sw-1-4\\\/#primaryimage\",\"url\":\"https:\\\/\\\/hundtgroup.com\\\/wp-content\\\/uploads\\\/355001.png\",\"contentUrl\":\"https:\\\/\\\/hundtgroup.com\\\/wp-content\\\/uploads\\\/355001.png\",\"width\":536,\"height\":191},{\"@type\":\"BreadcrumbList\",\"@id\":\"https:\\\/\\\/hundtgroup.com\\\/sl\\\/produkt\\\/kljuc-za-vijake-z-magnetom-sw-1-4\\\/#breadcrumb\",\"itemListElement\":[{\"@type\":\"ListItem\",\"position\":1,\"name\":\"Startseite\",\"item\":\"https:\\\/\\\/hundtgroup.com\\\/sl\\\/domov-novo\\\/\"},{\"@type\":\"ListItem\",\"position\":2,\"name\":\"Trgovina\",\"item\":\"https:\\\/\\\/hundtgroup.com\\\/trgovina\\\/\"},{\"@type\":\"ListItem\",\"position\":3,\"name\":\"Klju\u010d za vijake z magnetom SW 1\\\/4&#8243;\"}]},{\"@type\":\"WebSite\",\"@id\":\"https:\\\/\\\/hundtgroup.com\\\/sl\\\/#website\",\"url\":\"https:\\\/\\\/hundtgroup.com\\\/sl\\\/\",\"name\":\"Wilhelm Hundt GmbH\",\"description\":\"Va\u0161 specialist za stroje in orodja za obdelavo plo\u010devine\",\"potentialAction\":[{\"@type\":\"SearchAction\",\"target\":{\"@type\":\"EntryPoint\",\"urlTemplate\":\"https:\\\/\\\/hundtgroup.com\\\/sl\\\/?s={search_term_string}\"},\"query-input\":{\"@type\":\"PropertyValueSpecification\",\"valueRequired\":true,\"valueName\":\"search_term_string\"}}],\"inLanguage\":\"sl-SI\"}]}<\/script>\n<!-- \/ Yoast SEO plugin. -->","yoast_head_json":{"title":"Klju\u010d za vijake z magnetom SW 1\/4\" - Wilhelm Hundt GmbH","robots":{"index":"index","follow":"follow","max-snippet":"max-snippet:-1","max-image-preview":"max-image-preview:large","max-video-preview":"max-video-preview:-1"},"canonical":"https:\/\/hundtgroup.com\/sl\/produkt\/kljuc-za-vijake-z-magnetom-sw-1-4\/","og_locale":"sl_SI","og_type":"article","og_title":"Klju\u010d za vijake z magnetom SW 1\/4\" - Wilhelm Hundt GmbH","og_description":"Pogon 1\/4&#8243;, oblika E6.3, za neposredno priklju\u010ditev na stroj, mo\u010dan trajni magnet pritrdi vijak, varna monta\u017ea z eno roko, visok prenos vrednosti navora","og_url":"https:\/\/hundtgroup.com\/sl\/produkt\/kljuc-za-vijake-z-magnetom-sw-1-4\/","og_site_name":"Wilhelm Hundt GmbH","article_modified_time":"2025-07-29T11:20:14+00:00","og_image":[{"width":536,"height":191,"url":"https:\/\/hundtgroup.com\/wp-content\/uploads\/355001.png","type":"image\/png"}],"twitter_card":"summary_large_image","schema":{"@context":"https:\/\/schema.org","@graph":[{"@type":"WebPage","@id":"https:\/\/hundtgroup.com\/sl\/produkt\/kljuc-za-vijake-z-magnetom-sw-1-4\/","url":"https:\/\/hundtgroup.com\/sl\/produkt\/kljuc-za-vijake-z-magnetom-sw-1-4\/","name":"Klju\u010d za vijake z magnetom SW 1\/4\" - Wilhelm Hundt GmbH","isPartOf":{"@id":"https:\/\/hundtgroup.com\/sl\/#website"},"primaryImageOfPage":{"@id":"https:\/\/hundtgroup.com\/sl\/produkt\/kljuc-za-vijake-z-magnetom-sw-1-4\/#primaryimage"},"image":{"@id":"https:\/\/hundtgroup.com\/sl\/produkt\/kljuc-za-vijake-z-magnetom-sw-1-4\/#primaryimage"},"thumbnailUrl":"https:\/\/hundtgroup.com\/wp-content\/uploads\/355001.png","datePublished":"2022-10-26T13:59:20+00:00","dateModified":"2025-07-29T11:20:14+00:00","breadcrumb":{"@id":"https:\/\/hundtgroup.com\/sl\/produkt\/kljuc-za-vijake-z-magnetom-sw-1-4\/#breadcrumb"},"inLanguage":"sl-SI","potentialAction":[{"@type":"ReadAction","target":["https:\/\/hundtgroup.com\/sl\/produkt\/kljuc-za-vijake-z-magnetom-sw-1-4\/"]}]},{"@type":"ImageObject","inLanguage":"sl-SI","@id":"https:\/\/hundtgroup.com\/sl\/produkt\/kljuc-za-vijake-z-magnetom-sw-1-4\/#primaryimage","url":"https:\/\/hundtgroup.com\/wp-content\/uploads\/355001.png","contentUrl":"https:\/\/hundtgroup.com\/wp-content\/uploads\/355001.png","width":536,"height":191},{"@type":"BreadcrumbList","@id":"https:\/\/hundtgroup.com\/sl\/produkt\/kljuc-za-vijake-z-magnetom-sw-1-4\/#breadcrumb","itemListElement":[{"@type":"ListItem","position":1,"name":"Startseite","item":"https:\/\/hundtgroup.com\/sl\/domov-novo\/"},{"@type":"ListItem","position":2,"name":"Trgovina","item":"https:\/\/hundtgroup.com\/trgovina\/"},{"@type":"ListItem","position":3,"name":"Klju\u010d za vijake z magnetom SW 1\/4&#8243;"}]},{"@type":"WebSite","@id":"https:\/\/hundtgroup.com\/sl\/#website","url":"https:\/\/hundtgroup.com\/sl\/","name":"Wilhelm Hundt GmbH","description":"Va\u0161 specialist za stroje in orodja za obdelavo plo\u010devine","potentialAction":[{"@type":"SearchAction","target":{"@type":"EntryPoint","urlTemplate":"https:\/\/hundtgroup.com\/sl\/?s={search_term_string}"},"query-input":{"@type":"PropertyValueSpecification","valueRequired":true,"valueName":"search_term_string"}}],"inLanguage":"sl-SI"}]}},"_links":{"self":[{"href":"https:\/\/hundtgroup.com\/sl\/wp-json\/wp\/v2\/product\/28624","targetHints":{"allow":["GET"]}}],"collection":[{"href":"https:\/\/hundtgroup.com\/sl\/wp-json\/wp\/v2\/product"}],"about":[{"href":"https:\/\/hundtgroup.com\/sl\/wp-json\/wp\/v2\/types\/product"}],"wp:featuredmedia":[{"embeddable":true,"href":"https:\/\/hundtgroup.com\/sl\/wp-json\/wp\/v2\/media\/28608"}],"wp:attachment":[{"href":"https:\/\/hundtgroup.com\/sl\/wp-json\/wp\/v2\/media?parent=28624"}],"wp:term":[{"taxonomy":"product_cat","embeddable":true,"href":"https:\/\/hundtgroup.com\/sl\/wp-json\/wp\/v2\/product_cat?post=28624"},{"taxonomy":"product_tag","embeddable":true,"href":"https:\/\/hundtgroup.com\/sl\/wp-json\/wp\/v2\/product_tag?post=28624"}],"curies":[{"name":"wp","href":"https:\/\/api.w.org\/{rel}","templated":true}]}}