{"id":28838,"date":"2022-08-23T15:57:08","date_gmt":"2022-08-23T13:57:08","guid":{"rendered":"https:\/\/hundtgroup.com\/produkt\/trumpfov-komplet-luknjacev-za-trutool-n-160-5-kosov\/"},"modified":"2025-07-29T10:30:53","modified_gmt":"2025-07-29T08:30:53","slug":"trumpfov-komplet-luknjacev-za-trutool-n-160-5-kosov","status":"publish","type":"product","link":"https:\/\/hundtgroup.com\/sl\/produkt\/trumpfov-komplet-luknjacev-za-trutool-n-160-5-kosov\/","title":{"rendered":"Trumpfov komplet luknja\u010dev za TruTool N 160, 5 kosov"},"content":{"rendered":"<p>Nadomestni luknja\u010d, primeren za rezkar TRUMPF TruTool N 160, novej\u0161e in starej\u0161e razli\u010dice.<\/p>\n","protected":false},"excerpt":{"rendered":"<p>Nadomestni luknja\u010d, primeren za rezkar TRUMPF TruTool N 160, novej\u0161e in starej\u0161e razli\u010dice.<\/p>\n","protected":false},"featured_media":28839,"template":"","meta":{"_acf_changed":false,"inline_featured_image":false},"product_cat":[1963,1965,1985],"product_tag":[],"class_list":{"0":"post-28838","1":"product","2":"type-product","3":"status-publish","4":"has-post-thumbnail","6":"brand-trumpf","7":"product_cat-baterijski-elektricni-dodatki","8":"product_cat-nibbler-sl-3","9":"product_cat-trutool-n-160-sl","11":"first","12":"instock","13":"taxable","14":"shipping-taxable","15":"purchasable","16":"product-type-simple","17":"add-to-wishlist-before_image"},"acf":[],"yoast_head":"<!-- This site is optimized with the Yoast SEO plugin v27.3 - https:\/\/yoast.com\/product\/yoast-seo-wordpress\/ -->\n<title>Trumpfov komplet luknja\u010dev za TruTool N 160, 5 kosov - Wilhelm Hundt GmbH<\/title>\n<meta name=\"robots\" content=\"index, follow, max-snippet:-1, max-image-preview:large, max-video-preview:-1\" \/>\n<link rel=\"canonical\" href=\"https:\/\/hundtgroup.com\/sl\/produkt\/trumpfov-komplet-luknjacev-za-trutool-n-160-5-kosov\/\" \/>\n<meta property=\"og:locale\" content=\"sl_SI\" \/>\n<meta property=\"og:type\" content=\"article\" \/>\n<meta property=\"og:title\" content=\"Trumpfov komplet luknja\u010dev za TruTool N 160, 5 kosov - Wilhelm Hundt GmbH\" \/>\n<meta property=\"og:description\" content=\"Nadomestni luknja\u010d, primeren za rezkar TRUMPF TruTool N 160, novej\u0161e in starej\u0161e razli\u010dice.\" \/>\n<meta property=\"og:url\" content=\"https:\/\/hundtgroup.com\/sl\/produkt\/trumpfov-komplet-luknjacev-za-trutool-n-160-5-kosov\/\" \/>\n<meta property=\"og:site_name\" content=\"Wilhelm Hundt GmbH\" \/>\n<meta property=\"article:modified_time\" content=\"2025-07-29T08:30:53+00:00\" \/>\n<meta property=\"og:image\" content=\"https:\/\/hundtgroup.com\/wp-content\/uploads\/346092.png\" \/>\n\t<meta property=\"og:image:width\" content=\"600\" \/>\n\t<meta property=\"og:image:height\" content=\"600\" \/>\n\t<meta property=\"og:image:type\" content=\"image\/png\" \/>\n<meta name=\"twitter:card\" content=\"summary_large_image\" \/>\n<script type=\"application\/ld+json\" class=\"yoast-schema-graph\">{\"@context\":\"https:\\\/\\\/schema.org\",\"@graph\":[{\"@type\":\"WebPage\",\"@id\":\"https:\\\/\\\/hundtgroup.com\\\/sl\\\/produkt\\\/trumpfov-komplet-luknjacev-za-trutool-n-160-5-kosov\\\/\",\"url\":\"https:\\\/\\\/hundtgroup.com\\\/sl\\\/produkt\\\/trumpfov-komplet-luknjacev-za-trutool-n-160-5-kosov\\\/\",\"name\":\"Trumpfov komplet luknja\u010dev za TruTool N 160, 5 kosov - Wilhelm Hundt GmbH\",\"isPartOf\":{\"@id\":\"https:\\\/\\\/hundtgroup.com\\\/sl\\\/#website\"},\"primaryImageOfPage\":{\"@id\":\"https:\\\/\\\/hundtgroup.com\\\/sl\\\/produkt\\\/trumpfov-komplet-luknjacev-za-trutool-n-160-5-kosov\\\/#primaryimage\"},\"image\":{\"@id\":\"https:\\\/\\\/hundtgroup.com\\\/sl\\\/produkt\\\/trumpfov-komplet-luknjacev-za-trutool-n-160-5-kosov\\\/#primaryimage\"},\"thumbnailUrl\":\"https:\\\/\\\/hundtgroup.com\\\/wp-content\\\/uploads\\\/346092.png\",\"datePublished\":\"2022-08-23T13:57:08+00:00\",\"dateModified\":\"2025-07-29T08:30:53+00:00\",\"breadcrumb\":{\"@id\":\"https:\\\/\\\/hundtgroup.com\\\/sl\\\/produkt\\\/trumpfov-komplet-luknjacev-za-trutool-n-160-5-kosov\\\/#breadcrumb\"},\"inLanguage\":\"sl-SI\",\"potentialAction\":[{\"@type\":\"ReadAction\",\"target\":[\"https:\\\/\\\/hundtgroup.com\\\/sl\\\/produkt\\\/trumpfov-komplet-luknjacev-za-trutool-n-160-5-kosov\\\/\"]}]},{\"@type\":\"ImageObject\",\"inLanguage\":\"sl-SI\",\"@id\":\"https:\\\/\\\/hundtgroup.com\\\/sl\\\/produkt\\\/trumpfov-komplet-luknjacev-za-trutool-n-160-5-kosov\\\/#primaryimage\",\"url\":\"https:\\\/\\\/hundtgroup.com\\\/wp-content\\\/uploads\\\/346092.png\",\"contentUrl\":\"https:\\\/\\\/hundtgroup.com\\\/wp-content\\\/uploads\\\/346092.png\",\"width\":600,\"height\":600},{\"@type\":\"BreadcrumbList\",\"@id\":\"https:\\\/\\\/hundtgroup.com\\\/sl\\\/produkt\\\/trumpfov-komplet-luknjacev-za-trutool-n-160-5-kosov\\\/#breadcrumb\",\"itemListElement\":[{\"@type\":\"ListItem\",\"position\":1,\"name\":\"Startseite\",\"item\":\"https:\\\/\\\/hundtgroup.com\\\/sl\\\/domov-novo\\\/\"},{\"@type\":\"ListItem\",\"position\":2,\"name\":\"Trgovina\",\"item\":\"https:\\\/\\\/hundtgroup.com\\\/trgovina\\\/\"},{\"@type\":\"ListItem\",\"position\":3,\"name\":\"Trumpfov komplet luknja\u010dev za TruTool N 160, 5 kosov\"}]},{\"@type\":\"WebSite\",\"@id\":\"https:\\\/\\\/hundtgroup.com\\\/sl\\\/#website\",\"url\":\"https:\\\/\\\/hundtgroup.com\\\/sl\\\/\",\"name\":\"Wilhelm Hundt GmbH\",\"description\":\"Va\u0161 specialist za stroje in orodja za obdelavo plo\u010devine\",\"potentialAction\":[{\"@type\":\"SearchAction\",\"target\":{\"@type\":\"EntryPoint\",\"urlTemplate\":\"https:\\\/\\\/hundtgroup.com\\\/sl\\\/?s={search_term_string}\"},\"query-input\":{\"@type\":\"PropertyValueSpecification\",\"valueRequired\":true,\"valueName\":\"search_term_string\"}}],\"inLanguage\":\"sl-SI\"}]}<\/script>\n<!-- \/ Yoast SEO plugin. -->","yoast_head_json":{"title":"Trumpfov komplet luknja\u010dev za TruTool N 160, 5 kosov - Wilhelm Hundt GmbH","robots":{"index":"index","follow":"follow","max-snippet":"max-snippet:-1","max-image-preview":"max-image-preview:large","max-video-preview":"max-video-preview:-1"},"canonical":"https:\/\/hundtgroup.com\/sl\/produkt\/trumpfov-komplet-luknjacev-za-trutool-n-160-5-kosov\/","og_locale":"sl_SI","og_type":"article","og_title":"Trumpfov komplet luknja\u010dev za TruTool N 160, 5 kosov - Wilhelm Hundt GmbH","og_description":"Nadomestni luknja\u010d, primeren za rezkar TRUMPF TruTool N 160, novej\u0161e in starej\u0161e razli\u010dice.","og_url":"https:\/\/hundtgroup.com\/sl\/produkt\/trumpfov-komplet-luknjacev-za-trutool-n-160-5-kosov\/","og_site_name":"Wilhelm Hundt GmbH","article_modified_time":"2025-07-29T08:30:53+00:00","og_image":[{"width":600,"height":600,"url":"https:\/\/hundtgroup.com\/wp-content\/uploads\/346092.png","type":"image\/png"}],"twitter_card":"summary_large_image","schema":{"@context":"https:\/\/schema.org","@graph":[{"@type":"WebPage","@id":"https:\/\/hundtgroup.com\/sl\/produkt\/trumpfov-komplet-luknjacev-za-trutool-n-160-5-kosov\/","url":"https:\/\/hundtgroup.com\/sl\/produkt\/trumpfov-komplet-luknjacev-za-trutool-n-160-5-kosov\/","name":"Trumpfov komplet luknja\u010dev za TruTool N 160, 5 kosov - Wilhelm Hundt GmbH","isPartOf":{"@id":"https:\/\/hundtgroup.com\/sl\/#website"},"primaryImageOfPage":{"@id":"https:\/\/hundtgroup.com\/sl\/produkt\/trumpfov-komplet-luknjacev-za-trutool-n-160-5-kosov\/#primaryimage"},"image":{"@id":"https:\/\/hundtgroup.com\/sl\/produkt\/trumpfov-komplet-luknjacev-za-trutool-n-160-5-kosov\/#primaryimage"},"thumbnailUrl":"https:\/\/hundtgroup.com\/wp-content\/uploads\/346092.png","datePublished":"2022-08-23T13:57:08+00:00","dateModified":"2025-07-29T08:30:53+00:00","breadcrumb":{"@id":"https:\/\/hundtgroup.com\/sl\/produkt\/trumpfov-komplet-luknjacev-za-trutool-n-160-5-kosov\/#breadcrumb"},"inLanguage":"sl-SI","potentialAction":[{"@type":"ReadAction","target":["https:\/\/hundtgroup.com\/sl\/produkt\/trumpfov-komplet-luknjacev-za-trutool-n-160-5-kosov\/"]}]},{"@type":"ImageObject","inLanguage":"sl-SI","@id":"https:\/\/hundtgroup.com\/sl\/produkt\/trumpfov-komplet-luknjacev-za-trutool-n-160-5-kosov\/#primaryimage","url":"https:\/\/hundtgroup.com\/wp-content\/uploads\/346092.png","contentUrl":"https:\/\/hundtgroup.com\/wp-content\/uploads\/346092.png","width":600,"height":600},{"@type":"BreadcrumbList","@id":"https:\/\/hundtgroup.com\/sl\/produkt\/trumpfov-komplet-luknjacev-za-trutool-n-160-5-kosov\/#breadcrumb","itemListElement":[{"@type":"ListItem","position":1,"name":"Startseite","item":"https:\/\/hundtgroup.com\/sl\/domov-novo\/"},{"@type":"ListItem","position":2,"name":"Trgovina","item":"https:\/\/hundtgroup.com\/trgovina\/"},{"@type":"ListItem","position":3,"name":"Trumpfov komplet luknja\u010dev za TruTool N 160, 5 kosov"}]},{"@type":"WebSite","@id":"https:\/\/hundtgroup.com\/sl\/#website","url":"https:\/\/hundtgroup.com\/sl\/","name":"Wilhelm Hundt GmbH","description":"Va\u0161 specialist za stroje in orodja za obdelavo plo\u010devine","potentialAction":[{"@type":"SearchAction","target":{"@type":"EntryPoint","urlTemplate":"https:\/\/hundtgroup.com\/sl\/?s={search_term_string}"},"query-input":{"@type":"PropertyValueSpecification","valueRequired":true,"valueName":"search_term_string"}}],"inLanguage":"sl-SI"}]}},"_links":{"self":[{"href":"https:\/\/hundtgroup.com\/sl\/wp-json\/wp\/v2\/product\/28838","targetHints":{"allow":["GET"]}}],"collection":[{"href":"https:\/\/hundtgroup.com\/sl\/wp-json\/wp\/v2\/product"}],"about":[{"href":"https:\/\/hundtgroup.com\/sl\/wp-json\/wp\/v2\/types\/product"}],"wp:featuredmedia":[{"embeddable":true,"href":"https:\/\/hundtgroup.com\/sl\/wp-json\/wp\/v2\/media\/28839"}],"wp:attachment":[{"href":"https:\/\/hundtgroup.com\/sl\/wp-json\/wp\/v2\/media?parent=28838"}],"wp:term":[{"taxonomy":"product_cat","embeddable":true,"href":"https:\/\/hundtgroup.com\/sl\/wp-json\/wp\/v2\/product_cat?post=28838"},{"taxonomy":"product_tag","embeddable":true,"href":"https:\/\/hundtgroup.com\/sl\/wp-json\/wp\/v2\/product_tag?post=28838"}],"curies":[{"name":"wp","href":"https:\/\/api.w.org\/{rel}","templated":true}]}}