{"id":29270,"date":"2022-08-23T16:01:55","date_gmt":"2022-08-23T14:01:55","guid":{"rendered":"https:\/\/hundtgroup.com\/produkt\/zunanji-celjusti-oprijemalni-celjusti-800-mm\/"},"modified":"2025-07-29T11:58:16","modified_gmt":"2025-07-29T09:58:16","slug":"zunanji-celjusti-oprijemalni-celjusti-800-mm","status":"publish","type":"product","link":"https:\/\/hundtgroup.com\/sl\/produkt\/zunanji-celjusti-oprijemalni-celjusti-800-mm\/","title":{"rendered":"Zunanji \u010deljusti (oprijemalni \u010deljusti) 800 mm"},"content":{"rendered":"<p>Kompas z zakovi\u010denim te\u010dajem, fino poliran.<br \/>\nDIN 6486.<\/p>\n","protected":false},"excerpt":{"rendered":"<p>Kompas z zakovi\u010denim te\u010dajem, fino poliran. DIN 6486.<\/p>\n","protected":false},"featured_media":29271,"template":"","meta":{"_acf_changed":false,"inline_featured_image":false},"product_cat":[1748,1975,2843],"product_tag":[],"class_list":{"0":"post-29270","1":"product","2":"type-product","3":"status-publish","4":"has-post-thumbnail","6":"brand-hundt","7":"product_cat-rocna-orodja","8":"product_cat-merilna-orodja","9":"product_cat-tlacni-gumb","11":"first","12":"instock","13":"taxable","14":"shipping-taxable","15":"purchasable","16":"product-type-simple","17":"add-to-wishlist-before_image"},"acf":[],"yoast_head":"<!-- This site is optimized with the Yoast SEO plugin v27.3 - https:\/\/yoast.com\/product\/yoast-seo-wordpress\/ -->\n<title>Zunanji \u010deljusti (oprijemalni \u010deljusti) 800 mm - Wilhelm Hundt GmbH<\/title>\n<meta name=\"robots\" content=\"index, follow, max-snippet:-1, max-image-preview:large, max-video-preview:-1\" \/>\n<link rel=\"canonical\" href=\"https:\/\/hundtgroup.com\/sl\/produkt\/zunanji-celjusti-oprijemalni-celjusti-800-mm\/\" \/>\n<meta property=\"og:locale\" content=\"sl_SI\" \/>\n<meta property=\"og:type\" content=\"article\" \/>\n<meta property=\"og:title\" content=\"Zunanji \u010deljusti (oprijemalni \u010deljusti) 800 mm - Wilhelm Hundt GmbH\" \/>\n<meta property=\"og:description\" content=\"Kompas z zakovi\u010denim te\u010dajem, fino poliran. DIN 6486.\" \/>\n<meta property=\"og:url\" content=\"https:\/\/hundtgroup.com\/sl\/produkt\/zunanji-celjusti-oprijemalni-celjusti-800-mm\/\" \/>\n<meta property=\"og:site_name\" content=\"Wilhelm Hundt GmbH\" \/>\n<meta property=\"article:modified_time\" content=\"2025-07-29T09:58:16+00:00\" \/>\n<meta property=\"og:image\" content=\"https:\/\/hundtgroup.com\/wp-content\/uploads\/420050.png\" \/>\n\t<meta property=\"og:image:width\" content=\"475\" \/>\n\t<meta property=\"og:image:height\" content=\"260\" \/>\n\t<meta property=\"og:image:type\" content=\"image\/png\" \/>\n<meta name=\"twitter:card\" content=\"summary_large_image\" \/>\n<script type=\"application\/ld+json\" class=\"yoast-schema-graph\">{\"@context\":\"https:\\\/\\\/schema.org\",\"@graph\":[{\"@type\":\"WebPage\",\"@id\":\"https:\\\/\\\/hundtgroup.com\\\/sl\\\/produkt\\\/zunanji-celjusti-oprijemalni-celjusti-800-mm\\\/\",\"url\":\"https:\\\/\\\/hundtgroup.com\\\/sl\\\/produkt\\\/zunanji-celjusti-oprijemalni-celjusti-800-mm\\\/\",\"name\":\"Zunanji \u010deljusti (oprijemalni \u010deljusti) 800 mm - Wilhelm Hundt GmbH\",\"isPartOf\":{\"@id\":\"https:\\\/\\\/hundtgroup.com\\\/sl\\\/#website\"},\"primaryImageOfPage\":{\"@id\":\"https:\\\/\\\/hundtgroup.com\\\/sl\\\/produkt\\\/zunanji-celjusti-oprijemalni-celjusti-800-mm\\\/#primaryimage\"},\"image\":{\"@id\":\"https:\\\/\\\/hundtgroup.com\\\/sl\\\/produkt\\\/zunanji-celjusti-oprijemalni-celjusti-800-mm\\\/#primaryimage\"},\"thumbnailUrl\":\"https:\\\/\\\/hundtgroup.com\\\/wp-content\\\/uploads\\\/420050.png\",\"datePublished\":\"2022-08-23T14:01:55+00:00\",\"dateModified\":\"2025-07-29T09:58:16+00:00\",\"breadcrumb\":{\"@id\":\"https:\\\/\\\/hundtgroup.com\\\/sl\\\/produkt\\\/zunanji-celjusti-oprijemalni-celjusti-800-mm\\\/#breadcrumb\"},\"inLanguage\":\"sl-SI\",\"potentialAction\":[{\"@type\":\"ReadAction\",\"target\":[\"https:\\\/\\\/hundtgroup.com\\\/sl\\\/produkt\\\/zunanji-celjusti-oprijemalni-celjusti-800-mm\\\/\"]}]},{\"@type\":\"ImageObject\",\"inLanguage\":\"sl-SI\",\"@id\":\"https:\\\/\\\/hundtgroup.com\\\/sl\\\/produkt\\\/zunanji-celjusti-oprijemalni-celjusti-800-mm\\\/#primaryimage\",\"url\":\"https:\\\/\\\/hundtgroup.com\\\/wp-content\\\/uploads\\\/420050.png\",\"contentUrl\":\"https:\\\/\\\/hundtgroup.com\\\/wp-content\\\/uploads\\\/420050.png\",\"width\":475,\"height\":260},{\"@type\":\"BreadcrumbList\",\"@id\":\"https:\\\/\\\/hundtgroup.com\\\/sl\\\/produkt\\\/zunanji-celjusti-oprijemalni-celjusti-800-mm\\\/#breadcrumb\",\"itemListElement\":[{\"@type\":\"ListItem\",\"position\":1,\"name\":\"Startseite\",\"item\":\"https:\\\/\\\/hundtgroup.com\\\/sl\\\/domov-novo\\\/\"},{\"@type\":\"ListItem\",\"position\":2,\"name\":\"Trgovina\",\"item\":\"https:\\\/\\\/hundtgroup.com\\\/trgovina\\\/\"},{\"@type\":\"ListItem\",\"position\":3,\"name\":\"Zunanji \u010deljusti (oprijemalni \u010deljusti) 800 mm\"}]},{\"@type\":\"WebSite\",\"@id\":\"https:\\\/\\\/hundtgroup.com\\\/sl\\\/#website\",\"url\":\"https:\\\/\\\/hundtgroup.com\\\/sl\\\/\",\"name\":\"Wilhelm Hundt GmbH\",\"description\":\"Va\u0161 specialist za stroje in orodja za obdelavo plo\u010devine\",\"potentialAction\":[{\"@type\":\"SearchAction\",\"target\":{\"@type\":\"EntryPoint\",\"urlTemplate\":\"https:\\\/\\\/hundtgroup.com\\\/sl\\\/?s={search_term_string}\"},\"query-input\":{\"@type\":\"PropertyValueSpecification\",\"valueRequired\":true,\"valueName\":\"search_term_string\"}}],\"inLanguage\":\"sl-SI\"}]}<\/script>\n<!-- \/ Yoast SEO plugin. -->","yoast_head_json":{"title":"Zunanji \u010deljusti (oprijemalni \u010deljusti) 800 mm - Wilhelm Hundt GmbH","robots":{"index":"index","follow":"follow","max-snippet":"max-snippet:-1","max-image-preview":"max-image-preview:large","max-video-preview":"max-video-preview:-1"},"canonical":"https:\/\/hundtgroup.com\/sl\/produkt\/zunanji-celjusti-oprijemalni-celjusti-800-mm\/","og_locale":"sl_SI","og_type":"article","og_title":"Zunanji \u010deljusti (oprijemalni \u010deljusti) 800 mm - Wilhelm Hundt GmbH","og_description":"Kompas z zakovi\u010denim te\u010dajem, fino poliran. DIN 6486.","og_url":"https:\/\/hundtgroup.com\/sl\/produkt\/zunanji-celjusti-oprijemalni-celjusti-800-mm\/","og_site_name":"Wilhelm Hundt GmbH","article_modified_time":"2025-07-29T09:58:16+00:00","og_image":[{"width":475,"height":260,"url":"https:\/\/hundtgroup.com\/wp-content\/uploads\/420050.png","type":"image\/png"}],"twitter_card":"summary_large_image","schema":{"@context":"https:\/\/schema.org","@graph":[{"@type":"WebPage","@id":"https:\/\/hundtgroup.com\/sl\/produkt\/zunanji-celjusti-oprijemalni-celjusti-800-mm\/","url":"https:\/\/hundtgroup.com\/sl\/produkt\/zunanji-celjusti-oprijemalni-celjusti-800-mm\/","name":"Zunanji \u010deljusti (oprijemalni \u010deljusti) 800 mm - Wilhelm Hundt GmbH","isPartOf":{"@id":"https:\/\/hundtgroup.com\/sl\/#website"},"primaryImageOfPage":{"@id":"https:\/\/hundtgroup.com\/sl\/produkt\/zunanji-celjusti-oprijemalni-celjusti-800-mm\/#primaryimage"},"image":{"@id":"https:\/\/hundtgroup.com\/sl\/produkt\/zunanji-celjusti-oprijemalni-celjusti-800-mm\/#primaryimage"},"thumbnailUrl":"https:\/\/hundtgroup.com\/wp-content\/uploads\/420050.png","datePublished":"2022-08-23T14:01:55+00:00","dateModified":"2025-07-29T09:58:16+00:00","breadcrumb":{"@id":"https:\/\/hundtgroup.com\/sl\/produkt\/zunanji-celjusti-oprijemalni-celjusti-800-mm\/#breadcrumb"},"inLanguage":"sl-SI","potentialAction":[{"@type":"ReadAction","target":["https:\/\/hundtgroup.com\/sl\/produkt\/zunanji-celjusti-oprijemalni-celjusti-800-mm\/"]}]},{"@type":"ImageObject","inLanguage":"sl-SI","@id":"https:\/\/hundtgroup.com\/sl\/produkt\/zunanji-celjusti-oprijemalni-celjusti-800-mm\/#primaryimage","url":"https:\/\/hundtgroup.com\/wp-content\/uploads\/420050.png","contentUrl":"https:\/\/hundtgroup.com\/wp-content\/uploads\/420050.png","width":475,"height":260},{"@type":"BreadcrumbList","@id":"https:\/\/hundtgroup.com\/sl\/produkt\/zunanji-celjusti-oprijemalni-celjusti-800-mm\/#breadcrumb","itemListElement":[{"@type":"ListItem","position":1,"name":"Startseite","item":"https:\/\/hundtgroup.com\/sl\/domov-novo\/"},{"@type":"ListItem","position":2,"name":"Trgovina","item":"https:\/\/hundtgroup.com\/trgovina\/"},{"@type":"ListItem","position":3,"name":"Zunanji \u010deljusti (oprijemalni \u010deljusti) 800 mm"}]},{"@type":"WebSite","@id":"https:\/\/hundtgroup.com\/sl\/#website","url":"https:\/\/hundtgroup.com\/sl\/","name":"Wilhelm Hundt GmbH","description":"Va\u0161 specialist za stroje in orodja za obdelavo plo\u010devine","potentialAction":[{"@type":"SearchAction","target":{"@type":"EntryPoint","urlTemplate":"https:\/\/hundtgroup.com\/sl\/?s={search_term_string}"},"query-input":{"@type":"PropertyValueSpecification","valueRequired":true,"valueName":"search_term_string"}}],"inLanguage":"sl-SI"}]}},"_links":{"self":[{"href":"https:\/\/hundtgroup.com\/sl\/wp-json\/wp\/v2\/product\/29270","targetHints":{"allow":["GET"]}}],"collection":[{"href":"https:\/\/hundtgroup.com\/sl\/wp-json\/wp\/v2\/product"}],"about":[{"href":"https:\/\/hundtgroup.com\/sl\/wp-json\/wp\/v2\/types\/product"}],"wp:featuredmedia":[{"embeddable":true,"href":"https:\/\/hundtgroup.com\/sl\/wp-json\/wp\/v2\/media\/29271"}],"wp:attachment":[{"href":"https:\/\/hundtgroup.com\/sl\/wp-json\/wp\/v2\/media?parent=29270"}],"wp:term":[{"taxonomy":"product_cat","embeddable":true,"href":"https:\/\/hundtgroup.com\/sl\/wp-json\/wp\/v2\/product_cat?post=29270"},{"taxonomy":"product_tag","embeddable":true,"href":"https:\/\/hundtgroup.com\/sl\/wp-json\/wp\/v2\/product_tag?post=29270"}],"curies":[{"name":"wp","href":"https:\/\/api.w.org\/{rel}","templated":true}]}}