{"id":29619,"date":"2022-08-23T16:01:18","date_gmt":"2022-08-23T14:01:18","guid":{"rendered":"https:\/\/hundtgroup.com\/produkt\/predloga-za-oznacevanje\/"},"modified":"2025-07-29T11:53:03","modified_gmt":"2025-07-29T09:53:03","slug":"predloga-za-oznacevanje","status":"publish","type":"product","link":"https:\/\/hundtgroup.com\/sl\/produkt\/predloga-za-oznacevanje\/","title":{"rendered":"Predloga za ozna\u010devanje"},"content":{"rendered":"<p>Robustna ozna\u010devalna \u0161ablona iz nerjave\u010dega jekla<br \/>\nEnostavno, hitro in natan\u010dno rokovanje<br \/>\nZ natan\u010dno skalo od 5 do 100 mm, pove\u010dano za 5 mm<br \/>\nZa 15 mm \u017elebove pod kotom 45\u00b0<br \/>\n\u0160ablono lahko uporabljate tudi za odstranjevanje napak.<\/p>\n","protected":false},"excerpt":{"rendered":"<p>Robustna ozna\u010devalna \u0161ablona iz nerjave\u010dega jekla Enostavno, hitro in natan\u010dno rokovanje Z natan\u010dno skalo od 5 do 100 mm, pove\u010dano za 5 mm Za 15 mm \u017elebove pod kotom 45\u00b0 \u0160ablono lahko uporabljate tudi za odstranjevanje napak.<\/p>\n","protected":false},"featured_media":29621,"template":"","meta":{"_acf_changed":false,"inline_featured_image":false},"product_cat":[1748,1974,2105],"product_tag":[],"class_list":{"0":"post-29619","1":"product","2":"type-product","3":"status-publish","4":"has-post-thumbnail","6":"brand-hundt","7":"product_cat-rocna-orodja","8":"product_cat-orodja-za-oznacevanje","9":"product_cat-predloga-za-oznacevanje","11":"first","12":"instock","13":"taxable","14":"shipping-taxable","15":"purchasable","16":"product-type-simple","17":"add-to-wishlist-before_image"},"acf":[],"yoast_head":"<!-- This site is optimized with the Yoast SEO plugin v27.3 - https:\/\/yoast.com\/product\/yoast-seo-wordpress\/ -->\n<title>Predloga za ozna\u010devanje - Wilhelm Hundt GmbH<\/title>\n<meta name=\"robots\" content=\"index, follow, max-snippet:-1, max-image-preview:large, max-video-preview:-1\" \/>\n<link rel=\"canonical\" href=\"https:\/\/hundtgroup.com\/sl\/produkt\/predloga-za-oznacevanje\/\" \/>\n<meta property=\"og:locale\" content=\"sl_SI\" \/>\n<meta property=\"og:type\" content=\"article\" \/>\n<meta property=\"og:title\" content=\"Predloga za ozna\u010devanje - Wilhelm Hundt GmbH\" \/>\n<meta property=\"og:description\" content=\"Robustna ozna\u010devalna \u0161ablona iz nerjave\u010dega jekla Enostavno, hitro in natan\u010dno rokovanje Z natan\u010dno skalo od 5 do 100 mm, pove\u010dano za 5 mm Za 15 mm \u017elebove pod kotom 45\u00b0 \u0160ablono lahko uporabljate tudi za odstranjevanje napak.\" \/>\n<meta property=\"og:url\" content=\"https:\/\/hundtgroup.com\/sl\/produkt\/predloga-za-oznacevanje\/\" \/>\n<meta property=\"og:site_name\" content=\"Wilhelm Hundt GmbH\" \/>\n<meta property=\"article:modified_time\" content=\"2025-07-29T09:53:03+00:00\" \/>\n<meta property=\"og:image\" content=\"https:\/\/hundtgroup.com\/wp-content\/uploads\/420450.png\" \/>\n\t<meta property=\"og:image:width\" content=\"306\" \/>\n\t<meta property=\"og:image:height\" content=\"372\" \/>\n\t<meta property=\"og:image:type\" content=\"image\/png\" \/>\n<meta name=\"twitter:card\" content=\"summary_large_image\" \/>\n<script type=\"application\/ld+json\" class=\"yoast-schema-graph\">{\"@context\":\"https:\\\/\\\/schema.org\",\"@graph\":[{\"@type\":\"WebPage\",\"@id\":\"https:\\\/\\\/hundtgroup.com\\\/sl\\\/produkt\\\/predloga-za-oznacevanje\\\/\",\"url\":\"https:\\\/\\\/hundtgroup.com\\\/sl\\\/produkt\\\/predloga-za-oznacevanje\\\/\",\"name\":\"Predloga za ozna\u010devanje - Wilhelm Hundt GmbH\",\"isPartOf\":{\"@id\":\"https:\\\/\\\/hundtgroup.com\\\/sl\\\/#website\"},\"primaryImageOfPage\":{\"@id\":\"https:\\\/\\\/hundtgroup.com\\\/sl\\\/produkt\\\/predloga-za-oznacevanje\\\/#primaryimage\"},\"image\":{\"@id\":\"https:\\\/\\\/hundtgroup.com\\\/sl\\\/produkt\\\/predloga-za-oznacevanje\\\/#primaryimage\"},\"thumbnailUrl\":\"https:\\\/\\\/hundtgroup.com\\\/wp-content\\\/uploads\\\/420450.png\",\"datePublished\":\"2022-08-23T14:01:18+00:00\",\"dateModified\":\"2025-07-29T09:53:03+00:00\",\"breadcrumb\":{\"@id\":\"https:\\\/\\\/hundtgroup.com\\\/sl\\\/produkt\\\/predloga-za-oznacevanje\\\/#breadcrumb\"},\"inLanguage\":\"sl-SI\",\"potentialAction\":[{\"@type\":\"ReadAction\",\"target\":[\"https:\\\/\\\/hundtgroup.com\\\/sl\\\/produkt\\\/predloga-za-oznacevanje\\\/\"]}]},{\"@type\":\"ImageObject\",\"inLanguage\":\"sl-SI\",\"@id\":\"https:\\\/\\\/hundtgroup.com\\\/sl\\\/produkt\\\/predloga-za-oznacevanje\\\/#primaryimage\",\"url\":\"https:\\\/\\\/hundtgroup.com\\\/wp-content\\\/uploads\\\/420450.png\",\"contentUrl\":\"https:\\\/\\\/hundtgroup.com\\\/wp-content\\\/uploads\\\/420450.png\",\"width\":306,\"height\":372},{\"@type\":\"BreadcrumbList\",\"@id\":\"https:\\\/\\\/hundtgroup.com\\\/sl\\\/produkt\\\/predloga-za-oznacevanje\\\/#breadcrumb\",\"itemListElement\":[{\"@type\":\"ListItem\",\"position\":1,\"name\":\"Startseite\",\"item\":\"https:\\\/\\\/hundtgroup.com\\\/sl\\\/domov-novo\\\/\"},{\"@type\":\"ListItem\",\"position\":2,\"name\":\"Trgovina\",\"item\":\"https:\\\/\\\/hundtgroup.com\\\/trgovina\\\/\"},{\"@type\":\"ListItem\",\"position\":3,\"name\":\"Predloga za ozna\u010devanje\"}]},{\"@type\":\"WebSite\",\"@id\":\"https:\\\/\\\/hundtgroup.com\\\/sl\\\/#website\",\"url\":\"https:\\\/\\\/hundtgroup.com\\\/sl\\\/\",\"name\":\"Wilhelm Hundt GmbH\",\"description\":\"Va\u0161 specialist za stroje in orodja za obdelavo plo\u010devine\",\"potentialAction\":[{\"@type\":\"SearchAction\",\"target\":{\"@type\":\"EntryPoint\",\"urlTemplate\":\"https:\\\/\\\/hundtgroup.com\\\/sl\\\/?s={search_term_string}\"},\"query-input\":{\"@type\":\"PropertyValueSpecification\",\"valueRequired\":true,\"valueName\":\"search_term_string\"}}],\"inLanguage\":\"sl-SI\"}]}<\/script>\n<!-- \/ Yoast SEO plugin. -->","yoast_head_json":{"title":"Predloga za ozna\u010devanje - Wilhelm Hundt GmbH","robots":{"index":"index","follow":"follow","max-snippet":"max-snippet:-1","max-image-preview":"max-image-preview:large","max-video-preview":"max-video-preview:-1"},"canonical":"https:\/\/hundtgroup.com\/sl\/produkt\/predloga-za-oznacevanje\/","og_locale":"sl_SI","og_type":"article","og_title":"Predloga za ozna\u010devanje - Wilhelm Hundt GmbH","og_description":"Robustna ozna\u010devalna \u0161ablona iz nerjave\u010dega jekla Enostavno, hitro in natan\u010dno rokovanje Z natan\u010dno skalo od 5 do 100 mm, pove\u010dano za 5 mm Za 15 mm \u017elebove pod kotom 45\u00b0 \u0160ablono lahko uporabljate tudi za odstranjevanje napak.","og_url":"https:\/\/hundtgroup.com\/sl\/produkt\/predloga-za-oznacevanje\/","og_site_name":"Wilhelm Hundt GmbH","article_modified_time":"2025-07-29T09:53:03+00:00","og_image":[{"width":306,"height":372,"url":"https:\/\/hundtgroup.com\/wp-content\/uploads\/420450.png","type":"image\/png"}],"twitter_card":"summary_large_image","schema":{"@context":"https:\/\/schema.org","@graph":[{"@type":"WebPage","@id":"https:\/\/hundtgroup.com\/sl\/produkt\/predloga-za-oznacevanje\/","url":"https:\/\/hundtgroup.com\/sl\/produkt\/predloga-za-oznacevanje\/","name":"Predloga za ozna\u010devanje - Wilhelm Hundt GmbH","isPartOf":{"@id":"https:\/\/hundtgroup.com\/sl\/#website"},"primaryImageOfPage":{"@id":"https:\/\/hundtgroup.com\/sl\/produkt\/predloga-za-oznacevanje\/#primaryimage"},"image":{"@id":"https:\/\/hundtgroup.com\/sl\/produkt\/predloga-za-oznacevanje\/#primaryimage"},"thumbnailUrl":"https:\/\/hundtgroup.com\/wp-content\/uploads\/420450.png","datePublished":"2022-08-23T14:01:18+00:00","dateModified":"2025-07-29T09:53:03+00:00","breadcrumb":{"@id":"https:\/\/hundtgroup.com\/sl\/produkt\/predloga-za-oznacevanje\/#breadcrumb"},"inLanguage":"sl-SI","potentialAction":[{"@type":"ReadAction","target":["https:\/\/hundtgroup.com\/sl\/produkt\/predloga-za-oznacevanje\/"]}]},{"@type":"ImageObject","inLanguage":"sl-SI","@id":"https:\/\/hundtgroup.com\/sl\/produkt\/predloga-za-oznacevanje\/#primaryimage","url":"https:\/\/hundtgroup.com\/wp-content\/uploads\/420450.png","contentUrl":"https:\/\/hundtgroup.com\/wp-content\/uploads\/420450.png","width":306,"height":372},{"@type":"BreadcrumbList","@id":"https:\/\/hundtgroup.com\/sl\/produkt\/predloga-za-oznacevanje\/#breadcrumb","itemListElement":[{"@type":"ListItem","position":1,"name":"Startseite","item":"https:\/\/hundtgroup.com\/sl\/domov-novo\/"},{"@type":"ListItem","position":2,"name":"Trgovina","item":"https:\/\/hundtgroup.com\/trgovina\/"},{"@type":"ListItem","position":3,"name":"Predloga za ozna\u010devanje"}]},{"@type":"WebSite","@id":"https:\/\/hundtgroup.com\/sl\/#website","url":"https:\/\/hundtgroup.com\/sl\/","name":"Wilhelm Hundt GmbH","description":"Va\u0161 specialist za stroje in orodja za obdelavo plo\u010devine","potentialAction":[{"@type":"SearchAction","target":{"@type":"EntryPoint","urlTemplate":"https:\/\/hundtgroup.com\/sl\/?s={search_term_string}"},"query-input":{"@type":"PropertyValueSpecification","valueRequired":true,"valueName":"search_term_string"}}],"inLanguage":"sl-SI"}]}},"_links":{"self":[{"href":"https:\/\/hundtgroup.com\/sl\/wp-json\/wp\/v2\/product\/29619","targetHints":{"allow":["GET"]}}],"collection":[{"href":"https:\/\/hundtgroup.com\/sl\/wp-json\/wp\/v2\/product"}],"about":[{"href":"https:\/\/hundtgroup.com\/sl\/wp-json\/wp\/v2\/types\/product"}],"wp:featuredmedia":[{"embeddable":true,"href":"https:\/\/hundtgroup.com\/sl\/wp-json\/wp\/v2\/media\/29621"}],"wp:attachment":[{"href":"https:\/\/hundtgroup.com\/sl\/wp-json\/wp\/v2\/media?parent=29619"}],"wp:term":[{"taxonomy":"product_cat","embeddable":true,"href":"https:\/\/hundtgroup.com\/sl\/wp-json\/wp\/v2\/product_cat?post=29619"},{"taxonomy":"product_tag","embeddable":true,"href":"https:\/\/hundtgroup.com\/sl\/wp-json\/wp\/v2\/product_tag?post=29619"}],"curies":[{"name":"wp","href":"https:\/\/api.w.org\/{rel}","templated":true}]}}