{"id":30032,"date":"2022-08-23T16:00:58","date_gmt":"2022-08-23T14:00:58","guid":{"rendered":"https:\/\/hundtgroup.com\/produkt\/m2x-posebne-skarje-desno\/"},"modified":"2025-07-29T11:50:59","modified_gmt":"2025-07-29T09:50:59","slug":"m2x-posebne-skarje-desno","status":"publish","type":"product","link":"https:\/\/hundtgroup.com\/sl\/produkt\/m2x-posebne-skarje-desno\/","title":{"rendered":"M2X posebne \u0161karje desno"},"content":{"rendered":"<p>Z vzvodnim prenosom.<br \/>\nZa tesne ukrivljene reze do ravnih rezov.<br \/>\nSamodejno odpiranje za hitro delo brez napora.<br \/>\nPosebej kaljene \u0161karje za rezanje kovin, kot sta Tutan in nerjavno jeklo.<br \/>\nNedrse\u010di ro\u010daji iz visoko trdnega jekla.<br \/>\nPrakti\u010dna varnostna palica.<\/p>\n","protected":false},"excerpt":{"rendered":"<p>Z vzvodnim prenosom. Za tesne ukrivljene reze do ravnih rezov. Samodejno odpiranje za hitro delo brez napora. Posebej kaljene \u0161karje za rezanje kovin, kot sta Tutan in nerjavno jeklo. Nedrse\u010di ro\u010daji iz visoko trdnega jekla. Prakti\u010dna varnostna palica.<\/p>\n","protected":false},"featured_media":30033,"template":"","meta":{"_acf_changed":false,"inline_featured_image":false},"product_cat":[1748,1973,2008,2011],"product_tag":[],"class_list":{"0":"post-30032","1":"product","2":"type-product","3":"status-publish","4":"has-post-thumbnail","6":"product_cat-rocna-orodja","7":"product_cat-skarje-za-kositer-sl-3","8":"product_cat-preveden-vzvod","9":"product_cat-posebne-skarje","11":"first","12":"instock","13":"taxable","14":"shipping-taxable","15":"purchasable","16":"product-type-simple","17":"add-to-wishlist-before_image"},"acf":[],"yoast_head":"<!-- This site is optimized with the Yoast SEO plugin v27.3 - https:\/\/yoast.com\/product\/yoast-seo-wordpress\/ -->\n<title>M2X posebne \u0161karje desno - Wilhelm Hundt GmbH<\/title>\n<meta name=\"robots\" content=\"index, follow, max-snippet:-1, max-image-preview:large, max-video-preview:-1\" \/>\n<link rel=\"canonical\" href=\"https:\/\/hundtgroup.com\/sl\/produkt\/m2x-posebne-skarje-desno\/\" \/>\n<meta property=\"og:locale\" content=\"sl_SI\" \/>\n<meta property=\"og:type\" content=\"article\" \/>\n<meta property=\"og:title\" content=\"M2X posebne \u0161karje desno - Wilhelm Hundt GmbH\" \/>\n<meta property=\"og:description\" content=\"Z vzvodnim prenosom. Za tesne ukrivljene reze do ravnih rezov. Samodejno odpiranje za hitro delo brez napora. Posebej kaljene \u0161karje za rezanje kovin, kot sta Tutan in nerjavno jeklo. Nedrse\u010di ro\u010daji iz visoko trdnega jekla. Prakti\u010dna varnostna palica.\" \/>\n<meta property=\"og:url\" content=\"https:\/\/hundtgroup.com\/sl\/produkt\/m2x-posebne-skarje-desno\/\" \/>\n<meta property=\"og:site_name\" content=\"Wilhelm Hundt GmbH\" \/>\n<meta property=\"article:modified_time\" content=\"2025-07-29T09:50:59+00:00\" \/>\n<meta property=\"og:image\" content=\"https:\/\/hundtgroup.com\/wp-content\/uploads\/400183.png\" \/>\n\t<meta property=\"og:image:width\" content=\"460\" \/>\n\t<meta property=\"og:image:height\" content=\"460\" \/>\n\t<meta property=\"og:image:type\" content=\"image\/png\" \/>\n<meta name=\"twitter:card\" content=\"summary_large_image\" \/>\n<script type=\"application\/ld+json\" class=\"yoast-schema-graph\">{\"@context\":\"https:\\\/\\\/schema.org\",\"@graph\":[{\"@type\":\"WebPage\",\"@id\":\"https:\\\/\\\/hundtgroup.com\\\/sl\\\/produkt\\\/m2x-posebne-skarje-desno\\\/\",\"url\":\"https:\\\/\\\/hundtgroup.com\\\/sl\\\/produkt\\\/m2x-posebne-skarje-desno\\\/\",\"name\":\"M2X posebne \u0161karje desno - Wilhelm Hundt GmbH\",\"isPartOf\":{\"@id\":\"https:\\\/\\\/hundtgroup.com\\\/sl\\\/#website\"},\"primaryImageOfPage\":{\"@id\":\"https:\\\/\\\/hundtgroup.com\\\/sl\\\/produkt\\\/m2x-posebne-skarje-desno\\\/#primaryimage\"},\"image\":{\"@id\":\"https:\\\/\\\/hundtgroup.com\\\/sl\\\/produkt\\\/m2x-posebne-skarje-desno\\\/#primaryimage\"},\"thumbnailUrl\":\"https:\\\/\\\/hundtgroup.com\\\/wp-content\\\/uploads\\\/400183.png\",\"datePublished\":\"2022-08-23T14:00:58+00:00\",\"dateModified\":\"2025-07-29T09:50:59+00:00\",\"breadcrumb\":{\"@id\":\"https:\\\/\\\/hundtgroup.com\\\/sl\\\/produkt\\\/m2x-posebne-skarje-desno\\\/#breadcrumb\"},\"inLanguage\":\"sl-SI\",\"potentialAction\":[{\"@type\":\"ReadAction\",\"target\":[\"https:\\\/\\\/hundtgroup.com\\\/sl\\\/produkt\\\/m2x-posebne-skarje-desno\\\/\"]}]},{\"@type\":\"ImageObject\",\"inLanguage\":\"sl-SI\",\"@id\":\"https:\\\/\\\/hundtgroup.com\\\/sl\\\/produkt\\\/m2x-posebne-skarje-desno\\\/#primaryimage\",\"url\":\"https:\\\/\\\/hundtgroup.com\\\/wp-content\\\/uploads\\\/400183.png\",\"contentUrl\":\"https:\\\/\\\/hundtgroup.com\\\/wp-content\\\/uploads\\\/400183.png\",\"width\":460,\"height\":460},{\"@type\":\"BreadcrumbList\",\"@id\":\"https:\\\/\\\/hundtgroup.com\\\/sl\\\/produkt\\\/m2x-posebne-skarje-desno\\\/#breadcrumb\",\"itemListElement\":[{\"@type\":\"ListItem\",\"position\":1,\"name\":\"Startseite\",\"item\":\"https:\\\/\\\/hundtgroup.com\\\/sl\\\/domov-novo\\\/\"},{\"@type\":\"ListItem\",\"position\":2,\"name\":\"Trgovina\",\"item\":\"https:\\\/\\\/hundtgroup.com\\\/trgovina\\\/\"},{\"@type\":\"ListItem\",\"position\":3,\"name\":\"M2X posebne \u0161karje desno\"}]},{\"@type\":\"WebSite\",\"@id\":\"https:\\\/\\\/hundtgroup.com\\\/sl\\\/#website\",\"url\":\"https:\\\/\\\/hundtgroup.com\\\/sl\\\/\",\"name\":\"Wilhelm Hundt GmbH\",\"description\":\"Va\u0161 specialist za stroje in orodja za obdelavo plo\u010devine\",\"potentialAction\":[{\"@type\":\"SearchAction\",\"target\":{\"@type\":\"EntryPoint\",\"urlTemplate\":\"https:\\\/\\\/hundtgroup.com\\\/sl\\\/?s={search_term_string}\"},\"query-input\":{\"@type\":\"PropertyValueSpecification\",\"valueRequired\":true,\"valueName\":\"search_term_string\"}}],\"inLanguage\":\"sl-SI\"}]}<\/script>\n<!-- \/ Yoast SEO plugin. -->","yoast_head_json":{"title":"M2X posebne \u0161karje desno - Wilhelm Hundt GmbH","robots":{"index":"index","follow":"follow","max-snippet":"max-snippet:-1","max-image-preview":"max-image-preview:large","max-video-preview":"max-video-preview:-1"},"canonical":"https:\/\/hundtgroup.com\/sl\/produkt\/m2x-posebne-skarje-desno\/","og_locale":"sl_SI","og_type":"article","og_title":"M2X posebne \u0161karje desno - Wilhelm Hundt GmbH","og_description":"Z vzvodnim prenosom. Za tesne ukrivljene reze do ravnih rezov. Samodejno odpiranje za hitro delo brez napora. Posebej kaljene \u0161karje za rezanje kovin, kot sta Tutan in nerjavno jeklo. Nedrse\u010di ro\u010daji iz visoko trdnega jekla. Prakti\u010dna varnostna palica.","og_url":"https:\/\/hundtgroup.com\/sl\/produkt\/m2x-posebne-skarje-desno\/","og_site_name":"Wilhelm Hundt GmbH","article_modified_time":"2025-07-29T09:50:59+00:00","og_image":[{"width":460,"height":460,"url":"https:\/\/hundtgroup.com\/wp-content\/uploads\/400183.png","type":"image\/png"}],"twitter_card":"summary_large_image","schema":{"@context":"https:\/\/schema.org","@graph":[{"@type":"WebPage","@id":"https:\/\/hundtgroup.com\/sl\/produkt\/m2x-posebne-skarje-desno\/","url":"https:\/\/hundtgroup.com\/sl\/produkt\/m2x-posebne-skarje-desno\/","name":"M2X posebne \u0161karje desno - Wilhelm Hundt GmbH","isPartOf":{"@id":"https:\/\/hundtgroup.com\/sl\/#website"},"primaryImageOfPage":{"@id":"https:\/\/hundtgroup.com\/sl\/produkt\/m2x-posebne-skarje-desno\/#primaryimage"},"image":{"@id":"https:\/\/hundtgroup.com\/sl\/produkt\/m2x-posebne-skarje-desno\/#primaryimage"},"thumbnailUrl":"https:\/\/hundtgroup.com\/wp-content\/uploads\/400183.png","datePublished":"2022-08-23T14:00:58+00:00","dateModified":"2025-07-29T09:50:59+00:00","breadcrumb":{"@id":"https:\/\/hundtgroup.com\/sl\/produkt\/m2x-posebne-skarje-desno\/#breadcrumb"},"inLanguage":"sl-SI","potentialAction":[{"@type":"ReadAction","target":["https:\/\/hundtgroup.com\/sl\/produkt\/m2x-posebne-skarje-desno\/"]}]},{"@type":"ImageObject","inLanguage":"sl-SI","@id":"https:\/\/hundtgroup.com\/sl\/produkt\/m2x-posebne-skarje-desno\/#primaryimage","url":"https:\/\/hundtgroup.com\/wp-content\/uploads\/400183.png","contentUrl":"https:\/\/hundtgroup.com\/wp-content\/uploads\/400183.png","width":460,"height":460},{"@type":"BreadcrumbList","@id":"https:\/\/hundtgroup.com\/sl\/produkt\/m2x-posebne-skarje-desno\/#breadcrumb","itemListElement":[{"@type":"ListItem","position":1,"name":"Startseite","item":"https:\/\/hundtgroup.com\/sl\/domov-novo\/"},{"@type":"ListItem","position":2,"name":"Trgovina","item":"https:\/\/hundtgroup.com\/trgovina\/"},{"@type":"ListItem","position":3,"name":"M2X posebne \u0161karje desno"}]},{"@type":"WebSite","@id":"https:\/\/hundtgroup.com\/sl\/#website","url":"https:\/\/hundtgroup.com\/sl\/","name":"Wilhelm Hundt GmbH","description":"Va\u0161 specialist za stroje in orodja za obdelavo plo\u010devine","potentialAction":[{"@type":"SearchAction","target":{"@type":"EntryPoint","urlTemplate":"https:\/\/hundtgroup.com\/sl\/?s={search_term_string}"},"query-input":{"@type":"PropertyValueSpecification","valueRequired":true,"valueName":"search_term_string"}}],"inLanguage":"sl-SI"}]}},"_links":{"self":[{"href":"https:\/\/hundtgroup.com\/sl\/wp-json\/wp\/v2\/product\/30032","targetHints":{"allow":["GET"]}}],"collection":[{"href":"https:\/\/hundtgroup.com\/sl\/wp-json\/wp\/v2\/product"}],"about":[{"href":"https:\/\/hundtgroup.com\/sl\/wp-json\/wp\/v2\/types\/product"}],"wp:featuredmedia":[{"embeddable":true,"href":"https:\/\/hundtgroup.com\/sl\/wp-json\/wp\/v2\/media\/30033"}],"wp:attachment":[{"href":"https:\/\/hundtgroup.com\/sl\/wp-json\/wp\/v2\/media?parent=30032"}],"wp:term":[{"taxonomy":"product_cat","embeddable":true,"href":"https:\/\/hundtgroup.com\/sl\/wp-json\/wp\/v2\/product_cat?post=30032"},{"taxonomy":"product_tag","embeddable":true,"href":"https:\/\/hundtgroup.com\/sl\/wp-json\/wp\/v2\/product_tag?post=30032"}],"curies":[{"name":"wp","href":"https:\/\/api.w.org\/{rel}","templated":true}]}}