{"id":30074,"date":"2022-08-23T16:00:58","date_gmt":"2022-08-23T14:00:58","guid":{"rendered":"https:\/\/hundtgroup.com\/produkt\/m6r-leve-skarje-s-prehodnim-podajanjem\/"},"modified":"2025-07-29T11:51:35","modified_gmt":"2025-07-29T09:51:35","slug":"m6r-leve-skarje-s-prehodnim-podajanjem","status":"publish","type":"product","link":"https:\/\/hundtgroup.com\/sl\/produkt\/m6r-leve-skarje-s-prehodnim-podajanjem\/","title":{"rendered":"M6R Leve \u0161karje s prehodnim podajanjem"},"content":{"rendered":"<p>Z vzvodnim prenosom.<br \/>\nZa tesne ukrivljene reze do ravnih rezov.<br \/>\nSamodejno odpiranje za hitro delo brez napora.<br \/>\nNedrse\u010de, nazob\u010dane rezalne \u010deljusti iz molibdenovega jekla, odpornega proti obrabi.<br \/>\nNedrse\u010di ro\u010daji iz visoko trdnega jekla.<br \/>\nPrakti\u010dna varnostna palica.<\/p>\n","protected":false},"excerpt":{"rendered":"<p>Z vzvodnim prenosom. Za tesne ukrivljene reze do ravnih rezov. Samodejno odpiranje za hitro delo brez napora. Nedrse\u010de, nazob\u010dane rezalne \u010deljusti iz molibdenovega jekla, odpornega proti obrabi. Nedrse\u010di ro\u010daji iz visoko trdnega jekla. Prakti\u010dna varnostna palica.<\/p>\n","protected":false},"featured_media":30077,"template":"","meta":{"_acf_changed":false,"inline_featured_image":false},"product_cat":[1748,2010,1973],"product_tag":[],"class_list":{"0":"post-30074","1":"product","2":"type-product","3":"status-publish","4":"has-post-thumbnail","6":"product_cat-rocna-orodja","7":"product_cat-skarje-za-prehodni-podajalnik","8":"product_cat-skarje-za-kositer-sl-3","10":"first","11":"instock","12":"taxable","13":"shipping-taxable","14":"purchasable","15":"product-type-simple","16":"add-to-wishlist-before_image"},"acf":[],"yoast_head":"<!-- This site is optimized with the Yoast SEO plugin v27.3 - https:\/\/yoast.com\/product\/yoast-seo-wordpress\/ -->\n<title>M6R Leve \u0161karje s prehodnim podajanjem - Wilhelm Hundt GmbH<\/title>\n<meta name=\"robots\" content=\"index, follow, max-snippet:-1, max-image-preview:large, max-video-preview:-1\" \/>\n<link rel=\"canonical\" href=\"https:\/\/hundtgroup.com\/sl\/produkt\/m6r-leve-skarje-s-prehodnim-podajanjem\/\" \/>\n<meta property=\"og:locale\" content=\"sl_SI\" \/>\n<meta property=\"og:type\" content=\"article\" \/>\n<meta property=\"og:title\" content=\"M6R Leve \u0161karje s prehodnim podajanjem - Wilhelm Hundt GmbH\" \/>\n<meta property=\"og:description\" content=\"Z vzvodnim prenosom. Za tesne ukrivljene reze do ravnih rezov. Samodejno odpiranje za hitro delo brez napora. Nedrse\u010de, nazob\u010dane rezalne \u010deljusti iz molibdenovega jekla, odpornega proti obrabi. Nedrse\u010di ro\u010daji iz visoko trdnega jekla. Prakti\u010dna varnostna palica.\" \/>\n<meta property=\"og:url\" content=\"https:\/\/hundtgroup.com\/sl\/produkt\/m6r-leve-skarje-s-prehodnim-podajanjem\/\" \/>\n<meta property=\"og:site_name\" content=\"Wilhelm Hundt GmbH\" \/>\n<meta property=\"article:modified_time\" content=\"2025-07-29T09:51:35+00:00\" \/>\n<meta property=\"og:image\" content=\"https:\/\/hundtgroup.com\/wp-content\/uploads\/400150.jpg\" \/>\n\t<meta property=\"og:image:width\" content=\"1933\" \/>\n\t<meta property=\"og:image:height\" content=\"706\" \/>\n\t<meta property=\"og:image:type\" content=\"image\/jpeg\" \/>\n<meta name=\"twitter:card\" content=\"summary_large_image\" \/>\n<script type=\"application\/ld+json\" class=\"yoast-schema-graph\">{\"@context\":\"https:\\\/\\\/schema.org\",\"@graph\":[{\"@type\":\"WebPage\",\"@id\":\"https:\\\/\\\/hundtgroup.com\\\/sl\\\/produkt\\\/m6r-leve-skarje-s-prehodnim-podajanjem\\\/\",\"url\":\"https:\\\/\\\/hundtgroup.com\\\/sl\\\/produkt\\\/m6r-leve-skarje-s-prehodnim-podajanjem\\\/\",\"name\":\"M6R Leve \u0161karje s prehodnim podajanjem - Wilhelm Hundt GmbH\",\"isPartOf\":{\"@id\":\"https:\\\/\\\/hundtgroup.com\\\/sl\\\/#website\"},\"primaryImageOfPage\":{\"@id\":\"https:\\\/\\\/hundtgroup.com\\\/sl\\\/produkt\\\/m6r-leve-skarje-s-prehodnim-podajanjem\\\/#primaryimage\"},\"image\":{\"@id\":\"https:\\\/\\\/hundtgroup.com\\\/sl\\\/produkt\\\/m6r-leve-skarje-s-prehodnim-podajanjem\\\/#primaryimage\"},\"thumbnailUrl\":\"https:\\\/\\\/hundtgroup.com\\\/wp-content\\\/uploads\\\/400150.jpg\",\"datePublished\":\"2022-08-23T14:00:58+00:00\",\"dateModified\":\"2025-07-29T09:51:35+00:00\",\"breadcrumb\":{\"@id\":\"https:\\\/\\\/hundtgroup.com\\\/sl\\\/produkt\\\/m6r-leve-skarje-s-prehodnim-podajanjem\\\/#breadcrumb\"},\"inLanguage\":\"sl-SI\",\"potentialAction\":[{\"@type\":\"ReadAction\",\"target\":[\"https:\\\/\\\/hundtgroup.com\\\/sl\\\/produkt\\\/m6r-leve-skarje-s-prehodnim-podajanjem\\\/\"]}]},{\"@type\":\"ImageObject\",\"inLanguage\":\"sl-SI\",\"@id\":\"https:\\\/\\\/hundtgroup.com\\\/sl\\\/produkt\\\/m6r-leve-skarje-s-prehodnim-podajanjem\\\/#primaryimage\",\"url\":\"https:\\\/\\\/hundtgroup.com\\\/wp-content\\\/uploads\\\/400150.jpg\",\"contentUrl\":\"https:\\\/\\\/hundtgroup.com\\\/wp-content\\\/uploads\\\/400150.jpg\",\"width\":1933,\"height\":706},{\"@type\":\"BreadcrumbList\",\"@id\":\"https:\\\/\\\/hundtgroup.com\\\/sl\\\/produkt\\\/m6r-leve-skarje-s-prehodnim-podajanjem\\\/#breadcrumb\",\"itemListElement\":[{\"@type\":\"ListItem\",\"position\":1,\"name\":\"Startseite\",\"item\":\"https:\\\/\\\/hundtgroup.com\\\/sl\\\/domov-novo\\\/\"},{\"@type\":\"ListItem\",\"position\":2,\"name\":\"Trgovina\",\"item\":\"https:\\\/\\\/hundtgroup.com\\\/trgovina\\\/\"},{\"@type\":\"ListItem\",\"position\":3,\"name\":\"M6R Leve \u0161karje s prehodnim podajanjem\"}]},{\"@type\":\"WebSite\",\"@id\":\"https:\\\/\\\/hundtgroup.com\\\/sl\\\/#website\",\"url\":\"https:\\\/\\\/hundtgroup.com\\\/sl\\\/\",\"name\":\"Wilhelm Hundt GmbH\",\"description\":\"Va\u0161 specialist za stroje in orodja za obdelavo plo\u010devine\",\"potentialAction\":[{\"@type\":\"SearchAction\",\"target\":{\"@type\":\"EntryPoint\",\"urlTemplate\":\"https:\\\/\\\/hundtgroup.com\\\/sl\\\/?s={search_term_string}\"},\"query-input\":{\"@type\":\"PropertyValueSpecification\",\"valueRequired\":true,\"valueName\":\"search_term_string\"}}],\"inLanguage\":\"sl-SI\"}]}<\/script>\n<!-- \/ Yoast SEO plugin. -->","yoast_head_json":{"title":"M6R Leve \u0161karje s prehodnim podajanjem - Wilhelm Hundt GmbH","robots":{"index":"index","follow":"follow","max-snippet":"max-snippet:-1","max-image-preview":"max-image-preview:large","max-video-preview":"max-video-preview:-1"},"canonical":"https:\/\/hundtgroup.com\/sl\/produkt\/m6r-leve-skarje-s-prehodnim-podajanjem\/","og_locale":"sl_SI","og_type":"article","og_title":"M6R Leve \u0161karje s prehodnim podajanjem - Wilhelm Hundt GmbH","og_description":"Z vzvodnim prenosom. Za tesne ukrivljene reze do ravnih rezov. Samodejno odpiranje za hitro delo brez napora. Nedrse\u010de, nazob\u010dane rezalne \u010deljusti iz molibdenovega jekla, odpornega proti obrabi. Nedrse\u010di ro\u010daji iz visoko trdnega jekla. Prakti\u010dna varnostna palica.","og_url":"https:\/\/hundtgroup.com\/sl\/produkt\/m6r-leve-skarje-s-prehodnim-podajanjem\/","og_site_name":"Wilhelm Hundt GmbH","article_modified_time":"2025-07-29T09:51:35+00:00","og_image":[{"width":1933,"height":706,"url":"https:\/\/hundtgroup.com\/wp-content\/uploads\/400150.jpg","type":"image\/jpeg"}],"twitter_card":"summary_large_image","schema":{"@context":"https:\/\/schema.org","@graph":[{"@type":"WebPage","@id":"https:\/\/hundtgroup.com\/sl\/produkt\/m6r-leve-skarje-s-prehodnim-podajanjem\/","url":"https:\/\/hundtgroup.com\/sl\/produkt\/m6r-leve-skarje-s-prehodnim-podajanjem\/","name":"M6R Leve \u0161karje s prehodnim podajanjem - Wilhelm Hundt GmbH","isPartOf":{"@id":"https:\/\/hundtgroup.com\/sl\/#website"},"primaryImageOfPage":{"@id":"https:\/\/hundtgroup.com\/sl\/produkt\/m6r-leve-skarje-s-prehodnim-podajanjem\/#primaryimage"},"image":{"@id":"https:\/\/hundtgroup.com\/sl\/produkt\/m6r-leve-skarje-s-prehodnim-podajanjem\/#primaryimage"},"thumbnailUrl":"https:\/\/hundtgroup.com\/wp-content\/uploads\/400150.jpg","datePublished":"2022-08-23T14:00:58+00:00","dateModified":"2025-07-29T09:51:35+00:00","breadcrumb":{"@id":"https:\/\/hundtgroup.com\/sl\/produkt\/m6r-leve-skarje-s-prehodnim-podajanjem\/#breadcrumb"},"inLanguage":"sl-SI","potentialAction":[{"@type":"ReadAction","target":["https:\/\/hundtgroup.com\/sl\/produkt\/m6r-leve-skarje-s-prehodnim-podajanjem\/"]}]},{"@type":"ImageObject","inLanguage":"sl-SI","@id":"https:\/\/hundtgroup.com\/sl\/produkt\/m6r-leve-skarje-s-prehodnim-podajanjem\/#primaryimage","url":"https:\/\/hundtgroup.com\/wp-content\/uploads\/400150.jpg","contentUrl":"https:\/\/hundtgroup.com\/wp-content\/uploads\/400150.jpg","width":1933,"height":706},{"@type":"BreadcrumbList","@id":"https:\/\/hundtgroup.com\/sl\/produkt\/m6r-leve-skarje-s-prehodnim-podajanjem\/#breadcrumb","itemListElement":[{"@type":"ListItem","position":1,"name":"Startseite","item":"https:\/\/hundtgroup.com\/sl\/domov-novo\/"},{"@type":"ListItem","position":2,"name":"Trgovina","item":"https:\/\/hundtgroup.com\/trgovina\/"},{"@type":"ListItem","position":3,"name":"M6R Leve \u0161karje s prehodnim podajanjem"}]},{"@type":"WebSite","@id":"https:\/\/hundtgroup.com\/sl\/#website","url":"https:\/\/hundtgroup.com\/sl\/","name":"Wilhelm Hundt GmbH","description":"Va\u0161 specialist za stroje in orodja za obdelavo plo\u010devine","potentialAction":[{"@type":"SearchAction","target":{"@type":"EntryPoint","urlTemplate":"https:\/\/hundtgroup.com\/sl\/?s={search_term_string}"},"query-input":{"@type":"PropertyValueSpecification","valueRequired":true,"valueName":"search_term_string"}}],"inLanguage":"sl-SI"}]}},"_links":{"self":[{"href":"https:\/\/hundtgroup.com\/sl\/wp-json\/wp\/v2\/product\/30074","targetHints":{"allow":["GET"]}}],"collection":[{"href":"https:\/\/hundtgroup.com\/sl\/wp-json\/wp\/v2\/product"}],"about":[{"href":"https:\/\/hundtgroup.com\/sl\/wp-json\/wp\/v2\/types\/product"}],"wp:featuredmedia":[{"embeddable":true,"href":"https:\/\/hundtgroup.com\/sl\/wp-json\/wp\/v2\/media\/30077"}],"wp:attachment":[{"href":"https:\/\/hundtgroup.com\/sl\/wp-json\/wp\/v2\/media?parent=30074"}],"wp:term":[{"taxonomy":"product_cat","embeddable":true,"href":"https:\/\/hundtgroup.com\/sl\/wp-json\/wp\/v2\/product_cat?post=30074"},{"taxonomy":"product_tag","embeddable":true,"href":"https:\/\/hundtgroup.com\/sl\/wp-json\/wp\/v2\/product_tag?post=30074"}],"curies":[{"name":"wp","href":"https:\/\/api.w.org\/{rel}","templated":true}]}}