{"id":30089,"date":"2022-08-23T16:00:58","date_gmt":"2022-08-23T14:00:58","guid":{"rendered":"https:\/\/hundtgroup.com\/produkt\/m3r-slikarske-skarje-ravne\/"},"modified":"2025-07-29T11:51:44","modified_gmt":"2025-07-29T09:51:44","slug":"m3r-slikarske-skarje-ravne","status":"publish","type":"product","link":"https:\/\/hundtgroup.com\/sl\/produkt\/m3r-slikarske-skarje-ravne\/","title":{"rendered":"M3R Slikarske \u0161karje ravne"},"content":{"rendered":"<p>Z vzvodnim prenosom.<br \/>\nLevo, desno ali ravno rezanje lahkih materialov.<br \/>\nSamodejno odpiranje za hitro delo brez napora.<br \/>\nNedrse\u010de, nazob\u010dane rezalne \u010deljusti iz molibdenovega jekla, odpornega proti obrabi.<br \/>\nNedrse\u010di ro\u010daji iz jekla visoke trdnosti.<br \/>\nPrakti\u010den varnostni ro\u010daj.<\/p>\n","protected":false},"excerpt":{"rendered":"<p>Z vzvodnim prenosom. Levo, desno ali ravno rezanje lahkih materialov. Samodejno odpiranje za hitro delo brez napora. Nedrse\u010de, nazob\u010dane rezalne \u010deljusti iz molibdenovega jekla, odpornega proti obrabi. Nedrse\u010di ro\u010daji iz jekla visoke trdnosti. Prakti\u010den varnostni ro\u010daj.<\/p>\n","protected":false},"featured_media":30091,"template":"","meta":{"_acf_changed":false,"inline_featured_image":false},"product_cat":[1748,2009,1973,2008],"product_tag":[],"class_list":{"0":"post-30089","1":"product","2":"type-product","3":"status-publish","4":"has-post-thumbnail","6":"product_cat-rocna-orodja","7":"product_cat-figuralne-skarje","8":"product_cat-skarje-za-kositer-sl-3","9":"product_cat-preveden-vzvod","11":"first","12":"instock","13":"taxable","14":"shipping-taxable","15":"purchasable","16":"product-type-simple","17":"add-to-wishlist-before_image"},"acf":[],"yoast_head":"<!-- This site is optimized with the Yoast SEO plugin v27.3 - https:\/\/yoast.com\/product\/yoast-seo-wordpress\/ -->\n<title>M3R Slikarske \u0161karje ravne - Wilhelm Hundt GmbH<\/title>\n<meta name=\"robots\" content=\"index, follow, max-snippet:-1, max-image-preview:large, max-video-preview:-1\" \/>\n<link rel=\"canonical\" href=\"https:\/\/hundtgroup.com\/sl\/produkt\/m3r-slikarske-skarje-ravne\/\" \/>\n<meta property=\"og:locale\" content=\"sl_SI\" \/>\n<meta property=\"og:type\" content=\"article\" \/>\n<meta property=\"og:title\" content=\"M3R Slikarske \u0161karje ravne - Wilhelm Hundt GmbH\" \/>\n<meta property=\"og:description\" content=\"Z vzvodnim prenosom. Levo, desno ali ravno rezanje lahkih materialov. Samodejno odpiranje za hitro delo brez napora. Nedrse\u010de, nazob\u010dane rezalne \u010deljusti iz molibdenovega jekla, odpornega proti obrabi. Nedrse\u010di ro\u010daji iz jekla visoke trdnosti. Prakti\u010den varnostni ro\u010daj.\" \/>\n<meta property=\"og:url\" content=\"https:\/\/hundtgroup.com\/sl\/produkt\/m3r-slikarske-skarje-ravne\/\" \/>\n<meta property=\"og:site_name\" content=\"Wilhelm Hundt GmbH\" \/>\n<meta property=\"article:modified_time\" content=\"2025-07-29T09:51:44+00:00\" \/>\n<meta property=\"og:image\" content=\"https:\/\/hundtgroup.com\/wp-content\/uploads\/400185-1-scaled.jpg\" \/>\n\t<meta property=\"og:image:width\" content=\"2560\" \/>\n\t<meta property=\"og:image:height\" content=\"1241\" \/>\n\t<meta property=\"og:image:type\" content=\"image\/jpeg\" \/>\n<meta name=\"twitter:card\" content=\"summary_large_image\" \/>\n<script type=\"application\/ld+json\" class=\"yoast-schema-graph\">{\"@context\":\"https:\\\/\\\/schema.org\",\"@graph\":[{\"@type\":\"WebPage\",\"@id\":\"https:\\\/\\\/hundtgroup.com\\\/sl\\\/produkt\\\/m3r-slikarske-skarje-ravne\\\/\",\"url\":\"https:\\\/\\\/hundtgroup.com\\\/sl\\\/produkt\\\/m3r-slikarske-skarje-ravne\\\/\",\"name\":\"M3R Slikarske \u0161karje ravne - Wilhelm Hundt GmbH\",\"isPartOf\":{\"@id\":\"https:\\\/\\\/hundtgroup.com\\\/sl\\\/#website\"},\"primaryImageOfPage\":{\"@id\":\"https:\\\/\\\/hundtgroup.com\\\/sl\\\/produkt\\\/m3r-slikarske-skarje-ravne\\\/#primaryimage\"},\"image\":{\"@id\":\"https:\\\/\\\/hundtgroup.com\\\/sl\\\/produkt\\\/m3r-slikarske-skarje-ravne\\\/#primaryimage\"},\"thumbnailUrl\":\"https:\\\/\\\/hundtgroup.com\\\/wp-content\\\/uploads\\\/400185-1-scaled.jpg\",\"datePublished\":\"2022-08-23T14:00:58+00:00\",\"dateModified\":\"2025-07-29T09:51:44+00:00\",\"breadcrumb\":{\"@id\":\"https:\\\/\\\/hundtgroup.com\\\/sl\\\/produkt\\\/m3r-slikarske-skarje-ravne\\\/#breadcrumb\"},\"inLanguage\":\"sl-SI\",\"potentialAction\":[{\"@type\":\"ReadAction\",\"target\":[\"https:\\\/\\\/hundtgroup.com\\\/sl\\\/produkt\\\/m3r-slikarske-skarje-ravne\\\/\"]}]},{\"@type\":\"ImageObject\",\"inLanguage\":\"sl-SI\",\"@id\":\"https:\\\/\\\/hundtgroup.com\\\/sl\\\/produkt\\\/m3r-slikarske-skarje-ravne\\\/#primaryimage\",\"url\":\"https:\\\/\\\/hundtgroup.com\\\/wp-content\\\/uploads\\\/400185-1-scaled.jpg\",\"contentUrl\":\"https:\\\/\\\/hundtgroup.com\\\/wp-content\\\/uploads\\\/400185-1-scaled.jpg\",\"width\":2560,\"height\":1241},{\"@type\":\"BreadcrumbList\",\"@id\":\"https:\\\/\\\/hundtgroup.com\\\/sl\\\/produkt\\\/m3r-slikarske-skarje-ravne\\\/#breadcrumb\",\"itemListElement\":[{\"@type\":\"ListItem\",\"position\":1,\"name\":\"Startseite\",\"item\":\"https:\\\/\\\/hundtgroup.com\\\/sl\\\/domov-novo\\\/\"},{\"@type\":\"ListItem\",\"position\":2,\"name\":\"Trgovina\",\"item\":\"https:\\\/\\\/hundtgroup.com\\\/trgovina\\\/\"},{\"@type\":\"ListItem\",\"position\":3,\"name\":\"M3R Slikarske \u0161karje ravne\"}]},{\"@type\":\"WebSite\",\"@id\":\"https:\\\/\\\/hundtgroup.com\\\/sl\\\/#website\",\"url\":\"https:\\\/\\\/hundtgroup.com\\\/sl\\\/\",\"name\":\"Wilhelm Hundt GmbH\",\"description\":\"Va\u0161 specialist za stroje in orodja za obdelavo plo\u010devine\",\"potentialAction\":[{\"@type\":\"SearchAction\",\"target\":{\"@type\":\"EntryPoint\",\"urlTemplate\":\"https:\\\/\\\/hundtgroup.com\\\/sl\\\/?s={search_term_string}\"},\"query-input\":{\"@type\":\"PropertyValueSpecification\",\"valueRequired\":true,\"valueName\":\"search_term_string\"}}],\"inLanguage\":\"sl-SI\"}]}<\/script>\n<!-- \/ Yoast SEO plugin. -->","yoast_head_json":{"title":"M3R Slikarske \u0161karje ravne - Wilhelm Hundt GmbH","robots":{"index":"index","follow":"follow","max-snippet":"max-snippet:-1","max-image-preview":"max-image-preview:large","max-video-preview":"max-video-preview:-1"},"canonical":"https:\/\/hundtgroup.com\/sl\/produkt\/m3r-slikarske-skarje-ravne\/","og_locale":"sl_SI","og_type":"article","og_title":"M3R Slikarske \u0161karje ravne - Wilhelm Hundt GmbH","og_description":"Z vzvodnim prenosom. Levo, desno ali ravno rezanje lahkih materialov. Samodejno odpiranje za hitro delo brez napora. Nedrse\u010de, nazob\u010dane rezalne \u010deljusti iz molibdenovega jekla, odpornega proti obrabi. Nedrse\u010di ro\u010daji iz jekla visoke trdnosti. Prakti\u010den varnostni ro\u010daj.","og_url":"https:\/\/hundtgroup.com\/sl\/produkt\/m3r-slikarske-skarje-ravne\/","og_site_name":"Wilhelm Hundt GmbH","article_modified_time":"2025-07-29T09:51:44+00:00","og_image":[{"width":2560,"height":1241,"url":"https:\/\/hundtgroup.com\/wp-content\/uploads\/400185-1-scaled.jpg","type":"image\/jpeg"}],"twitter_card":"summary_large_image","schema":{"@context":"https:\/\/schema.org","@graph":[{"@type":"WebPage","@id":"https:\/\/hundtgroup.com\/sl\/produkt\/m3r-slikarske-skarje-ravne\/","url":"https:\/\/hundtgroup.com\/sl\/produkt\/m3r-slikarske-skarje-ravne\/","name":"M3R Slikarske \u0161karje ravne - Wilhelm Hundt GmbH","isPartOf":{"@id":"https:\/\/hundtgroup.com\/sl\/#website"},"primaryImageOfPage":{"@id":"https:\/\/hundtgroup.com\/sl\/produkt\/m3r-slikarske-skarje-ravne\/#primaryimage"},"image":{"@id":"https:\/\/hundtgroup.com\/sl\/produkt\/m3r-slikarske-skarje-ravne\/#primaryimage"},"thumbnailUrl":"https:\/\/hundtgroup.com\/wp-content\/uploads\/400185-1-scaled.jpg","datePublished":"2022-08-23T14:00:58+00:00","dateModified":"2025-07-29T09:51:44+00:00","breadcrumb":{"@id":"https:\/\/hundtgroup.com\/sl\/produkt\/m3r-slikarske-skarje-ravne\/#breadcrumb"},"inLanguage":"sl-SI","potentialAction":[{"@type":"ReadAction","target":["https:\/\/hundtgroup.com\/sl\/produkt\/m3r-slikarske-skarje-ravne\/"]}]},{"@type":"ImageObject","inLanguage":"sl-SI","@id":"https:\/\/hundtgroup.com\/sl\/produkt\/m3r-slikarske-skarje-ravne\/#primaryimage","url":"https:\/\/hundtgroup.com\/wp-content\/uploads\/400185-1-scaled.jpg","contentUrl":"https:\/\/hundtgroup.com\/wp-content\/uploads\/400185-1-scaled.jpg","width":2560,"height":1241},{"@type":"BreadcrumbList","@id":"https:\/\/hundtgroup.com\/sl\/produkt\/m3r-slikarske-skarje-ravne\/#breadcrumb","itemListElement":[{"@type":"ListItem","position":1,"name":"Startseite","item":"https:\/\/hundtgroup.com\/sl\/domov-novo\/"},{"@type":"ListItem","position":2,"name":"Trgovina","item":"https:\/\/hundtgroup.com\/trgovina\/"},{"@type":"ListItem","position":3,"name":"M3R Slikarske \u0161karje ravne"}]},{"@type":"WebSite","@id":"https:\/\/hundtgroup.com\/sl\/#website","url":"https:\/\/hundtgroup.com\/sl\/","name":"Wilhelm Hundt GmbH","description":"Va\u0161 specialist za stroje in orodja za obdelavo plo\u010devine","potentialAction":[{"@type":"SearchAction","target":{"@type":"EntryPoint","urlTemplate":"https:\/\/hundtgroup.com\/sl\/?s={search_term_string}"},"query-input":{"@type":"PropertyValueSpecification","valueRequired":true,"valueName":"search_term_string"}}],"inLanguage":"sl-SI"}]}},"_links":{"self":[{"href":"https:\/\/hundtgroup.com\/sl\/wp-json\/wp\/v2\/product\/30089","targetHints":{"allow":["GET"]}}],"collection":[{"href":"https:\/\/hundtgroup.com\/sl\/wp-json\/wp\/v2\/product"}],"about":[{"href":"https:\/\/hundtgroup.com\/sl\/wp-json\/wp\/v2\/types\/product"}],"wp:featuredmedia":[{"embeddable":true,"href":"https:\/\/hundtgroup.com\/sl\/wp-json\/wp\/v2\/media\/30091"}],"wp:attachment":[{"href":"https:\/\/hundtgroup.com\/sl\/wp-json\/wp\/v2\/media?parent=30089"}],"wp:term":[{"taxonomy":"product_cat","embeddable":true,"href":"https:\/\/hundtgroup.com\/sl\/wp-json\/wp\/v2\/product_cat?post=30089"},{"taxonomy":"product_tag","embeddable":true,"href":"https:\/\/hundtgroup.com\/sl\/wp-json\/wp\/v2\/product_tag?post=30089"}],"curies":[{"name":"wp","href":"https:\/\/api.w.org\/{rel}","templated":true}]}}