{"id":30260,"date":"2022-08-23T16:00:41","date_gmt":"2022-08-23T14:00:41","guid":{"rendered":"https:\/\/hundtgroup.com\/produkt\/d15a-idealne-skarje-male-leve\/"},"modified":"2025-07-29T11:49:30","modified_gmt":"2025-07-29T09:49:30","slug":"d15a-idealne-skarje-male-leve","status":"publish","type":"product","link":"https:\/\/hundtgroup.com\/sl\/produkt\/d15a-idealne-skarje-male-leve\/","title":{"rendered":"D15A Idealne \u0161karje male leve"},"content":{"rendered":"<p>Z vzvodnim prenosom.<br \/>\nZa neprekinjene ravne in oblikovane reze.<br \/>\nIzjemno okretna zaradi posebne geometrije stri\u017ene glave &#8211; idealna za posebej majhne radije in te\u017eko dostopna mesta.<br \/>\nPrakti\u010dna kombinacija zasko\u010dka in zaustavitve.<br \/>\nERGO ro\u010daj za delo brez utrujenosti.<\/p>\n","protected":false},"excerpt":{"rendered":"<p>Z vzvodnim prenosom. Za neprekinjene ravne in oblikovane reze. Izjemno okretna zaradi posebne geometrije stri\u017ene glave &#8211; idealna za posebej majhne radije in te\u017eko dostopna mesta. Prakti\u010dna kombinacija zasko\u010dka in zaustavitve. ERGO ro\u010daj za delo brez utrujenosti.<\/p>\n","protected":false},"featured_media":29880,"template":"","meta":{"_acf_changed":false,"inline_featured_image":false},"product_cat":[1748,1973,2008,2003],"product_tag":[],"class_list":{"0":"post-30260","1":"product","2":"type-product","3":"status-publish","4":"has-post-thumbnail","6":"brand-erdi","7":"product_cat-rocna-orodja","8":"product_cat-skarje-za-kositer-sl-3","9":"product_cat-preveden-vzvod","10":"product_cat-idealne-skarje","12":"first","13":"instock","14":"taxable","15":"shipping-taxable","16":"purchasable","17":"product-type-simple","18":"add-to-wishlist-before_image"},"acf":[],"yoast_head":"<!-- This site is optimized with the Yoast SEO plugin v27.3 - https:\/\/yoast.com\/product\/yoast-seo-wordpress\/ -->\n<title>D15A Idealne \u0161karje male leve - Wilhelm Hundt GmbH<\/title>\n<meta name=\"robots\" content=\"index, follow, max-snippet:-1, max-image-preview:large, max-video-preview:-1\" \/>\n<link rel=\"canonical\" href=\"https:\/\/hundtgroup.com\/sl\/produkt\/d15a-idealne-skarje-male-leve\/\" \/>\n<meta property=\"og:locale\" content=\"sl_SI\" \/>\n<meta property=\"og:type\" content=\"article\" \/>\n<meta property=\"og:title\" content=\"D15A Idealne \u0161karje male leve - Wilhelm Hundt GmbH\" \/>\n<meta property=\"og:description\" content=\"Z vzvodnim prenosom. Za neprekinjene ravne in oblikovane reze. Izjemno okretna zaradi posebne geometrije stri\u017ene glave &#8211; idealna za posebej majhne radije in te\u017eko dostopna mesta. Prakti\u010dna kombinacija zasko\u010dka in zaustavitve. ERGO ro\u010daj za delo brez utrujenosti.\" \/>\n<meta property=\"og:url\" content=\"https:\/\/hundtgroup.com\/sl\/produkt\/d15a-idealne-skarje-male-leve\/\" \/>\n<meta property=\"og:site_name\" content=\"Wilhelm Hundt GmbH\" \/>\n<meta property=\"article:modified_time\" content=\"2025-07-29T09:49:30+00:00\" \/>\n<meta property=\"og:image\" content=\"https:\/\/hundtgroup.com\/wp-content\/uploads\/400037.png\" \/>\n\t<meta property=\"og:image:width\" content=\"708\" \/>\n\t<meta property=\"og:image:height\" content=\"216\" \/>\n\t<meta property=\"og:image:type\" content=\"image\/png\" \/>\n<meta name=\"twitter:card\" content=\"summary_large_image\" \/>\n<script type=\"application\/ld+json\" class=\"yoast-schema-graph\">{\"@context\":\"https:\\\/\\\/schema.org\",\"@graph\":[{\"@type\":\"WebPage\",\"@id\":\"https:\\\/\\\/hundtgroup.com\\\/sl\\\/produkt\\\/d15a-idealne-skarje-male-leve\\\/\",\"url\":\"https:\\\/\\\/hundtgroup.com\\\/sl\\\/produkt\\\/d15a-idealne-skarje-male-leve\\\/\",\"name\":\"D15A Idealne \u0161karje male leve - Wilhelm Hundt GmbH\",\"isPartOf\":{\"@id\":\"https:\\\/\\\/hundtgroup.com\\\/sl\\\/#website\"},\"primaryImageOfPage\":{\"@id\":\"https:\\\/\\\/hundtgroup.com\\\/sl\\\/produkt\\\/d15a-idealne-skarje-male-leve\\\/#primaryimage\"},\"image\":{\"@id\":\"https:\\\/\\\/hundtgroup.com\\\/sl\\\/produkt\\\/d15a-idealne-skarje-male-leve\\\/#primaryimage\"},\"thumbnailUrl\":\"https:\\\/\\\/hundtgroup.com\\\/wp-content\\\/uploads\\\/400037.png\",\"datePublished\":\"2022-08-23T14:00:41+00:00\",\"dateModified\":\"2025-07-29T09:49:30+00:00\",\"breadcrumb\":{\"@id\":\"https:\\\/\\\/hundtgroup.com\\\/sl\\\/produkt\\\/d15a-idealne-skarje-male-leve\\\/#breadcrumb\"},\"inLanguage\":\"sl-SI\",\"potentialAction\":[{\"@type\":\"ReadAction\",\"target\":[\"https:\\\/\\\/hundtgroup.com\\\/sl\\\/produkt\\\/d15a-idealne-skarje-male-leve\\\/\"]}]},{\"@type\":\"ImageObject\",\"inLanguage\":\"sl-SI\",\"@id\":\"https:\\\/\\\/hundtgroup.com\\\/sl\\\/produkt\\\/d15a-idealne-skarje-male-leve\\\/#primaryimage\",\"url\":\"https:\\\/\\\/hundtgroup.com\\\/wp-content\\\/uploads\\\/400037.png\",\"contentUrl\":\"https:\\\/\\\/hundtgroup.com\\\/wp-content\\\/uploads\\\/400037.png\",\"width\":708,\"height\":216},{\"@type\":\"BreadcrumbList\",\"@id\":\"https:\\\/\\\/hundtgroup.com\\\/sl\\\/produkt\\\/d15a-idealne-skarje-male-leve\\\/#breadcrumb\",\"itemListElement\":[{\"@type\":\"ListItem\",\"position\":1,\"name\":\"Startseite\",\"item\":\"https:\\\/\\\/hundtgroup.com\\\/sl\\\/domov-novo\\\/\"},{\"@type\":\"ListItem\",\"position\":2,\"name\":\"Trgovina\",\"item\":\"https:\\\/\\\/hundtgroup.com\\\/trgovina\\\/\"},{\"@type\":\"ListItem\",\"position\":3,\"name\":\"D15A Idealne \u0161karje male leve\"}]},{\"@type\":\"WebSite\",\"@id\":\"https:\\\/\\\/hundtgroup.com\\\/sl\\\/#website\",\"url\":\"https:\\\/\\\/hundtgroup.com\\\/sl\\\/\",\"name\":\"Wilhelm Hundt GmbH\",\"description\":\"Va\u0161 specialist za stroje in orodja za obdelavo plo\u010devine\",\"potentialAction\":[{\"@type\":\"SearchAction\",\"target\":{\"@type\":\"EntryPoint\",\"urlTemplate\":\"https:\\\/\\\/hundtgroup.com\\\/sl\\\/?s={search_term_string}\"},\"query-input\":{\"@type\":\"PropertyValueSpecification\",\"valueRequired\":true,\"valueName\":\"search_term_string\"}}],\"inLanguage\":\"sl-SI\"}]}<\/script>\n<!-- \/ Yoast SEO plugin. -->","yoast_head_json":{"title":"D15A Idealne \u0161karje male leve - Wilhelm Hundt GmbH","robots":{"index":"index","follow":"follow","max-snippet":"max-snippet:-1","max-image-preview":"max-image-preview:large","max-video-preview":"max-video-preview:-1"},"canonical":"https:\/\/hundtgroup.com\/sl\/produkt\/d15a-idealne-skarje-male-leve\/","og_locale":"sl_SI","og_type":"article","og_title":"D15A Idealne \u0161karje male leve - Wilhelm Hundt GmbH","og_description":"Z vzvodnim prenosom. Za neprekinjene ravne in oblikovane reze. Izjemno okretna zaradi posebne geometrije stri\u017ene glave &#8211; idealna za posebej majhne radije in te\u017eko dostopna mesta. Prakti\u010dna kombinacija zasko\u010dka in zaustavitve. ERGO ro\u010daj za delo brez utrujenosti.","og_url":"https:\/\/hundtgroup.com\/sl\/produkt\/d15a-idealne-skarje-male-leve\/","og_site_name":"Wilhelm Hundt GmbH","article_modified_time":"2025-07-29T09:49:30+00:00","og_image":[{"width":708,"height":216,"url":"https:\/\/hundtgroup.com\/wp-content\/uploads\/400037.png","type":"image\/png"}],"twitter_card":"summary_large_image","schema":{"@context":"https:\/\/schema.org","@graph":[{"@type":"WebPage","@id":"https:\/\/hundtgroup.com\/sl\/produkt\/d15a-idealne-skarje-male-leve\/","url":"https:\/\/hundtgroup.com\/sl\/produkt\/d15a-idealne-skarje-male-leve\/","name":"D15A Idealne \u0161karje male leve - Wilhelm Hundt GmbH","isPartOf":{"@id":"https:\/\/hundtgroup.com\/sl\/#website"},"primaryImageOfPage":{"@id":"https:\/\/hundtgroup.com\/sl\/produkt\/d15a-idealne-skarje-male-leve\/#primaryimage"},"image":{"@id":"https:\/\/hundtgroup.com\/sl\/produkt\/d15a-idealne-skarje-male-leve\/#primaryimage"},"thumbnailUrl":"https:\/\/hundtgroup.com\/wp-content\/uploads\/400037.png","datePublished":"2022-08-23T14:00:41+00:00","dateModified":"2025-07-29T09:49:30+00:00","breadcrumb":{"@id":"https:\/\/hundtgroup.com\/sl\/produkt\/d15a-idealne-skarje-male-leve\/#breadcrumb"},"inLanguage":"sl-SI","potentialAction":[{"@type":"ReadAction","target":["https:\/\/hundtgroup.com\/sl\/produkt\/d15a-idealne-skarje-male-leve\/"]}]},{"@type":"ImageObject","inLanguage":"sl-SI","@id":"https:\/\/hundtgroup.com\/sl\/produkt\/d15a-idealne-skarje-male-leve\/#primaryimage","url":"https:\/\/hundtgroup.com\/wp-content\/uploads\/400037.png","contentUrl":"https:\/\/hundtgroup.com\/wp-content\/uploads\/400037.png","width":708,"height":216},{"@type":"BreadcrumbList","@id":"https:\/\/hundtgroup.com\/sl\/produkt\/d15a-idealne-skarje-male-leve\/#breadcrumb","itemListElement":[{"@type":"ListItem","position":1,"name":"Startseite","item":"https:\/\/hundtgroup.com\/sl\/domov-novo\/"},{"@type":"ListItem","position":2,"name":"Trgovina","item":"https:\/\/hundtgroup.com\/trgovina\/"},{"@type":"ListItem","position":3,"name":"D15A Idealne \u0161karje male leve"}]},{"@type":"WebSite","@id":"https:\/\/hundtgroup.com\/sl\/#website","url":"https:\/\/hundtgroup.com\/sl\/","name":"Wilhelm Hundt GmbH","description":"Va\u0161 specialist za stroje in orodja za obdelavo plo\u010devine","potentialAction":[{"@type":"SearchAction","target":{"@type":"EntryPoint","urlTemplate":"https:\/\/hundtgroup.com\/sl\/?s={search_term_string}"},"query-input":{"@type":"PropertyValueSpecification","valueRequired":true,"valueName":"search_term_string"}}],"inLanguage":"sl-SI"}]}},"_links":{"self":[{"href":"https:\/\/hundtgroup.com\/sl\/wp-json\/wp\/v2\/product\/30260","targetHints":{"allow":["GET"]}}],"collection":[{"href":"https:\/\/hundtgroup.com\/sl\/wp-json\/wp\/v2\/product"}],"about":[{"href":"https:\/\/hundtgroup.com\/sl\/wp-json\/wp\/v2\/types\/product"}],"wp:featuredmedia":[{"embeddable":true,"href":"https:\/\/hundtgroup.com\/sl\/wp-json\/wp\/v2\/media\/29880"}],"wp:attachment":[{"href":"https:\/\/hundtgroup.com\/sl\/wp-json\/wp\/v2\/media?parent=30260"}],"wp:term":[{"taxonomy":"product_cat","embeddable":true,"href":"https:\/\/hundtgroup.com\/sl\/wp-json\/wp\/v2\/product_cat?post=30260"},{"taxonomy":"product_tag","embeddable":true,"href":"https:\/\/hundtgroup.com\/sl\/wp-json\/wp\/v2\/product_tag?post=30260"}],"curies":[{"name":"wp","href":"https:\/\/api.w.org\/{rel}","templated":true}]}}