{"id":35962,"date":"2022-08-23T15:56:03","date_gmt":"2022-08-23T13:56:03","guid":{"rendered":"https:\/\/hundtgroup.com\/produkt\/trutool-tka-1500-rezkalnik-robov-s-45-orodjem\/"},"modified":"2025-07-29T10:27:01","modified_gmt":"2025-07-29T08:27:01","slug":"trutool-tka-1500-rezkalnik-robov-s-45-orodjem","status":"publish","type":"product","link":"https:\/\/hundtgroup.com\/sl\/produkt\/trutool-tka-1500-rezkalnik-robov-s-45-orodjem\/","title":{"rendered":"TruTool TKA 1500 rezkalnik robov s 45\u00b0 orodjem"},"content":{"rendered":"<p>Robustni TruTool TKA 1500 ustvarja natan\u010dno prilegajo\u010de se po\u0161evnine dol\u017eine do 15 mm pod koti 30\u00b0, 45\u00b0 in 60\u00b0. \u017deleno dol\u017eino po\u0161evnine lahko nastavite brezstopenjsko in brez orodja. Takoj dose\u017eete visokokakovostne, ponovljive robove brez ponovnega obdelovanja. Z orodjem TruTool TKA 1500 lahko izdelate \u010diste vidne robove, prekinete ostre robove, uporabite radij ali pripravite zvarni \u0161iv. U\u010dinkovit postopek rezkanja je do petkrat hitrej\u0161i od konkuren\u010dnih postopkov. Izogibamo se vsakr\u0161ni oksidaciji ali deformaciji materiala. Zaradi ergonomskega vodila in motoriziranega ro\u010daja je upravljanje stroja neprimerljivo la\u017eje.      <\/p>\n","protected":false},"excerpt":{"rendered":"<p>Robustni TruTool TKA 1500 ustvarja natan\u010dno prilegajo\u010de se po\u0161evnine dol\u017eine do 15 mm pod koti 30\u00b0, 45\u00b0 in 60\u00b0. \u017deleno dol\u017eino po\u0161evnine lahko nastavite brezstopenjsko in brez orodja. Takoj dose\u017eete visokokakovostne, ponovljive robove brez ponovnega obdelovanja. Z orodjem TruTool TKA 1500 lahko izdelate \u010diste vidne robove, prekinete ostre robove, uporabite radij ali pripravite zvarni \u0161iv. [&hellip;]<\/p>\n","protected":false},"featured_media":33615,"template":"","meta":{"_acf_changed":false,"inline_featured_image":false},"product_cat":[652,2075],"product_tag":[],"class_list":{"0":"post-35962","1":"product","2":"type-product","3":"status-publish","4":"has-post-thumbnail","6":"brand-trumpf","7":"product_cat-elektricna-orodja","8":"product_cat-robni-usmerjevalnik","10":"first","11":"instock","12":"sale","13":"taxable","14":"shipping-taxable","15":"purchasable","16":"product-type-simple","17":"add-to-wishlist-before_image"},"acf":[],"yoast_head":"<!-- This site is optimized with the Yoast SEO plugin v27.3 - https:\/\/yoast.com\/product\/yoast-seo-wordpress\/ -->\n<title>TruTool TKA 1500 rezkalnik robov s 45\u00b0 orodjem - Wilhelm Hundt GmbH<\/title>\n<meta name=\"robots\" content=\"index, follow, max-snippet:-1, max-image-preview:large, max-video-preview:-1\" \/>\n<link rel=\"canonical\" href=\"https:\/\/hundtgroup.com\/sl\/produkt\/trutool-tka-1500-rezkalnik-robov-s-45-orodjem\/\" \/>\n<meta property=\"og:locale\" content=\"sl_SI\" \/>\n<meta property=\"og:type\" content=\"article\" \/>\n<meta property=\"og:title\" content=\"TruTool TKA 1500 rezkalnik robov s 45\u00b0 orodjem - Wilhelm Hundt GmbH\" \/>\n<meta property=\"og:description\" content=\"Robustni TruTool TKA 1500 ustvarja natan\u010dno prilegajo\u010de se po\u0161evnine dol\u017eine do 15 mm pod koti 30\u00b0, 45\u00b0 in 60\u00b0. \u017deleno dol\u017eino po\u0161evnine lahko nastavite brezstopenjsko in brez orodja. Takoj dose\u017eete visokokakovostne, ponovljive robove brez ponovnega obdelovanja. Z orodjem TruTool TKA 1500 lahko izdelate \u010diste vidne robove, prekinete ostre robove, uporabite radij ali pripravite zvarni \u0161iv. [&hellip;]\" \/>\n<meta property=\"og:url\" content=\"https:\/\/hundtgroup.com\/sl\/produkt\/trutool-tka-1500-rezkalnik-robov-s-45-orodjem\/\" \/>\n<meta property=\"og:site_name\" content=\"Wilhelm Hundt GmbH\" \/>\n<meta property=\"article:modified_time\" content=\"2025-07-29T08:27:01+00:00\" \/>\n<meta property=\"og:image\" content=\"https:\/\/hundtgroup.com\/wp-content\/uploads\/345262-scaled.jpg\" \/>\n\t<meta property=\"og:image:width\" content=\"2560\" \/>\n\t<meta property=\"og:image:height\" content=\"1463\" \/>\n\t<meta property=\"og:image:type\" content=\"image\/jpeg\" \/>\n<meta name=\"twitter:card\" content=\"summary_large_image\" \/>\n<script type=\"application\/ld+json\" class=\"yoast-schema-graph\">{\"@context\":\"https:\\\/\\\/schema.org\",\"@graph\":[{\"@type\":\"WebPage\",\"@id\":\"https:\\\/\\\/hundtgroup.com\\\/sl\\\/produkt\\\/trutool-tka-1500-rezkalnik-robov-s-45-orodjem\\\/\",\"url\":\"https:\\\/\\\/hundtgroup.com\\\/sl\\\/produkt\\\/trutool-tka-1500-rezkalnik-robov-s-45-orodjem\\\/\",\"name\":\"TruTool TKA 1500 rezkalnik robov s 45\u00b0 orodjem - Wilhelm Hundt GmbH\",\"isPartOf\":{\"@id\":\"https:\\\/\\\/hundtgroup.com\\\/sl\\\/#website\"},\"primaryImageOfPage\":{\"@id\":\"https:\\\/\\\/hundtgroup.com\\\/sl\\\/produkt\\\/trutool-tka-1500-rezkalnik-robov-s-45-orodjem\\\/#primaryimage\"},\"image\":{\"@id\":\"https:\\\/\\\/hundtgroup.com\\\/sl\\\/produkt\\\/trutool-tka-1500-rezkalnik-robov-s-45-orodjem\\\/#primaryimage\"},\"thumbnailUrl\":\"https:\\\/\\\/hundtgroup.com\\\/wp-content\\\/uploads\\\/345262-scaled.jpg\",\"datePublished\":\"2022-08-23T13:56:03+00:00\",\"dateModified\":\"2025-07-29T08:27:01+00:00\",\"breadcrumb\":{\"@id\":\"https:\\\/\\\/hundtgroup.com\\\/sl\\\/produkt\\\/trutool-tka-1500-rezkalnik-robov-s-45-orodjem\\\/#breadcrumb\"},\"inLanguage\":\"sl-SI\",\"potentialAction\":[{\"@type\":\"ReadAction\",\"target\":[\"https:\\\/\\\/hundtgroup.com\\\/sl\\\/produkt\\\/trutool-tka-1500-rezkalnik-robov-s-45-orodjem\\\/\"]}]},{\"@type\":\"ImageObject\",\"inLanguage\":\"sl-SI\",\"@id\":\"https:\\\/\\\/hundtgroup.com\\\/sl\\\/produkt\\\/trutool-tka-1500-rezkalnik-robov-s-45-orodjem\\\/#primaryimage\",\"url\":\"https:\\\/\\\/hundtgroup.com\\\/wp-content\\\/uploads\\\/345262-scaled.jpg\",\"contentUrl\":\"https:\\\/\\\/hundtgroup.com\\\/wp-content\\\/uploads\\\/345262-scaled.jpg\",\"width\":2560,\"height\":1463},{\"@type\":\"BreadcrumbList\",\"@id\":\"https:\\\/\\\/hundtgroup.com\\\/sl\\\/produkt\\\/trutool-tka-1500-rezkalnik-robov-s-45-orodjem\\\/#breadcrumb\",\"itemListElement\":[{\"@type\":\"ListItem\",\"position\":1,\"name\":\"Startseite\",\"item\":\"https:\\\/\\\/hundtgroup.com\\\/sl\\\/domov-novo\\\/\"},{\"@type\":\"ListItem\",\"position\":2,\"name\":\"Trgovina\",\"item\":\"https:\\\/\\\/hundtgroup.com\\\/trgovina\\\/\"},{\"@type\":\"ListItem\",\"position\":3,\"name\":\"TruTool TKA 1500 rezkalnik robov s 45\u00b0 orodjem\"}]},{\"@type\":\"WebSite\",\"@id\":\"https:\\\/\\\/hundtgroup.com\\\/sl\\\/#website\",\"url\":\"https:\\\/\\\/hundtgroup.com\\\/sl\\\/\",\"name\":\"Wilhelm Hundt GmbH\",\"description\":\"Va\u0161 specialist za stroje in orodja za obdelavo plo\u010devine\",\"potentialAction\":[{\"@type\":\"SearchAction\",\"target\":{\"@type\":\"EntryPoint\",\"urlTemplate\":\"https:\\\/\\\/hundtgroup.com\\\/sl\\\/?s={search_term_string}\"},\"query-input\":{\"@type\":\"PropertyValueSpecification\",\"valueRequired\":true,\"valueName\":\"search_term_string\"}}],\"inLanguage\":\"sl-SI\"}]}<\/script>\n<!-- \/ Yoast SEO plugin. -->","yoast_head_json":{"title":"TruTool TKA 1500 rezkalnik robov s 45\u00b0 orodjem - Wilhelm Hundt GmbH","robots":{"index":"index","follow":"follow","max-snippet":"max-snippet:-1","max-image-preview":"max-image-preview:large","max-video-preview":"max-video-preview:-1"},"canonical":"https:\/\/hundtgroup.com\/sl\/produkt\/trutool-tka-1500-rezkalnik-robov-s-45-orodjem\/","og_locale":"sl_SI","og_type":"article","og_title":"TruTool TKA 1500 rezkalnik robov s 45\u00b0 orodjem - Wilhelm Hundt GmbH","og_description":"Robustni TruTool TKA 1500 ustvarja natan\u010dno prilegajo\u010de se po\u0161evnine dol\u017eine do 15 mm pod koti 30\u00b0, 45\u00b0 in 60\u00b0. \u017deleno dol\u017eino po\u0161evnine lahko nastavite brezstopenjsko in brez orodja. Takoj dose\u017eete visokokakovostne, ponovljive robove brez ponovnega obdelovanja. Z orodjem TruTool TKA 1500 lahko izdelate \u010diste vidne robove, prekinete ostre robove, uporabite radij ali pripravite zvarni \u0161iv. [&hellip;]","og_url":"https:\/\/hundtgroup.com\/sl\/produkt\/trutool-tka-1500-rezkalnik-robov-s-45-orodjem\/","og_site_name":"Wilhelm Hundt GmbH","article_modified_time":"2025-07-29T08:27:01+00:00","og_image":[{"width":2560,"height":1463,"url":"https:\/\/hundtgroup.com\/wp-content\/uploads\/345262-scaled.jpg","type":"image\/jpeg"}],"twitter_card":"summary_large_image","schema":{"@context":"https:\/\/schema.org","@graph":[{"@type":"WebPage","@id":"https:\/\/hundtgroup.com\/sl\/produkt\/trutool-tka-1500-rezkalnik-robov-s-45-orodjem\/","url":"https:\/\/hundtgroup.com\/sl\/produkt\/trutool-tka-1500-rezkalnik-robov-s-45-orodjem\/","name":"TruTool TKA 1500 rezkalnik robov s 45\u00b0 orodjem - Wilhelm Hundt GmbH","isPartOf":{"@id":"https:\/\/hundtgroup.com\/sl\/#website"},"primaryImageOfPage":{"@id":"https:\/\/hundtgroup.com\/sl\/produkt\/trutool-tka-1500-rezkalnik-robov-s-45-orodjem\/#primaryimage"},"image":{"@id":"https:\/\/hundtgroup.com\/sl\/produkt\/trutool-tka-1500-rezkalnik-robov-s-45-orodjem\/#primaryimage"},"thumbnailUrl":"https:\/\/hundtgroup.com\/wp-content\/uploads\/345262-scaled.jpg","datePublished":"2022-08-23T13:56:03+00:00","dateModified":"2025-07-29T08:27:01+00:00","breadcrumb":{"@id":"https:\/\/hundtgroup.com\/sl\/produkt\/trutool-tka-1500-rezkalnik-robov-s-45-orodjem\/#breadcrumb"},"inLanguage":"sl-SI","potentialAction":[{"@type":"ReadAction","target":["https:\/\/hundtgroup.com\/sl\/produkt\/trutool-tka-1500-rezkalnik-robov-s-45-orodjem\/"]}]},{"@type":"ImageObject","inLanguage":"sl-SI","@id":"https:\/\/hundtgroup.com\/sl\/produkt\/trutool-tka-1500-rezkalnik-robov-s-45-orodjem\/#primaryimage","url":"https:\/\/hundtgroup.com\/wp-content\/uploads\/345262-scaled.jpg","contentUrl":"https:\/\/hundtgroup.com\/wp-content\/uploads\/345262-scaled.jpg","width":2560,"height":1463},{"@type":"BreadcrumbList","@id":"https:\/\/hundtgroup.com\/sl\/produkt\/trutool-tka-1500-rezkalnik-robov-s-45-orodjem\/#breadcrumb","itemListElement":[{"@type":"ListItem","position":1,"name":"Startseite","item":"https:\/\/hundtgroup.com\/sl\/domov-novo\/"},{"@type":"ListItem","position":2,"name":"Trgovina","item":"https:\/\/hundtgroup.com\/trgovina\/"},{"@type":"ListItem","position":3,"name":"TruTool TKA 1500 rezkalnik robov s 45\u00b0 orodjem"}]},{"@type":"WebSite","@id":"https:\/\/hundtgroup.com\/sl\/#website","url":"https:\/\/hundtgroup.com\/sl\/","name":"Wilhelm Hundt GmbH","description":"Va\u0161 specialist za stroje in orodja za obdelavo plo\u010devine","potentialAction":[{"@type":"SearchAction","target":{"@type":"EntryPoint","urlTemplate":"https:\/\/hundtgroup.com\/sl\/?s={search_term_string}"},"query-input":{"@type":"PropertyValueSpecification","valueRequired":true,"valueName":"search_term_string"}}],"inLanguage":"sl-SI"}]}},"_links":{"self":[{"href":"https:\/\/hundtgroup.com\/sl\/wp-json\/wp\/v2\/product\/35962","targetHints":{"allow":["GET"]}}],"collection":[{"href":"https:\/\/hundtgroup.com\/sl\/wp-json\/wp\/v2\/product"}],"about":[{"href":"https:\/\/hundtgroup.com\/sl\/wp-json\/wp\/v2\/types\/product"}],"wp:featuredmedia":[{"embeddable":true,"href":"https:\/\/hundtgroup.com\/sl\/wp-json\/wp\/v2\/media\/33615"}],"wp:attachment":[{"href":"https:\/\/hundtgroup.com\/sl\/wp-json\/wp\/v2\/media?parent=35962"}],"wp:term":[{"taxonomy":"product_cat","embeddable":true,"href":"https:\/\/hundtgroup.com\/sl\/wp-json\/wp\/v2\/product_cat?post=35962"},{"taxonomy":"product_tag","embeddable":true,"href":"https:\/\/hundtgroup.com\/sl\/wp-json\/wp\/v2\/product_tag?post=35962"}],"curies":[{"name":"wp","href":"https:\/\/api.w.org\/{rel}","templated":true}]}}