{"id":35966,"date":"2022-08-23T15:56:29","date_gmt":"2022-08-23T13:56:29","guid":{"rendered":"https:\/\/hundtgroup.com\/produkt\/trutool-tsc-100-za-ciscenje-podpornih-trakov\/"},"modified":"2025-07-29T10:16:57","modified_gmt":"2025-07-29T08:16:57","slug":"trutool-tsc-100-za-ciscenje-podpornih-trakov","status":"publish","type":"product","link":"https:\/\/hundtgroup.com\/sl\/produkt\/trutool-tsc-100-za-ciscenje-podpornih-trakov\/","title":{"rendered":"TruTool TSC 100 za \u010di\u0161\u010denje podpornih trakov"},"content":{"rendered":"<p>Z orodjem TruTool TSC 100 lahko podporne trakove o\u010distite hitro in brez napora. To zagotavlja zanesljivo in kakovostno izdelavo lasersko izrezanih komponent. Za \u010di\u0161\u010denje trakov ni treba odstraniti. To je prakti\u010dno in vam prihrani \u010das. \u010cas \u010di\u0161\u010denja celotne palete standardne velikosti 1500 mm x 3000 mm je pribli\u017eno 30 minut.    <\/p>\n","protected":false},"excerpt":{"rendered":"<p>Z orodjem TruTool TSC 100 lahko podporne trakove o\u010distite hitro in brez napora. To zagotavlja zanesljivo in kakovostno izdelavo lasersko izrezanih komponent. Za \u010di\u0161\u010denje trakov ni treba odstraniti. To je prakti\u010dno in vam prihrani \u010das. \u010cas \u010di\u0161\u010denja celotne palete standardne velikosti 1500 mm x 3000 mm je pribli\u017eno 30 minut.<\/p>\n","protected":false},"featured_media":32675,"template":"","meta":{"_acf_changed":false,"inline_featured_image":false},"product_cat":[652,2077],"product_tag":[],"class_list":{"0":"post-35966","1":"product","2":"type-product","3":"status-publish","4":"has-post-thumbnail","6":"brand-trumpf","7":"product_cat-elektricna-orodja","8":"product_cat-posebna-orodja","10":"first","11":"instock","12":"sale","13":"taxable","14":"shipping-taxable","15":"purchasable","16":"product-type-simple","17":"add-to-wishlist-before_image"},"acf":[],"yoast_head":"<!-- This site is optimized with the Yoast SEO plugin v27.3 - https:\/\/yoast.com\/product\/yoast-seo-wordpress\/ -->\n<title>TruTool TSC 100 za \u010di\u0161\u010denje podpornih trakov - Wilhelm Hundt GmbH<\/title>\n<meta name=\"robots\" content=\"index, follow, max-snippet:-1, max-image-preview:large, max-video-preview:-1\" \/>\n<link rel=\"canonical\" href=\"https:\/\/hundtgroup.com\/sl\/produkt\/trutool-tsc-100-za-ciscenje-podpornih-trakov\/\" \/>\n<meta property=\"og:locale\" content=\"sl_SI\" \/>\n<meta property=\"og:type\" content=\"article\" \/>\n<meta property=\"og:title\" content=\"TruTool TSC 100 za \u010di\u0161\u010denje podpornih trakov - Wilhelm Hundt GmbH\" \/>\n<meta property=\"og:description\" content=\"Z orodjem TruTool TSC 100 lahko podporne trakove o\u010distite hitro in brez napora. To zagotavlja zanesljivo in kakovostno izdelavo lasersko izrezanih komponent. Za \u010di\u0161\u010denje trakov ni treba odstraniti. To je prakti\u010dno in vam prihrani \u010das. \u010cas \u010di\u0161\u010denja celotne palete standardne velikosti 1500 mm x 3000 mm je pribli\u017eno 30 minut.\" \/>\n<meta property=\"og:url\" content=\"https:\/\/hundtgroup.com\/sl\/produkt\/trutool-tsc-100-za-ciscenje-podpornih-trakov\/\" \/>\n<meta property=\"og:site_name\" content=\"Wilhelm Hundt GmbH\" \/>\n<meta property=\"article:modified_time\" content=\"2025-07-29T08:16:57+00:00\" \/>\n<meta property=\"og:image\" content=\"https:\/\/hundtgroup.com\/wp-content\/uploads\/hundt_produkt_trumpf_auflagenleisten-reiniger-TruTool-TSC-100.jpg\" \/>\n\t<meta property=\"og:image:width\" content=\"680\" \/>\n\t<meta property=\"og:image:height\" content=\"580\" \/>\n\t<meta property=\"og:image:type\" content=\"image\/jpeg\" \/>\n<meta name=\"twitter:card\" content=\"summary_large_image\" \/>\n<script type=\"application\/ld+json\" class=\"yoast-schema-graph\">{\"@context\":\"https:\\\/\\\/schema.org\",\"@graph\":[{\"@type\":\"WebPage\",\"@id\":\"https:\\\/\\\/hundtgroup.com\\\/sl\\\/produkt\\\/trutool-tsc-100-za-ciscenje-podpornih-trakov\\\/\",\"url\":\"https:\\\/\\\/hundtgroup.com\\\/sl\\\/produkt\\\/trutool-tsc-100-za-ciscenje-podpornih-trakov\\\/\",\"name\":\"TruTool TSC 100 za \u010di\u0161\u010denje podpornih trakov - Wilhelm Hundt GmbH\",\"isPartOf\":{\"@id\":\"https:\\\/\\\/hundtgroup.com\\\/sl\\\/#website\"},\"primaryImageOfPage\":{\"@id\":\"https:\\\/\\\/hundtgroup.com\\\/sl\\\/produkt\\\/trutool-tsc-100-za-ciscenje-podpornih-trakov\\\/#primaryimage\"},\"image\":{\"@id\":\"https:\\\/\\\/hundtgroup.com\\\/sl\\\/produkt\\\/trutool-tsc-100-za-ciscenje-podpornih-trakov\\\/#primaryimage\"},\"thumbnailUrl\":\"https:\\\/\\\/hundtgroup.com\\\/wp-content\\\/uploads\\\/hundt_produkt_trumpf_auflagenleisten-reiniger-TruTool-TSC-100.jpg\",\"datePublished\":\"2022-08-23T13:56:29+00:00\",\"dateModified\":\"2025-07-29T08:16:57+00:00\",\"breadcrumb\":{\"@id\":\"https:\\\/\\\/hundtgroup.com\\\/sl\\\/produkt\\\/trutool-tsc-100-za-ciscenje-podpornih-trakov\\\/#breadcrumb\"},\"inLanguage\":\"sl-SI\",\"potentialAction\":[{\"@type\":\"ReadAction\",\"target\":[\"https:\\\/\\\/hundtgroup.com\\\/sl\\\/produkt\\\/trutool-tsc-100-za-ciscenje-podpornih-trakov\\\/\"]}]},{\"@type\":\"ImageObject\",\"inLanguage\":\"sl-SI\",\"@id\":\"https:\\\/\\\/hundtgroup.com\\\/sl\\\/produkt\\\/trutool-tsc-100-za-ciscenje-podpornih-trakov\\\/#primaryimage\",\"url\":\"https:\\\/\\\/hundtgroup.com\\\/wp-content\\\/uploads\\\/hundt_produkt_trumpf_auflagenleisten-reiniger-TruTool-TSC-100.jpg\",\"contentUrl\":\"https:\\\/\\\/hundtgroup.com\\\/wp-content\\\/uploads\\\/hundt_produkt_trumpf_auflagenleisten-reiniger-TruTool-TSC-100.jpg\",\"width\":680,\"height\":580},{\"@type\":\"BreadcrumbList\",\"@id\":\"https:\\\/\\\/hundtgroup.com\\\/sl\\\/produkt\\\/trutool-tsc-100-za-ciscenje-podpornih-trakov\\\/#breadcrumb\",\"itemListElement\":[{\"@type\":\"ListItem\",\"position\":1,\"name\":\"Startseite\",\"item\":\"https:\\\/\\\/hundtgroup.com\\\/sl\\\/domov-novo\\\/\"},{\"@type\":\"ListItem\",\"position\":2,\"name\":\"Trgovina\",\"item\":\"https:\\\/\\\/hundtgroup.com\\\/trgovina\\\/\"},{\"@type\":\"ListItem\",\"position\":3,\"name\":\"TruTool TSC 100 za \u010di\u0161\u010denje podpornih trakov\"}]},{\"@type\":\"WebSite\",\"@id\":\"https:\\\/\\\/hundtgroup.com\\\/sl\\\/#website\",\"url\":\"https:\\\/\\\/hundtgroup.com\\\/sl\\\/\",\"name\":\"Wilhelm Hundt GmbH\",\"description\":\"Va\u0161 specialist za stroje in orodja za obdelavo plo\u010devine\",\"potentialAction\":[{\"@type\":\"SearchAction\",\"target\":{\"@type\":\"EntryPoint\",\"urlTemplate\":\"https:\\\/\\\/hundtgroup.com\\\/sl\\\/?s={search_term_string}\"},\"query-input\":{\"@type\":\"PropertyValueSpecification\",\"valueRequired\":true,\"valueName\":\"search_term_string\"}}],\"inLanguage\":\"sl-SI\"}]}<\/script>\n<!-- \/ Yoast SEO plugin. -->","yoast_head_json":{"title":"TruTool TSC 100 za \u010di\u0161\u010denje podpornih trakov - Wilhelm Hundt GmbH","robots":{"index":"index","follow":"follow","max-snippet":"max-snippet:-1","max-image-preview":"max-image-preview:large","max-video-preview":"max-video-preview:-1"},"canonical":"https:\/\/hundtgroup.com\/sl\/produkt\/trutool-tsc-100-za-ciscenje-podpornih-trakov\/","og_locale":"sl_SI","og_type":"article","og_title":"TruTool TSC 100 za \u010di\u0161\u010denje podpornih trakov - Wilhelm Hundt GmbH","og_description":"Z orodjem TruTool TSC 100 lahko podporne trakove o\u010distite hitro in brez napora. To zagotavlja zanesljivo in kakovostno izdelavo lasersko izrezanih komponent. Za \u010di\u0161\u010denje trakov ni treba odstraniti. To je prakti\u010dno in vam prihrani \u010das. \u010cas \u010di\u0161\u010denja celotne palete standardne velikosti 1500 mm x 3000 mm je pribli\u017eno 30 minut.","og_url":"https:\/\/hundtgroup.com\/sl\/produkt\/trutool-tsc-100-za-ciscenje-podpornih-trakov\/","og_site_name":"Wilhelm Hundt GmbH","article_modified_time":"2025-07-29T08:16:57+00:00","og_image":[{"width":680,"height":580,"url":"https:\/\/hundtgroup.com\/wp-content\/uploads\/hundt_produkt_trumpf_auflagenleisten-reiniger-TruTool-TSC-100.jpg","type":"image\/jpeg"}],"twitter_card":"summary_large_image","schema":{"@context":"https:\/\/schema.org","@graph":[{"@type":"WebPage","@id":"https:\/\/hundtgroup.com\/sl\/produkt\/trutool-tsc-100-za-ciscenje-podpornih-trakov\/","url":"https:\/\/hundtgroup.com\/sl\/produkt\/trutool-tsc-100-za-ciscenje-podpornih-trakov\/","name":"TruTool TSC 100 za \u010di\u0161\u010denje podpornih trakov - Wilhelm Hundt GmbH","isPartOf":{"@id":"https:\/\/hundtgroup.com\/sl\/#website"},"primaryImageOfPage":{"@id":"https:\/\/hundtgroup.com\/sl\/produkt\/trutool-tsc-100-za-ciscenje-podpornih-trakov\/#primaryimage"},"image":{"@id":"https:\/\/hundtgroup.com\/sl\/produkt\/trutool-tsc-100-za-ciscenje-podpornih-trakov\/#primaryimage"},"thumbnailUrl":"https:\/\/hundtgroup.com\/wp-content\/uploads\/hundt_produkt_trumpf_auflagenleisten-reiniger-TruTool-TSC-100.jpg","datePublished":"2022-08-23T13:56:29+00:00","dateModified":"2025-07-29T08:16:57+00:00","breadcrumb":{"@id":"https:\/\/hundtgroup.com\/sl\/produkt\/trutool-tsc-100-za-ciscenje-podpornih-trakov\/#breadcrumb"},"inLanguage":"sl-SI","potentialAction":[{"@type":"ReadAction","target":["https:\/\/hundtgroup.com\/sl\/produkt\/trutool-tsc-100-za-ciscenje-podpornih-trakov\/"]}]},{"@type":"ImageObject","inLanguage":"sl-SI","@id":"https:\/\/hundtgroup.com\/sl\/produkt\/trutool-tsc-100-za-ciscenje-podpornih-trakov\/#primaryimage","url":"https:\/\/hundtgroup.com\/wp-content\/uploads\/hundt_produkt_trumpf_auflagenleisten-reiniger-TruTool-TSC-100.jpg","contentUrl":"https:\/\/hundtgroup.com\/wp-content\/uploads\/hundt_produkt_trumpf_auflagenleisten-reiniger-TruTool-TSC-100.jpg","width":680,"height":580},{"@type":"BreadcrumbList","@id":"https:\/\/hundtgroup.com\/sl\/produkt\/trutool-tsc-100-za-ciscenje-podpornih-trakov\/#breadcrumb","itemListElement":[{"@type":"ListItem","position":1,"name":"Startseite","item":"https:\/\/hundtgroup.com\/sl\/domov-novo\/"},{"@type":"ListItem","position":2,"name":"Trgovina","item":"https:\/\/hundtgroup.com\/trgovina\/"},{"@type":"ListItem","position":3,"name":"TruTool TSC 100 za \u010di\u0161\u010denje podpornih trakov"}]},{"@type":"WebSite","@id":"https:\/\/hundtgroup.com\/sl\/#website","url":"https:\/\/hundtgroup.com\/sl\/","name":"Wilhelm Hundt GmbH","description":"Va\u0161 specialist za stroje in orodja za obdelavo plo\u010devine","potentialAction":[{"@type":"SearchAction","target":{"@type":"EntryPoint","urlTemplate":"https:\/\/hundtgroup.com\/sl\/?s={search_term_string}"},"query-input":{"@type":"PropertyValueSpecification","valueRequired":true,"valueName":"search_term_string"}}],"inLanguage":"sl-SI"}]}},"_links":{"self":[{"href":"https:\/\/hundtgroup.com\/sl\/wp-json\/wp\/v2\/product\/35966","targetHints":{"allow":["GET"]}}],"collection":[{"href":"https:\/\/hundtgroup.com\/sl\/wp-json\/wp\/v2\/product"}],"about":[{"href":"https:\/\/hundtgroup.com\/sl\/wp-json\/wp\/v2\/types\/product"}],"wp:featuredmedia":[{"embeddable":true,"href":"https:\/\/hundtgroup.com\/sl\/wp-json\/wp\/v2\/media\/32675"}],"wp:attachment":[{"href":"https:\/\/hundtgroup.com\/sl\/wp-json\/wp\/v2\/media?parent=35966"}],"wp:term":[{"taxonomy":"product_cat","embeddable":true,"href":"https:\/\/hundtgroup.com\/sl\/wp-json\/wp\/v2\/product_cat?post=35966"},{"taxonomy":"product_tag","embeddable":true,"href":"https:\/\/hundtgroup.com\/sl\/wp-json\/wp\/v2\/product_tag?post=35966"}],"curies":[{"name":"wp","href":"https:\/\/api.w.org\/{rel}","templated":true}]}}